{"id":6460,"date":"2021-12-20T11:38:24","date_gmt":"2021-12-20T08:38:24","guid":{"rendered":"https:\/\/birimler.atauni.edu.tr\/sosyoloji\/?page_id=6460"},"modified":"2021-12-20T12:27:25","modified_gmt":"2021-12-20T09:27:25","slug":"formlar","status":"publish","type":"page","link":"https:\/\/atauni.edu.tr\/sosyoloji\/formlar\/","title":{"rendered":"Formlar"},"content":{"rendered":"\t\t<div data-elementor-type=\"wp-page\" data-elementor-id=\"6460\" class=\"elementor elementor-6460\" data-elementor-post-type=\"page\">\n\t\t\t\t\t\t<section class=\"elementor-section elementor-top-section elementor-element elementor-element-4a6a9e3 elementor-section-boxed elementor-section-height-default elementor-section-height-default\" data-id=\"4a6a9e3\" data-element_type=\"section\">\n\t\t\t\t\t\t<div class=\"elementor-container elementor-column-gap-default\">\n\t\t\t\t\t<div class=\"elementor-column elementor-col-100 elementor-top-column elementor-element elementor-element-b11b920\" data-id=\"b11b920\" data-element_type=\"column\">\n\t\t\t<div class=\"elementor-widget-wrap elementor-element-populated\">\n\t\t\t\t\t\t<div class=\"elementor-element elementor-element-fb5d500 elementor-widget elementor-widget-heading\" data-id=\"fb5d500\" data-element_type=\"widget\" data-widget_type=\"heading.default\">\n\t\t\t\t<div class=\"elementor-widget-container\">\n\t\t\t\t\t<h2 class=\"elementor-heading-title elementor-size-default\">Formlar<\/h2>\t\t\t\t<\/div>\n\t\t\t\t<\/div>\n\t\t\t\t\t<\/div>\n\t\t<\/div>\n\t\t\t\t\t<\/div>\n\t\t<\/section>\n\t\t\t\t<section class=\"elementor-section elementor-top-section elementor-element elementor-element-782848d elementor-section-boxed elementor-section-height-default elementor-section-height-default\" data-id=\"782848d\" data-element_type=\"section\">\n\t\t\t\t\t\t<div class=\"elementor-container elementor-column-gap-default\">\n\t\t\t\t\t<div class=\"elementor-column elementor-col-100 elementor-top-column elementor-element elementor-element-691d018\" data-id=\"691d018\" data-element_type=\"column\">\n\t\t\t<div class=\"elementor-widget-wrap elementor-element-populated\">\n\t\t\t\t\t\t<div class=\"elementor-element elementor-element-b572154 elementor-widget-divider--view-line elementor-widget elementor-widget-divider\" data-id=\"b572154\" data-element_type=\"widget\" data-widget_type=\"divider.default\">\n\t\t\t\t<div class=\"elementor-widget-container\">\n\t\t\t\t\t\t\t<div class=\"elementor-divider\">\n\t\t\t<span class=\"elementor-divider-separator\">\n\t\t\t\t\t\t<\/span>\n\t\t<\/div>\n\t\t\t\t\t\t<\/div>\n\t\t\t\t<\/div>\n\t\t\t\t\t<\/div>\n\t\t<\/div>\n\t\t\t\t\t<\/div>\n\t\t<\/section>\n\t\t\t\t<section class=\"elementor-section elementor-top-section elementor-element elementor-element-75dd865 elementor-section-boxed elementor-section-height-default elementor-section-height-default\" data-id=\"75dd865\" data-element_type=\"section\">\n\t\t\t\t\t\t<div class=\"elementor-container elementor-column-gap-default\">\n\t\t\t\t\t<div class=\"elementor-column elementor-col-100 elementor-top-column elementor-element elementor-element-7a9411d\" data-id=\"7a9411d\" data-element_type=\"column\">\n\t\t\t<div class=\"elementor-widget-wrap elementor-element-populated\">\n\t\t\t\t\t\t<div class=\"elementor-element elementor-element-ce58718 elementor-widget elementor-widget-text-editor\" data-id=\"ce58718\" data-element_type=\"widget\" data-widget_type=\"text-editor.default\">\n\t\t\t\t<div class=\"elementor-widget-container\">\n\t\t\t\t\t\t\t\t\t<p>Mazeret s\u0131nav\u0131 ba\u015fvuru dilek\u00e7esine ula\u015fmak i\u00e7in <a href=\"http:\/\/birimler.atauni.edu.tr\/sosyoloji\/wp-content\/uploads\/sites\/156\/2020\/07\/Mazeret-Sinavi-Basvuru-Dilekcesi.pdf\">t\u0131klay\u0131n\u0131z.<\/a><\/p><p>Mezuniyet tek ders s\u0131nav\u0131 ba\u015fvuru dilek\u00e7esine ula\u015fmak i\u00e7in <a href=\"http:\/\/birimler.atauni.edu.tr\/sosyoloji\/wp-content\/uploads\/sites\/156\/2020\/07\/Mezuniyet-Tek-Ders-Sinav-formu.pdf\">t\u0131klay\u0131n\u0131z.<\/a><\/p><p>Yaz okulu ba\u015fvuru dilek\u00e7esine ula\u015fmak i\u00e7in <a href=\"http:\/\/birimler.atauni.edu.tr\/sosyoloji\/wp-content\/uploads\/sites\/156\/2020\/07\/Yaz-Okulu-Dilekcesi.pdf\">t\u0131klay\u0131n\u0131z.<\/a><\/p><p>Kay\u0131t dondurma ba\u015fvuru dilek\u00e7esine ula\u015fmak i\u00e7in <a href=\"http:\/\/birimler.atauni.edu.tr\/sosyoloji\/wp-content\/uploads\/sites\/156\/2020\/07\/Kayit-Dondurma-Dilekcesi.pdf\">t\u0131klay\u0131n\u0131z.<\/a><\/p><p>S\u0131nav notu itiraz dilek\u00e7esine ula\u015fmak i\u00e7in <a href=\"http:\/\/birimler.atauni.edu.tr\/sosyoloji\/wp-content\/uploads\/sites\/156\/2020\/07\/Sinav-Notu-Itiraz-Dilekcesi.pdf\">t\u0131klay\u0131n\u0131z.<\/a><\/p><p>Kurum i\u00e7i yatay ge\u00e7i\u015f ba\u015fvuru dilek\u00e7esine ula\u015fmak i\u00e7in <a href=\"http:\/\/birimler.atauni.edu.tr\/sosyoloji\/wp-content\/uploads\/sites\/156\/2020\/07\/Kurum-Ici-Yatay-Gecis-Basvuru-Dilekcesi.pdf\">t\u0131klay\u0131n\u0131z.<\/a><\/p><p>Ders muafiyet ba\u015fvuru dilek\u00e7esine ula\u015fmak i\u00e7in <a href=\"http:\/\/birimler.atauni.edu.tr\/sosyoloji\/wp-content\/uploads\/sites\/156\/2020\/07\/Ders-Muafiyet-Basvuru-Dilekcesi.pdf\">t\u0131klay\u0131n\u0131z.<\/a><\/p>\t\t\t\t\t\t\t\t<\/div>\n\t\t\t\t<\/div>\n\t\t\t\t\t<\/div>\n\t\t<\/div>\n\t\t\t\t\t<\/div>\n\t\t<\/section>\n\t\t\t\t<\/div>\n\t\t","protected":false},"excerpt":{"rendered":"<p>Formlar Mazeret s\u0131nav\u0131 ba\u015fvuru dilek\u00e7esine ula\u015fmak i\u00e7in t\u0131klay\u0131n\u0131z. Mezuniyet tek ders s\u0131nav\u0131 ba\u015fvuru dilek\u00e7esine ula\u015fmak i\u00e7in t\u0131klay\u0131n\u0131z. Yaz okulu ba\u015fvuru dilek\u00e7esine ula\u015fmak i\u00e7in t\u0131klay\u0131n\u0131z. Kay\u0131t dondurma ba\u015fvuru dilek\u00e7esine ula\u015fmak i\u00e7in t\u0131klay\u0131n\u0131z. S\u0131nav notu itiraz dilek\u00e7esine ula\u015fmak i\u00e7in t\u0131klay\u0131n\u0131z. Kurum i\u00e7i yatay ge\u00e7i\u015f ba\u015fvuru dilek\u00e7esine ula\u015fmak i\u00e7in t\u0131klay\u0131n\u0131z. Ders muafiyet ba\u015fvuru dilek\u00e7esine ula\u015fmak i\u00e7in t\u0131klay\u0131n\u0131z.<\/p>\n","protected":false},"author":332,"featured_media":0,"parent":0,"menu_order":0,"comment_status":"closed","ping_status":"closed","template":"","meta":{"footnotes":""},"class_list":["post-6460","page","type-page","status-publish","hentry"],"_links":{"self":[{"href":"https:\/\/atauni.edu.tr\/sosyoloji\/wp-json\/wp\/v2\/pages\/6460","targetHints":{"allow":["GET"]}}],"collection":[{"href":"https:\/\/atauni.edu.tr\/sosyoloji\/wp-json\/wp\/v2\/pages"}],"about":[{"href":"https:\/\/atauni.edu.tr\/sosyoloji\/wp-json\/wp\/v2\/types\/page"}],"author":[{"embeddable":true,"href":"https:\/\/atauni.edu.tr\/sosyoloji\/wp-json\/wp\/v2\/users\/332"}],"replies":[{"embeddable":true,"href":"https:\/\/atauni.edu.tr\/sosyoloji\/wp-json\/wp\/v2\/comments?post=6460"}],"version-history":[{"count":23,"href":"https:\/\/atauni.edu.tr\/sosyoloji\/wp-json\/wp\/v2\/pages\/6460\/revisions"}],"predecessor-version":[{"id":6542,"href":"https:\/\/atauni.edu.tr\/sosyoloji\/wp-json\/wp\/v2\/pages\/6460\/revisions\/6542"}],"wp:attachment":[{"href":"https:\/\/atauni.edu.tr\/sosyoloji\/wp-json\/wp\/v2\/media?parent=6460"}],"curies":[{"name":"wp","href":"https:\/\/api.w.org\/{rel}","templated":true}]}}