{"id":7522,"date":"2023-02-02T12:33:12","date_gmt":"2023-02-02T09:33:12","guid":{"rendered":"https:\/\/birimler.atauni.edu.tr\/sosyoloji\/?page_id=7522"},"modified":"2025-08-14T14:33:10","modified_gmt":"2025-08-14T11:33:10","slug":"memnuniyet-anketleri","status":"publish","type":"page","link":"https:\/\/atauni.edu.tr\/sosyoloji\/memnuniyet-anketleri\/","title":{"rendered":"Memnuniyet Anketleri"},"content":{"rendered":"\t\t<div data-elementor-type=\"wp-page\" data-elementor-id=\"7522\" class=\"elementor elementor-7522\" data-elementor-post-type=\"page\">\n\t\t\t\t\t\t<section class=\"elementor-section elementor-top-section elementor-element elementor-element-377a627 elementor-section-boxed elementor-section-height-default elementor-section-height-default\" data-id=\"377a627\" data-element_type=\"section\">\n\t\t\t\t\t\t<div class=\"elementor-container elementor-column-gap-default\">\n\t\t\t\t\t<div class=\"elementor-column elementor-col-100 elementor-top-column elementor-element elementor-element-2ff1218\" data-id=\"2ff1218\" data-element_type=\"column\">\n\t\t\t<div class=\"elementor-widget-wrap elementor-element-populated\">\n\t\t\t\t\t\t<div class=\"elementor-element elementor-element-5d32ca8 elementor-widget elementor-widget-text-editor\" data-id=\"5d32ca8\" data-element_type=\"widget\" data-widget_type=\"text-editor.default\">\n\t\t\t\t<div class=\"elementor-widget-container\">\n\t\t\t\t\t\t\t\t\t<p><span style=\"text-decoration: underline\"><strong>ANKETLER<\/strong><\/span><\/p><p><a href=\"https:\/\/forms.gle\/L18xikDFyPQdZK1Z9\">B\u00f6l\u00fcm\u00fcm\u00fcz\u00fcn \u00f6\u011frenci memnuniyet anketine ula\u015fmak i\u00e7in t\u0131klay\u0131n\u0131z.<\/a><\/p><p><a href=\"https:\/\/forms.gle\/GHRJgeym3tExYckJ8\">B\u00f6l\u00fcm\u00fcm\u00fcz\u00fcn mezun memnuniyet anketine ula\u015fmak i\u00e7in t\u0131klay\u0131n\u0131z.<\/a><\/p><p><a href=\"https:\/\/forms.gle\/1fxxp9XainjXJgC28\">B\u00f6l\u00fcm\u00fcm\u00fcz\u00fcn 24-25 P\u00d6A anketine ula\u015fmak i\u00e7in t\u0131klay\u0131n\u0131z.<\/a><\/p><p><span style=\"text-decoration: underline\"><strong>RAPORLAR<\/strong><\/span><\/p><p><a href=\"http:\/\/birimler.atauni.edu.tr\/sosyoloji\/wp-content\/uploads\/sites\/156\/2025\/08\/Sosyoloji-Bolumu_Ogrenci-Memnuiyet-Anketi-Raporu_24-25.pdf\">\u00d6\u011frenci memnuniyet anketi raporuna ula\u015fmak i\u00e7in t\u0131klay\u0131n\u0131z (2025).<\/a><\/p><p><a href=\"http:\/\/birimler.atauni.edu.tr\/sosyoloji\/wp-content\/uploads\/sites\/156\/2025\/08\/Edebiyat-Fakultesi_Mezun-Memnuiyet-Anketi-Raporu_2025.pdf\">Mezun memnuniyet anketi raporuna ula\u015fmak i\u00e7in t\u0131klay\u0131n\u0131z (2025).<\/a><\/p><p><a href=\"http:\/\/birimler.atauni.edu.tr\/sosyoloji\/wp-content\/uploads\/sites\/156\/2025\/08\/SOSYOLOJI_POA_24-25_Degerlendirme-Raporu.pdf\">Sosyoloji B\u00f6l\u00fcm\u00fc P\u00d6A anketi raporuna ula\u015fmak i\u00e7in t\u0131klay\u0131n\u0131z (2025).<\/a><\/p>\t\t\t\t\t\t\t\t<\/div>\n\t\t\t\t<\/div>\n\t\t\t\t\t<\/div>\n\t\t<\/div>\n\t\t\t\t\t<\/div>\n\t\t<\/section>\n\t\t\t\t<\/div>\n\t\t","protected":false},"excerpt":{"rendered":"<p>ANKETLER B\u00f6l\u00fcm\u00fcm\u00fcz\u00fcn \u00f6\u011frenci memnuniyet anketine ula\u015fmak i\u00e7in t\u0131klay\u0131n\u0131z. B\u00f6l\u00fcm\u00fcm\u00fcz\u00fcn mezun memnuniyet anketine ula\u015fmak i\u00e7in t\u0131klay\u0131n\u0131z. B\u00f6l\u00fcm\u00fcm\u00fcz\u00fcn 24-25 P\u00d6A anketine ula\u015fmak i\u00e7in t\u0131klay\u0131n\u0131z. RAPORLAR \u00d6\u011frenci memnuniyet anketi raporuna ula\u015fmak i\u00e7in t\u0131klay\u0131n\u0131z (2025). Mezun memnuniyet anketi raporuna ula\u015fmak i\u00e7in t\u0131klay\u0131n\u0131z (2025). Sosyoloji B\u00f6l\u00fcm\u00fc P\u00d6A anketi raporuna ula\u015fmak i\u00e7in t\u0131klay\u0131n\u0131z (2025).<\/p>\n","protected":false},"author":332,"featured_media":0,"parent":0,"menu_order":0,"comment_status":"closed","ping_status":"closed","template":"","meta":{"footnotes":""},"class_list":["post-7522","page","type-page","status-publish","hentry"],"_links":{"self":[{"href":"https:\/\/atauni.edu.tr\/sosyoloji\/wp-json\/wp\/v2\/pages\/7522","targetHints":{"allow":["GET"]}}],"collection":[{"href":"https:\/\/atauni.edu.tr\/sosyoloji\/wp-json\/wp\/v2\/pages"}],"about":[{"href":"https:\/\/atauni.edu.tr\/sosyoloji\/wp-json\/wp\/v2\/types\/page"}],"author":[{"embeddable":true,"href":"https:\/\/atauni.edu.tr\/sosyoloji\/wp-json\/wp\/v2\/users\/332"}],"replies":[{"embeddable":true,"href":"https:\/\/atauni.edu.tr\/sosyoloji\/wp-json\/wp\/v2\/comments?post=7522"}],"version-history":[{"count":10,"href":"https:\/\/atauni.edu.tr\/sosyoloji\/wp-json\/wp\/v2\/pages\/7522\/revisions"}],"predecessor-version":[{"id":8513,"href":"https:\/\/atauni.edu.tr\/sosyoloji\/wp-json\/wp\/v2\/pages\/7522\/revisions\/8513"}],"wp:attachment":[{"href":"https:\/\/atauni.edu.tr\/sosyoloji\/wp-json\/wp\/v2\/media?parent=7522"}],"curies":[{"name":"wp","href":"https:\/\/api.w.org\/{rel}","templated":true}]}}