{"id":8422,"date":"2025-06-26T13:56:30","date_gmt":"2025-06-26T10:56:30","guid":{"rendered":"https:\/\/birimler.atauni.edu.tr\/sosyoloji\/?page_id=8422"},"modified":"2025-08-03T14:07:52","modified_gmt":"2025-08-03T11:07:52","slug":"haberler","status":"publish","type":"page","link":"https:\/\/atauni.edu.tr\/sosyoloji\/haberler\/","title":{"rendered":"Haberler"},"content":{"rendered":"<form method=\"get\" class=\"row g-3\" style=\"margin-bottom: 20px;\"><div class=\"col-md-3\"><input type=\"text\" name=\"haber_ara\" class=\"form-control\" placeholder=\"Haber ara...\" value=\"\"><\/div><div class=\"col-md-3\"><input type=\"date\" name=\"baslangic_tarihi\" class=\"form-control\" value=\"\"><\/div><div class=\"col-md-3\"><input type=\"date\" name=\"bitis_tarihi\" class=\"form-control\" value=\"\"><\/div><div class=\"col-md-3\"><button type=\"submit\" class=\"btn btn-secondary w-50\">Filtrele<\/button><\/div><\/form><ul class=\"kategori-yazilari-liste\"><li style=\"display: flex; margin-bottom: 10px; align-items: center;\"><div class=\"post-thumbnail\" style=\"margin-right: 15px;\"><a href=\"https:\/\/atauni.edu.tr\/sosyoloji\/2026\/02\/23\/vefat-ve-bassagligi-2\/\"><img decoding=\"async\" width=\"150\" height=\"150\" src=\"https:\/\/atauni.edu.tr\/sosyoloji\/wp-content\/uploads\/sites\/156\/2020\/07\/dairesel-siyah-e1666796385410-1024x768-1-150x150.png\" class=\"attachment-thumbnail size-thumbnail wp-post-image\" alt=\"\" \/><\/a><\/div><div class=\"post-content\" style=\"flex-grow: 1;\"><span class=\"post-date habertarih\" style=\"display: block; font-weight: bold; margin-bottom: 5px;\">23 \u015eubat 2026<\/span><a class=\"haberbaslik\" href=\"https:\/\/atauni.edu.tr\/sosyoloji\/2026\/02\/23\/vefat-ve-bassagligi-2\/\">Vefat ve Ba\u015fsa\u011fl\u0131\u011f\u0131<\/a><\/div><\/li><li style=\"display: flex; margin-bottom: 10px; align-items: center;\"><div class=\"post-thumbnail\" style=\"margin-right: 15px;\"><a href=\"https:\/\/atauni.edu.tr\/sosyoloji\/2026\/02\/17\/bolumumuz-fedek-tarafindan-yeniden-akredite-edildi\/\"><img decoding=\"async\" width=\"150\" height=\"150\" src=\"https:\/\/atauni.edu.tr\/sosyoloji\/wp-content\/uploads\/sites\/156\/2025\/05\/Asset-3.svg\" class=\"attachment-thumbnail size-thumbnail wp-post-image\" alt=\"\" \/><\/a><\/div><div class=\"post-content\" style=\"flex-grow: 1;\"><span class=\"post-date habertarih\" style=\"display: block; font-weight: bold; margin-bottom: 5px;\">17 \u015eubat 2026<\/span><a class=\"haberbaslik\" href=\"https:\/\/atauni.edu.tr\/sosyoloji\/2026\/02\/17\/bolumumuz-fedek-tarafindan-yeniden-akredite-edildi\/\">B\u00f6l\u00fcm\u00fcm\u00fcz FEDEK Taraf\u0131ndan Yeniden Akredite Edildi<\/a><\/div><\/li><li style=\"display: flex; margin-bottom: 10px; align-items: center;\"><div class=\"post-thumbnail\" style=\"margin-right: 15px;\"><a href=\"https:\/\/atauni.edu.tr\/sosyoloji\/2026\/02\/02\/sosyoloji-ve-felsefe-bolumleri-ic-paydas-toplantisi-gerceklestirildi\/\"><img decoding=\"async\" width=\"150\" height=\"150\" src=\"https:\/\/atauni.edu.tr\/sosyoloji\/wp-content\/uploads\/sites\/156\/2020\/07\/dairesel-siyah-e1666796385410-1024x768-1-150x150.png\" class=\"attachment-thumbnail size-thumbnail wp-post-image\" alt=\"\" \/><\/a><\/div><div class=\"post-content\" style=\"flex-grow: 1;\"><span class=\"post-date habertarih\" style=\"display: block; font-weight: bold; margin-bottom: 5px;\">2 \u015eubat 2026<\/span><a class=\"haberbaslik\" href=\"https:\/\/atauni.edu.tr\/sosyoloji\/2026\/02\/02\/sosyoloji-ve-felsefe-bolumleri-ic-paydas-toplantisi-gerceklestirildi\/\">Sosyoloji ve Felsefe B\u00f6l\u00fcmleri \u0130\u00e7 Payda\u015f Toplant\u0131s\u0131 Ger\u00e7ekle\u015ftirildi<\/a><\/div><\/li><li style=\"display: flex; margin-bottom: 10px; align-items: center;\"><div class=\"post-thumbnail\" style=\"margin-right: 15px;\"><a href=\"https:\/\/atauni.edu.tr\/sosyoloji\/2026\/01\/20\/sosyoloji-ve-psikoloji-bolumleri-ic-paydas-toplantisi-gerceklestirildi\/\"><img decoding=\"async\" width=\"150\" height=\"150\" src=\"https:\/\/atauni.edu.tr\/sosyoloji\/wp-content\/uploads\/sites\/156\/2025\/05\/Asset-3.svg\" class=\"attachment-thumbnail size-thumbnail wp-post-image\" alt=\"\" \/><\/a><\/div><div class=\"post-content\" style=\"flex-grow: 1;\"><span class=\"post-date habertarih\" style=\"display: block; font-weight: bold; margin-bottom: 5px;\">20 Ocak 2026<\/span><a class=\"haberbaslik\" href=\"https:\/\/atauni.edu.tr\/sosyoloji\/2026\/01\/20\/sosyoloji-ve-psikoloji-bolumleri-ic-paydas-toplantisi-gerceklestirildi\/\">Sosyoloji ve Psikoloji B\u00f6l\u00fcmleri \u0130\u00e7 Payda\u015f Toplant\u0131s\u0131 Ger\u00e7ekle\u015ftirildi<\/a><\/div><\/li><li style=\"display: flex; margin-bottom: 10px; align-items: center;\"><div class=\"post-thumbnail\" style=\"margin-right: 15px;\"><a href=\"https:\/\/atauni.edu.tr\/sosyoloji\/2025\/12\/12\/bolumumuzden-yeni-erasmus-anlasmasi\/\"><img decoding=\"async\" width=\"150\" height=\"150\" src=\"https:\/\/atauni.edu.tr\/sosyoloji\/wp-content\/uploads\/sites\/156\/2025\/05\/Asset-3.svg\" class=\"attachment-thumbnail size-thumbnail wp-post-image\" alt=\"\" \/><\/a><\/div><div class=\"post-content\" style=\"flex-grow: 1;\"><span class=\"post-date habertarih\" style=\"display: block; font-weight: bold; margin-bottom: 5px;\">12 Aral\u0131k 2025<\/span><a class=\"haberbaslik\" href=\"https:\/\/atauni.edu.tr\/sosyoloji\/2025\/12\/12\/bolumumuzden-yeni-erasmus-anlasmasi\/\">B\u00f6l\u00fcm\u00fcm\u00fczden Yeni Erasmus+ Anla\u015fmas\u0131<\/a><\/div><\/li><li style=\"display: flex; margin-bottom: 10px; align-items: center;\"><div class=\"post-thumbnail\" style=\"margin-right: 15px;\"><a href=\"https:\/\/atauni.edu.tr\/sosyoloji\/2025\/11\/06\/sosyoloji-kulubunun-projesine-unides-destegi\/\"><img decoding=\"async\" width=\"150\" height=\"150\" src=\"https:\/\/atauni.edu.tr\/sosyoloji\/wp-content\/uploads\/sites\/156\/2025\/05\/Asset-3.svg\" class=\"attachment-thumbnail size-thumbnail wp-post-image\" alt=\"\" \/><\/a><\/div><div class=\"post-content\" style=\"flex-grow: 1;\"><span class=\"post-date habertarih\" style=\"display: block; font-weight: bold; margin-bottom: 5px;\">6 Kas\u0131m 2025<\/span><a class=\"haberbaslik\" href=\"https:\/\/atauni.edu.tr\/sosyoloji\/2025\/11\/06\/sosyoloji-kulubunun-projesine-unides-destegi\/\">Sosyoloji Kul\u00fcb\u00fcn\u00fcn Projesine \u00dcN\u0130DES Deste\u011fi<\/a><\/div><\/li><li style=\"display: flex; margin-bottom: 10px; align-items: center;\"><div class=\"post-thumbnail\" style=\"margin-right: 15px;\"><a href=\"https:\/\/atauni.edu.tr\/sosyoloji\/2025\/10\/02\/2025-2026-egitim-ogretim-yili-oryantasyon-programi-gerceklestirildi\/\"><img decoding=\"async\" width=\"150\" height=\"150\" src=\"https:\/\/atauni.edu.tr\/sosyoloji\/wp-content\/uploads\/sites\/156\/2025\/05\/Asset-3.svg\" class=\"attachment-thumbnail size-thumbnail wp-post-image\" alt=\"\" \/><\/a><\/div><div class=\"post-content\" style=\"flex-grow: 1;\"><span class=\"post-date habertarih\" style=\"display: block; font-weight: bold; margin-bottom: 5px;\">2 Ekim 2025<\/span><a class=\"haberbaslik\" href=\"https:\/\/atauni.edu.tr\/sosyoloji\/2025\/10\/02\/2025-2026-egitim-ogretim-yili-oryantasyon-programi-gerceklestirildi\/\">2025-2026 E\u011fitim \u00d6\u011fretim Y\u0131l\u0131 Oryantasyon Program\u0131 Ger\u00e7ekle\u015ftirildi<\/a><\/div><\/li><li style=\"display: flex; margin-bottom: 10px; align-items: center;\"><div class=\"post-thumbnail\" style=\"margin-right: 15px;\"><a href=\"https:\/\/atauni.edu.tr\/sosyoloji\/2025\/07\/30\/sosyoloji-bolumu-the-2025-dunya-siralamasinda-yerini-aldi\/\"><img decoding=\"async\" width=\"150\" height=\"150\" src=\"https:\/\/atauni.edu.tr\/sosyoloji\/wp-content\/uploads\/sites\/156\/2025\/05\/Asset-3.svg\" class=\"attachment-thumbnail size-thumbnail wp-post-image\" alt=\"\" \/><\/a><\/div><div class=\"post-content\" style=\"flex-grow: 1;\"><span class=\"post-date habertarih\" style=\"display: block; font-weight: bold; margin-bottom: 5px;\">30 Temmuz 2025<\/span><a class=\"haberbaslik\" href=\"https:\/\/atauni.edu.tr\/sosyoloji\/2025\/07\/30\/sosyoloji-bolumu-the-2025-dunya-siralamasinda-yerini-aldi\/\">Atat\u00fcrk \u00dcniversitesi Sosyoloji Alan\u0131nda THE 2025 D\u00fcnya S\u0131ralamas\u0131nda Yerini Ald\u0131<\/a><\/div><\/li><li style=\"display: flex; margin-bottom: 10px; align-items: center;\"><div class=\"post-thumbnail\" style=\"margin-right: 15px;\"><a href=\"https:\/\/atauni.edu.tr\/sosyoloji\/2025\/07\/16\/erzurum-denetimli-serbestlik-mudurlugu-ile-paydas-toplantisi-gerceklestirildi\/\"><img decoding=\"async\" width=\"150\" height=\"150\" src=\"https:\/\/atauni.edu.tr\/sosyoloji\/wp-content\/uploads\/sites\/156\/2025\/05\/Asset-3.svg\" class=\"attachment-thumbnail size-thumbnail wp-post-image\" alt=\"\" \/><\/a><\/div><div class=\"post-content\" style=\"flex-grow: 1;\"><span class=\"post-date habertarih\" style=\"display: block; font-weight: bold; margin-bottom: 5px;\">16 Temmuz 2025<\/span><a class=\"haberbaslik\" href=\"https:\/\/atauni.edu.tr\/sosyoloji\/2025\/07\/16\/erzurum-denetimli-serbestlik-mudurlugu-ile-paydas-toplantisi-gerceklestirildi\/\">Erzurum Denetimli Serbestlik M\u00fcd\u00fcrl\u00fc\u011f\u00fc ile Payda\u015f Toplant\u0131s\u0131 Ger\u00e7ekle\u015ftirildi<\/a><\/div><\/li><li style=\"display: flex; margin-bottom: 10px; align-items: center;\"><div class=\"post-thumbnail\" style=\"margin-right: 15px;\"><a href=\"https:\/\/atauni.edu.tr\/sosyoloji\/2025\/07\/03\/bolumumuz-ogrencilerinden-24-farkli-sosyal-sorumluluk-projesi\/\"><img decoding=\"async\" width=\"150\" height=\"150\" src=\"https:\/\/atauni.edu.tr\/sosyoloji\/wp-content\/uploads\/sites\/156\/2025\/05\/Asset-3.svg\" class=\"attachment-thumbnail size-thumbnail wp-post-image\" alt=\"\" \/><\/a><\/div><div class=\"post-content\" style=\"flex-grow: 1;\"><span class=\"post-date habertarih\" style=\"display: block; font-weight: bold; margin-bottom: 5px;\">3 Temmuz 2025<\/span><a class=\"haberbaslik\" href=\"https:\/\/atauni.edu.tr\/sosyoloji\/2025\/07\/03\/bolumumuz-ogrencilerinden-24-farkli-sosyal-sorumluluk-projesi\/\">B\u00f6l\u00fcm\u00fcm\u00fcz \u00d6\u011frencilerinden 24 Farkl\u0131 Sosyal Sorumluluk Projesi<\/a><\/div><\/li><\/ul><nav class=\"pagination\" style=\"margin-top: 20px;\"><ul class='page-numbers'>\n\t<li><span aria-current=\"page\" class=\"page-numbers current\">1<\/span><\/li>\n\t<li><a class=\"page-numbers\" href=\"https:\/\/atauni.edu.tr\/sosyoloji\/wp-json\/wp\/v2\/pages\/8422\/page\/2\/\">2<\/a><\/li>\n\t<li><a class=\"page-numbers\" href=\"https:\/\/atauni.edu.tr\/sosyoloji\/wp-json\/wp\/v2\/pages\/8422\/page\/3\/\">3<\/a><\/li>\n\t<li><a class=\"page-numbers\" href=\"https:\/\/atauni.edu.tr\/sosyoloji\/wp-json\/wp\/v2\/pages\/8422\/page\/4\/\">4<\/a><\/li>\n\t<li><a class=\"next page-numbers\" href=\"https:\/\/atauni.edu.tr\/sosyoloji\/wp-json\/wp\/v2\/pages\/8422\/page\/2\/\">Sonraki &raquo;<\/a><\/li>\n<\/ul>\n<\/nav>\n\n\n\n<p><\/p>\n","protected":false},"excerpt":{"rendered":"","protected":false},"author":8,"featured_media":0,"parent":0,"menu_order":0,"comment_status":"closed","ping_status":"closed","template":"","meta":{"footnotes":""},"class_list":["post-8422","page","type-page","status-publish","hentry"],"_links":{"self":[{"href":"https:\/\/atauni.edu.tr\/sosyoloji\/wp-json\/wp\/v2\/pages\/8422","targetHints":{"allow":["GET"]}}],"collection":[{"href":"https:\/\/atauni.edu.tr\/sosyoloji\/wp-json\/wp\/v2\/pages"}],"about":[{"href":"https:\/\/atauni.edu.tr\/sosyoloji\/wp-json\/wp\/v2\/types\/page"}],"author":[{"embeddable":true,"href":"https:\/\/atauni.edu.tr\/sosyoloji\/wp-json\/wp\/v2\/users\/8"}],"replies":[{"embeddable":true,"href":"https:\/\/atauni.edu.tr\/sosyoloji\/wp-json\/wp\/v2\/comments?post=8422"}],"version-history":[{"count":2,"href":"https:\/\/atauni.edu.tr\/sosyoloji\/wp-json\/wp\/v2\/pages\/8422\/revisions"}],"predecessor-version":[{"id":8506,"href":"https:\/\/atauni.edu.tr\/sosyoloji\/wp-json\/wp\/v2\/pages\/8422\/revisions\/8506"}],"wp:attachment":[{"href":"https:\/\/atauni.edu.tr\/sosyoloji\/wp-json\/wp\/v2\/media?parent=8422"}],"curies":[{"name":"wp","href":"https:\/\/api.w.org\/{rel}","templated":true}]}}