{"id":8475,"date":"2025-07-30T10:18:15","date_gmt":"2025-07-30T07:18:15","guid":{"rendered":"https:\/\/birimler.atauni.edu.tr\/sosyoloji\/?page_id=8475"},"modified":"2025-07-30T10:21:47","modified_gmt":"2025-07-30T07:21:47","slug":"tyc","status":"publish","type":"page","link":"https:\/\/atauni.edu.tr\/sosyoloji\/tyc\/","title":{"rendered":"TY\u00c7"},"content":{"rendered":"\t\t<div data-elementor-type=\"wp-page\" data-elementor-id=\"8475\" class=\"elementor elementor-8475\" data-elementor-post-type=\"page\">\n\t\t\t\t\t\t<section class=\"elementor-section elementor-top-section elementor-element elementor-element-7cb54b4 elementor-section-boxed elementor-section-height-default elementor-section-height-default\" data-id=\"7cb54b4\" data-element_type=\"section\">\n\t\t\t\t\t\t<div class=\"elementor-container elementor-column-gap-default\">\n\t\t\t\t\t<div class=\"elementor-column elementor-col-100 elementor-top-column elementor-element elementor-element-117c8f9\" data-id=\"117c8f9\" data-element_type=\"column\">\n\t\t\t<div class=\"elementor-widget-wrap elementor-element-populated\">\n\t\t\t\t\t\t<div class=\"elementor-element elementor-element-7b58710 elementor-widget elementor-widget-text-editor\" data-id=\"7b58710\" data-element_type=\"widget\" data-widget_type=\"text-editor.default\">\n\t\t\t\t<div class=\"elementor-widget-container\">\n\t\t\t\t\t\t\t\t\t<p data-start=\"189\" data-end=\"390\">Atat\u00fcrk \u00dcniversitesi Edebiyat Fak\u00fcltesi Sosyoloji Lisans Program\u0131, 9 May\u0131s 2024 tarihinde T\u00fcrkiye Yeterlilikler \u00c7er\u00e7evesi (TY\u00c7) Kurulu taraf\u0131ndan al\u0131nan kararla TY\u00c7 logosu kullan\u0131m hakk\u0131 kazanm\u0131\u015ft\u0131r.<\/p><p data-start=\"392\" data-end=\"705\">TY\u00c7, bireylerin sahip olduklar\u0131 yeterliliklerin ulusal ve uluslararas\u0131 d\u00fczeyde \u015feffaf, kar\u015f\u0131la\u015ft\u0131r\u0131labilir ve tan\u0131nabilir olmas\u0131n\u0131 ama\u00e7layan bir kalite g\u00fcvencesi sistemidir. Bu kapsamda, Sosyoloji program\u0131 TY\u00c7 logosu kullan\u0131m\u0131na ili\u015fkin t\u00fcm \u00f6l\u00e7\u00fctleri sa\u011flayarak s\u00f6z konusu yeterlilik sistemine d\u00e2hil edilmi\u015ftir.<\/p><p data-start=\"707\" data-end=\"892\">TY\u00c7 logosu, ilgili program\u0131n kalite g\u00fcvencesi standartlar\u0131n\u0131 sa\u011flad\u0131\u011f\u0131n\u0131 belgelendirmekte olup, mezuniyet belgelerinde yer almas\u0131, diplomalar\u0131n yurt d\u0131\u015f\u0131nda tan\u0131n\u0131rl\u0131\u011f\u0131n\u0131 art\u0131rmaktad\u0131r.<\/p><p data-start=\"894\" data-end=\"1051\" data-is-last-node=\"\" data-is-only-node=\"\">Bu geli\u015fme, program\u0131n kalite s\u00fcre\u00e7lerine uyum d\u00fczeyini ve uluslararas\u0131la\u015fma hedefleri do\u011frultusunda geldi\u011fi noktay\u0131 g\u00f6stermesi a\u00e7\u0131s\u0131ndan \u00f6nem arz etmektedir.<\/p>\t\t\t\t\t\t\t\t<\/div>\n\t\t\t\t<\/div>\n\t\t\t\t\t<\/div>\n\t\t<\/div>\n\t\t\t\t\t<\/div>\n\t\t<\/section>\n\t\t\t\t<section class=\"elementor-section elementor-top-section elementor-element elementor-element-ba9c00c elementor-section-boxed elementor-section-height-default elementor-section-height-default\" data-id=\"ba9c00c\" data-element_type=\"section\">\n\t\t\t\t\t\t<div class=\"elementor-container elementor-column-gap-default\">\n\t\t\t\t\t<div class=\"elementor-column elementor-col-100 elementor-top-column elementor-element elementor-element-79d7efe\" data-id=\"79d7efe\" data-element_type=\"column\">\n\t\t\t<div class=\"elementor-widget-wrap elementor-element-populated\">\n\t\t\t\t\t\t<div class=\"elementor-element elementor-element-0fce84e elementor-widget elementor-widget-image\" data-id=\"0fce84e\" data-element_type=\"widget\" data-widget_type=\"image.default\">\n\t\t\t\t<div class=\"elementor-widget-container\">\n\t\t\t\t\t\t\t\t\t\t\t\t\t\t\t<img fetchpriority=\"high\" decoding=\"async\" width=\"320\" height=\"240\" src=\"https:\/\/atauni.edu.tr\/sosyoloji\/wp-content\/uploads\/sites\/156\/2025\/07\/sm_2c8oj17nqx.png\" class=\"attachment-large size-large wp-image-8480\" alt=\"\" srcset=\"https:\/\/atauni.edu.tr\/sosyoloji\/wp-content\/uploads\/sites\/156\/2025\/07\/sm_2c8oj17nqx.png 320w, https:\/\/atauni.edu.tr\/sosyoloji\/wp-content\/uploads\/sites\/156\/2025\/07\/sm_2c8oj17nqx-300x225.png 300w\" sizes=\"(max-width: 320px) 100vw, 320px\" \/>\t\t\t\t\t\t\t\t\t\t\t\t\t\t\t<\/div>\n\t\t\t\t<\/div>\n\t\t\t\t\t<\/div>\n\t\t<\/div>\n\t\t\t\t\t<\/div>\n\t\t<\/section>\n\t\t\t\t<\/div>\n\t\t","protected":false},"excerpt":{"rendered":"<p>Atat\u00fcrk \u00dcniversitesi Edebiyat Fak\u00fcltesi Sosyoloji Lisans Program\u0131, 9 May\u0131s 2024 tarihinde T\u00fcrkiye Yeterlilikler \u00c7er\u00e7evesi (TY\u00c7) Kurulu taraf\u0131ndan al\u0131nan kararla TY\u00c7 logosu kullan\u0131m hakk\u0131 kazanm\u0131\u015ft\u0131r. TY\u00c7, bireylerin sahip olduklar\u0131 yeterliliklerin ulusal ve uluslararas\u0131 d\u00fczeyde \u015feffaf, kar\u015f\u0131la\u015ft\u0131r\u0131labilir ve tan\u0131nabilir olmas\u0131n\u0131 ama\u00e7layan bir kalite g\u00fcvencesi sistemidir. Bu kapsamda, Sosyoloji program\u0131 TY\u00c7 logosu kullan\u0131m\u0131na ili\u015fkin t\u00fcm \u00f6l\u00e7\u00fctleri sa\u011flayarak s\u00f6z [&hellip;]<\/p>\n","protected":false},"author":332,"featured_media":0,"parent":0,"menu_order":0,"comment_status":"closed","ping_status":"closed","template":"","meta":{"footnotes":""},"class_list":["post-8475","page","type-page","status-publish","hentry"],"_links":{"self":[{"href":"https:\/\/atauni.edu.tr\/sosyoloji\/wp-json\/wp\/v2\/pages\/8475","targetHints":{"allow":["GET"]}}],"collection":[{"href":"https:\/\/atauni.edu.tr\/sosyoloji\/wp-json\/wp\/v2\/pages"}],"about":[{"href":"https:\/\/atauni.edu.tr\/sosyoloji\/wp-json\/wp\/v2\/types\/page"}],"author":[{"embeddable":true,"href":"https:\/\/atauni.edu.tr\/sosyoloji\/wp-json\/wp\/v2\/users\/332"}],"replies":[{"embeddable":true,"href":"https:\/\/atauni.edu.tr\/sosyoloji\/wp-json\/wp\/v2\/comments?post=8475"}],"version-history":[{"count":7,"href":"https:\/\/atauni.edu.tr\/sosyoloji\/wp-json\/wp\/v2\/pages\/8475\/revisions"}],"predecessor-version":[{"id":8483,"href":"https:\/\/atauni.edu.tr\/sosyoloji\/wp-json\/wp\/v2\/pages\/8475\/revisions\/8483"}],"wp:attachment":[{"href":"https:\/\/atauni.edu.tr\/sosyoloji\/wp-json\/wp\/v2\/media?parent=8475"}],"curies":[{"name":"wp","href":"https:\/\/api.w.org\/{rel}","templated":true}]}}