{"id":10767,"date":"2024-09-24T13:27:39","date_gmt":"2024-09-24T10:27:39","guid":{"rendered":"https:\/\/birimler.atauni.edu.tr\/spor-bilimleri-fakultesi\/?page_id=10767"},"modified":"2025-05-21T13:45:33","modified_gmt":"2025-05-21T10:45:33","slug":"danismanlik-kurulu","status":"publish","type":"page","link":"https:\/\/atauni.edu.tr\/spor-bilimleri-fakultesi\/danismanlik-kurulu\/","title":{"rendered":"Dan\u0131\u015fmanl\u0131k Kurulu"},"content":{"rendered":"\t\t<div data-elementor-type=\"wp-page\" data-elementor-id=\"10767\" class=\"elementor elementor-10767\" data-elementor-post-type=\"page\">\n\t\t\t\t\t\t<section class=\"elementor-section elementor-top-section elementor-element elementor-element-2794f27 elementor-section-boxed elementor-section-height-default elementor-section-height-default\" data-id=\"2794f27\" data-element_type=\"section\">\n\t\t\t\t\t\t<div class=\"elementor-container elementor-column-gap-default\">\n\t\t\t\t\t<div class=\"elementor-column elementor-col-100 elementor-top-column elementor-element elementor-element-cfb2fa2\" data-id=\"cfb2fa2\" data-element_type=\"column\">\n\t\t\t<div class=\"elementor-widget-wrap elementor-element-populated\">\n\t\t\t\t\t\t<div class=\"elementor-element elementor-element-75b61a1 elementor-widget elementor-widget-text-editor\" data-id=\"75b61a1\" data-element_type=\"widget\" data-widget_type=\"text-editor.default\">\n\t\t\t\t<div class=\"elementor-widget-container\">\n\t\t\t\t\t\t\t\t\t<p>Prof. Dr. Mehmet Ertu\u011frul \u00d6ZT\u00dcRK<\/p><p>Prof. Dr. Orcan MIZRAK<\/p><p>Prof. Dr. Erdo\u011fan TOZO\u011eLU<\/p><p>Prof. Dr.\u00a0 Murat KALDIRIMCI<\/p><p>Do\u00e7. Dr. Nurcan DEM\u0130REL<\/p><p>Do\u00e7. Dr. K\u00fcbra \u00d6ZDEM\u0130R<\/p><p>DI\u015e PAYDA\u015eLARIMIZ<\/p><p>Erzurum Gen\u00e7lik ve Spor \u0130l M\u00fcd\u00fcr\u00fc<br \/>Levent \u00c7AKMUR<\/p><p>Erzurum Re\u015fit Karabacak Spor Lisesi M\u00fcd\u00fcr\u00fc<\/p><p>Sinan TOPALLI<\/p><p>Erzurumspor FK<\/p><p>Ahmet DAL<\/p><p>Sa\u011fl\u0131k K\u00fclt\u00fcr ve Spor Daire Ba\u015fkanl\u0131\u011f\u0131<\/p><div class=\"row\"><div class=\"ad-soyad\">\u015eub. M\u00fcd\u00fcr\u00fc Murat \u015eENG\u00dcL<\/div><div class=\"birim\">\u00a0<\/div><\/div>\t\t\t\t\t\t\t\t<\/div>\n\t\t\t\t<\/div>\n\t\t\t\t\t<\/div>\n\t\t<\/div>\n\t\t\t\t\t<\/div>\n\t\t<\/section>\n\t\t\t\t<\/div>\n\t\t","protected":false},"excerpt":{"rendered":"<p>Prof. Dr. Mehmet Ertu\u011frul \u00d6ZT\u00dcRK Prof. Dr. Orcan MIZRAK Prof. Dr. Erdo\u011fan TOZO\u011eLU Prof. Dr.\u00a0 Murat KALDIRIMCI Do\u00e7. Dr. Nurcan DEM\u0130REL Do\u00e7. Dr. K\u00fcbra \u00d6ZDEM\u0130R DI\u015e PAYDA\u015eLARIMIZ Erzurum Gen\u00e7lik ve Spor \u0130l M\u00fcd\u00fcr\u00fcLevent \u00c7AKMUR Erzurum Re\u015fit Karabacak Spor Lisesi M\u00fcd\u00fcr\u00fc Sinan TOPALLI Erzurumspor FK Ahmet DAL Sa\u011fl\u0131k K\u00fclt\u00fcr ve Spor Daire Ba\u015fkanl\u0131\u011f\u0131 \u015eub. M\u00fcd\u00fcr\u00fc Murat [&hellip;]<\/p>\n","protected":false},"author":505,"featured_media":0,"parent":0,"menu_order":0,"comment_status":"closed","ping_status":"closed","template":"","meta":{"footnotes":""},"class_list":["post-10767","page","type-page","status-publish","hentry"],"_links":{"self":[{"href":"https:\/\/atauni.edu.tr\/spor-bilimleri-fakultesi\/wp-json\/wp\/v2\/pages\/10767","targetHints":{"allow":["GET"]}}],"collection":[{"href":"https:\/\/atauni.edu.tr\/spor-bilimleri-fakultesi\/wp-json\/wp\/v2\/pages"}],"about":[{"href":"https:\/\/atauni.edu.tr\/spor-bilimleri-fakultesi\/wp-json\/wp\/v2\/types\/page"}],"author":[{"embeddable":true,"href":"https:\/\/atauni.edu.tr\/spor-bilimleri-fakultesi\/wp-json\/wp\/v2\/users\/505"}],"replies":[{"embeddable":true,"href":"https:\/\/atauni.edu.tr\/spor-bilimleri-fakultesi\/wp-json\/wp\/v2\/comments?post=10767"}],"version-history":[{"count":13,"href":"https:\/\/atauni.edu.tr\/spor-bilimleri-fakultesi\/wp-json\/wp\/v2\/pages\/10767\/revisions"}],"predecessor-version":[{"id":13719,"href":"https:\/\/atauni.edu.tr\/spor-bilimleri-fakultesi\/wp-json\/wp\/v2\/pages\/10767\/revisions\/13719"}],"wp:attachment":[{"href":"https:\/\/atauni.edu.tr\/spor-bilimleri-fakultesi\/wp-json\/wp\/v2\/media?parent=10767"}],"curies":[{"name":"wp","href":"https:\/\/api.w.org\/{rel}","templated":true}]}}