{"id":15905,"date":"2026-03-28T00:12:20","date_gmt":"2026-03-27T21:12:20","guid":{"rendered":"https:\/\/atauni.edu.tr\/spor-bilimleri-fakultesi\/?page_id=15905"},"modified":"2026-04-01T13:58:50","modified_gmt":"2026-04-01T10:58:50","slug":"basinda-fakultemiz","status":"publish","type":"page","link":"https:\/\/atauni.edu.tr\/spor-bilimleri-fakultesi\/basinda-fakultemiz\/","title":{"rendered":"Bas\u0131nda Fak\u00fcltemiz"},"content":{"rendered":"\t\t<div data-elementor-type=\"wp-page\" data-elementor-id=\"15905\" class=\"elementor elementor-15905\" data-elementor-post-type=\"page\">\n\t\t\t\t\t\t<section class=\"elementor-section elementor-top-section elementor-element elementor-element-b5e8980 elementor-section-boxed elementor-section-height-default elementor-section-height-default\" data-id=\"b5e8980\" data-element_type=\"section\">\n\t\t\t\t\t\t<div class=\"elementor-container elementor-column-gap-default\">\n\t\t\t\t\t<div class=\"elementor-column elementor-col-33 elementor-top-column elementor-element elementor-element-7c94a50\" data-id=\"7c94a50\" data-element_type=\"column\">\n\t\t\t<div class=\"elementor-widget-wrap elementor-element-populated\">\n\t\t\t\t\t\t<div class=\"elementor-element elementor-element-1f770a1 elementor-button-info elementor-align-left elementor-widget elementor-widget-button\" data-id=\"1f770a1\" data-element_type=\"widget\" data-widget_type=\"button.default\">\n\t\t\t\t<div class=\"elementor-widget-container\">\n\t\t\t\t\t\t\t\t\t<div class=\"elementor-button-wrapper\">\n\t\t\t\t\t<a class=\"elementor-button elementor-button-link elementor-size-sm\" href=\"\">\n\t\t\t\t\t\t<span class=\"elementor-button-content-wrapper\">\n\t\t\t\t\t\t<span class=\"elementor-button-icon\">\n\t\t\t\t<i aria-hidden=\"true\" class=\"fas fa-external-link-alt\"><\/i>\t\t\t<\/span>\n\t\t\t\t\t\t\t\t\t<span class=\"elementor-button-text\">\u00dcN\u0130VERS\u0130TE KAR \u015eENL\u0130KLER\u0130 TRT RADYO\u2019DA G\u00dcNDEM OLDU<\/span>\n\t\t\t\t\t<\/span>\n\t\t\t\t\t<\/a>\n\t\t\t\t<\/div>\n\t\t\t\t\t\t\t\t<\/div>\n\t\t\t\t<\/div>\n\t\t\t\t\t<\/div>\n\t\t<\/div>\n\t\t\t\t<div class=\"elementor-column elementor-col-33 elementor-top-column elementor-element elementor-element-07ccdfb\" data-id=\"07ccdfb\" data-element_type=\"column\">\n\t\t\t<div class=\"elementor-widget-wrap elementor-element-populated\">\n\t\t\t\t\t\t<div class=\"elementor-element elementor-element-8bb3304 elementor-widget elementor-widget-button\" data-id=\"8bb3304\" data-element_type=\"widget\" data-widget_type=\"button.default\">\n\t\t\t\t<div class=\"elementor-widget-container\">\n\t\t\t\t\t\t\t\t\t<div class=\"elementor-button-wrapper\">\n\t\t\t\t\t<a class=\"elementor-button elementor-button-link elementor-size-sm\" href=\"\">\n\t\t\t\t\t\t<span class=\"elementor-button-content-wrapper\">\n\t\t\t\t\t\t<span class=\"elementor-button-icon\">\n\t\t\t\t<i aria-hidden=\"true\" class=\"fas fa-external-link-alt\"><\/i>\t\t\t<\/span>\n\t\t\t\t\t\t\t\t\t<span class=\"elementor-button-text\">\u201cYALNIZ DE\u011e\u0130LS\u0130N\u201d PROJES\u0130 TRT RADYO\u2019DA TANITILDI<\/span>\n\t\t\t\t\t<\/span>\n\t\t\t\t\t<\/a>\n\t\t\t\t<\/div>\n\t\t\t\t\t\t\t\t<\/div>\n\t\t\t\t<\/div>\n\t\t\t\t\t<\/div>\n\t\t<\/div>\n\t\t\t\t<div class=\"elementor-column elementor-col-33 elementor-top-column elementor-element elementor-element-24eb01d\" data-id=\"24eb01d\" data-element_type=\"column\">\n\t\t\t<div class=\"elementor-widget-wrap elementor-element-populated\">\n\t\t\t\t\t\t<div class=\"elementor-element elementor-element-e1bf244 elementor-widget elementor-widget-button\" data-id=\"e1bf244\" data-element_type=\"widget\" data-widget_type=\"button.default\">\n\t\t\t\t<div class=\"elementor-widget-container\">\n\t\t\t\t\t\t\t\t\t<div class=\"elementor-button-wrapper\">\n\t\t\t\t\t<a class=\"elementor-button elementor-button-link elementor-size-sm\" href=\"\">\n\t\t\t\t\t\t<span class=\"elementor-button-content-wrapper\">\n\t\t\t\t\t\t<span class=\"elementor-button-icon\">\n\t\t\t\t<i aria-hidden=\"true\" class=\"fas fa-external-link-alt\"><\/i>\t\t\t<\/span>\n\t\t\t\t\t\t\t\t\t<span class=\"elementor-button-text\">ANTREN\u00d6RL\u00dcK B\u00d6L\u00dcM BA\u015eKANIMIZ PROF.DR TU\u011eRULHAN \u015eAM YAZDI \/ PALAND\u00d6KEN KAYAK MERKEZ\u0130<\/span>\n\t\t\t\t\t<\/span>\n\t\t\t\t\t<\/a>\n\t\t\t\t<\/div>\n\t\t\t\t\t\t\t\t<\/div>\n\t\t\t\t<\/div>\n\t\t\t\t\t<\/div>\n\t\t<\/div>\n\t\t\t\t\t<\/div>\n\t\t<\/section>\n\t\t\t\t<section class=\"elementor-section elementor-top-section elementor-element elementor-element-b7cca5c elementor-section-boxed elementor-section-height-default elementor-section-height-default\" data-id=\"b7cca5c\" data-element_type=\"section\">\n\t\t\t\t\t\t<div class=\"elementor-container elementor-column-gap-default\">\n\t\t\t\t\t<div class=\"elementor-column elementor-col-100 elementor-top-column elementor-element elementor-element-cfde94c\" data-id=\"cfde94c\" data-element_type=\"column\">\n\t\t\t<div class=\"elementor-widget-wrap elementor-element-populated\">\n\t\t\t\t\t\t<div class=\"elementor-element elementor-element-3811c12 elementor-align-left elementor-widget__width-initial elementor-widget elementor-widget-button\" data-id=\"3811c12\" data-element_type=\"widget\" data-widget_type=\"button.default\">\n\t\t\t\t<div class=\"elementor-widget-container\">\n\t\t\t\t\t\t\t\t\t<div class=\"elementor-button-wrapper\">\n\t\t\t\t\t<a class=\"elementor-button elementor-button-link elementor-size-sm\" href=\"\">\n\t\t\t\t\t\t<span class=\"elementor-button-content-wrapper\">\n\t\t\t\t\t\t<span class=\"elementor-button-icon\">\n\t\t\t\t<i aria-hidden=\"true\" class=\"fas fa-external-link-alt\"><\/i>\t\t\t<\/span>\n\t\t\t\t\t\t\t\t\t<span class=\"elementor-button-text\">RADYO \u00dcN\u0130VERS\u0130TE\u2019DE \u201cSPOR VE SA\u011eLIK\u201d \u00dcZER\u0130NE PROGRAM<\/span>\n\t\t\t\t\t<\/span>\n\t\t\t\t\t<\/a>\n\t\t\t\t<\/div>\n\t\t\t\t\t\t\t\t<\/div>\n\t\t\t\t<\/div>\n\t\t\t\t\t<\/div>\n\t\t<\/div>\n\t\t\t\t\t<\/div>\n\t\t<\/section>\n\t\t\t\t<\/div>\n\t\t","protected":false},"excerpt":{"rendered":"<p>\u00dcN\u0130VERS\u0130TE KAR \u015eENL\u0130KLER\u0130 TRT RADYO\u2019DA G\u00dcNDEM OLDU \u201cYALNIZ DE\u011e\u0130LS\u0130N\u201d PROJES\u0130 TRT RADYO\u2019DA TANITILDI ANTREN\u00d6RL\u00dcK B\u00d6L\u00dcM BA\u015eKANIMIZ PROF.DR TU\u011eRULHAN \u015eAM YAZDI \/ PALAND\u00d6KEN KAYAK MERKEZ\u0130 RADYO \u00dcN\u0130VERS\u0130TE\u2019DE \u201cSPOR VE SA\u011eLIK\u201d \u00dcZER\u0130NE PROGRAM<\/p>\n","protected":false},"author":479,"featured_media":0,"parent":0,"menu_order":0,"comment_status":"closed","ping_status":"closed","template":"","meta":{"footnotes":""},"class_list":["post-15905","page","type-page","status-publish","hentry"],"_links":{"self":[{"href":"https:\/\/atauni.edu.tr\/spor-bilimleri-fakultesi\/wp-json\/wp\/v2\/pages\/15905","targetHints":{"allow":["GET"]}}],"collection":[{"href":"https:\/\/atauni.edu.tr\/spor-bilimleri-fakultesi\/wp-json\/wp\/v2\/pages"}],"about":[{"href":"https:\/\/atauni.edu.tr\/spor-bilimleri-fakultesi\/wp-json\/wp\/v2\/types\/page"}],"author":[{"embeddable":true,"href":"https:\/\/atauni.edu.tr\/spor-bilimleri-fakultesi\/wp-json\/wp\/v2\/users\/479"}],"replies":[{"embeddable":true,"href":"https:\/\/atauni.edu.tr\/spor-bilimleri-fakultesi\/wp-json\/wp\/v2\/comments?post=15905"}],"version-history":[{"count":10,"href":"https:\/\/atauni.edu.tr\/spor-bilimleri-fakultesi\/wp-json\/wp\/v2\/pages\/15905\/revisions"}],"predecessor-version":[{"id":15967,"href":"https:\/\/atauni.edu.tr\/spor-bilimleri-fakultesi\/wp-json\/wp\/v2\/pages\/15905\/revisions\/15967"}],"wp:attachment":[{"href":"https:\/\/atauni.edu.tr\/spor-bilimleri-fakultesi\/wp-json\/wp\/v2\/media?parent=15905"}],"curies":[{"name":"wp","href":"https:\/\/api.w.org\/{rel}","templated":true}]}}