{"id":5674,"date":"2021-07-13T10:47:12","date_gmt":"2021-07-13T07:47:12","guid":{"rendered":"https:\/\/portaltest.atauni.edu.tr\/muhendislik-fakultesi\/?page_id=5674"},"modified":"2025-05-21T10:35:00","modified_gmt":"2025-05-21T07:35:00","slug":"fakulte-kurulu","status":"publish","type":"page","link":"https:\/\/atauni.edu.tr\/spor-bilimleri-fakultesi\/fakulte-kurulu\/","title":{"rendered":"Fak\u00fclte Kurulu"},"content":{"rendered":"\t\t<div data-elementor-type=\"wp-page\" data-elementor-id=\"5674\" class=\"elementor elementor-5674\" data-elementor-post-type=\"page\">\n\t\t\t\t\t\t<section class=\"elementor-section elementor-top-section elementor-element elementor-element-46c2cb5d elementor-section-boxed elementor-section-height-default elementor-section-height-default\" data-id=\"46c2cb5d\" data-element_type=\"section\">\n\t\t\t\t\t\t<div class=\"elementor-container elementor-column-gap-default\">\n\t\t\t\t\t<div class=\"elementor-column elementor-col-100 elementor-top-column elementor-element elementor-element-299813e7\" data-id=\"299813e7\" data-element_type=\"column\">\n\t\t\t<div class=\"elementor-widget-wrap elementor-element-populated\">\n\t\t\t\t\t\t<div class=\"elementor-element elementor-element-3ec495a9 elementor-widget elementor-widget-heading\" data-id=\"3ec495a9\" data-element_type=\"widget\" data-widget_type=\"heading.default\">\n\t\t\t\t<div class=\"elementor-widget-container\">\n\t\t\t\t\t<h2 class=\"elementor-heading-title elementor-size-default\">Fak\u00fclte Kurulu<\/h2>\t\t\t\t<\/div>\n\t\t\t\t<\/div>\n\t\t\t\t<div class=\"elementor-element elementor-element-2092e3b3 elementor-widget-divider--view-line elementor-widget elementor-widget-divider\" data-id=\"2092e3b3\" data-element_type=\"widget\" data-widget_type=\"divider.default\">\n\t\t\t\t<div class=\"elementor-widget-container\">\n\t\t\t\t\t\t\t<div class=\"elementor-divider\">\n\t\t\t<span class=\"elementor-divider-separator\">\n\t\t\t\t\t\t<\/span>\n\t\t<\/div>\n\t\t\t\t\t\t<\/div>\n\t\t\t\t<\/div>\n\t\t\t\t\t<\/div>\n\t\t<\/div>\n\t\t\t\t\t<\/div>\n\t\t<\/section>\n\t\t\t\t<section class=\"elementor-section elementor-top-section elementor-element elementor-element-7727b5a elementor-section-boxed elementor-section-height-default elementor-section-height-default\" data-id=\"7727b5a\" data-element_type=\"section\">\n\t\t\t\t\t\t<div class=\"elementor-container elementor-column-gap-default\">\n\t\t\t\t\t<div class=\"elementor-column elementor-col-100 elementor-top-column elementor-element elementor-element-590a86b\" data-id=\"590a86b\" data-element_type=\"column\">\n\t\t\t<div class=\"elementor-widget-wrap elementor-element-populated\">\n\t\t\t\t\t\t<div class=\"elementor-element elementor-element-e02a6b9 elementor-widget elementor-widget-text-editor\" data-id=\"e02a6b9\" data-element_type=\"widget\" data-widget_type=\"text-editor.default\">\n\t\t\t\t<div class=\"elementor-widget-container\">\n\t\t\t\t\t\t\t\t\t<table width=\"812\"><tbody><tr><td style=\"text-align: center\" colspan=\"5\" width=\"812\"><span style=\"color: #3366ff\"><strong>FAK\u00dcLTE KURULU \u00dcYELER\u0130<\/strong><\/span><\/td><\/tr><tr><td rowspan=\"2\" width=\"47\"><strong>No\u00a0<\/strong><\/td><td rowspan=\"2\" width=\"144\"><strong>\u00a0\u00a0\u00a0\u00a0 Unvan\u0131\u00a0<\/strong><\/td><td rowspan=\"2\" width=\"251\"><strong>\u00a0\u00a0\u00a0\u00a0\u00a0\u00a0 Ad\u0131 Soyad\u0131\u00a0<\/strong><\/td><td width=\"167\"><strong>G\u00f6reve\u00a0 Ba\u015flama\u00a0<\/strong><\/td><td width=\"203\"><strong>G\u00f6rev s\u00fcresi bitim tarihi<\/strong><\/td><\/tr><tr><td width=\"167\"><strong>\u00a0\u00a0\u00a0\u00a0\u00a0\u00a0\u00a0\u00a0 tarihi<\/strong><\/td><td width=\"203\"><strong>(Se\u00e7im tarihinden itibaren 3 y\u0131l)\u00a0<\/strong><\/td><\/tr><tr><td width=\"47\">1<\/td><td width=\"144\">Dekan\u00a0<\/td><td width=\"251\">Prof.Dr. Ahmet G\u00f6khan YAZICI<\/td><td width=\"167\">09.09.2024<\/td><td width=\"203\">09.09.2027<\/td><\/tr><tr><td width=\"47\">2<\/td><td width=\"144\">Profes\u00f6r<\/td><td width=\"251\">Prof.Dr.Erdo\u011fan TOZO\u011eLU<\/td><td width=\"167\">29.12.2023<\/td><td width=\"203\">29.12.2026<\/td><\/tr><tr><td width=\"47\">3<\/td><td width=\"144\">Profes\u00f6r<\/td><td width=\"251\">Prof.Dr.Fatih KIYICI<\/td><td width=\"167\">17.09.2024<\/td><td width=\"203\">17.09.2027<\/td><\/tr><tr><td width=\"47\">4<\/td><td width=\"144\">Profes\u00f6r<\/td><td width=\"251\">Prof.Dr. Murat KALDIRIMCI<\/td><td width=\"167\">17.09.2024<\/td><td width=\"203\">17.09.2027<\/td><\/tr><tr><td width=\"47\">5<\/td><td width=\"144\">B\u00f6l\u00fcm Ba\u015fkan\u0131<\/td><td width=\"251\">Prof. Dr. \u0130lhan \u015eEN<\/td><td width=\"167\">16.09.2024<\/td><td width=\"203\">16.09.2027<\/td><\/tr><tr><td width=\"47\">6<\/td><td width=\"144\">B\u00f6l\u00fcm Ba\u015fkan\u0131<\/td><td width=\"251\">Prof. Dr. Emre BELL\u0130<\/td><td width=\"167\">12.08.2024<\/td><td width=\"203\">12.08.2027<\/td><\/tr><tr><td width=\"47\">7<\/td><td width=\"144\">B\u00f6l\u00fcm Ba\u015fkan\u0131<\/td><td width=\"251\">Prof. Dr. Ozan SEVER<\/td><td width=\"167\">16.09.2024<\/td><td width=\"203\">16.09.2027<\/td><\/tr><tr><td width=\"47\">8<\/td><td width=\"144\">B\u00f6l\u00fcm Ba\u015fkan\u0131<\/td><td width=\"251\">Prof. Dr. C. Tu\u011frulhan \u015eAM<\/td><td width=\"167\">16.09.2024<\/td><td width=\"203\">16.09.2027<\/td><\/tr><tr><td width=\"47\">9<\/td><td width=\"144\">Do\u00e7ent\u00a0<\/td><td width=\"251\">Do\u00e7.Dr.Serta\u00e7 ERC\u0130\u015e<\/td><td width=\"167\">17.09.2024<\/td><td width=\"203\">17.09.2027<\/td><\/tr><tr><td width=\"47\">10<\/td><td width=\"144\">Do\u00e7ent<\/td><td width=\"251\">Do\u00e7.Dr.Ahmet \u015e\u0130R\u0130NKAN<\/td><td width=\"167\">16.02.2022<\/td><td width=\"203\">16.02.2025<\/td><\/tr><tr><td width=\"47\">11<\/td><td width=\"144\">Dr. \u00d6\u011fr. \u00dcyesi<\/td><td width=\"251\">Dr. \u00d6\u011fr. \u00dcyesi M. Haluk S\u0130VR\u0130KAYA<\/td><td width=\"167\">16.02.2022<\/td><td width=\"203\">16.02.2025<\/td><\/tr><\/tbody><\/table><p>3<\/p>\t\t\t\t\t\t\t\t<\/div>\n\t\t\t\t<\/div>\n\t\t\t\t\t<\/div>\n\t\t<\/div>\n\t\t\t\t\t<\/div>\n\t\t<\/section>\n\t\t\t\t<\/div>\n\t\t","protected":false},"excerpt":{"rendered":"<p>Fak\u00fclte Kurulu FAK\u00dcLTE KURULU \u00dcYELER\u0130 No\u00a0 \u00a0\u00a0\u00a0\u00a0 Unvan\u0131\u00a0 \u00a0\u00a0\u00a0\u00a0\u00a0\u00a0 Ad\u0131 Soyad\u0131\u00a0 G\u00f6reve\u00a0 Ba\u015flama\u00a0 G\u00f6rev s\u00fcresi bitim tarihi \u00a0\u00a0\u00a0\u00a0\u00a0\u00a0\u00a0\u00a0 tarihi (Se\u00e7im tarihinden itibaren 3 y\u0131l)\u00a0 1 Dekan\u00a0 Prof.Dr. Ahmet G\u00f6khan YAZICI 09.09.2024 09.09.2027 2 Profes\u00f6r Prof.Dr.Erdo\u011fan TOZO\u011eLU 29.12.2023 29.12.2026 3 Profes\u00f6r Prof.Dr.Fatih KIYICI 17.09.2024 17.09.2027 4 Profes\u00f6r Prof.Dr. Murat KALDIRIMCI 17.09.2024 17.09.2027 5 B\u00f6l\u00fcm Ba\u015fkan\u0131 Prof. [&hellip;]<\/p>\n","protected":false},"author":1,"featured_media":0,"parent":0,"menu_order":0,"comment_status":"closed","ping_status":"closed","template":"elementor_header_footer","meta":{"footnotes":""},"class_list":["post-5674","page","type-page","status-publish","hentry"],"_links":{"self":[{"href":"https:\/\/atauni.edu.tr\/spor-bilimleri-fakultesi\/wp-json\/wp\/v2\/pages\/5674","targetHints":{"allow":["GET"]}}],"collection":[{"href":"https:\/\/atauni.edu.tr\/spor-bilimleri-fakultesi\/wp-json\/wp\/v2\/pages"}],"about":[{"href":"https:\/\/atauni.edu.tr\/spor-bilimleri-fakultesi\/wp-json\/wp\/v2\/types\/page"}],"author":[{"embeddable":true,"href":"https:\/\/atauni.edu.tr\/spor-bilimleri-fakultesi\/wp-json\/wp\/v2\/users\/1"}],"replies":[{"embeddable":true,"href":"https:\/\/atauni.edu.tr\/spor-bilimleri-fakultesi\/wp-json\/wp\/v2\/comments?post=5674"}],"version-history":[{"count":89,"href":"https:\/\/atauni.edu.tr\/spor-bilimleri-fakultesi\/wp-json\/wp\/v2\/pages\/5674\/revisions"}],"predecessor-version":[{"id":13700,"href":"https:\/\/atauni.edu.tr\/spor-bilimleri-fakultesi\/wp-json\/wp\/v2\/pages\/5674\/revisions\/13700"}],"wp:attachment":[{"href":"https:\/\/atauni.edu.tr\/spor-bilimleri-fakultesi\/wp-json\/wp\/v2\/media?parent=5674"}],"curies":[{"name":"wp","href":"https:\/\/api.w.org\/{rel}","templated":true}]}}