{"id":5691,"date":"2021-07-13T10:56:29","date_gmt":"2021-07-13T07:56:29","guid":{"rendered":"https:\/\/portaltest.atauni.edu.tr\/muhendislik-fakultesi\/?page_id=5691"},"modified":"2024-09-19T11:58:14","modified_gmt":"2024-09-19T08:58:14","slug":"yonetim-kurulu","status":"publish","type":"page","link":"https:\/\/atauni.edu.tr\/spor-bilimleri-fakultesi\/yonetim-kurulu\/","title":{"rendered":"Y\u00f6netim Kurulu"},"content":{"rendered":"\t\t<div data-elementor-type=\"wp-page\" data-elementor-id=\"5691\" class=\"elementor elementor-5691\" data-elementor-post-type=\"page\">\n\t\t\t\t\t\t<section class=\"elementor-section elementor-top-section elementor-element elementor-element-46c2cb5d elementor-section-boxed elementor-section-height-default elementor-section-height-default\" data-id=\"46c2cb5d\" data-element_type=\"section\">\n\t\t\t\t\t\t<div class=\"elementor-container elementor-column-gap-default\">\n\t\t\t\t\t<div class=\"elementor-column elementor-col-100 elementor-top-column elementor-element elementor-element-299813e7\" data-id=\"299813e7\" data-element_type=\"column\">\n\t\t\t<div class=\"elementor-widget-wrap elementor-element-populated\">\n\t\t\t\t\t\t<div class=\"elementor-element elementor-element-3ec495a9 elementor-widget elementor-widget-heading\" data-id=\"3ec495a9\" data-element_type=\"widget\" data-widget_type=\"heading.default\">\n\t\t\t\t<div class=\"elementor-widget-container\">\n\t\t\t\t\t<h2 class=\"elementor-heading-title elementor-size-default\">Y\u00f6netim Kurulu<\/h2>\t\t\t\t<\/div>\n\t\t\t\t<\/div>\n\t\t\t\t<div class=\"elementor-element elementor-element-2092e3b3 elementor-widget-divider--view-line elementor-widget elementor-widget-divider\" data-id=\"2092e3b3\" data-element_type=\"widget\" data-widget_type=\"divider.default\">\n\t\t\t\t<div class=\"elementor-widget-container\">\n\t\t\t\t\t\t\t<div class=\"elementor-divider\">\n\t\t\t<span class=\"elementor-divider-separator\">\n\t\t\t\t\t\t<\/span>\n\t\t<\/div>\n\t\t\t\t\t\t<\/div>\n\t\t\t\t<\/div>\n\t\t\t\t\t<\/div>\n\t\t<\/div>\n\t\t\t\t\t<\/div>\n\t\t<\/section>\n\t\t\t\t<section class=\"elementor-section elementor-top-section elementor-element elementor-element-326cbdf elementor-section-boxed elementor-section-height-default elementor-section-height-default\" data-id=\"326cbdf\" data-element_type=\"section\">\n\t\t\t\t\t\t<div class=\"elementor-container elementor-column-gap-default\">\n\t\t\t\t\t<div class=\"elementor-column elementor-col-100 elementor-top-column elementor-element elementor-element-69086e0\" data-id=\"69086e0\" data-element_type=\"column\">\n\t\t\t<div class=\"elementor-widget-wrap elementor-element-populated\">\n\t\t\t\t\t\t<div class=\"elementor-element elementor-element-eda8896 elementor-widget elementor-widget-text-editor\" data-id=\"eda8896\" data-element_type=\"widget\" data-widget_type=\"text-editor.default\">\n\t\t\t\t<div class=\"elementor-widget-container\">\n\t\t\t\t\t\t\t\t\t<table width=\"946\"><tbody><tr><td style=\"text-align: center\" rowspan=\"2\" width=\"26\"><strong>No\u00a0<\/strong><\/td><td style=\"text-align: center\" rowspan=\"2\" width=\"207\"><strong>\u00a0\u00a0\u00a0\u00a0 Unvan\u0131\u00a0<\/strong><\/td><td style=\"text-align: center\" rowspan=\"2\" width=\"295\"><strong>\u00a0\u00a0\u00a0\u00a0\u00a0\u00a0 Ad\u0131 Soyad\u0131\u00a0<\/strong><\/td><td style=\"text-align: center\" rowspan=\"2\" width=\"203\"><strong>G\u00f6reve\u00a0 Ba\u015flama Tarihi<\/strong><\/td><td style=\"text-align: center\" width=\"215\"><strong>G\u00f6rev S\u00fcresi Bitim Tarihi<\/strong><\/td><\/tr><tr><td style=\"text-align: center\" width=\"215\"><strong>(Se\u00e7im Tarihinden \u0130tibaren 3 y\u0131l)\u00a0<\/strong><\/td><\/tr><tr><td width=\"26\">1<\/td><td width=\"207\">Dekan\u00a0\u00a0<\/td><td width=\"295\">Prof. Dr. Ahmet G\u00f6khan YAZICI<\/td><td width=\"203\">09.09.2024<\/td><td width=\"215\">09.09.2027<\/td><\/tr><tr><td width=\"26\">2<\/td><td width=\"207\">Profes\u00f6r<\/td><td width=\"295\">Prof.Dr. Fatih KIYICI<\/td><td width=\"203\">18.09.2024<\/td><td width=\"215\">18.09.2027<\/td><\/tr><tr><td width=\"26\">3<\/td><td width=\"207\">Profes\u00f6r<\/td><td width=\"295\">Prof.Dr.\u0130lhan \u015eEN<\/td><td width=\"203\">03.09.2024<\/td><td width=\"215\">03.09.2027<\/td><\/tr><tr><td width=\"26\">4<\/td><td width=\"207\">Profes\u00f6r<\/td><td width=\"295\">Prof.Dr. Cemil Tu\u011frulhan \u015eAM<\/td><td width=\"203\">18.09.2024<\/td><td width=\"215\">18.09.2027<\/td><\/tr><tr><td width=\"26\">5<\/td><td width=\"207\">Do\u00e7ent Temsilcisi<\/td><td width=\"295\">Do\u00e7.Dr. \u0130zzet U\u00c7AN<\/td><td width=\"203\">18.09.2024<\/td><td width=\"215\">18.09.2027<\/td><\/tr><tr><td width=\"26\">6<\/td><td width=\"207\">Do\u00e7ent Temsilcisi<\/td><td width=\"295\">Do\u00e7. Dr. Elif AKKU\u015e<\/td><td width=\"203\">18.09.2024<\/td><td width=\"215\">18.09.2027<\/td><\/tr><tr><td width=\"26\">7<\/td><td width=\"207\">Dr.\u00d6\u011fr.\u00dcyesi\u00a0 Temsilcisi<\/td><td width=\"295\">Dr.\u00d6\u011fr.\u00dcyesi\u00a0 M.Hal\u00fck S\u0130VR\u0130KAYA<\/td><td width=\"203\">22.02.2024<\/td><td width=\"215\">22.02.2027<\/td><\/tr><\/tbody><\/table>\t\t\t\t\t\t\t\t<\/div>\n\t\t\t\t<\/div>\n\t\t\t\t\t<\/div>\n\t\t<\/div>\n\t\t\t\t\t<\/div>\n\t\t<\/section>\n\t\t\t\t<\/div>\n\t\t","protected":false},"excerpt":{"rendered":"<p>Y\u00f6netim Kurulu No\u00a0 \u00a0\u00a0\u00a0\u00a0 Unvan\u0131\u00a0 \u00a0\u00a0\u00a0\u00a0\u00a0\u00a0 Ad\u0131 Soyad\u0131\u00a0 G\u00f6reve\u00a0 Ba\u015flama Tarihi G\u00f6rev S\u00fcresi Bitim Tarihi (Se\u00e7im Tarihinden \u0130tibaren 3 y\u0131l)\u00a0 1 Dekan\u00a0\u00a0 Prof. Dr. Ahmet G\u00f6khan YAZICI 09.09.2024 09.09.2027 2 Profes\u00f6r Prof.Dr. Fatih KIYICI 18.09.2024 18.09.2027 3 Profes\u00f6r Prof.Dr.\u0130lhan \u015eEN 03.09.2024 03.09.2027 4 Profes\u00f6r Prof.Dr. Cemil Tu\u011frulhan \u015eAM 18.09.2024 18.09.2027 5 Do\u00e7ent Temsilcisi Do\u00e7.Dr. \u0130zzet [&hellip;]<\/p>\n","protected":false},"author":1,"featured_media":0,"parent":0,"menu_order":0,"comment_status":"closed","ping_status":"closed","template":"elementor_header_footer","meta":{"footnotes":""},"class_list":["post-5691","page","type-page","status-publish","hentry"],"_links":{"self":[{"href":"https:\/\/atauni.edu.tr\/spor-bilimleri-fakultesi\/wp-json\/wp\/v2\/pages\/5691","targetHints":{"allow":["GET"]}}],"collection":[{"href":"https:\/\/atauni.edu.tr\/spor-bilimleri-fakultesi\/wp-json\/wp\/v2\/pages"}],"about":[{"href":"https:\/\/atauni.edu.tr\/spor-bilimleri-fakultesi\/wp-json\/wp\/v2\/types\/page"}],"author":[{"embeddable":true,"href":"https:\/\/atauni.edu.tr\/spor-bilimleri-fakultesi\/wp-json\/wp\/v2\/users\/1"}],"replies":[{"embeddable":true,"href":"https:\/\/atauni.edu.tr\/spor-bilimleri-fakultesi\/wp-json\/wp\/v2\/comments?post=5691"}],"version-history":[{"count":74,"href":"https:\/\/atauni.edu.tr\/spor-bilimleri-fakultesi\/wp-json\/wp\/v2\/pages\/5691\/revisions"}],"predecessor-version":[{"id":10686,"href":"https:\/\/atauni.edu.tr\/spor-bilimleri-fakultesi\/wp-json\/wp\/v2\/pages\/5691\/revisions\/10686"}],"wp:attachment":[{"href":"https:\/\/atauni.edu.tr\/spor-bilimleri-fakultesi\/wp-json\/wp\/v2\/media?parent=5691"}],"curies":[{"name":"wp","href":"https:\/\/api.w.org\/{rel}","templated":true}]}}