{"id":5743,"date":"2021-07-13T11:47:21","date_gmt":"2021-07-13T08:47:21","guid":{"rendered":"https:\/\/portaltest.atauni.edu.tr\/muhendislik-fakultesi\/?page_id=5743"},"modified":"2022-11-30T13:44:22","modified_gmt":"2022-11-30T10:44:22","slug":"misyon-vizyon-ve-temel-degerler","status":"publish","type":"page","link":"https:\/\/atauni.edu.tr\/spor-bilimleri-fakultesi\/misyon-vizyon-ve-temel-degerler\/","title":{"rendered":"Misyon, Vizyon ve Temel De\u011ferler"},"content":{"rendered":"\t\t<div data-elementor-type=\"wp-page\" data-elementor-id=\"5743\" class=\"elementor elementor-5743\" data-elementor-post-type=\"page\">\n\t\t\t\t\t\t<section class=\"elementor-section elementor-top-section elementor-element elementor-element-46c2cb5d elementor-section-boxed elementor-section-height-default elementor-section-height-default\" data-id=\"46c2cb5d\" data-element_type=\"section\">\n\t\t\t\t\t\t<div class=\"elementor-container elementor-column-gap-default\">\n\t\t\t\t\t<div class=\"elementor-column elementor-col-100 elementor-top-column elementor-element elementor-element-299813e7\" data-id=\"299813e7\" data-element_type=\"column\">\n\t\t\t<div class=\"elementor-widget-wrap elementor-element-populated\">\n\t\t\t\t\t\t<div class=\"elementor-element elementor-element-3ec495a9 elementor-widget elementor-widget-heading\" data-id=\"3ec495a9\" data-element_type=\"widget\" data-widget_type=\"heading.default\">\n\t\t\t\t<div class=\"elementor-widget-container\">\n\t\t\t\t\t<h2 class=\"elementor-heading-title elementor-size-default\">Misyon, Vizyon ve Temel De\u011ferler<\/h2>\t\t\t\t<\/div>\n\t\t\t\t<\/div>\n\t\t\t\t<div class=\"elementor-element elementor-element-2092e3b3 elementor-widget-divider--view-line elementor-widget elementor-widget-divider\" data-id=\"2092e3b3\" data-element_type=\"widget\" data-widget_type=\"divider.default\">\n\t\t\t\t<div class=\"elementor-widget-container\">\n\t\t\t\t\t\t\t<div class=\"elementor-divider\">\n\t\t\t<span class=\"elementor-divider-separator\">\n\t\t\t\t\t\t<\/span>\n\t\t<\/div>\n\t\t\t\t\t\t<\/div>\n\t\t\t\t<\/div>\n\t\t\t\t\t<\/div>\n\t\t<\/div>\n\t\t\t\t\t<\/div>\n\t\t<\/section>\n\t\t\t\t<section class=\"elementor-section elementor-top-section elementor-element elementor-element-d76d987 elementor-section-boxed elementor-section-height-default elementor-section-height-default\" data-id=\"d76d987\" data-element_type=\"section\">\n\t\t\t\t\t\t<div class=\"elementor-container elementor-column-gap-default\">\n\t\t\t\t\t<div class=\"elementor-column elementor-col-100 elementor-top-column elementor-element elementor-element-acd741f\" data-id=\"acd741f\" data-element_type=\"column\">\n\t\t\t<div class=\"elementor-widget-wrap elementor-element-populated\">\n\t\t\t\t\t\t<div class=\"elementor-element elementor-element-dd538b4 elementor-widget elementor-widget-text-editor\" data-id=\"dd538b4\" data-element_type=\"widget\" data-widget_type=\"text-editor.default\">\n\t\t\t\t<div class=\"elementor-widget-container\">\n\t\t\t\t\t\t\t\t\t<p><strong><em>Spor Bilimleri Fak\u00fcltesinin \u00d6zg\u00f6revi<\/em><\/strong><\/p><ul><li>B\u00f6lgesine, \u00fclkesine ve milletine faydal\u0131, yenilik\u00e7i ve yarat\u0131c\u0131, duyarl\u0131, sorumluluk sahibi, \u00f6zg\u00fcn, \u00f6\u011frendiklerini \u00f6\u011fretebilen ve bunlar\u0131 her alanda ve ko\u015fulda uygulayabilen,<\/li><li>Kendini mesle\u011fine adam\u0131\u015f, kendisiyle ve \u00e7evresiyle bar\u0131\u015f\u0131k, ulusal ve evrensel de\u011ferlere sayg\u0131l\u0131,<\/li><li>Bilimsel ve sosyal alanlarda iyi donan\u0131ml\u0131,<\/li><li>\u00c7a\u011fda\u015f d\u00fc\u015f\u00fcnceli, \u00f6rg\u00fcn ve uzaktan e\u011fitim yoluyla nitelikli \u00f6\u011fretmenler yeti\u015ftirerek bu alandaki gereksinimlere cevap verilmesine katk\u0131da bulunmakt\u0131r.<\/li><\/ul><p><strong>Misyonumuz\u00a0<\/strong><\/p><p>\u00a0 \u00a0 \u00a0 \u00a0 Beden e\u011fitimi ve Spor \u00d6\u011fretmenli\u011fi, Spor Y\u00f6neticili\u011fi, Rekreasyon ve Antren\u00f6rl\u00fck E\u011fitimi B\u00f6l\u00fcmlerinden olu\u015fan Fak\u00fcltemiz; Bu alanlarda b\u00f6lgesine, \u00fclkesine ve milletine faydal\u0131, yenilik\u00e7i ve yarat\u0131c\u0131, duyarl\u0131, sorumluluk sahibi, \u00f6zg\u00fcn, \u00f6\u011frendiklerini \u00f6\u011fretebilen ve bunlar\u0131 her alanda ve ko\u015fulda uygulayabilen, kendini mesle\u011fine adam\u0131\u015f, kendisiyle ve \u00e7evresiyle bar\u0131\u015f\u0131k, ulusal ve evrensel de\u011ferlere sayg\u0131l\u0131, bilimsel ve sosyal alanlarda iyi donan\u0131ml\u0131, \u00e7a\u011fda\u015f d\u00fc\u015f\u00fcnceli, \u00f6rg\u00fcn ve uzaktan e\u011fitim yoluyla nitelikli \u00f6\u011fretmenler, y\u00f6neticiler ve antren\u00f6rler yeti\u015ftirerek bu alandaki gereksinimlere cevap verilmesine katk\u0131da bulunmakt\u0131r.<\/p><p><strong>Vizyonumuz (\u00d6zg\u00f6r\u00fc\u015f)<\/strong><\/p><p><strong>\u00a0<\/strong>Birimimiz; Beden e\u011fitimi ve Spor \u00d6\u011fretmenli\u011fi, Spor Y\u00f6neticili\u011fi, Rekreasyon ve Antren\u00f6rl\u00fck E\u011fitimi alanlar\u0131nda;<\/p><p>\u00a0 \u00a0 \u00a0 \u00a0 Fak\u00fcltemiz; Her biri y\u00fcksek nitelikli, bulundu\u011fu yerin ve konumun analizini iyi yapabilen, bilgi birikimini aktarabilen, analitik d\u00fc\u015f\u00fcnme becerilerine sahip ve \u00e7\u00f6z\u00fcm \u00fcretebilen, dolay\u0131s\u0131yla b\u00f6lgesine ve \u00fclkesine faydal\u0131 bireyle yeti\u015ftirmeyi ama\u00e7lam\u0131\u015ft\u0131r.<\/p><p>Spor Bilimleri ve teknolojisi alan\u0131nda d\u00fcnya \u00fcniversiteleri ile rekabet ederek \u00f6nc\u00fc ve yeni nesil bir kurum olmay\u0131 hedeflemi\u015ftir.<\/p>\t\t\t\t\t\t\t\t<\/div>\n\t\t\t\t<\/div>\n\t\t\t\t\t<\/div>\n\t\t<\/div>\n\t\t\t\t\t<\/div>\n\t\t<\/section>\n\t\t\t\t<\/div>\n\t\t","protected":false},"excerpt":{"rendered":"<p>Misyon, Vizyon ve Temel De\u011ferler Spor Bilimleri Fak\u00fcltesinin \u00d6zg\u00f6revi B\u00f6lgesine, \u00fclkesine ve milletine faydal\u0131, yenilik\u00e7i ve yarat\u0131c\u0131, duyarl\u0131, sorumluluk sahibi, \u00f6zg\u00fcn, \u00f6\u011frendiklerini \u00f6\u011fretebilen ve bunlar\u0131 her alanda ve ko\u015fulda uygulayabilen, Kendini mesle\u011fine adam\u0131\u015f, kendisiyle ve \u00e7evresiyle bar\u0131\u015f\u0131k, ulusal ve evrensel de\u011ferlere sayg\u0131l\u0131, Bilimsel ve sosyal alanlarda iyi donan\u0131ml\u0131, \u00c7a\u011fda\u015f d\u00fc\u015f\u00fcnceli, \u00f6rg\u00fcn ve uzaktan e\u011fitim yoluyla [&hellip;]<\/p>\n","protected":false},"author":1,"featured_media":0,"parent":0,"menu_order":0,"comment_status":"closed","ping_status":"closed","template":"elementor_header_footer","meta":{"footnotes":""},"class_list":["post-5743","page","type-page","status-publish","hentry"],"_links":{"self":[{"href":"https:\/\/atauni.edu.tr\/spor-bilimleri-fakultesi\/wp-json\/wp\/v2\/pages\/5743","targetHints":{"allow":["GET"]}}],"collection":[{"href":"https:\/\/atauni.edu.tr\/spor-bilimleri-fakultesi\/wp-json\/wp\/v2\/pages"}],"about":[{"href":"https:\/\/atauni.edu.tr\/spor-bilimleri-fakultesi\/wp-json\/wp\/v2\/types\/page"}],"author":[{"embeddable":true,"href":"https:\/\/atauni.edu.tr\/spor-bilimleri-fakultesi\/wp-json\/wp\/v2\/users\/1"}],"replies":[{"embeddable":true,"href":"https:\/\/atauni.edu.tr\/spor-bilimleri-fakultesi\/wp-json\/wp\/v2\/comments?post=5743"}],"version-history":[{"count":20,"href":"https:\/\/atauni.edu.tr\/spor-bilimleri-fakultesi\/wp-json\/wp\/v2\/pages\/5743\/revisions"}],"predecessor-version":[{"id":10031,"href":"https:\/\/atauni.edu.tr\/spor-bilimleri-fakultesi\/wp-json\/wp\/v2\/pages\/5743\/revisions\/10031"}],"wp:attachment":[{"href":"https:\/\/atauni.edu.tr\/spor-bilimleri-fakultesi\/wp-json\/wp\/v2\/media?parent=5743"}],"curies":[{"name":"wp","href":"https:\/\/api.w.org\/{rel}","templated":true}]}}