{"id":5774,"date":"2021-07-13T13:54:52","date_gmt":"2021-07-13T10:54:52","guid":{"rendered":"https:\/\/portaltest.atauni.edu.tr\/muhendislik-fakultesi\/?page_id=5774"},"modified":"2021-11-25T15:32:25","modified_gmt":"2021-11-25T12:32:25","slug":"tarihce","status":"publish","type":"page","link":"https:\/\/atauni.edu.tr\/spor-bilimleri-fakultesi\/tarihce\/","title":{"rendered":"Tarih\u00e7e"},"content":{"rendered":"\t\t<div data-elementor-type=\"wp-page\" data-elementor-id=\"5774\" class=\"elementor elementor-5774\" data-elementor-post-type=\"page\">\n\t\t\t\t\t\t<section class=\"elementor-section elementor-top-section elementor-element elementor-element-46c2cb5d elementor-section-boxed elementor-section-height-default elementor-section-height-default\" data-id=\"46c2cb5d\" data-element_type=\"section\">\n\t\t\t\t\t\t<div class=\"elementor-container elementor-column-gap-default\">\n\t\t\t\t\t<div class=\"elementor-column elementor-col-100 elementor-top-column elementor-element elementor-element-299813e7\" data-id=\"299813e7\" data-element_type=\"column\">\n\t\t\t<div class=\"elementor-widget-wrap elementor-element-populated\">\n\t\t\t\t\t\t<div class=\"elementor-element elementor-element-3ec495a9 elementor-widget elementor-widget-heading\" data-id=\"3ec495a9\" data-element_type=\"widget\" data-widget_type=\"heading.default\">\n\t\t\t\t<div class=\"elementor-widget-container\">\n\t\t\t\t\t<h2 class=\"elementor-heading-title elementor-size-default\">Tarih\u00e7e<\/h2>\t\t\t\t<\/div>\n\t\t\t\t<\/div>\n\t\t\t\t<div class=\"elementor-element elementor-element-2092e3b3 elementor-widget-divider--view-line elementor-widget elementor-widget-divider\" data-id=\"2092e3b3\" data-element_type=\"widget\" data-widget_type=\"divider.default\">\n\t\t\t\t<div class=\"elementor-widget-container\">\n\t\t\t\t\t\t\t<div class=\"elementor-divider\">\n\t\t\t<span class=\"elementor-divider-separator\">\n\t\t\t\t\t\t<\/span>\n\t\t<\/div>\n\t\t\t\t\t\t<\/div>\n\t\t\t\t<\/div>\n\t\t\t\t\t<\/div>\n\t\t<\/div>\n\t\t\t\t\t<\/div>\n\t\t<\/section>\n\t\t\t\t<section class=\"elementor-section elementor-top-section elementor-element elementor-element-2b30441 elementor-section-boxed elementor-section-height-default elementor-section-height-default\" data-id=\"2b30441\" data-element_type=\"section\">\n\t\t\t\t\t\t<div class=\"elementor-container elementor-column-gap-default\">\n\t\t\t\t\t<div class=\"elementor-column elementor-col-100 elementor-top-column elementor-element elementor-element-8e10d20\" data-id=\"8e10d20\" data-element_type=\"column\">\n\t\t\t<div class=\"elementor-widget-wrap elementor-element-populated\">\n\t\t\t\t\t\t<div class=\"elementor-element elementor-element-ed9fbe9 elementor-widget elementor-widget-text-editor\" data-id=\"ed9fbe9\" data-element_type=\"widget\" data-widget_type=\"text-editor.default\">\n\t\t\t\t<div class=\"elementor-widget-container\">\n\t\t\t\t\t\t\t\t\t<p>\u00a0 \u00a0 \u00a0 \u00a0 K\u0131sa Tarihsel Tan\u0131t\u0131m \u00a0 Fak\u00fcltemiz, 08.03.2015 g\u00fcn ve 29289 Say\u0131l\u0131 Resmi Gazete\u2019de yay\u0131mlanan 2015\/7308 Say\u0131l\u0131 Bakanlar Kurulu Karar\u0131 ile kurulmu\u015ftur. Fak\u00fcltemiz, 1993-1994 \u00d6\u011fretim Y\u0131l\u0131nda 62 \u00f6\u011frencisi ile e\u011fitim-\u00f6\u011fretime ba\u015flayan Beden E\u011fitimi ve Spor Y\u00fcksekokulundan devrald\u0131\u011f\u0131 1260 \u00a0\u00f6\u011frenci ile e\u011fitim-\u00f6\u011fretimini s\u00fcrd\u00fcrmektedir. BESYO i\u00e7in 2002 \u015fubat ay\u0131nda yap\u0131m\u0131 tamamlanan binas\u0131nda Beden E\u011fitimi ve Spor \u00d6\u011fretmenli\u011fi, Spor Y\u00f6neticili\u011fi, Antren\u00f6rl\u00fck E\u011fitimi ve Rekreasyon B\u00f6l\u00fcmleri ile faaliyetine devam etmektedir. Fak\u00fcltemizde ayr\u0131ca Spor Y\u00f6neticili\u011fi, Antren\u00f6rl\u00fck E\u011fitimi ve Rekreasyon B\u00f6l\u00fcmlerinde ikinci \u00f6\u011fretim program\u0131 bulunmaktad\u0131r.<\/p>\t\t\t\t\t\t\t\t<\/div>\n\t\t\t\t<\/div>\n\t\t\t\t\t<\/div>\n\t\t<\/div>\n\t\t\t\t\t<\/div>\n\t\t<\/section>\n\t\t\t\t<\/div>\n\t\t","protected":false},"excerpt":{"rendered":"<p>Tarih\u00e7e \u00a0 \u00a0 \u00a0 \u00a0 K\u0131sa Tarihsel Tan\u0131t\u0131m \u00a0 Fak\u00fcltemiz, 08.03.2015 g\u00fcn ve 29289 Say\u0131l\u0131 Resmi Gazete\u2019de yay\u0131mlanan 2015\/7308 Say\u0131l\u0131 Bakanlar Kurulu Karar\u0131 ile kurulmu\u015ftur. Fak\u00fcltemiz, 1993-1994 \u00d6\u011fretim Y\u0131l\u0131nda 62 \u00f6\u011frencisi ile e\u011fitim-\u00f6\u011fretime ba\u015flayan Beden E\u011fitimi ve Spor Y\u00fcksekokulundan devrald\u0131\u011f\u0131 1260 \u00a0\u00f6\u011frenci ile e\u011fitim-\u00f6\u011fretimini s\u00fcrd\u00fcrmektedir. BESYO i\u00e7in 2002 \u015fubat ay\u0131nda yap\u0131m\u0131 tamamlanan binas\u0131nda Beden E\u011fitimi [&hellip;]<\/p>\n","protected":false},"author":1,"featured_media":0,"parent":0,"menu_order":0,"comment_status":"closed","ping_status":"closed","template":"elementor_header_footer","meta":{"footnotes":""},"class_list":["post-5774","page","type-page","status-publish","hentry"],"_links":{"self":[{"href":"https:\/\/atauni.edu.tr\/spor-bilimleri-fakultesi\/wp-json\/wp\/v2\/pages\/5774","targetHints":{"allow":["GET"]}}],"collection":[{"href":"https:\/\/atauni.edu.tr\/spor-bilimleri-fakultesi\/wp-json\/wp\/v2\/pages"}],"about":[{"href":"https:\/\/atauni.edu.tr\/spor-bilimleri-fakultesi\/wp-json\/wp\/v2\/types\/page"}],"author":[{"embeddable":true,"href":"https:\/\/atauni.edu.tr\/spor-bilimleri-fakultesi\/wp-json\/wp\/v2\/users\/1"}],"replies":[{"embeddable":true,"href":"https:\/\/atauni.edu.tr\/spor-bilimleri-fakultesi\/wp-json\/wp\/v2\/comments?post=5774"}],"version-history":[{"count":23,"href":"https:\/\/atauni.edu.tr\/spor-bilimleri-fakultesi\/wp-json\/wp\/v2\/pages\/5774\/revisions"}],"predecessor-version":[{"id":6624,"href":"https:\/\/atauni.edu.tr\/spor-bilimleri-fakultesi\/wp-json\/wp\/v2\/pages\/5774\/revisions\/6624"}],"wp:attachment":[{"href":"https:\/\/atauni.edu.tr\/spor-bilimleri-fakultesi\/wp-json\/wp\/v2\/media?parent=5774"}],"curies":[{"name":"wp","href":"https:\/\/api.w.org\/{rel}","templated":true}]}}