{"id":5682,"date":"2021-07-13T10:10:01","date_gmt":"2021-07-13T07:10:01","guid":{"rendered":"https:\/\/portaltest.atauni.edu.tr\/bilgisayar-muhendisligi\/?page_id=5682"},"modified":"2024-05-24T18:56:03","modified_gmt":"2024-05-24T15:56:03","slug":"misyon-vizyon-ve-temel-degerler","status":"publish","type":"page","link":"https:\/\/atauni.edu.tr\/spor-bilimleri-uygulama-ve-arastirma-merkezi\/misyon-vizyon-ve-temel-degerler\/","title":{"rendered":"Misyon, Vizyon ve Temel De\u011ferler"},"content":{"rendered":"\t\t<div data-elementor-type=\"wp-page\" data-elementor-id=\"5682\" class=\"elementor elementor-5682\" data-elementor-post-type=\"page\">\n\t\t\t\t\t\t<section class=\"elementor-section elementor-top-section elementor-element elementor-element-730d320 elementor-section-boxed elementor-section-height-default elementor-section-height-default\" data-id=\"730d320\" data-element_type=\"section\">\n\t\t\t\t\t\t<div class=\"elementor-container elementor-column-gap-default\">\n\t\t\t\t\t<div class=\"elementor-column elementor-col-100 elementor-top-column elementor-element elementor-element-753d0860\" data-id=\"753d0860\" data-element_type=\"column\">\n\t\t\t<div class=\"elementor-widget-wrap\">\n\t\t\t\t\t\t\t<\/div>\n\t\t<\/div>\n\t\t\t\t\t<\/div>\n\t\t<\/section>\n\t\t\t\t<section class=\"elementor-section elementor-top-section elementor-element elementor-element-9be811a elementor-section-boxed elementor-section-height-default elementor-section-height-default\" data-id=\"9be811a\" data-element_type=\"section\">\n\t\t\t\t\t\t<div class=\"elementor-container elementor-column-gap-default\">\n\t\t\t\t\t<div class=\"elementor-column elementor-col-100 elementor-top-column elementor-element elementor-element-1ed847b7\" data-id=\"1ed847b7\" data-element_type=\"column\">\n\t\t\t<div class=\"elementor-widget-wrap elementor-element-populated\">\n\t\t\t\t\t\t<div class=\"elementor-element elementor-element-4ce0d07f elementor-widget elementor-widget-heading\" data-id=\"4ce0d07f\" data-element_type=\"widget\" data-widget_type=\"heading.default\">\n\t\t\t\t<div class=\"elementor-widget-container\">\n\t\t\t\t\t<h2 class=\"elementor-heading-title elementor-size-default\">Misyon, Vizyon ve Temel De\u011ferler<\/h2>\t\t\t\t<\/div>\n\t\t\t\t<\/div>\n\t\t\t\t<div class=\"elementor-element elementor-element-63260862 elementor-widget-divider--view-line elementor-widget elementor-widget-divider\" data-id=\"63260862\" data-element_type=\"widget\" data-widget_type=\"divider.default\">\n\t\t\t\t<div class=\"elementor-widget-container\">\n\t\t\t\t\t\t\t<div class=\"elementor-divider\">\n\t\t\t<span class=\"elementor-divider-separator\">\n\t\t\t\t\t\t<\/span>\n\t\t<\/div>\n\t\t\t\t\t\t<\/div>\n\t\t\t\t<\/div>\n\t\t\t\t\t<\/div>\n\t\t<\/div>\n\t\t\t\t\t<\/div>\n\t\t<\/section>\n\t\t\t\t<section class=\"elementor-section elementor-top-section elementor-element elementor-element-681db8b elementor-section-boxed elementor-section-height-default elementor-section-height-default\" data-id=\"681db8b\" data-element_type=\"section\">\n\t\t\t\t\t\t<div class=\"elementor-container elementor-column-gap-default\">\n\t\t\t\t\t<div class=\"elementor-column elementor-col-100 elementor-top-column elementor-element elementor-element-ad4dac5\" data-id=\"ad4dac5\" data-element_type=\"column\">\n\t\t\t<div class=\"elementor-widget-wrap elementor-element-populated\">\n\t\t\t\t\t\t<div class=\"elementor-element elementor-element-2f96b3d elementor-widget elementor-widget-text-editor\" data-id=\"2f96b3d\" data-element_type=\"widget\" data-widget_type=\"text-editor.default\">\n\t\t\t\t<div class=\"elementor-widget-container\">\n\t\t\t\t\t\t\t\t\t<div><h2>Misyon<\/h2><p>Spor bilimlerinde yenilik\u00e7i ve ileri teknolojiler kullanarak, sporcu sa\u011fl\u0131\u011f\u0131n\u0131 ve performans\u0131n\u0131 art\u0131rmak, topluma ve bilim d\u00fcnyas\u0131na katk\u0131 sa\u011flayacak ara\u015ft\u0131rmalar y\u00fcr\u00fctmek. Sporcular\u0131n fiziksel, fizyolojik, kinesiyolojik ve psikolojik de\u011ferlendirmelerini yaparak antren\u00f6rlere ve sporculara kapsaml\u0131 bilgi sunmak. Ayn\u0131 zamanda, spor turizmine katk\u0131 sa\u011flayacak hizmetler sunmak ve \u00e7ocuklar\u0131n yeteneklerini ke\u015ffederek uygun spor bran\u015flar\u0131na y\u00f6nlendirmek.<\/p><\/div><div><h2>Vizyon<\/h2><p>D\u00fcnya \u00e7ap\u0131nda tan\u0131nan ve sayg\u0131 duyulan, spor bilimleri alan\u0131nda \u00f6nc\u00fc ve lider bir ara\u015ft\u0131rma merkezi olmak. Sporcu sa\u011fl\u0131\u011f\u0131 ve performans\u0131n\u0131 en \u00fcst d\u00fczeye \u00e7\u0131karmak i\u00e7in multidisipliner yakla\u015f\u0131mlar geli\u015ftirerek, bilim insanlar\u0131na ve ara\u015ft\u0131rmac\u0131lara ilham vermek ve spor turizmine katk\u0131da bulunarak \u015fehrin sportif potansiyelini art\u0131rmak. \u00c7ocuklar\u0131n spor yeteneklerini bilimsel temele dayal\u0131 s\u00fcre\u00e7lerle ke\u015ffederek, gelece\u011fin ba\u015far\u0131l\u0131 sporcular\u0131n\u0131 yeti\u015ftirmek.<\/p><h2>Temel De\u011ferler<\/h2><p><strong>Bilimsellik:<\/strong> Ara\u015ft\u0131rma ve uygulamalarda en y\u00fcksek bilimsel standartlara ba\u011fl\u0131 kalmak.<\/p><p><strong>\u0130novasyon:<\/strong> Spor bilimlerinde yenilik\u00e7i yakla\u015f\u0131mlar ve ileri teknolojiler kullanarak s\u00fcrekli geli\u015fim sa\u011flamak.<\/p><p><strong>Sa\u011fl\u0131k ve G\u00fcvenlik:<\/strong> Sporcu sa\u011fl\u0131\u011f\u0131n\u0131 \u00f6n planda tutarak, g\u00fcvenli ve sa\u011fl\u0131kl\u0131 bir \u00e7al\u0131\u015fma ortam\u0131 sunmak.<\/p><p><strong>E\u011fitim:<\/strong> Sporcular, antren\u00f6rler ve toplum i\u00e7in s\u00fcrekli e\u011fitim ve bilin\u00e7lendirme faaliyetleri d\u00fczenlemek.<\/p><p><strong>Multidisipliner Yakla\u015f\u0131m:<\/strong> M\u00fchendislik, t\u0131p, e\u011fitim ve sa\u011fl\u0131k alanlar\u0131yla i\u015f birli\u011fi yaparak kapsaml\u0131 ve etkili \u00e7\u00f6z\u00fcmler geli\u015ftirmek.<\/p><p><strong>Toplumsal Katk\u0131:<\/strong> Spor bilimi projeleri ile toplum sa\u011fl\u0131\u011f\u0131na ve spor turizmine katk\u0131da bulunmak.<\/p><p><strong>\u00c7ocuk Geli\u015fimi:<\/strong> \u00c7ocuklar\u0131n yeteneklerini bilimsel y\u00f6ntemlerle belirleyerek, onlar\u0131 uygun spor bran\u015flar\u0131na y\u00f6nlendirmek ve geli\u015fimlerine katk\u0131 sa\u011flamak.<\/p><\/div>\t\t\t\t\t\t\t\t<\/div>\n\t\t\t\t<\/div>\n\t\t\t\t\t<\/div>\n\t\t<\/div>\n\t\t\t\t\t<\/div>\n\t\t<\/section>\n\t\t\t\t<\/div>\n\t\t","protected":false},"excerpt":{"rendered":"<p>Misyon, Vizyon ve Temel De\u011ferler Misyon Spor bilimlerinde yenilik\u00e7i ve ileri teknolojiler kullanarak, sporcu sa\u011fl\u0131\u011f\u0131n\u0131 ve performans\u0131n\u0131 art\u0131rmak, topluma ve bilim d\u00fcnyas\u0131na katk\u0131 sa\u011flayacak ara\u015ft\u0131rmalar y\u00fcr\u00fctmek. Sporcular\u0131n fiziksel, fizyolojik, kinesiyolojik ve psikolojik de\u011ferlendirmelerini yaparak antren\u00f6rlere ve sporculara kapsaml\u0131 bilgi sunmak. Ayn\u0131 zamanda, spor turizmine katk\u0131 sa\u011flayacak hizmetler sunmak ve \u00e7ocuklar\u0131n yeteneklerini ke\u015ffederek uygun spor bran\u015flar\u0131na [&hellip;]<\/p>\n","protected":false},"author":1,"featured_media":0,"parent":0,"menu_order":0,"comment_status":"closed","ping_status":"closed","template":"elementor_header_footer","meta":{"footnotes":""},"class_list":["post-5682","page","type-page","status-publish","hentry"],"_links":{"self":[{"href":"https:\/\/atauni.edu.tr\/spor-bilimleri-uygulama-ve-arastirma-merkezi\/wp-json\/wp\/v2\/pages\/5682","targetHints":{"allow":["GET"]}}],"collection":[{"href":"https:\/\/atauni.edu.tr\/spor-bilimleri-uygulama-ve-arastirma-merkezi\/wp-json\/wp\/v2\/pages"}],"about":[{"href":"https:\/\/atauni.edu.tr\/spor-bilimleri-uygulama-ve-arastirma-merkezi\/wp-json\/wp\/v2\/types\/page"}],"author":[{"embeddable":true,"href":"https:\/\/atauni.edu.tr\/spor-bilimleri-uygulama-ve-arastirma-merkezi\/wp-json\/wp\/v2\/users\/1"}],"replies":[{"embeddable":true,"href":"https:\/\/atauni.edu.tr\/spor-bilimleri-uygulama-ve-arastirma-merkezi\/wp-json\/wp\/v2\/comments?post=5682"}],"version-history":[{"count":11,"href":"https:\/\/atauni.edu.tr\/spor-bilimleri-uygulama-ve-arastirma-merkezi\/wp-json\/wp\/v2\/pages\/5682\/revisions"}],"predecessor-version":[{"id":6213,"href":"https:\/\/atauni.edu.tr\/spor-bilimleri-uygulama-ve-arastirma-merkezi\/wp-json\/wp\/v2\/pages\/5682\/revisions\/6213"}],"wp:attachment":[{"href":"https:\/\/atauni.edu.tr\/spor-bilimleri-uygulama-ve-arastirma-merkezi\/wp-json\/wp\/v2\/media?parent=5682"}],"curies":[{"name":"wp","href":"https:\/\/api.w.org\/{rel}","templated":true}]}}