{"id":6212,"date":"2025-08-13T00:43:28","date_gmt":"2025-08-12T21:43:28","guid":{"rendered":"https:\/\/birimler.atauni.edu.tr\/spor-dostu-kampus-koordinatorlugu\/?page_id=6212"},"modified":"2025-08-13T00:43:28","modified_gmt":"2025-08-12T21:43:28","slug":"haberler","status":"publish","type":"page","link":"https:\/\/atauni.edu.tr\/spor-dostu-kampus-koordinatorlugu\/haberler\/","title":{"rendered":"Haberler"},"content":{"rendered":"<form method=\"get\" class=\"row g-3\" style=\"margin-bottom: 20px;\"><div class=\"col-md-3\"><input type=\"text\" name=\"haber_ara\" class=\"form-control\" placeholder=\"Haber ara...\" value=\"\"><\/div><div class=\"col-md-3\"><input type=\"date\" name=\"baslangic_tarihi\" class=\"form-control\" value=\"\"><\/div><div class=\"col-md-3\"><input type=\"date\" name=\"bitis_tarihi\" class=\"form-control\" value=\"\"><\/div><div class=\"col-md-3\"><button type=\"submit\" class=\"btn btn-secondary w-50\">Filtrele<\/button><\/div><\/form><ul class=\"kategori-yazilari-liste\"><li style=\"display: flex; margin-bottom: 10px; align-items: center;\"><div class=\"post-content\" style=\"flex-grow: 1;\"><span class=\"post-date habertarih\" style=\"display: block; font-weight: bold; margin-bottom: 5px;\">7 Ocak 2026<\/span><a class=\"haberbaslik\" href=\"https:\/\/atauni.edu.tr\/spor-dostu-kampus-koordinatorlugu\/2026\/01\/07\/https-atauni-edu-tr-tr-ataturk-universitesi-spor-dostu-kampus-unvanina-layik-gorulduhacimuftuoglu-sertifikasini-bakan-bak-yok-baskani-ozvar-ve-erdogan-in-elinden-aldi\/\">ATAT\u00dcRK \u00dcN\u0130VERS\u0130TES\u0130 \u201cSPOR DOSTU KAMP\u00dcS\u201d UNVANINA LAYIK G\u00d6R\u00dcLD\u00dc<\/a><\/div><\/li><\/ul>\n\n\n\n<p><\/p>\n","protected":false},"excerpt":{"rendered":"","protected":false},"author":1,"featured_media":0,"parent":0,"menu_order":0,"comment_status":"closed","ping_status":"closed","template":"","meta":{"footnotes":""},"class_list":["post-6212","page","type-page","status-publish","hentry"],"_links":{"self":[{"href":"https:\/\/atauni.edu.tr\/spor-dostu-kampus-koordinatorlugu\/wp-json\/wp\/v2\/pages\/6212","targetHints":{"allow":["GET"]}}],"collection":[{"href":"https:\/\/atauni.edu.tr\/spor-dostu-kampus-koordinatorlugu\/wp-json\/wp\/v2\/pages"}],"about":[{"href":"https:\/\/atauni.edu.tr\/spor-dostu-kampus-koordinatorlugu\/wp-json\/wp\/v2\/types\/page"}],"author":[{"embeddable":true,"href":"https:\/\/atauni.edu.tr\/spor-dostu-kampus-koordinatorlugu\/wp-json\/wp\/v2\/users\/1"}],"replies":[{"embeddable":true,"href":"https:\/\/atauni.edu.tr\/spor-dostu-kampus-koordinatorlugu\/wp-json\/wp\/v2\/comments?post=6212"}],"version-history":[{"count":1,"href":"https:\/\/atauni.edu.tr\/spor-dostu-kampus-koordinatorlugu\/wp-json\/wp\/v2\/pages\/6212\/revisions"}],"predecessor-version":[{"id":6215,"href":"https:\/\/atauni.edu.tr\/spor-dostu-kampus-koordinatorlugu\/wp-json\/wp\/v2\/pages\/6212\/revisions\/6215"}],"wp:attachment":[{"href":"https:\/\/atauni.edu.tr\/spor-dostu-kampus-koordinatorlugu\/wp-json\/wp\/v2\/media?parent=6212"}],"curies":[{"name":"wp","href":"https:\/\/api.w.org\/{rel}","templated":true}]}}