{"id":5638,"date":"2021-07-13T09:49:25","date_gmt":"2021-07-13T06:49:25","guid":{"rendered":"https:\/\/portaltest.atauni.edu.tr\/bilgisayar-muhendisligi\/?page_id=5638"},"modified":"2022-02-01T14:20:21","modified_gmt":"2022-02-01T11:20:21","slug":"tarihce","status":"publish","type":"page","link":"https:\/\/atauni.edu.tr\/strateji-gelistirme-daire-baskanligi\/tarihce\/","title":{"rendered":"Tarih\u00e7e"},"content":{"rendered":"\t\t<div data-elementor-type=\"wp-page\" data-elementor-id=\"5638\" class=\"elementor elementor-5638\" data-elementor-post-type=\"page\">\n\t\t\t\t\t\t<section class=\"elementor-section elementor-top-section elementor-element elementor-element-730d320 elementor-section-boxed elementor-section-height-default elementor-section-height-default\" data-id=\"730d320\" data-element_type=\"section\">\n\t\t\t\t\t\t<div class=\"elementor-container elementor-column-gap-default\">\n\t\t\t\t\t<div class=\"elementor-column elementor-col-100 elementor-top-column elementor-element elementor-element-753d0860\" data-id=\"753d0860\" data-element_type=\"column\">\n\t\t\t<div class=\"elementor-widget-wrap\">\n\t\t\t\t\t\t\t<\/div>\n\t\t<\/div>\n\t\t\t\t\t<\/div>\n\t\t<\/section>\n\t\t\t\t<section class=\"elementor-section elementor-top-section elementor-element elementor-element-9be811a elementor-section-boxed elementor-section-height-default elementor-section-height-default\" data-id=\"9be811a\" data-element_type=\"section\">\n\t\t\t\t\t\t<div class=\"elementor-container elementor-column-gap-default\">\n\t\t\t\t\t<div class=\"elementor-column elementor-col-100 elementor-top-column elementor-element elementor-element-1ed847b7\" data-id=\"1ed847b7\" data-element_type=\"column\">\n\t\t\t<div class=\"elementor-widget-wrap elementor-element-populated\">\n\t\t\t\t\t\t<div class=\"elementor-element elementor-element-4ce0d07f elementor-widget elementor-widget-heading\" data-id=\"4ce0d07f\" data-element_type=\"widget\" data-widget_type=\"heading.default\">\n\t\t\t\t<div class=\"elementor-widget-container\">\n\t\t\t\t\t<h2 class=\"elementor-heading-title elementor-size-default\">Tarih\u00e7e<\/h2>\t\t\t\t<\/div>\n\t\t\t\t<\/div>\n\t\t\t\t<div class=\"elementor-element elementor-element-63260862 elementor-widget-divider--view-line elementor-widget elementor-widget-divider\" data-id=\"63260862\" data-element_type=\"widget\" data-widget_type=\"divider.default\">\n\t\t\t\t<div class=\"elementor-widget-container\">\n\t\t\t\t\t\t\t<div class=\"elementor-divider\">\n\t\t\t<span class=\"elementor-divider-separator\">\n\t\t\t\t\t\t<\/span>\n\t\t<\/div>\n\t\t\t\t\t\t<\/div>\n\t\t\t\t<\/div>\n\t\t\t\t\t<\/div>\n\t\t<\/div>\n\t\t\t\t\t<\/div>\n\t\t<\/section>\n\t\t\t\t<section class=\"elementor-section elementor-top-section elementor-element elementor-element-681db8b elementor-section-boxed elementor-section-height-default elementor-section-height-default\" data-id=\"681db8b\" data-element_type=\"section\">\n\t\t\t\t\t\t<div class=\"elementor-container elementor-column-gap-default\">\n\t\t\t\t\t<div class=\"elementor-column elementor-col-100 elementor-top-column elementor-element elementor-element-ad4dac5\" data-id=\"ad4dac5\" data-element_type=\"column\">\n\t\t\t<div class=\"elementor-widget-wrap elementor-element-populated\">\n\t\t\t\t\t\t<div class=\"elementor-element elementor-element-2f96b3d elementor-widget elementor-widget-text-editor\" data-id=\"2f96b3d\" data-element_type=\"widget\" data-widget_type=\"text-editor.default\">\n\t\t\t\t<div class=\"elementor-widget-container\">\n\t\t\t\t\t\t\t\t\t<p><strong>KURULU\u015eU VE G\u00d6REVLER\u0130<\/strong><\/p>\n<p>\u00dcniversitemizin b\u00fct\u00e7e ve mali i\u015flemleri 1984 y\u0131l\u0131na kadar Erzurum Defterdarl\u0131\u011f\u0131 taraf\u0131ndan y\u00fcr\u00fct\u00fclm\u00fc\u015ft\u00fcr.14 Aral\u0131k 1983 g\u00fcn ve m\u00fckerrer 18251 say\u0131l\u0131 resmi Gazetede yay\u0131nlanan 178 say\u0131l\u0131 Kanun H\u00fckm\u00fcnde Kararname uyar\u0131nca Maliye Bakanl\u0131\u011f\u0131na ba\u011fl\u0131 Atat\u00fcrk \u00dcniversitesi B\u00fct\u00e7e Dairesi Ba\u015fkanl\u0131\u011f\u0131 ad\u0131yla yeniden yap\u0131lanm\u0131\u015ft\u0131r. B\u00fct\u00e7e Dairesi Ba\u015fkan\u0131 olarak s\u0131ras\u0131yla; Ahmet K\u00dcR\u00c7ER, Nebi AKTA\u015e, L\u00fctf\u00fc TAYLANCI, Metin ERDO\u011eAN ve Erol AYS\u0130N g\u00f6rev yapm\u0131\u015flard\u0131r.&nbsp;<\/p>\n<p>22.12.2005 Tarih 5436 Say\u0131l\u0131 Kamu Mal\u00ee Y\u00f6netimi ve Kontrol Kanunu ile Baz\u0131 Kanun ve Kanun H\u00fckm\u00fcnde Kararnamelerde De\u011fi\u015fiklik Yap\u0131lmas\u0131 Hakk\u0131nda Kanun(24 Aral\u0131k 2005 Tarih ve 26033 Say\u0131l\u0131 Resmi Gazetede Yay\u0131mlanm\u0131\u015ft\u0131r.) 15. maddesine g\u00f6re \u201cTe\u015fkil\u00e2t kanunlar\u0131nda, Strateji Geli\u015ftirme Ba\u015fkanl\u0131\u011f\u0131, Strateji Geli\u015ftirme Daire Ba\u015fkanl\u0131\u011f\u0131 ve strateji geli\u015ftirme ve mali hizmetlere ili\u015fkin hizmetlerin yerine getirildi\u011fi M\u00fcd\u00fcrl\u00fck birimlerine ili\u015fkin d\u00fczenleme yap\u0131l\u0131ncaya kadar ikinci f\u0131krada belirtilen g\u00f6revler ile kanunlarla verilen di\u011fer g\u00f6revleri de y\u00fcr\u00fctmek \u00fczere;<\/p>\n<p><\/p>\n<ol>\n<li>Ba\u015fbakanl\u0131k ve bakanl\u0131klarda (Milli Savunma Bakanl\u0131\u011f\u0131 hari\u00e7) Strateji Geli\u015ftirme Ba\u015fkanl\u0131\u011f\u0131 kurulmu\u015ftur.<\/li>\n<li>Ekli (1) say\u0131l\u0131 cetvelde yer alan kamu idarelerinin merkez te\u015fkil\u00e2tlar\u0131nda Strateji Geli\u015ftirme Daire Ba\u015fkanl\u0131\u011f\u0131, ekli (2) say\u0131l\u0131 cetvelde yer alan kamu idarelerinin merkez te\u015fkil\u00e2tlar\u0131nda ise M\u00fcd\u00fcrl\u00fck kurulmu\u015ftur.<\/li>\n<li>\u00dcniversiteler ile y\u00fcksek teknoloji enstit\u00fclerinde Strateji Geli\u015ftirme Daire Ba\u015fkanl\u0131\u011f\u0131 kurulmu\u015ftur.<\/li>\n<\/ol>\n<p>5018 say\u0131l\u0131 Kamu Mali Y\u00f6netimi ve Kontrol Kanununun 60 \u0131nc\u0131 maddesinin birinci f\u0131kras\u0131nda belirtilen g\u00f6revler kamu idarelerinde Strateji Geli\u015ftirme Ba\u015fkanl\u0131klar\u0131, Strateji Geli\u015ftirme Daire Ba\u015fkanl\u0131klar\u0131 ve strateji geli\u015ftirme ve mali hizmetlere ili\u015fkin hizmetlerin yerine getirildi\u011fi m\u00fcd\u00fcrl\u00fckler taraf\u0131ndan y\u00fcr\u00fct\u00fcl\u00fcr:<\/p>\n<ol>\n<li>\u0130darenin stratejik plan ve performans program\u0131n\u0131n haz\u0131rlanmas\u0131n\u0131 koordine etmek ve sonu\u00e7lar\u0131n\u0131n konsolide edilmesi \u00e7al\u0131\u015fmalar\u0131n\u0131 y\u00fcr\u00fctmek.<\/li>\n<li>\u0130zleyen iki y\u0131l\u0131n b\u00fct\u00e7e tahminlerini de i\u00e7eren idare b\u00fct\u00e7esini, stratejik plan ve y\u0131ll\u0131k performans program\u0131na uygun olarak haz\u0131rlamak ve idare faaliyetlerinin bunlara uygunlu\u011funu izlemek ve de\u011ferlendirmek.<\/li>\n<li>Mevzuat\u0131 uyar\u0131nca belirlenecek b\u00fct\u00e7e ilke ve esaslar\u0131 \u00e7er\u00e7evesinde, ayr\u0131nt\u0131l\u0131 harcama program\u0131 haz\u0131rlamak ve hizmet gereksinimleri dikkate al\u0131narak \u00f6dene\u011fin ilgili birimlere g\u00f6nderilmesini sa\u011flamak.<\/li>\n<li>B\u00fct\u00e7e kay\u0131tlar\u0131n\u0131 tutmak, b\u00fct\u00e7e uygulama sonu\u00e7lar\u0131na ili\u015fkin verileri toplamak, de\u011ferlendirmek ve b\u00fct\u00e7e kesin hesab\u0131 ile mal\u00ee istatistikleri haz\u0131rlamak.<\/li>\n<li>\u0130lgili mevzuat\u0131 \u00e7er\u00e7evesinde idare gelirlerini tahakkuk ettirmek, gelir ve alacaklar\u0131n\u0131n takip ve tahsil i\u015flemlerini y\u00fcr\u00fctmek.<\/li>\n<li>Genel b\u00fct\u00e7e kapsam\u0131 d\u0131\u015f\u0131nda kalan idarelerde muhasebe hizmetlerini y\u00fcr\u00fctmek.<\/li>\n<li>Harcama birimleri taraf\u0131ndan haz\u0131rlanan birim faaliyet raporlar\u0131n\u0131 da esas alarak idarenin faaliyet raporunu haz\u0131rlamak.<\/li>\n<li>\u0130darenin m\u00fclkiyetinde veya kullan\u0131m\u0131nda bulunan ta\u015f\u0131n\u0131r ve ta\u015f\u0131nmazlara ili\u015fkin icmal cetvellerini d\u00fczenlemek.<\/li>\n<li>\u0130darenin yat\u0131r\u0131m program\u0131n\u0131n haz\u0131rlanmas\u0131n\u0131 koordine etmek, uygulama sonu\u00e7lar\u0131n\u0131 izlemek ve y\u0131ll\u0131k yat\u0131r\u0131m de\u011ferlendirme raporunu haz\u0131rlamak.<\/li>\n<li>\u0130darenin, di\u011fer idareler nezdinde takibi gereken mal\u00ee i\u015f ve i\u015flemlerini y\u00fcr\u00fctmek ve sonu\u00e7land\u0131rmak<\/li>\n<li>Mal\u00ee kanunlarla ilgili di\u011fer mevzuat\u0131n uygulanmas\u0131 konusunda \u00fcst y\u00f6neticiye ve harcama yetkililerine gerekli bilgileri sa\u011flamak ve dan\u0131\u015fmanl\u0131k yapmak.<\/li>\n<li>\u00d6n mal\u00ee kontrol faaliyetini y\u00fcr\u00fctmek.<\/li>\n<li>\u0130\u00e7 kontrol sisteminin kurulmas\u0131, standartlar\u0131n\u0131n uygulanmas\u0131 ve geli\u015ftirilmesi konular\u0131nda \u00e7al\u0131\u015fmalar yapmak. n) Mal\u00ee konularda \u00fcst y\u00f6netici taraf\u0131ndan verilen di\u011fer g\u00f6revleri yapmak.<\/li>\n<\/ol>\n<p>18\/2\/2006 tarihli ve 26084 say\u0131l\u0131 Resmi Gazetede yay\u0131mlanan 2006\/9972 say\u0131l\u0131&nbsp;&nbsp;\u201cStrateji Geli\u015ftirme Birimlerinin \u00c7al\u0131\u015fma Usul ve Esaslar\u0131 Hakk\u0131nda Y\u00f6netmelik\u201d ile de Strateji Geli\u015ftirme Daire Ba\u015fkanl\u0131klar\u0131n\u0131n \u00e7al\u0131\u015fma usul ve esaslar\u0131 d\u00fczenlenmi\u015ftir.<\/p>\n<p><\/p>\t\t\t\t\t\t\t\t<\/div>\n\t\t\t\t<\/div>\n\t\t\t\t\t<\/div>\n\t\t<\/div>\n\t\t\t\t\t<\/div>\n\t\t<\/section>\n\t\t\t\t<\/div>\n\t\t","protected":false},"excerpt":{"rendered":"<p>Tarih\u00e7e KURULU\u015eU VE G\u00d6REVLER\u0130 \u00dcniversitemizin b\u00fct\u00e7e ve mali i\u015flemleri 1984 y\u0131l\u0131na kadar Erzurum Defterdarl\u0131\u011f\u0131 taraf\u0131ndan y\u00fcr\u00fct\u00fclm\u00fc\u015ft\u00fcr.14 Aral\u0131k 1983 g\u00fcn ve m\u00fckerrer 18251 say\u0131l\u0131 resmi Gazetede yay\u0131nlanan 178 say\u0131l\u0131 Kanun H\u00fckm\u00fcnde Kararname uyar\u0131nca Maliye Bakanl\u0131\u011f\u0131na ba\u011fl\u0131 Atat\u00fcrk \u00dcniversitesi B\u00fct\u00e7e Dairesi Ba\u015fkanl\u0131\u011f\u0131 ad\u0131yla yeniden yap\u0131lanm\u0131\u015ft\u0131r. B\u00fct\u00e7e Dairesi Ba\u015fkan\u0131 olarak s\u0131ras\u0131yla; Ahmet K\u00dcR\u00c7ER, Nebi AKTA\u015e, L\u00fctf\u00fc TAYLANCI, Metin [&hellip;]<\/p>\n","protected":false},"author":1,"featured_media":0,"parent":0,"menu_order":0,"comment_status":"closed","ping_status":"closed","template":"","meta":{"footnotes":""},"class_list":["post-5638","page","type-page","status-publish","hentry"],"_links":{"self":[{"href":"https:\/\/atauni.edu.tr\/strateji-gelistirme-daire-baskanligi\/wp-json\/wp\/v2\/pages\/5638","targetHints":{"allow":["GET"]}}],"collection":[{"href":"https:\/\/atauni.edu.tr\/strateji-gelistirme-daire-baskanligi\/wp-json\/wp\/v2\/pages"}],"about":[{"href":"https:\/\/atauni.edu.tr\/strateji-gelistirme-daire-baskanligi\/wp-json\/wp\/v2\/types\/page"}],"author":[{"embeddable":true,"href":"https:\/\/atauni.edu.tr\/strateji-gelistirme-daire-baskanligi\/wp-json\/wp\/v2\/users\/1"}],"replies":[{"embeddable":true,"href":"https:\/\/atauni.edu.tr\/strateji-gelistirme-daire-baskanligi\/wp-json\/wp\/v2\/comments?post=5638"}],"version-history":[{"count":28,"href":"https:\/\/atauni.edu.tr\/strateji-gelistirme-daire-baskanligi\/wp-json\/wp\/v2\/pages\/5638\/revisions"}],"predecessor-version":[{"id":6301,"href":"https:\/\/atauni.edu.tr\/strateji-gelistirme-daire-baskanligi\/wp-json\/wp\/v2\/pages\/5638\/revisions\/6301"}],"wp:attachment":[{"href":"https:\/\/atauni.edu.tr\/strateji-gelistirme-daire-baskanligi\/wp-json\/wp\/v2\/media?parent=5638"}],"curies":[{"name":"wp","href":"https:\/\/api.w.org\/{rel}","templated":true}]}}