{"id":5682,"date":"2021-07-13T10:10:01","date_gmt":"2021-07-13T07:10:01","guid":{"rendered":"https:\/\/portaltest.atauni.edu.tr\/bilgisayar-muhendisligi\/?page_id=5682"},"modified":"2022-02-01T14:21:46","modified_gmt":"2022-02-01T11:21:46","slug":"misyon-vizyon-ve-temel-degerler","status":"publish","type":"page","link":"https:\/\/atauni.edu.tr\/strateji-gelistirme-daire-baskanligi\/misyon-vizyon-ve-temel-degerler\/","title":{"rendered":"Misyon, Vizyon ve Temel De\u011ferler"},"content":{"rendered":"\t\t<div data-elementor-type=\"wp-page\" data-elementor-id=\"5682\" class=\"elementor elementor-5682\" data-elementor-post-type=\"page\">\n\t\t\t\t\t\t<section class=\"elementor-section elementor-top-section elementor-element elementor-element-730d320 elementor-section-boxed elementor-section-height-default elementor-section-height-default\" data-id=\"730d320\" data-element_type=\"section\">\n\t\t\t\t\t\t<div class=\"elementor-container elementor-column-gap-default\">\n\t\t\t\t\t<div class=\"elementor-column elementor-col-100 elementor-top-column elementor-element elementor-element-753d0860\" data-id=\"753d0860\" data-element_type=\"column\">\n\t\t\t<div class=\"elementor-widget-wrap\">\n\t\t\t\t\t\t\t<\/div>\n\t\t<\/div>\n\t\t\t\t\t<\/div>\n\t\t<\/section>\n\t\t\t\t<section class=\"elementor-section elementor-top-section elementor-element elementor-element-9be811a elementor-section-boxed elementor-section-height-default elementor-section-height-default\" data-id=\"9be811a\" data-element_type=\"section\">\n\t\t\t\t\t\t<div class=\"elementor-container elementor-column-gap-default\">\n\t\t\t\t\t<div class=\"elementor-column elementor-col-100 elementor-top-column elementor-element elementor-element-1ed847b7\" data-id=\"1ed847b7\" data-element_type=\"column\">\n\t\t\t<div class=\"elementor-widget-wrap elementor-element-populated\">\n\t\t\t\t\t\t<div class=\"elementor-element elementor-element-4ce0d07f elementor-widget elementor-widget-heading\" data-id=\"4ce0d07f\" data-element_type=\"widget\" data-widget_type=\"heading.default\">\n\t\t\t\t<div class=\"elementor-widget-container\">\n\t\t\t\t\t<h2 class=\"elementor-heading-title elementor-size-default\">Misyon, Vizyon ve Temel De\u011ferler<\/h2>\t\t\t\t<\/div>\n\t\t\t\t<\/div>\n\t\t\t\t<div class=\"elementor-element elementor-element-63260862 elementor-widget-divider--view-line elementor-widget elementor-widget-divider\" data-id=\"63260862\" data-element_type=\"widget\" data-widget_type=\"divider.default\">\n\t\t\t\t<div class=\"elementor-widget-container\">\n\t\t\t\t\t\t\t<div class=\"elementor-divider\">\n\t\t\t<span class=\"elementor-divider-separator\">\n\t\t\t\t\t\t<\/span>\n\t\t<\/div>\n\t\t\t\t\t\t<\/div>\n\t\t\t\t<\/div>\n\t\t\t\t\t<\/div>\n\t\t<\/div>\n\t\t\t\t\t<\/div>\n\t\t<\/section>\n\t\t\t\t<section class=\"elementor-section elementor-top-section elementor-element elementor-element-681db8b elementor-section-boxed elementor-section-height-default elementor-section-height-default\" data-id=\"681db8b\" data-element_type=\"section\">\n\t\t\t\t\t\t<div class=\"elementor-container elementor-column-gap-default\">\n\t\t\t\t\t<div class=\"elementor-column elementor-col-100 elementor-top-column elementor-element elementor-element-ad4dac5\" data-id=\"ad4dac5\" data-element_type=\"column\">\n\t\t\t<div class=\"elementor-widget-wrap elementor-element-populated\">\n\t\t\t\t\t\t<div class=\"elementor-element elementor-element-2f96b3d elementor-widget elementor-widget-text-editor\" data-id=\"2f96b3d\" data-element_type=\"widget\" data-widget_type=\"text-editor.default\">\n\t\t\t\t<div class=\"elementor-widget-container\">\n\t\t\t\t\t\t\t\t\t<p>Daire Ba\u015fkanl\u0131\u011f\u0131n\u0131n amac\u0131 kalk\u0131nma planlar\u0131 ve programlar\u0131nda yer alan politika ve hedefler do\u011frultusunda \u00fcniversitemiz kaynaklar\u0131n\u0131n etkili, ekonomik ve verimli bir \u015fekilde elde edilmesi ve kullan\u0131lmas\u0131n\u0131, hesap verilebilirli\u011fi ve mali saydaml\u0131\u011f\u0131 sa\u011flamak \u00fczere mali y\u00f6netimimizin yap\u0131s\u0131n\u0131 ve i\u015fleyi\u015fini, b\u00fct\u00e7emizin haz\u0131rlanmas\u0131n\u0131 ve uygulamas\u0131n\u0131, t\u00fcm mali i\u015flemlerin muhasebele\u015ftirilmesini, kesin hesab\u0131n \u00e7\u0131kar\u0131lmas\u0131n\u0131, raporlanmas\u0131n\u0131 ve mali kontrol\u00fcn yap\u0131lmas\u0131n\u0131 sa\u011flamakt\u0131r. Misyonumuz, optimum performans ve maksimum kalite anlay\u0131\u015f\u0131yla mali hizmetleri mevzuata uygun, etkin ve verimli bir \u015fekilde y\u00fcr\u00fcterek \u00dcniversitemizin geli\u015fimine en b\u00fcy\u00fck katk\u0131y\u0131 sa\u011flamak. Vizyonumuz, \u00e7al\u0131\u015fkan, yarat\u0131c\u0131 ve dinamik kadromuzla hedeflerimiz do\u011frultusunda g\u00fc\u00e7l\u00fc bir teknoloji altyap\u0131s\u0131 olu\u015fturarak, uluslar aras\u0131 standartlarda hizmet veren \u00f6rnek bir Ba\u015fkanl\u0131k olmak.<\/p>\t\t\t\t\t\t\t\t<\/div>\n\t\t\t\t<\/div>\n\t\t\t\t\t<\/div>\n\t\t<\/div>\n\t\t\t\t\t<\/div>\n\t\t<\/section>\n\t\t\t\t<\/div>\n\t\t","protected":false},"excerpt":{"rendered":"<p>Misyon, Vizyon ve Temel De\u011ferler Daire Ba\u015fkanl\u0131\u011f\u0131n\u0131n amac\u0131 kalk\u0131nma planlar\u0131 ve programlar\u0131nda yer alan politika ve hedefler do\u011frultusunda \u00fcniversitemiz kaynaklar\u0131n\u0131n etkili, ekonomik ve verimli bir \u015fekilde elde edilmesi ve kullan\u0131lmas\u0131n\u0131, hesap verilebilirli\u011fi ve mali saydaml\u0131\u011f\u0131 sa\u011flamak \u00fczere mali y\u00f6netimimizin yap\u0131s\u0131n\u0131 ve i\u015fleyi\u015fini, b\u00fct\u00e7emizin haz\u0131rlanmas\u0131n\u0131 ve uygulamas\u0131n\u0131, t\u00fcm mali i\u015flemlerin muhasebele\u015ftirilmesini, kesin hesab\u0131n \u00e7\u0131kar\u0131lmas\u0131n\u0131, raporlanmas\u0131n\u0131 ve [&hellip;]<\/p>\n","protected":false},"author":1,"featured_media":0,"parent":0,"menu_order":0,"comment_status":"closed","ping_status":"closed","template":"elementor_header_footer","meta":{"footnotes":""},"class_list":["post-5682","page","type-page","status-publish","hentry"],"_links":{"self":[{"href":"https:\/\/atauni.edu.tr\/strateji-gelistirme-daire-baskanligi\/wp-json\/wp\/v2\/pages\/5682","targetHints":{"allow":["GET"]}}],"collection":[{"href":"https:\/\/atauni.edu.tr\/strateji-gelistirme-daire-baskanligi\/wp-json\/wp\/v2\/pages"}],"about":[{"href":"https:\/\/atauni.edu.tr\/strateji-gelistirme-daire-baskanligi\/wp-json\/wp\/v2\/types\/page"}],"author":[{"embeddable":true,"href":"https:\/\/atauni.edu.tr\/strateji-gelistirme-daire-baskanligi\/wp-json\/wp\/v2\/users\/1"}],"replies":[{"embeddable":true,"href":"https:\/\/atauni.edu.tr\/strateji-gelistirme-daire-baskanligi\/wp-json\/wp\/v2\/comments?post=5682"}],"version-history":[{"count":11,"href":"https:\/\/atauni.edu.tr\/strateji-gelistirme-daire-baskanligi\/wp-json\/wp\/v2\/pages\/5682\/revisions"}],"predecessor-version":[{"id":6304,"href":"https:\/\/atauni.edu.tr\/strateji-gelistirme-daire-baskanligi\/wp-json\/wp\/v2\/pages\/5682\/revisions\/6304"}],"wp:attachment":[{"href":"https:\/\/atauni.edu.tr\/strateji-gelistirme-daire-baskanligi\/wp-json\/wp\/v2\/media?parent=5682"}],"curies":[{"name":"wp","href":"https:\/\/api.w.org\/{rel}","templated":true}]}}