{"id":6288,"date":"2022-01-31T14:54:52","date_gmt":"2022-01-31T11:54:52","guid":{"rendered":"http:\/\/birimler.atauni.edu.tr\/strateji-gelistirme-daire-baskanligi\/?page_id=6288"},"modified":"2024-11-06T15:06:42","modified_gmt":"2024-11-06T12:06:42","slug":"mali-tablolar","status":"publish","type":"page","link":"https:\/\/atauni.edu.tr\/strateji-gelistirme-daire-baskanligi\/mali-tablolar\/","title":{"rendered":"Mali Tablolar"},"content":{"rendered":"\t\t<div data-elementor-type=\"wp-page\" data-elementor-id=\"6288\" class=\"elementor elementor-6288\" data-elementor-post-type=\"page\">\n\t\t\t\t\t\t<section class=\"elementor-section elementor-top-section elementor-element elementor-element-35b6699 elementor-section-boxed elementor-section-height-default elementor-section-height-default\" data-id=\"35b6699\" data-element_type=\"section\">\n\t\t\t\t\t\t<div class=\"elementor-container elementor-column-gap-default\">\n\t\t\t\t\t<div class=\"elementor-column elementor-col-100 elementor-top-column elementor-element elementor-element-e958c62\" data-id=\"e958c62\" data-element_type=\"column\">\n\t\t\t<div class=\"elementor-widget-wrap elementor-element-populated\">\n\t\t\t\t\t\t<div class=\"elementor-element elementor-element-ec15b39 elementor-widget elementor-widget-heading\" data-id=\"ec15b39\" data-element_type=\"widget\" data-widget_type=\"heading.default\">\n\t\t\t\t<div class=\"elementor-widget-container\">\n\t\t\t\t\t<h2 class=\"elementor-heading-title elementor-size-default\"><a href=\"https:\/\/birimler.atauni.edu.tr\/strateji-gelistirme-daire-baskanligi\/wp-content\/uploads\/sites\/221\/2020\/07\/2023-yili-mali-tablolar.pdf\">2023 Y\u0131l\u0131 Mali Tablolar\u0131<\/a><\/h2>\t\t\t\t<\/div>\n\t\t\t\t<\/div>\n\t\t\t\t<div class=\"elementor-element elementor-element-f6c96be elementor-widget elementor-widget-heading\" data-id=\"f6c96be\" data-element_type=\"widget\" data-widget_type=\"heading.default\">\n\t\t\t\t<div class=\"elementor-widget-container\">\n\t\t\t\t\t<h2 class=\"elementor-heading-title elementor-size-small\"><a href=\"https:\/\/birimler.atauni.edu.tr\/strateji-gelistirme-daire-baskanligi\/wp-content\/uploads\/sites\/221\/2020\/07\/2022-yili-Mali-Tablolari.pdf\">2022 Y\u0131l\u0131 Mali Tablolar\u0131<\/a><\/h2>\t\t\t\t<\/div>\n\t\t\t\t<\/div>\n\t\t\t\t<div class=\"elementor-element elementor-element-6edd9b2 elementor-widget elementor-widget-heading\" data-id=\"6edd9b2\" data-element_type=\"widget\" data-widget_type=\"heading.default\">\n\t\t\t\t<div class=\"elementor-widget-container\">\n\t\t\t\t\t<h2 class=\"elementor-heading-title elementor-size-small\"><a href=\"https:\/\/birimler.atauni.edu.tr\/strateji-gelistirme-daire-baskanligi\/wp-content\/uploads\/sites\/221\/2020\/07\/2021-YILI-Mali-Tablolar.pdf\">2021 y\u0131l\u0131 Mali Tablolar\u0131<\/a><\/h2>\t\t\t\t<\/div>\n\t\t\t\t<\/div>\n\t\t\t\t<div class=\"elementor-element elementor-element-f0c0405 elementor-widget elementor-widget-heading\" data-id=\"f0c0405\" data-element_type=\"widget\" data-widget_type=\"heading.default\">\n\t\t\t\t<div class=\"elementor-widget-container\">\n\t\t\t\t\t<h2 class=\"elementor-heading-title elementor-size-small\"><a href=\"https:\/\/birimler.atauni.edu.tr\/strateji-gelistirme-daire-baskanligi\/wp-content\/uploads\/sites\/221\/2020\/07\/2020-yili-Mali-Tablolari.pdf\">2020 y\u0131l\u0131 Mali Tablolar\u0131<\/a><\/h2>\t\t\t\t<\/div>\n\t\t\t\t<\/div>\n\t\t\t\t\t<\/div>\n\t\t<\/div>\n\t\t\t\t\t<\/div>\n\t\t<\/section>\n\t\t\t\t<\/div>\n\t\t","protected":false},"excerpt":{"rendered":"<p>2023 Y\u0131l\u0131 Mali Tablolar\u0131 2022 Y\u0131l\u0131 Mali Tablolar\u0131 2021 y\u0131l\u0131 Mali Tablolar\u0131 2020 y\u0131l\u0131 Mali Tablolar\u0131<\/p>\n","protected":false},"author":199,"featured_media":0,"parent":0,"menu_order":0,"comment_status":"closed","ping_status":"closed","template":"","meta":{"footnotes":""},"class_list":["post-6288","page","type-page","status-publish","hentry"],"_links":{"self":[{"href":"https:\/\/atauni.edu.tr\/strateji-gelistirme-daire-baskanligi\/wp-json\/wp\/v2\/pages\/6288","targetHints":{"allow":["GET"]}}],"collection":[{"href":"https:\/\/atauni.edu.tr\/strateji-gelistirme-daire-baskanligi\/wp-json\/wp\/v2\/pages"}],"about":[{"href":"https:\/\/atauni.edu.tr\/strateji-gelistirme-daire-baskanligi\/wp-json\/wp\/v2\/types\/page"}],"author":[{"embeddable":true,"href":"https:\/\/atauni.edu.tr\/strateji-gelistirme-daire-baskanligi\/wp-json\/wp\/v2\/users\/199"}],"replies":[{"embeddable":true,"href":"https:\/\/atauni.edu.tr\/strateji-gelistirme-daire-baskanligi\/wp-json\/wp\/v2\/comments?post=6288"}],"version-history":[{"count":13,"href":"https:\/\/atauni.edu.tr\/strateji-gelistirme-daire-baskanligi\/wp-json\/wp\/v2\/pages\/6288\/revisions"}],"predecessor-version":[{"id":7093,"href":"https:\/\/atauni.edu.tr\/strateji-gelistirme-daire-baskanligi\/wp-json\/wp\/v2\/pages\/6288\/revisions\/7093"}],"wp:attachment":[{"href":"https:\/\/atauni.edu.tr\/strateji-gelistirme-daire-baskanligi\/wp-json\/wp\/v2\/media?parent=6288"}],"curies":[{"name":"wp","href":"https:\/\/api.w.org\/{rel}","templated":true}]}}