{"id":6305,"date":"2022-02-01T14:28:44","date_gmt":"2022-02-01T11:28:44","guid":{"rendered":"https:\/\/birimler.atauni.edu.tr\/strateji-gelistirme-daire-baskanligi\/?page_id=6305"},"modified":"2024-07-19T15:19:08","modified_gmt":"2024-07-19T12:19:08","slug":"organizasyon-semasi","status":"publish","type":"page","link":"https:\/\/atauni.edu.tr\/strateji-gelistirme-daire-baskanligi\/organizasyon-semasi\/","title":{"rendered":"Organizasyon \u015eemas\u0131"},"content":{"rendered":"\t\t<div data-elementor-type=\"wp-page\" data-elementor-id=\"6305\" class=\"elementor elementor-6305\" data-elementor-post-type=\"page\">\n\t\t\t\t\t\t<section class=\"elementor-section elementor-top-section elementor-element elementor-element-3957ee8 elementor-section-boxed elementor-section-height-default elementor-section-height-default\" data-id=\"3957ee8\" data-element_type=\"section\">\n\t\t\t\t\t\t<div class=\"elementor-container elementor-column-gap-default\">\n\t\t\t\t\t<div class=\"elementor-column elementor-col-100 elementor-top-column elementor-element elementor-element-9f90005\" data-id=\"9f90005\" data-element_type=\"column\">\n\t\t\t<div class=\"elementor-widget-wrap elementor-element-populated\">\n\t\t\t\t\t\t<div class=\"elementor-element elementor-element-1bb28a6 elementor-widget elementor-widget-heading\" data-id=\"1bb28a6\" data-element_type=\"widget\" data-widget_type=\"heading.default\">\n\t\t\t\t<div class=\"elementor-widget-container\">\n\t\t\t\t\t<h2 class=\"elementor-heading-title elementor-size-default\"><a href=\"https:\/\/birimler.atauni.edu.tr\/strateji-gelistirme-daire-baskanligi\/wp-content\/uploads\/sites\/221\/2020\/07\/ATATURK-UNIVERSITESI-IC-KONTROL-STANDARTLARI-EYLEM-PLANI-1.docx\">1- ATAT\u00dcRK \u00dcN\u0130VERS\u0130TES\u0130 \u0130\u00c7 KONTROL STANDARTLARI EYLEM PLANI<\/a><\/h2>\t\t\t\t<\/div>\n\t\t\t\t<\/div>\n\t\t\t\t<div class=\"elementor-element elementor-element-5d03f53 elementor-widget elementor-widget-heading\" data-id=\"5d03f53\" data-element_type=\"widget\" data-widget_type=\"heading.default\">\n\t\t\t\t<div class=\"elementor-widget-container\">\n\t\t\t\t\t<h2 class=\"elementor-heading-title elementor-size-default\"><a href=\"https:\/\/birimler.atauni.edu.tr\/strateji-gelistirme-daire-baskanligi\/wp-content\/uploads\/sites\/221\/2020\/07\/BASKANLIK-SEMASI-Ek-1.docx\">2- BA\u015eKANLIK \u015eEMASI (Ek-1)<\/a><\/h2>\t\t\t\t<\/div>\n\t\t\t\t<\/div>\n\t\t\t\t<div class=\"elementor-element elementor-element-ddff717 elementor-widget elementor-widget-heading\" data-id=\"ddff717\" data-element_type=\"widget\" data-widget_type=\"heading.default\">\n\t\t\t\t<div class=\"elementor-widget-container\">\n\t\t\t\t\t<h2 class=\"elementor-heading-title elementor-size-default\"><a href=\"https:\/\/birimler.atauni.edu.tr\/strateji-gelistirme-daire-baskanligi\/wp-content\/uploads\/sites\/221\/2020\/07\/BIRIMLERIN-GOREVLERI-Ek-2.doc\">3- B\u0130R\u0130MLER\u0130N G\u00d6REVLER\u0130 (Ek-2)<\/a><\/h2>\t\t\t\t<\/div>\n\t\t\t\t<\/div>\n\t\t\t\t<div class=\"elementor-element elementor-element-50114d3 elementor-widget elementor-widget-heading\" data-id=\"50114d3\" data-element_type=\"widget\" data-widget_type=\"heading.default\">\n\t\t\t\t<div class=\"elementor-widget-container\">\n\t\t\t\t\t<h2 class=\"elementor-heading-title elementor-size-default\"><a href=\"https:\/\/birimler.atauni.edu.tr\/strateji-gelistirme-daire-baskanligi\/wp-content\/uploads\/sites\/221\/2020\/07\/ICRA-TAHAKKUKU-IS-SURECI-1.doc\">4- \u0130CRA TAHAKKUKU \u0130\u015e S\u00dcREC\u0130<\/a><\/h2>\t\t\t\t<\/div>\n\t\t\t\t<\/div>\n\t\t\t\t<div class=\"elementor-element elementor-element-9e439cc elementor-widget elementor-widget-heading\" data-id=\"9e439cc\" data-element_type=\"widget\" data-widget_type=\"heading.default\">\n\t\t\t\t<div class=\"elementor-widget-container\">\n\t\t\t\t\t<h2 class=\"elementor-heading-title elementor-size-default\"><a href=\"https:\/\/birimler.atauni.edu.tr\/strateji-gelistirme-daire-baskanligi\/wp-content\/uploads\/sites\/221\/2020\/07\/MAAS-ODEMELERI-IS-SURECI-1.doc\">5- MAA\u015e \u00d6DEMELER\u0130 \u0130\u015e S\u00dcREC\u0130<\/a><\/h2>\t\t\t\t<\/div>\n\t\t\t\t<\/div>\n\t\t\t\t<div class=\"elementor-element elementor-element-8cd53c3 elementor-widget elementor-widget-heading\" data-id=\"8cd53c3\" data-element_type=\"widget\" data-widget_type=\"heading.default\">\n\t\t\t\t<div class=\"elementor-widget-container\">\n\t\t\t\t\t<h2 class=\"elementor-heading-title elementor-size-default\"><a href=\"https:\/\/birimler.atauni.edu.tr\/strateji-gelistirme-daire-baskanligi\/wp-content\/uploads\/sites\/221\/2020\/07\/RISK-KAYIT-FORMU-1.xls\">6- R\u0130SK KAYIT FORMU<\/a><\/h2>\t\t\t\t<\/div>\n\t\t\t\t<\/div>\n\t\t\t\t<div class=\"elementor-element elementor-element-3bdf436 elementor-widget elementor-widget-heading\" data-id=\"3bdf436\" data-element_type=\"widget\" data-widget_type=\"heading.default\">\n\t\t\t\t<div class=\"elementor-widget-container\">\n\t\t\t\t\t<h2 class=\"elementor-heading-title elementor-size-default\"><a href=\"https:\/\/birimler.atauni.edu.tr\/strateji-gelistirme-daire-baskanligi\/wp-content\/uploads\/sites\/221\/2020\/07\/SATINLAMA-EVRAKLARININ-ODEME-SURECI-IS-AKISI-1.docx\">7- SATINLAMA EVRAKLARININ \u00d6DEME S\u00dcREC\u0130 \u0130\u015e AKI\u015eI<\/a><\/h2>\t\t\t\t<\/div>\n\t\t\t\t<\/div>\n\t\t\t\t<div class=\"elementor-element elementor-element-de43f9d elementor-widget elementor-widget-heading\" data-id=\"de43f9d\" data-element_type=\"widget\" data-widget_type=\"heading.default\">\n\t\t\t\t<div class=\"elementor-widget-container\">\n\t\t\t\t\t<h2 class=\"elementor-heading-title elementor-size-default\"><a href=\"https:\/\/birimler.atauni.edu.tr\/strateji-gelistirme-daire-baskanligi\/wp-content\/uploads\/sites\/221\/2020\/07\/SGK-ODEMELERI-IS-AKIS-SURECI-1.doc\">8- SGK \u00d6DEMELER\u0130 \u0130\u015e AKI\u015e S\u00dcREC\u0130<\/a><\/h2>\t\t\t\t<\/div>\n\t\t\t\t<\/div>\n\t\t\t\t<div class=\"elementor-element elementor-element-55cdb07 elementor-widget elementor-widget-heading\" data-id=\"55cdb07\" data-element_type=\"widget\" data-widget_type=\"heading.default\">\n\t\t\t\t<div class=\"elementor-widget-container\">\n\t\t\t\t\t<h2 class=\"elementor-heading-title elementor-size-default\"><a href=\"https:\/\/birimler.atauni.edu.tr\/strateji-gelistirme-daire-baskanligi\/wp-content\/uploads\/sites\/221\/2020\/07\/STRATEJI-GELISTIRME-DAIRE-BASKANLIGINCA-TESPIT-EDILEN-HASSAS-GOREVLER-1.docx\">9- STRATEJ\u0130 GEL\u0130\u015eT\u0130RME DA\u0130RE BA\u015eKANLI\u011eINCA TESP\u0130T ED\u0130LEN HASSAS G\u00d6REVLER<\/a><\/h2>\t\t\t\t<\/div>\n\t\t\t\t<\/div>\n\t\t\t\t<div class=\"elementor-element elementor-element-e5e24cf elementor-widget elementor-widget-heading\" data-id=\"e5e24cf\" data-element_type=\"widget\" data-widget_type=\"heading.default\">\n\t\t\t\t<div class=\"elementor-widget-container\">\n\t\t\t\t\t<h2 class=\"elementor-heading-title elementor-size-default\"><a href=\"https:\/\/birimler.atauni.edu.tr\/strateji-gelistirme-daire-baskanligi\/wp-content\/uploads\/sites\/221\/2020\/07\/TAAHHUT-EVRAKI-VE-SOZLESME-TASARILARI-ON-MALI-KONTROLUNUN-IS-AKIS-SURECI-1.doc\">10- TAAHH\u00dcT EVRAKI VE S\u00d6ZLE\u015eME TASARILARI \u00d6N MAL\u0130 KONTROL\u00dcN\u00dcN \u0130\u015e AKI\u015e S\u00dcREC\u0130<\/a><\/h2>\t\t\t\t<\/div>\n\t\t\t\t<\/div>\n\t\t\t\t<div class=\"elementor-element elementor-element-77b2ece elementor-widget elementor-widget-heading\" data-id=\"77b2ece\" data-element_type=\"widget\" data-widget_type=\"heading.default\">\n\t\t\t\t<div class=\"elementor-widget-container\">\n\t\t\t\t\t<h2 class=\"elementor-heading-title elementor-size-default\"><a href=\"https:\/\/birimler.atauni.edu.tr\/strateji-gelistirme-daire-baskanligi\/wp-content\/uploads\/sites\/221\/2020\/07\/TUBITAK-ODEMELERI-IS-SURECI-1.doc\">11- T\u00dcB\u0130TAK \u00d6DEMELER\u0130 \u0130\u015e S\u00dcREC\u0130<\/a><\/h2>\t\t\t\t<\/div>\n\t\t\t\t<\/div>\n\t\t\t\t<div class=\"elementor-element elementor-element-fabe6ec elementor-widget elementor-widget-heading\" data-id=\"fabe6ec\" data-element_type=\"widget\" data-widget_type=\"heading.default\">\n\t\t\t\t<div class=\"elementor-widget-container\">\n\t\t\t\t\t<h2 class=\"elementor-heading-title elementor-size-default\"><a href=\"https:\/\/birimler.atauni.edu.tr\/strateji-gelistirme-daire-baskanligi\/wp-content\/uploads\/sites\/221\/2020\/07\/VERGI-ODEMELERI-IS-SURECI-1.doc\">12- VERG\u0130 \u00d6DEMELER\u0130 \u0130\u015e S\u00dcREC\u0130<\/a><\/h2>\t\t\t\t<\/div>\n\t\t\t\t<\/div>\n\t\t\t\t\t<\/div>\n\t\t<\/div>\n\t\t\t\t\t<\/div>\n\t\t<\/section>\n\t\t\t\t<\/div>\n\t\t","protected":false},"excerpt":{"rendered":"<p>1- ATAT\u00dcRK \u00dcN\u0130VERS\u0130TES\u0130 \u0130\u00c7 KONTROL STANDARTLARI EYLEM PLANI 2- BA\u015eKANLIK \u015eEMASI (Ek-1) 3- B\u0130R\u0130MLER\u0130N G\u00d6REVLER\u0130 (Ek-2) 4- \u0130CRA TAHAKKUKU \u0130\u015e S\u00dcREC\u0130 5- MAA\u015e \u00d6DEMELER\u0130 \u0130\u015e S\u00dcREC\u0130 6- R\u0130SK KAYIT FORMU 7- SATINLAMA EVRAKLARININ \u00d6DEME S\u00dcREC\u0130 \u0130\u015e AKI\u015eI 8- SGK \u00d6DEMELER\u0130 \u0130\u015e AKI\u015e S\u00dcREC\u0130 9- STRATEJ\u0130 GEL\u0130\u015eT\u0130RME DA\u0130RE BA\u015eKANLI\u011eINCA TESP\u0130T ED\u0130LEN HASSAS G\u00d6REVLER 10- TAAHH\u00dcT EVRAKI [&hellip;]<\/p>\n","protected":false},"author":199,"featured_media":0,"parent":0,"menu_order":0,"comment_status":"closed","ping_status":"closed","template":"","meta":{"footnotes":""},"class_list":["post-6305","page","type-page","status-publish","hentry"],"_links":{"self":[{"href":"https:\/\/atauni.edu.tr\/strateji-gelistirme-daire-baskanligi\/wp-json\/wp\/v2\/pages\/6305","targetHints":{"allow":["GET"]}}],"collection":[{"href":"https:\/\/atauni.edu.tr\/strateji-gelistirme-daire-baskanligi\/wp-json\/wp\/v2\/pages"}],"about":[{"href":"https:\/\/atauni.edu.tr\/strateji-gelistirme-daire-baskanligi\/wp-json\/wp\/v2\/types\/page"}],"author":[{"embeddable":true,"href":"https:\/\/atauni.edu.tr\/strateji-gelistirme-daire-baskanligi\/wp-json\/wp\/v2\/users\/199"}],"replies":[{"embeddable":true,"href":"https:\/\/atauni.edu.tr\/strateji-gelistirme-daire-baskanligi\/wp-json\/wp\/v2\/comments?post=6305"}],"version-history":[{"count":43,"href":"https:\/\/atauni.edu.tr\/strateji-gelistirme-daire-baskanligi\/wp-json\/wp\/v2\/pages\/6305\/revisions"}],"predecessor-version":[{"id":7088,"href":"https:\/\/atauni.edu.tr\/strateji-gelistirme-daire-baskanligi\/wp-json\/wp\/v2\/pages\/6305\/revisions\/7088"}],"wp:attachment":[{"href":"https:\/\/atauni.edu.tr\/strateji-gelistirme-daire-baskanligi\/wp-json\/wp\/v2\/media?parent=6305"}],"curies":[{"name":"wp","href":"https:\/\/api.w.org\/{rel}","templated":true}]}}