{"id":6323,"date":"2022-02-02T10:56:53","date_gmt":"2022-02-02T07:56:53","guid":{"rendered":"http:\/\/birimler.atauni.edu.tr\/strateji-gelistirme-daire-baskanligi\/?page_id=6323"},"modified":"2025-03-27T11:54:34","modified_gmt":"2025-03-27T08:54:34","slug":"yatirim-izleme-ve-degerlendirme-raporlari","status":"publish","type":"page","link":"https:\/\/atauni.edu.tr\/strateji-gelistirme-daire-baskanligi\/yatirim-izleme-ve-degerlendirme-raporlari\/","title":{"rendered":"Yat\u0131r\u0131m \u0130zleme ve De\u011ferlendirme Raporlar\u0131"},"content":{"rendered":"\t\t<div data-elementor-type=\"wp-page\" data-elementor-id=\"6323\" class=\"elementor elementor-6323\" data-elementor-post-type=\"page\">\n\t\t\t\t\t\t<section class=\"elementor-section elementor-top-section elementor-element elementor-element-eee6eee elementor-section-boxed elementor-section-height-default elementor-section-height-default\" data-id=\"eee6eee\" data-element_type=\"section\">\n\t\t\t\t\t\t<div class=\"elementor-container elementor-column-gap-default\">\n\t\t\t\t\t<div class=\"elementor-column elementor-col-100 elementor-top-column elementor-element elementor-element-9a9508a\" data-id=\"9a9508a\" data-element_type=\"column\">\n\t\t\t<div class=\"elementor-widget-wrap elementor-element-populated\">\n\t\t\t\t\t\t<div class=\"elementor-element elementor-element-a7ff85a elementor-widget elementor-widget-heading\" data-id=\"a7ff85a\" data-element_type=\"widget\" data-widget_type=\"heading.default\">\n\t\t\t\t<div class=\"elementor-widget-container\">\n\t\t\t\t\t<h2 class=\"elementor-heading-title elementor-size-small\"><a href=\"https:\/\/birimler.atauni.edu.tr\/strateji-gelistirme-daire-baskanligi\/wp-content\/uploads\/sites\/221\/2020\/07\/2018-yili-yatirim-izleme-ve-degerlendirme-raporu.docx\">2018 Yat\u0131r\u0131m \u0130zleme ve De\u011ferlendirme Raporlar\u0131<\/a><\/h2>\t\t\t\t<\/div>\n\t\t\t\t<\/div>\n\t\t\t\t\t<\/div>\n\t\t<\/div>\n\t\t\t\t\t<\/div>\n\t\t<\/section>\n\t\t\t\t<section class=\"elementor-section elementor-top-section elementor-element elementor-element-d3e67f2 elementor-section-boxed elementor-section-height-default elementor-section-height-default\" data-id=\"d3e67f2\" data-element_type=\"section\">\n\t\t\t\t\t\t<div class=\"elementor-container elementor-column-gap-default\">\n\t\t\t\t\t<div class=\"elementor-column elementor-col-100 elementor-top-column elementor-element elementor-element-19d5fe5\" data-id=\"19d5fe5\" data-element_type=\"column\">\n\t\t\t<div class=\"elementor-widget-wrap elementor-element-populated\">\n\t\t\t\t\t\t<div class=\"elementor-element elementor-element-9fad02a elementor-widget elementor-widget-heading\" data-id=\"9fad02a\" data-element_type=\"widget\" data-widget_type=\"heading.default\">\n\t\t\t\t<div class=\"elementor-widget-container\">\n\t\t\t\t\t<h2 class=\"elementor-heading-title elementor-size-small\"><a href=\"https:\/\/birimler.atauni.edu.tr\/strateji-gelistirme-daire-baskanligi\/wp-content\/uploads\/sites\/221\/2020\/07\/2019-yili-yatirim-izleme-ve-degerlendirme-raporu.docx\">2019 Yat\u0131r\u0131m \u0130zleme ve De\u011ferlendirme Raporlar\u0131<\/a><\/h2>\t\t\t\t<\/div>\n\t\t\t\t<\/div>\n\t\t\t\t\t<\/div>\n\t\t<\/div>\n\t\t\t\t\t<\/div>\n\t\t<\/section>\n\t\t\t\t<section class=\"elementor-section elementor-top-section elementor-element elementor-element-0745d77 elementor-section-boxed elementor-section-height-default elementor-section-height-default\" data-id=\"0745d77\" data-element_type=\"section\">\n\t\t\t\t\t\t<div class=\"elementor-container elementor-column-gap-default\">\n\t\t\t\t\t<div class=\"elementor-column elementor-col-100 elementor-top-column elementor-element elementor-element-db5b57f\" data-id=\"db5b57f\" data-element_type=\"column\">\n\t\t\t<div class=\"elementor-widget-wrap elementor-element-populated\">\n\t\t\t\t\t\t<div class=\"elementor-element elementor-element-62e5f17 elementor-widget elementor-widget-heading\" data-id=\"62e5f17\" data-element_type=\"widget\" data-widget_type=\"heading.default\">\n\t\t\t\t<div class=\"elementor-widget-container\">\n\t\t\t\t\t<h2 class=\"elementor-heading-title elementor-size-small\"><a href=\"https:\/\/birimler.atauni.edu.tr\/strateji-gelistirme-daire-baskanligi\/wp-content\/uploads\/sites\/221\/2020\/07\/2020-yili-yatirim-izleme-ve-degerlendirme-raporu.docx\">2020 Yat\u0131r\u0131m \u0130zleme ve De\u011ferlendirme Raporlar\u0131<\/a><\/h2>\t\t\t\t<\/div>\n\t\t\t\t<\/div>\n\t\t\t\t<div class=\"elementor-element elementor-element-06b5d83 elementor-widget elementor-widget-heading\" data-id=\"06b5d83\" data-element_type=\"widget\" data-widget_type=\"heading.default\">\n\t\t\t\t<div class=\"elementor-widget-container\">\n\t\t\t\t\t<h2 class=\"elementor-heading-title elementor-size-small\"><a href=\"https:\/\/birimler.atauni.edu.tr\/strateji-gelistirme-daire-baskanligi\/wp-content\/uploads\/sites\/221\/2020\/07\/2021-Yili-Yatirim-Izleme-ve-Degerlendirme-Raporu-4.docx\">2021 Yat\u0131r\u0131m \u0130zleme ve De\u011ferlendirme Raporlar\u0131<\/a><\/h2>\t\t\t\t<\/div>\n\t\t\t\t<\/div>\n\t\t\t\t<div class=\"elementor-element elementor-element-c530e50 elementor-widget elementor-widget-heading\" data-id=\"c530e50\" data-element_type=\"widget\" data-widget_type=\"heading.default\">\n\t\t\t\t<div class=\"elementor-widget-container\">\n\t\t\t\t\t<h2 class=\"elementor-heading-title elementor-size-small\"><a href=\"https:\/\/birimler.atauni.edu.tr\/strateji-gelistirme-daire-baskanligi\/wp-content\/uploads\/sites\/221\/2020\/07\/2022-Yili-Yatirim-Izleme-ve-Degerlendirme-Raporu-.pdf\">2022 Yat\u0131r\u0131m \u0130zleme ve De\u011ferlendirme Raporu <\/a><\/h2>\t\t\t\t<\/div>\n\t\t\t\t<\/div>\n\t\t\t\t<div class=\"elementor-element elementor-element-8b47861 elementor-widget elementor-widget-heading\" data-id=\"8b47861\" data-element_type=\"widget\" data-widget_type=\"heading.default\">\n\t\t\t\t<div class=\"elementor-widget-container\">\n\t\t\t\t\t<h2 class=\"elementor-heading-title elementor-size-default\"><a href=\"https:\/\/birimler.atauni.edu.tr\/strateji-gelistirme-daire-baskanligi\/wp-content\/uploads\/sites\/221\/2020\/07\/2023-Yili-Yatirim-Izleme-ve-Degerlendirme-Raporu-1.pdf\">2023 Yat\u0131r\u0131m \u0130zleme ve De\u011ferlendirme Raporu<\/a><\/h2>\t\t\t\t<\/div>\n\t\t\t\t<\/div>\n\t\t\t\t<div class=\"elementor-element elementor-element-b0f97a1 elementor-widget elementor-widget-heading\" data-id=\"b0f97a1\" data-element_type=\"widget\" data-widget_type=\"heading.default\">\n\t\t\t\t<div class=\"elementor-widget-container\">\n\t\t\t\t\t<h2 class=\"elementor-heading-title elementor-size-default\"><a href=\"https:\/\/birimler.atauni.edu.tr\/strateji-gelistirme-daire-baskanligi\/wp-content\/uploads\/sites\/221\/2025\/03\/2024-Yili-Yatirim-Izleme-ve-Degerlendirme-Raporu-.pdf\">2024 Yat\u0131r\u0131m \u0130zleme ve De\u011ferlendirme Raporu<\/a><\/h2>\t\t\t\t<\/div>\n\t\t\t\t<\/div>\n\t\t\t\t\t<\/div>\n\t\t<\/div>\n\t\t\t\t\t<\/div>\n\t\t<\/section>\n\t\t\t\t<\/div>\n\t\t","protected":false},"excerpt":{"rendered":"<p>2018 Yat\u0131r\u0131m \u0130zleme ve De\u011ferlendirme Raporlar\u0131 2019 Yat\u0131r\u0131m \u0130zleme ve De\u011ferlendirme Raporlar\u0131 2020 Yat\u0131r\u0131m \u0130zleme ve De\u011ferlendirme Raporlar\u0131 2021 Yat\u0131r\u0131m \u0130zleme ve De\u011ferlendirme Raporlar\u0131 2022 Yat\u0131r\u0131m \u0130zleme ve De\u011ferlendirme Raporu 2023 Yat\u0131r\u0131m \u0130zleme ve De\u011ferlendirme Raporu 2024 Yat\u0131r\u0131m \u0130zleme ve De\u011ferlendirme Raporu<\/p>\n","protected":false},"author":199,"featured_media":0,"parent":0,"menu_order":0,"comment_status":"closed","ping_status":"closed","template":"","meta":{"footnotes":""},"class_list":["post-6323","page","type-page","status-publish","hentry"],"_links":{"self":[{"href":"https:\/\/atauni.edu.tr\/strateji-gelistirme-daire-baskanligi\/wp-json\/wp\/v2\/pages\/6323","targetHints":{"allow":["GET"]}}],"collection":[{"href":"https:\/\/atauni.edu.tr\/strateji-gelistirme-daire-baskanligi\/wp-json\/wp\/v2\/pages"}],"about":[{"href":"https:\/\/atauni.edu.tr\/strateji-gelistirme-daire-baskanligi\/wp-json\/wp\/v2\/types\/page"}],"author":[{"embeddable":true,"href":"https:\/\/atauni.edu.tr\/strateji-gelistirme-daire-baskanligi\/wp-json\/wp\/v2\/users\/199"}],"replies":[{"embeddable":true,"href":"https:\/\/atauni.edu.tr\/strateji-gelistirme-daire-baskanligi\/wp-json\/wp\/v2\/comments?post=6323"}],"version-history":[{"count":31,"href":"https:\/\/atauni.edu.tr\/strateji-gelistirme-daire-baskanligi\/wp-json\/wp\/v2\/pages\/6323\/revisions"}],"predecessor-version":[{"id":7132,"href":"https:\/\/atauni.edu.tr\/strateji-gelistirme-daire-baskanligi\/wp-json\/wp\/v2\/pages\/6323\/revisions\/7132"}],"wp:attachment":[{"href":"https:\/\/atauni.edu.tr\/strateji-gelistirme-daire-baskanligi\/wp-json\/wp\/v2\/media?parent=6323"}],"curies":[{"name":"wp","href":"https:\/\/api.w.org\/{rel}","templated":true}]}}