{"id":6493,"date":"2022-02-04T11:06:33","date_gmt":"2022-02-04T08:06:33","guid":{"rendered":"http:\/\/birimler.atauni.edu.tr\/strateji-gelistirme-daire-baskanligi\/?page_id=6493"},"modified":"2022-11-08T15:45:58","modified_gmt":"2022-11-08T12:45:58","slug":"proje","status":"publish","type":"page","link":"https:\/\/atauni.edu.tr\/strateji-gelistirme-daire-baskanligi\/proje\/","title":{"rendered":"T\u00fcbitak"},"content":{"rendered":"\t\t<div data-elementor-type=\"wp-page\" data-elementor-id=\"6493\" class=\"elementor elementor-6493\" data-elementor-post-type=\"page\">\n\t\t\t\t\t\t<section class=\"elementor-section elementor-top-section elementor-element elementor-element-1e4013c elementor-section-boxed elementor-section-height-default elementor-section-height-default\" data-id=\"1e4013c\" data-element_type=\"section\">\n\t\t\t\t\t\t<div class=\"elementor-container elementor-column-gap-default\">\n\t\t\t\t\t<div class=\"elementor-column elementor-col-100 elementor-top-column elementor-element elementor-element-43a2953\" data-id=\"43a2953\" data-element_type=\"column\">\n\t\t\t<div class=\"elementor-widget-wrap elementor-element-populated\">\n\t\t\t\t\t\t<div class=\"elementor-element elementor-element-b37181d elementor-widget elementor-widget-heading\" data-id=\"b37181d\" data-element_type=\"widget\" data-widget_type=\"heading.default\">\n\t\t\t\t<div class=\"elementor-widget-container\">\n\t\t\t\t\t<h2 class=\"elementor-heading-title elementor-size-small\"><a href=\"https:\/\/www.tubitak.gov.tr\/tr\/destekler\/akademik\/uygulamalar-ve-yonergeler\/tts\/icerik-guncel-tts-duyurulari\">T\u00fcbitak G\u00fcncel Duyurular<\/a><\/h2>\t\t\t\t<\/div>\n\t\t\t\t<\/div>\n\t\t\t\t<div class=\"elementor-element elementor-element-f4d74b0 elementor-widget elementor-widget-heading\" data-id=\"f4d74b0\" data-element_type=\"widget\" data-widget_type=\"heading.default\">\n\t\t\t\t<div class=\"elementor-widget-container\">\n\t\t\t\t\t<h2 class=\"elementor-heading-title elementor-size-small\"><a href=\"https:\/\/birimler.atauni.edu.tr\/strateji-gelistirme-daire-baskanligi\/wp-content\/uploads\/sites\/221\/2020\/07\/Yurtdisi-gundeliklerine-yonelik-Cumhurbaskanligi-karari.pdf\">2022 Y\u0131l\u0131 i\u00e7in Yurtd\u0131\u015f\u0131 G\u00fcndeliklerine Dair Cumhurba\u015fkanl\u0131\u011f\u0131 Karar\u0131 <\/a><\/h2>\t\t\t\t<\/div>\n\t\t\t\t<\/div>\n\t\t\t\t\t<\/div>\n\t\t<\/div>\n\t\t\t\t\t<\/div>\n\t\t<\/section>\n\t\t\t\t<\/div>\n\t\t","protected":false},"excerpt":{"rendered":"<p>T\u00fcbitak G\u00fcncel Duyurular 2022 Y\u0131l\u0131 i\u00e7in Yurtd\u0131\u015f\u0131 G\u00fcndeliklerine Dair Cumhurba\u015fkanl\u0131\u011f\u0131 Karar\u0131<\/p>\n","protected":false},"author":199,"featured_media":0,"parent":0,"menu_order":0,"comment_status":"closed","ping_status":"closed","template":"","meta":{"footnotes":""},"class_list":["post-6493","page","type-page","status-publish","hentry"],"_links":{"self":[{"href":"https:\/\/atauni.edu.tr\/strateji-gelistirme-daire-baskanligi\/wp-json\/wp\/v2\/pages\/6493","targetHints":{"allow":["GET"]}}],"collection":[{"href":"https:\/\/atauni.edu.tr\/strateji-gelistirme-daire-baskanligi\/wp-json\/wp\/v2\/pages"}],"about":[{"href":"https:\/\/atauni.edu.tr\/strateji-gelistirme-daire-baskanligi\/wp-json\/wp\/v2\/types\/page"}],"author":[{"embeddable":true,"href":"https:\/\/atauni.edu.tr\/strateji-gelistirme-daire-baskanligi\/wp-json\/wp\/v2\/users\/199"}],"replies":[{"embeddable":true,"href":"https:\/\/atauni.edu.tr\/strateji-gelistirme-daire-baskanligi\/wp-json\/wp\/v2\/comments?post=6493"}],"version-history":[{"count":8,"href":"https:\/\/atauni.edu.tr\/strateji-gelistirme-daire-baskanligi\/wp-json\/wp\/v2\/pages\/6493\/revisions"}],"predecessor-version":[{"id":6846,"href":"https:\/\/atauni.edu.tr\/strateji-gelistirme-daire-baskanligi\/wp-json\/wp\/v2\/pages\/6493\/revisions\/6846"}],"wp:attachment":[{"href":"https:\/\/atauni.edu.tr\/strateji-gelistirme-daire-baskanligi\/wp-json\/wp\/v2\/media?parent=6493"}],"curies":[{"name":"wp","href":"https:\/\/api.w.org\/{rel}","templated":true}]}}