{"id":6704,"date":"2022-03-08T13:31:40","date_gmt":"2022-03-08T10:31:40","guid":{"rendered":"http:\/\/birimler.atauni.edu.tr\/strateji-gelistirme-daire-baskanligi\/?page_id=6704"},"modified":"2025-07-31T15:32:16","modified_gmt":"2025-07-31T12:32:16","slug":"mali-durum-ve-beklenti-raporlari","status":"publish","type":"page","link":"https:\/\/atauni.edu.tr\/strateji-gelistirme-daire-baskanligi\/mali-durum-ve-beklenti-raporlari\/","title":{"rendered":"Mali Durum ve Beklenti Raporlar\u0131"},"content":{"rendered":"\t\t<div data-elementor-type=\"wp-page\" data-elementor-id=\"6704\" class=\"elementor elementor-6704\" data-elementor-post-type=\"page\">\n\t\t\t\t\t\t<section class=\"elementor-section elementor-top-section elementor-element elementor-element-2377b15 elementor-section-boxed elementor-section-height-default elementor-section-height-default\" data-id=\"2377b15\" data-element_type=\"section\">\n\t\t\t\t\t\t<div class=\"elementor-container elementor-column-gap-default\">\n\t\t\t\t\t<div class=\"elementor-column elementor-col-100 elementor-top-column elementor-element elementor-element-3ffb2cc\" data-id=\"3ffb2cc\" data-element_type=\"column\">\n\t\t\t<div class=\"elementor-widget-wrap elementor-element-populated\">\n\t\t\t\t\t\t<div class=\"elementor-element elementor-element-e7e017f elementor-widget elementor-widget-heading\" data-id=\"e7e017f\" data-element_type=\"widget\" data-widget_type=\"heading.default\">\n\t\t\t\t<div class=\"elementor-widget-container\">\n\t\t\t\t\t<h2 class=\"elementor-heading-title elementor-size-small\"><a href=\"https:\/\/birimler.atauni.edu.tr\/strateji-gelistirme-daire-baskanligi\/wp-content\/uploads\/sites\/221\/2020\/07\/2015-Yili-Mali-Durum-ve-Beklentiler-Raporu.doc\">2015 y\u0131l\u0131 Mali Durum ve Beklentiler Raporu<\/a><\/h2>\t\t\t\t<\/div>\n\t\t\t\t<\/div>\n\t\t\t\t<div class=\"elementor-element elementor-element-0e97336 elementor-widget elementor-widget-heading\" data-id=\"0e97336\" data-element_type=\"widget\" data-widget_type=\"heading.default\">\n\t\t\t\t<div class=\"elementor-widget-container\">\n\t\t\t\t\t<h2 class=\"elementor-heading-title elementor-size-small\"><a href=\"https:\/\/birimler.atauni.edu.tr\/strateji-gelistirme-daire-baskanligi\/wp-content\/uploads\/sites\/221\/2020\/07\/2016-Yili-Mali-Durum-ve-Beklentiler-Raporu.doc\">2016 y\u0131l\u0131 Mali Durum ve Beklentiler Raporu<\/a><\/h2>\t\t\t\t<\/div>\n\t\t\t\t<\/div>\n\t\t\t\t<div class=\"elementor-element elementor-element-97d2e8b elementor-widget elementor-widget-heading\" data-id=\"97d2e8b\" data-element_type=\"widget\" data-widget_type=\"heading.default\">\n\t\t\t\t<div class=\"elementor-widget-container\">\n\t\t\t\t\t<h2 class=\"elementor-heading-title elementor-size-small\"><a href=\"https:\/\/birimler.atauni.edu.tr\/strateji-gelistirme-daire-baskanligi\/wp-content\/uploads\/sites\/221\/2020\/07\/2019-Yili-Mali-Durum-ve-Beklentiler-Raporu.doc\">2019 y\u0131l\u0131 Mali Durum ve Beklentiler Raporu<\/a><\/h2>\t\t\t\t<\/div>\n\t\t\t\t<\/div>\n\t\t\t\t<div class=\"elementor-element elementor-element-02a220d elementor-widget elementor-widget-heading\" data-id=\"02a220d\" data-element_type=\"widget\" data-widget_type=\"heading.default\">\n\t\t\t\t<div class=\"elementor-widget-container\">\n\t\t\t\t\t<h2 class=\"elementor-heading-title elementor-size-small\"><a href=\"https:\/\/birimler.atauni.edu.tr\/strateji-gelistirme-daire-baskanligi\/wp-content\/uploads\/sites\/221\/2020\/07\/2020-Yili-Mali-Durum-ve-Beklentiler-Raporu.doc\">2020 y\u0131l\u0131 Mali Durum ve Beklentiler Raporu<\/a><\/h2>\t\t\t\t<\/div>\n\t\t\t\t<\/div>\n\t\t\t\t<div class=\"elementor-element elementor-element-be36ade elementor-widget elementor-widget-heading\" data-id=\"be36ade\" data-element_type=\"widget\" data-widget_type=\"heading.default\">\n\t\t\t\t<div class=\"elementor-widget-container\">\n\t\t\t\t\t<h2 class=\"elementor-heading-title elementor-size-small\"><a href=\"https:\/\/birimler.atauni.edu.tr\/strateji-gelistirme-daire-baskanligi\/wp-content\/uploads\/sites\/221\/2020\/07\/2021-Yili-Mali-Durum-ve-Beklentiler-Raporu.doc\">2021 y\u0131l\u0131 Mali Durum ve Beklentiler Raporu<\/a><\/h2>\t\t\t\t<\/div>\n\t\t\t\t<\/div>\n\t\t\t\t<div class=\"elementor-element elementor-element-2c0b319 elementor-widget elementor-widget-heading\" data-id=\"2c0b319\" data-element_type=\"widget\" data-widget_type=\"heading.default\">\n\t\t\t\t<div class=\"elementor-widget-container\">\n\t\t\t\t\t<h2 class=\"elementor-heading-title elementor-size-small\"><a href=\"https:\/\/birimler.atauni.edu.tr\/strateji-gelistirme-daire-baskanligi\/wp-content\/uploads\/sites\/221\/2020\/07\/2022-Yili-Mali-Durum-ve-Beklentiler-Raporu.doc\">2022 y\u0131l\u0131 Mali Durum ve Beklentiler Raporu<\/a><\/h2>\t\t\t\t<\/div>\n\t\t\t\t<\/div>\n\t\t\t\t<div class=\"elementor-element elementor-element-bb6d7c7 elementor-widget elementor-widget-heading\" data-id=\"bb6d7c7\" data-element_type=\"widget\" data-widget_type=\"heading.default\">\n\t\t\t\t<div class=\"elementor-widget-container\">\n\t\t\t\t\t<h2 class=\"elementor-heading-title elementor-size-small\"><a href=\"https:\/\/birimler.atauni.edu.tr\/strateji-gelistirme-daire-baskanligi\/wp-content\/uploads\/sites\/221\/2020\/07\/2022-Yili-Kurumsal-Mali-Durum-Beklentiler-Butce-Gelir-Gider-Tablolari-.xls\">2022 Y\u0131l\u0131 Kurumsal Mali Durum Beklentiler B\u00fct\u00e7e Gelir Gider Tablolar\u0131 <\/a><\/h2>\t\t\t\t<\/div>\n\t\t\t\t<\/div>\n\t\t\t\t<div class=\"elementor-element elementor-element-7634b5e elementor-widget elementor-widget-heading\" data-id=\"7634b5e\" data-element_type=\"widget\" data-widget_type=\"heading.default\">\n\t\t\t\t<div class=\"elementor-widget-container\">\n\t\t\t\t\t<h2 class=\"elementor-heading-title elementor-size-small\"><a href=\"https:\/\/birimler.atauni.edu.tr\/strateji-gelistirme-daire-baskanligi\/wp-content\/uploads\/sites\/221\/2020\/07\/2023-Yili-Kurumsal-Mali-Durum-ve-Beklentiler-Raporu.pdf\">2023 Y\u0131l\u0131 Kurumsal Mali Durum ve Beklentiler Raporu<\/a><\/h2>\t\t\t\t<\/div>\n\t\t\t\t<\/div>\n\t\t\t\t<div class=\"elementor-element elementor-element-6478afd elementor-widget elementor-widget-heading\" data-id=\"6478afd\" data-element_type=\"widget\" data-widget_type=\"heading.default\">\n\t\t\t\t<div class=\"elementor-widget-container\">\n\t\t\t\t\t<h2 class=\"elementor-heading-title elementor-size-default\"><a href=\"https:\/\/birimler.atauni.edu.tr\/strateji-gelistirme-daire-baskanligi\/wp-content\/uploads\/sites\/221\/2020\/07\/2024-Yili-Kurumsal-Mali-Durum-ve-Beklentiler-Raporu-1.pdf\">2024 Y\u0131l\u0131 Kurumsal Mali Durum ve Beklentiler Raporu<\/a><\/h2>\t\t\t\t<\/div>\n\t\t\t\t<\/div>\n\t\t\t\t<div class=\"elementor-element elementor-element-3cd609a elementor-widget elementor-widget-heading\" data-id=\"3cd609a\" data-element_type=\"widget\" data-widget_type=\"heading.default\">\n\t\t\t\t<div class=\"elementor-widget-container\">\n\t\t\t\t\t<h2 class=\"elementor-heading-title elementor-size-default\"><a href=\"https:\/\/birimler.atauni.edu.tr\/strateji-gelistirme-daire-baskanligi\/wp-content\/uploads\/sites\/221\/2025\/07\/2025-Yili-Kurumsal-Mali-Durum-ve-Beklentiler-Raporu-.pdf\">2025 Y\u0131l\u0131 Kurumsal Mali Durum ve Beklentiler Raporu<\/a><\/h2>\t\t\t\t<\/div>\n\t\t\t\t<\/div>\n\t\t\t\t\t<\/div>\n\t\t<\/div>\n\t\t\t\t\t<\/div>\n\t\t<\/section>\n\t\t\t\t<\/div>\n\t\t","protected":false},"excerpt":{"rendered":"<p>2015 y\u0131l\u0131 Mali Durum ve Beklentiler Raporu 2016 y\u0131l\u0131 Mali Durum ve Beklentiler Raporu 2019 y\u0131l\u0131 Mali Durum ve Beklentiler Raporu 2020 y\u0131l\u0131 Mali Durum ve Beklentiler Raporu 2021 y\u0131l\u0131 Mali Durum ve Beklentiler Raporu 2022 y\u0131l\u0131 Mali Durum ve Beklentiler Raporu 2022 Y\u0131l\u0131 Kurumsal Mali Durum Beklentiler B\u00fct\u00e7e Gelir Gider Tablolar\u0131 2023 Y\u0131l\u0131 Kurumsal [&hellip;]<\/p>\n","protected":false},"author":199,"featured_media":0,"parent":0,"menu_order":0,"comment_status":"closed","ping_status":"closed","template":"","meta":{"footnotes":""},"class_list":["post-6704","page","type-page","status-publish","hentry"],"_links":{"self":[{"href":"https:\/\/atauni.edu.tr\/strateji-gelistirme-daire-baskanligi\/wp-json\/wp\/v2\/pages\/6704","targetHints":{"allow":["GET"]}}],"collection":[{"href":"https:\/\/atauni.edu.tr\/strateji-gelistirme-daire-baskanligi\/wp-json\/wp\/v2\/pages"}],"about":[{"href":"https:\/\/atauni.edu.tr\/strateji-gelistirme-daire-baskanligi\/wp-json\/wp\/v2\/types\/page"}],"author":[{"embeddable":true,"href":"https:\/\/atauni.edu.tr\/strateji-gelistirme-daire-baskanligi\/wp-json\/wp\/v2\/users\/199"}],"replies":[{"embeddable":true,"href":"https:\/\/atauni.edu.tr\/strateji-gelistirme-daire-baskanligi\/wp-json\/wp\/v2\/comments?post=6704"}],"version-history":[{"count":31,"href":"https:\/\/atauni.edu.tr\/strateji-gelistirme-daire-baskanligi\/wp-json\/wp\/v2\/pages\/6704\/revisions"}],"predecessor-version":[{"id":7169,"href":"https:\/\/atauni.edu.tr\/strateji-gelistirme-daire-baskanligi\/wp-json\/wp\/v2\/pages\/6704\/revisions\/7169"}],"wp:attachment":[{"href":"https:\/\/atauni.edu.tr\/strateji-gelistirme-daire-baskanligi\/wp-json\/wp\/v2\/media?parent=6704"}],"curies":[{"name":"wp","href":"https:\/\/api.w.org\/{rel}","templated":true}]}}