{"id":6881,"date":"2023-01-23T11:24:13","date_gmt":"2023-01-23T08:24:13","guid":{"rendered":"http:\/\/birimler.atauni.edu.tr\/strateji-gelistirme-daire-baskanligi\/?page_id=6881"},"modified":"2023-01-23T11:36:51","modified_gmt":"2023-01-23T08:36:51","slug":"ic-kontrol-sistemi-evraklar","status":"publish","type":"page","link":"https:\/\/atauni.edu.tr\/strateji-gelistirme-daire-baskanligi\/ic-kontrol-sistemi-evraklar\/","title":{"rendered":"\u0130\u00e7 Kontrol Sistemi Evraklar"},"content":{"rendered":"\t\t<div data-elementor-type=\"wp-page\" data-elementor-id=\"6881\" class=\"elementor elementor-6881\" data-elementor-post-type=\"page\">\n\t\t\t\t\t\t<section class=\"elementor-section elementor-top-section elementor-element elementor-element-57c5174 elementor-section-boxed elementor-section-height-default elementor-section-height-default\" data-id=\"57c5174\" data-element_type=\"section\">\n\t\t\t\t\t\t<div class=\"elementor-container elementor-column-gap-default\">\n\t\t\t\t\t<div class=\"elementor-column elementor-col-100 elementor-top-column elementor-element elementor-element-7b3c8d0\" data-id=\"7b3c8d0\" data-element_type=\"column\">\n\t\t\t<div class=\"elementor-widget-wrap elementor-element-populated\">\n\t\t\t\t\t\t<div class=\"elementor-element elementor-element-5cde46e elementor-widget elementor-widget-heading\" data-id=\"5cde46e\" data-element_type=\"widget\" data-widget_type=\"heading.default\">\n\t\t\t\t<div class=\"elementor-widget-container\">\n\t\t\t\t\t<h2 class=\"elementor-heading-title elementor-size-small\"><a href=\"https:\/\/birimler.atauni.edu.tr\/strateji-gelistirme-daire-baskanligi\/wp-content\/uploads\/sites\/221\/2020\/07\/ATATURK-UNIVERSITESI-IC-KONTROL-STANDARTLARI-EYLEM-PLANI.docx\">ATAT\u00dcRK \u00dcN\u0130VERS\u0130TES\u0130 \u0130\u00c7 KONTROL STANDARTLARI EYLEM PLANI<\/a><\/h2>\t\t\t\t<\/div>\n\t\t\t\t<\/div>\n\t\t\t\t<div class=\"elementor-element elementor-element-36f91ba elementor-widget elementor-widget-heading\" data-id=\"36f91ba\" data-element_type=\"widget\" data-widget_type=\"heading.default\">\n\t\t\t\t<div class=\"elementor-widget-container\">\n\t\t\t\t\t<h2 class=\"elementor-heading-title elementor-size-small\"><a href=\"https:\/\/birimler.atauni.edu.tr\/strateji-gelistirme-daire-baskanligi\/wp-content\/uploads\/sites\/221\/2020\/07\/EK-1-BASKANLIK-SEMASI-2022-2.docx\">EK-1 BA\u015eKANLIK \u015eEMASI 2022<\/a><\/h2>\t\t\t\t<\/div>\n\t\t\t\t<\/div>\n\t\t\t\t<div class=\"elementor-element elementor-element-4215c70 elementor-widget elementor-widget-heading\" data-id=\"4215c70\" data-element_type=\"widget\" data-widget_type=\"heading.default\">\n\t\t\t\t<div class=\"elementor-widget-container\">\n\t\t\t\t\t<h2 class=\"elementor-heading-title elementor-size-small\"><a href=\"https:\/\/birimler.atauni.edu.tr\/strateji-gelistirme-daire-baskanligi\/wp-content\/uploads\/sites\/221\/2020\/07\/ICRA-TAHAKKUKU-IS-SURECI.doc\">\u0130CRA TAHAKKUKU \u0130\u015e S\u00dcREC\u0130<\/a><\/h2>\t\t\t\t<\/div>\n\t\t\t\t<\/div>\n\t\t\t\t<div class=\"elementor-element elementor-element-33e4490 elementor-widget elementor-widget-heading\" data-id=\"33e4490\" data-element_type=\"widget\" data-widget_type=\"heading.default\">\n\t\t\t\t<div class=\"elementor-widget-container\">\n\t\t\t\t\t<h2 class=\"elementor-heading-title elementor-size-small\"><a href=\"https:\/\/birimler.atauni.edu.tr\/strateji-gelistirme-daire-baskanligi\/wp-content\/uploads\/sites\/221\/2020\/07\/IC-TALIMAT-GOREV-VE-SORUMLULUKLAR-2022-7.doc\">\u0130\u00c7 TAL\u0130MAT G\u00d6REV VE SORUMLULUKLAR 2022 (7)<\/a><\/h2>\t\t\t\t<\/div>\n\t\t\t\t<\/div>\n\t\t\t\t<div class=\"elementor-element elementor-element-a0af337 elementor-widget elementor-widget-heading\" data-id=\"a0af337\" data-element_type=\"widget\" data-widget_type=\"heading.default\">\n\t\t\t\t<div class=\"elementor-widget-container\">\n\t\t\t\t\t<h2 class=\"elementor-heading-title elementor-size-small\"><a href=\"https:\/\/birimler.atauni.edu.tr\/strateji-gelistirme-daire-baskanligi\/wp-content\/uploads\/sites\/221\/2020\/07\/MAAS-ODEMELERI-IS-SURECI.doc\">MAA\u015e \u00d6DEMELER\u0130 \u0130\u015e S\u00dcREC\u0130<\/a><\/h2>\t\t\t\t<\/div>\n\t\t\t\t<\/div>\n\t\t\t\t<div class=\"elementor-element elementor-element-421fcfe elementor-widget elementor-widget-heading\" data-id=\"421fcfe\" data-element_type=\"widget\" data-widget_type=\"heading.default\">\n\t\t\t\t<div class=\"elementor-widget-container\">\n\t\t\t\t\t<h2 class=\"elementor-heading-title elementor-size-small\"><a href=\"https:\/\/birimler.atauni.edu.tr\/strateji-gelistirme-daire-baskanligi\/wp-content\/uploads\/sites\/221\/2020\/07\/RISK-KAYIT-FORMU.xls\">R\u0130SK KAYIT FORMU<\/a><\/h2>\t\t\t\t<\/div>\n\t\t\t\t<\/div>\n\t\t\t\t<div class=\"elementor-element elementor-element-a7b7731 elementor-widget elementor-widget-heading\" data-id=\"a7b7731\" data-element_type=\"widget\" data-widget_type=\"heading.default\">\n\t\t\t\t<div class=\"elementor-widget-container\">\n\t\t\t\t\t<h2 class=\"elementor-heading-title elementor-size-small\"><a href=\"https:\/\/birimler.atauni.edu.tr\/strateji-gelistirme-daire-baskanligi\/wp-content\/uploads\/sites\/221\/2020\/07\/SATINLAMA-EVRAKLARININ-ODEME-SURECI-IS-AKISI.docx\">SATINLAMA EVRAKLARININ \u00d6DEME S\u00dcREC\u0130 \u0130\u015e AKI\u015eI<\/a><\/h2>\t\t\t\t<\/div>\n\t\t\t\t<\/div>\n\t\t\t\t<div class=\"elementor-element elementor-element-35761b4 elementor-widget elementor-widget-heading\" data-id=\"35761b4\" data-element_type=\"widget\" data-widget_type=\"heading.default\">\n\t\t\t\t<div class=\"elementor-widget-container\">\n\t\t\t\t\t<h2 class=\"elementor-heading-title elementor-size-small\"><a href=\"https:\/\/birimler.atauni.edu.tr\/strateji-gelistirme-daire-baskanligi\/wp-content\/uploads\/sites\/221\/2020\/07\/SGK-ODEMELERI-IS-AKIS-SURECI.doc\">SGK \u00d6DEMELER\u0130 \u0130\u015e AKI\u015e S\u00dcREC\u0130<\/a><\/h2>\t\t\t\t<\/div>\n\t\t\t\t<\/div>\n\t\t\t\t<div class=\"elementor-element elementor-element-c9cfc4b elementor-widget elementor-widget-heading\" data-id=\"c9cfc4b\" data-element_type=\"widget\" data-widget_type=\"heading.default\">\n\t\t\t\t<div class=\"elementor-widget-container\">\n\t\t\t\t\t<h2 class=\"elementor-heading-title elementor-size-small\"><a href=\"https:\/\/birimler.atauni.edu.tr\/strateji-gelistirme-daire-baskanligi\/wp-content\/uploads\/sites\/221\/2020\/07\/STRATEJI-GELISTIRME-DAIRE-BASKANLIGINCA-TESPIT-EDILEN-HASSAS-GOREVLER.docx\">STRATEJ\u0130 GEL\u0130\u015eT\u0130RME DA\u0130RE BA\u015eKANLI\u011eINCA TESP\u0130T ED\u0130LEN HASSAS G\u00d6REVLER<\/a><\/h2>\t\t\t\t<\/div>\n\t\t\t\t<\/div>\n\t\t\t\t<div class=\"elementor-element elementor-element-04aa9a5 elementor-widget elementor-widget-heading\" data-id=\"04aa9a5\" data-element_type=\"widget\" data-widget_type=\"heading.default\">\n\t\t\t\t<div class=\"elementor-widget-container\">\n\t\t\t\t\t<h2 class=\"elementor-heading-title elementor-size-small\"><a href=\"https:\/\/birimler.atauni.edu.tr\/strateji-gelistirme-daire-baskanligi\/wp-content\/uploads\/sites\/221\/2020\/07\/TAAHHUT-EVRAKI-VE-SOZLESME-TASARILARI-ON-MALI-KONTROLUNUN-IS-AKIS-SURECI.doc\">TAAHH\u00dcT EVRAKI VE S\u00d6ZLE\u015eME TASARILARI \u00d6N MAL\u0130 KONTROL\u00dcN\u00dcN \u0130\u015e AKI\u015e S\u00dcREC\u0130<\/a><\/h2>\t\t\t\t<\/div>\n\t\t\t\t<\/div>\n\t\t\t\t<div class=\"elementor-element elementor-element-42fcf23 elementor-widget elementor-widget-heading\" data-id=\"42fcf23\" data-element_type=\"widget\" data-widget_type=\"heading.default\">\n\t\t\t\t<div class=\"elementor-widget-container\">\n\t\t\t\t\t<h2 class=\"elementor-heading-title elementor-size-small\"><a href=\"https:\/\/birimler.atauni.edu.tr\/strateji-gelistirme-daire-baskanligi\/wp-content\/uploads\/sites\/221\/2020\/07\/TUBITAK-ODEMELERI-IS-SURECI.doc\">T\u00dcB\u0130TAK \u00d6DEMELER\u0130 \u0130\u015e S\u00dcREC\u0130<\/a><\/h2>\t\t\t\t<\/div>\n\t\t\t\t<\/div>\n\t\t\t\t<div class=\"elementor-element elementor-element-351cb4f elementor-widget elementor-widget-heading\" data-id=\"351cb4f\" data-element_type=\"widget\" data-widget_type=\"heading.default\">\n\t\t\t\t<div class=\"elementor-widget-container\">\n\t\t\t\t\t<h2 class=\"elementor-heading-title elementor-size-small\"><a href=\"https:\/\/birimler.atauni.edu.tr\/strateji-gelistirme-daire-baskanligi\/wp-content\/uploads\/sites\/221\/2020\/07\/VERGI-ODEMELERI-IS-SURECI.doc\">VERG\u0130 \u00d6DEMELER\u0130 \u0130\u015e S\u00dcREC\u0130<\/a><\/h2>\t\t\t\t<\/div>\n\t\t\t\t<\/div>\n\t\t\t\t\t<\/div>\n\t\t<\/div>\n\t\t\t\t\t<\/div>\n\t\t<\/section>\n\t\t\t\t<\/div>\n\t\t","protected":false},"excerpt":{"rendered":"<p>ATAT\u00dcRK \u00dcN\u0130VERS\u0130TES\u0130 \u0130\u00c7 KONTROL STANDARTLARI EYLEM PLANI EK-1 BA\u015eKANLIK \u015eEMASI 2022 \u0130CRA TAHAKKUKU \u0130\u015e S\u00dcREC\u0130 \u0130\u00c7 TAL\u0130MAT G\u00d6REV VE SORUMLULUKLAR 2022 (7) MAA\u015e \u00d6DEMELER\u0130 \u0130\u015e S\u00dcREC\u0130 R\u0130SK KAYIT FORMU SATINLAMA EVRAKLARININ \u00d6DEME S\u00dcREC\u0130 \u0130\u015e AKI\u015eI SGK \u00d6DEMELER\u0130 \u0130\u015e AKI\u015e S\u00dcREC\u0130 STRATEJ\u0130 GEL\u0130\u015eT\u0130RME DA\u0130RE BA\u015eKANLI\u011eINCA TESP\u0130T ED\u0130LEN HASSAS G\u00d6REVLER TAAHH\u00dcT EVRAKI VE S\u00d6ZLE\u015eME TASARILARI \u00d6N MAL\u0130 [&hellip;]<\/p>\n","protected":false},"author":199,"featured_media":0,"parent":0,"menu_order":0,"comment_status":"closed","ping_status":"closed","template":"","meta":{"footnotes":""},"class_list":["post-6881","page","type-page","status-publish","hentry"],"_links":{"self":[{"href":"https:\/\/atauni.edu.tr\/strateji-gelistirme-daire-baskanligi\/wp-json\/wp\/v2\/pages\/6881","targetHints":{"allow":["GET"]}}],"collection":[{"href":"https:\/\/atauni.edu.tr\/strateji-gelistirme-daire-baskanligi\/wp-json\/wp\/v2\/pages"}],"about":[{"href":"https:\/\/atauni.edu.tr\/strateji-gelistirme-daire-baskanligi\/wp-json\/wp\/v2\/types\/page"}],"author":[{"embeddable":true,"href":"https:\/\/atauni.edu.tr\/strateji-gelistirme-daire-baskanligi\/wp-json\/wp\/v2\/users\/199"}],"replies":[{"embeddable":true,"href":"https:\/\/atauni.edu.tr\/strateji-gelistirme-daire-baskanligi\/wp-json\/wp\/v2\/comments?post=6881"}],"version-history":[{"count":40,"href":"https:\/\/atauni.edu.tr\/strateji-gelistirme-daire-baskanligi\/wp-json\/wp\/v2\/pages\/6881\/revisions"}],"predecessor-version":[{"id":6922,"href":"https:\/\/atauni.edu.tr\/strateji-gelistirme-daire-baskanligi\/wp-json\/wp\/v2\/pages\/6881\/revisions\/6922"}],"wp:attachment":[{"href":"https:\/\/atauni.edu.tr\/strateji-gelistirme-daire-baskanligi\/wp-json\/wp\/v2\/media?parent=6881"}],"curies":[{"name":"wp","href":"https:\/\/api.w.org\/{rel}","templated":true}]}}