{"id":5765,"date":"2021-07-13T12:56:51","date_gmt":"2021-07-13T09:56:51","guid":{"rendered":"https:\/\/portaltest.atauni.edu.tr\/bilgisayar-muhendisligi\/?page_id=5765"},"modified":"2021-08-27T15:48:18","modified_gmt":"2021-08-27T12:48:18","slug":"anabilim-dallari","status":"publish","type":"page","link":"https:\/\/atauni.edu.tr\/su-urunleri-avlama-ve-isleme-teknolojisi-bolumu\/anabilim-dallari\/","title":{"rendered":"Anabilim Dallar\u0131"},"content":{"rendered":"\t\t<div data-elementor-type=\"wp-page\" data-elementor-id=\"5765\" class=\"elementor elementor-5765\" data-elementor-post-type=\"page\">\n\t\t\t\t\t\t<section class=\"elementor-section elementor-top-section elementor-element elementor-element-730d320 elementor-section-boxed elementor-section-height-default elementor-section-height-default\" data-id=\"730d320\" data-element_type=\"section\">\n\t\t\t\t\t\t<div class=\"elementor-container elementor-column-gap-default\">\n\t\t\t\t\t<div class=\"elementor-column elementor-col-100 elementor-top-column elementor-element elementor-element-753d0860\" data-id=\"753d0860\" data-element_type=\"column\">\n\t\t\t<div class=\"elementor-widget-wrap\">\n\t\t\t\t\t\t\t<\/div>\n\t\t<\/div>\n\t\t\t\t\t<\/div>\n\t\t<\/section>\n\t\t\t\t<section class=\"elementor-section elementor-top-section elementor-element elementor-element-9be811a elementor-section-boxed elementor-section-height-default elementor-section-height-default\" data-id=\"9be811a\" data-element_type=\"section\">\n\t\t\t\t\t\t<div class=\"elementor-container elementor-column-gap-default\">\n\t\t\t\t\t<div class=\"elementor-column elementor-col-100 elementor-top-column elementor-element elementor-element-1ed847b7\" data-id=\"1ed847b7\" data-element_type=\"column\">\n\t\t\t<div class=\"elementor-widget-wrap elementor-element-populated\">\n\t\t\t\t\t\t<div class=\"elementor-element elementor-element-4ce0d07f elementor-widget elementor-widget-heading\" data-id=\"4ce0d07f\" data-element_type=\"widget\" data-widget_type=\"heading.default\">\n\t\t\t\t<div class=\"elementor-widget-container\">\n\t\t\t\t\t<h2 class=\"elementor-heading-title elementor-size-default\">Anabilim Dallar\u0131<\/h2>\t\t\t\t<\/div>\n\t\t\t\t<\/div>\n\t\t\t\t<div class=\"elementor-element elementor-element-63260862 elementor-widget-divider--view-line elementor-widget elementor-widget-divider\" data-id=\"63260862\" data-element_type=\"widget\" data-widget_type=\"divider.default\">\n\t\t\t\t<div class=\"elementor-widget-container\">\n\t\t\t\t\t\t\t<div class=\"elementor-divider\">\n\t\t\t<span class=\"elementor-divider-separator\">\n\t\t\t\t\t\t<\/span>\n\t\t<\/div>\n\t\t\t\t\t\t<\/div>\n\t\t\t\t<\/div>\n\t\t\t\t\t<\/div>\n\t\t<\/div>\n\t\t\t\t\t<\/div>\n\t\t<\/section>\n\t\t\t\t<section class=\"elementor-section elementor-top-section elementor-element elementor-element-681db8b elementor-section-boxed elementor-section-height-default elementor-section-height-default\" data-id=\"681db8b\" data-element_type=\"section\">\n\t\t\t\t\t\t<div class=\"elementor-container elementor-column-gap-default\">\n\t\t\t\t\t<div class=\"elementor-column elementor-col-100 elementor-top-column elementor-element elementor-element-ad4dac5\" data-id=\"ad4dac5\" data-element_type=\"column\">\n\t\t\t<div class=\"elementor-widget-wrap elementor-element-populated\">\n\t\t\t\t\t\t<div class=\"elementor-element elementor-element-2f96b3d elementor-widget elementor-widget-text-editor\" data-id=\"2f96b3d\" data-element_type=\"widget\" data-widget_type=\"text-editor.default\">\n\t\t\t\t<div class=\"elementor-widget-container\">\n\t\t\t\t\t\t\t\t\t<p>Su \u00dcr\u00fcnleri Avlama ve \u0130\u015fleme Teknolojisi B\u00f6l\u00fcm\u00fc, anabilim dallar\u0131 ile birlikte zengin bir akademik yap\u0131ya sahiptir. B\u00f6l\u00fcm\u00fcn anabilim dallar\u0131, su \u00fcr\u00fcnleri avc\u0131l\u0131\u011f\u0131, i\u015fleme teknolojisi ve ilgili alanlara odaklanmaktad\u0131r.<\/p>\n<p>Anabilim dallar\u0131 aras\u0131nda su \u00fcr\u00fcnleri avc\u0131l\u0131\u011f\u0131nda kullan\u0131lan teknikler, ekipmanlar ve y\u00f6ntemler v\u1ec1 a\u011f\u0131rl\u0131kl\u0131 olarak ele al\u0131nmaktad\u0131r. Ayr\u0131ca, su \u00fcr\u00fcnlerinin i\u015flenmesi, muhafazas\u0131 ve pazarlanmas\u0131yla ilgili konular da anabilim dallar\u0131 kapsam\u0131nda derinlemesine incelenmektedir.<\/p>\n<p>Bu anabilim dallar\u0131, \u00f6\u011frencilere su \u00fcr\u00fcnleri sekt\u00f6r\u00fcn\u00fcn temelini olu\u015fturan avlama ve i\u015fleme teknolojisi hakk\u0131nda geni\u015f bir perspektif sunar. \u00d6\u011frenciler, teorik ve pratik e\u011fitimlerle birlikte sekt\u00f6re haz\u0131r, bilgili ve yetkin bireyler olarak yeti\u015ftirilmektedir.<\/p>\n<p>Anabilim dallar\u0131, su \u00fcr\u00fcnleri sekt\u00f6r\u00fcn\u00fcn geli\u015fimi i\u00e7in gerekli olan bilimsel ara\u015ft\u0131rmalar\u0131 da desteklemektedir. B\u00f6l\u00fcm\u00fcn akademik kadrosu, sekt\u00f6rle i\u015fbirli\u011fi i\u00e7inde yeni tekniklerin ve teknolojilerin geli\u015ftirilmesine katk\u0131da bulunmaktad\u0131r.<\/p>\t\t\t\t\t\t\t\t<\/div>\n\t\t\t\t<\/div>\n\t\t\t\t\t<\/div>\n\t\t<\/div>\n\t\t\t\t\t<\/div>\n\t\t<\/section>\n\t\t\t\t<\/div>\n\t\t","protected":false},"excerpt":{"rendered":"<p>Anabilim Dallar\u0131 Lorem Ipsum Nedir? Lorem Ipsum, dizgi ve bask\u0131 end\u00fcstrisinde kullan\u0131lan m\u0131g\u0131r metinlerdir. Lorem Ipsum, ad\u0131 bilinmeyen bir matbaac\u0131n\u0131n bir hurufat numune kitab\u0131 olu\u015fturmak \u00fczere bir yaz\u0131 galerisini alarak kar\u0131\u015ft\u0131rd\u0131\u011f\u0131 1500&#8217;lerden beri end\u00fcstri standard\u0131 sahte metinler olarak kullan\u0131lm\u0131\u015ft\u0131r. Be\u015fy\u00fcz y\u0131l boyunca varl\u0131\u011f\u0131n\u0131 s\u00fcrd\u00fcrmekle kalmam\u0131\u015f, ayn\u0131 zamanda pek de\u011fi\u015fmeden elektronik dizgiye de s\u0131\u00e7ram\u0131\u015ft\u0131r. 1960&#8217;larda Lorem [&hellip;]<\/p>\n","protected":false},"author":1,"featured_media":0,"parent":0,"menu_order":0,"comment_status":"closed","ping_status":"closed","template":"elementor_header_footer","meta":{"footnotes":""},"class_list":["post-5765","page","type-page","status-publish","hentry"],"_links":{"self":[{"href":"https:\/\/atauni.edu.tr\/su-urunleri-avlama-ve-isleme-teknolojisi-bolumu\/wp-json\/wp\/v2\/pages\/5765","targetHints":{"allow":["GET"]}}],"collection":[{"href":"https:\/\/atauni.edu.tr\/su-urunleri-avlama-ve-isleme-teknolojisi-bolumu\/wp-json\/wp\/v2\/pages"}],"about":[{"href":"https:\/\/atauni.edu.tr\/su-urunleri-avlama-ve-isleme-teknolojisi-bolumu\/wp-json\/wp\/v2\/types\/page"}],"author":[{"embeddable":true,"href":"https:\/\/atauni.edu.tr\/su-urunleri-avlama-ve-isleme-teknolojisi-bolumu\/wp-json\/wp\/v2\/users\/1"}],"replies":[{"embeddable":true,"href":"https:\/\/atauni.edu.tr\/su-urunleri-avlama-ve-isleme-teknolojisi-bolumu\/wp-json\/wp\/v2\/comments?post=5765"}],"version-history":[{"count":8,"href":"https:\/\/atauni.edu.tr\/su-urunleri-avlama-ve-isleme-teknolojisi-bolumu\/wp-json\/wp\/v2\/pages\/5765\/revisions"}],"predecessor-version":[{"id":6082,"href":"https:\/\/atauni.edu.tr\/su-urunleri-avlama-ve-isleme-teknolojisi-bolumu\/wp-json\/wp\/v2\/pages\/5765\/revisions\/6082"}],"wp:attachment":[{"href":"https:\/\/atauni.edu.tr\/su-urunleri-avlama-ve-isleme-teknolojisi-bolumu\/wp-json\/wp\/v2\/media?parent=5765"}],"curies":[{"name":"wp","href":"https:\/\/api.w.org\/{rel}","templated":true}]}}