{"id":5572,"date":"2021-07-13T09:18:40","date_gmt":"2021-07-13T06:18:40","guid":{"rendered":"https:\/\/portaltest.atauni.edu.tr\/muhendislik-fakultesi\/?page_id=5572"},"modified":"2023-09-27T15:25:49","modified_gmt":"2023-09-27T12:25:49","slug":"yonetim","status":"publish","type":"page","link":"https:\/\/atauni.edu.tr\/su-urunleri-fakultesi\/yonetim\/","title":{"rendered":"Y\u00f6netim"},"content":{"rendered":"\t\t<div data-elementor-type=\"wp-page\" data-elementor-id=\"5572\" class=\"elementor elementor-5572\" data-elementor-post-type=\"page\">\n\t\t\t\t\t\t<section class=\"elementor-section elementor-top-section elementor-element elementor-element-120efec elementor-section-boxed elementor-section-height-default elementor-section-height-default\" data-id=\"120efec\" data-element_type=\"section\">\n\t\t\t\t\t\t<div class=\"elementor-container elementor-column-gap-default\">\n\t\t\t\t\t<div class=\"elementor-column elementor-col-100 elementor-top-column elementor-element elementor-element-b8529a9\" data-id=\"b8529a9\" data-element_type=\"column\">\n\t\t\t<div class=\"elementor-widget-wrap elementor-element-populated\">\n\t\t\t\t\t\t<div class=\"elementor-element elementor-element-ae0c780 elementor-widget elementor-widget-heading\" data-id=\"ae0c780\" data-element_type=\"widget\" data-widget_type=\"heading.default\">\n\t\t\t\t<div class=\"elementor-widget-container\">\n\t\t\t\t\t<h2 class=\"elementor-heading-title elementor-size-default\">Y\u00f6netim<\/h2>\t\t\t\t<\/div>\n\t\t\t\t<\/div>\n\t\t\t\t<div class=\"elementor-element elementor-element-0ef2b03 elementor-widget-divider--view-line elementor-widget elementor-widget-divider\" data-id=\"0ef2b03\" data-element_type=\"widget\" data-widget_type=\"divider.default\">\n\t\t\t\t<div class=\"elementor-widget-container\">\n\t\t\t\t\t\t\t<div class=\"elementor-divider\">\n\t\t\t<span class=\"elementor-divider-separator\">\n\t\t\t\t\t\t<\/span>\n\t\t<\/div>\n\t\t\t\t\t\t<\/div>\n\t\t\t\t<\/div>\n\t\t\t\t\t<\/div>\n\t\t<\/div>\n\t\t\t\t\t<\/div>\n\t\t<\/section>\n\t\t\t\t<section class=\"elementor-section elementor-top-section elementor-element elementor-element-6df1979 elementor-section-boxed elementor-section-height-default elementor-section-height-default\" data-id=\"6df1979\" data-element_type=\"section\">\n\t\t\t\t\t\t<div class=\"elementor-container elementor-column-gap-default\">\n\t\t\t\t\t<div class=\"elementor-column elementor-col-100 elementor-top-column elementor-element elementor-element-38fab90\" data-id=\"38fab90\" data-element_type=\"column\">\n\t\t\t<div class=\"elementor-widget-wrap elementor-element-populated\">\n\t\t\t\t\t\t<div class=\"elementor-element elementor-element-4f75269 elementor-widget elementor-widget-shortcode\" data-id=\"4f75269\" data-element_type=\"widget\" data-widget_type=\"shortcode.default\">\n\t\t\t\t<div class=\"elementor-widget-container\">\n\t\t\t\t\t            <div class=\"accordion\" id=\"personel-kart\">\n                <div class=\"card p-liste\">\n                    <div class=\"card-header \" id=\"p-0\">\n                        <h2 class=\"mb-0\">\n                            <button class=\"btn btn-link collapsed\" type=\"button\" data-toggle=\"collapse\"\n                                    data-target=\"#k-0\"\n                                    aria-expanded=\"false\" aria-controls=\"collapseOne\">\n                                <span class=\"unvan\">Dekan<\/span>\n                                Prof. Dr. Telat Yan\u0131k                            <\/button>\n                        <\/h2>\n                    <\/div>\n                    <div id=\"k-0\" class=\"collapse\" aria-labelledby=\"p-0\"\n                         data-parent=\"#personel-kart\" style=\"\">\n                        <div class=\"card-body\">\n                            <div class=\"row\">\n                                <div class=\"col-3 kart-resim\">\n                                    <img decoding=\"async\" src=\"\/\/eski.atauni.edu.tr\/resizer.php?w=189&amp;h=228&amp;zc=1&amp;src=\/uploads\/profilResimleriSha1\/8fff042e845b259ef42c6c4b479dd4a7.png\"\n                                         class=\"img-fluid\">\n                                <\/div>\n                                <div class=\"col-7\">\n                                    <h3 class=\"kart-baslik kart-baslik-yonetim\">Dekan<\/h3>\n                                    <div class=\"row\">\n                                        <div class=\"ad-soyad\">Prof. Dr. Telat Yan\u0131k<\/div>\n                                        <div class=\"birim\">Yeti\u015ftiricilik Anabilim Dal\u0131<\/div>\n                                        <div class=\"bilgiler\">\n                                            <strong>E-Posta<\/strong>tyanik@atauni.edu.tr                                        <\/div>\n                                                                                <div class=\"bilgiler\"><strong>Profil<\/strong> <a target=\"_blank\"\n                                         href=\"http:\/\/avesis.atauni.edu.tr\/tyanik\">https:\/\/avesis.atauni.edu.tr\/tyanik<\/a>\n                                        <\/div>\n                                        <div class=\"bilgiler\">\n                                            <strong>Telefon<\/strong>\n                                            +90 442 231                                           (6095)&nbsp;\n                                        <\/div>\n                                        <div class=\"bilgiler\"><strong>Posta Adresi<\/strong> \n                                        <span class=\"posta\">\n                                                                                                Atat\u00fcrk \u00dcniversitesi Su \u00dcr\u00fcnleri Fak\u00fcltesi 25240 ERZURUM                                                                                                                                                                                                                                                                                                                                                                                                                                                                                                                                            <\/span>\n                                        <\/div>\n                                    <\/div>\n                                <\/div>\n                                <div class=\"col-10 kart-egitim\">\n                                    <h3>E\u011fitim<\/h3>\n                                    <ul>\n\n                                                                                        <li>Y\u00fcksek Lisans, Atat\u00fcrk \u00dcniversitesi, Su \u00dcr\u00fcnleri B\u00f6l\u00fcm\u00fc, 1991 <\/li>\n\n\n                                                                                                <li>Lisans, Atat\u00fcrk \u00dcniversitesi, Zootekni B\u00f6l\u00fcm\u00fc, 1988 <\/li>\n\n\n                                                                                                <li>Lisans, Anadolu \u00dcniversitesi, Uluslararasi Ili\u015fkiler B\u00f6l\u00fcm\u00fc,  <\/li>\n\n\n                                                                                                <li>Doktora, Atat\u00fcrk \u00dcniversitesi, Su \u00dcr\u00fcnleri B\u00f6l\u00fcm\u00fc, 1996 <\/li>\n\n\n                                                \n                                    <\/ul>\n                                <\/div>\n                                 <!--<div class=\"col-2 qr\">\n                                    <img decoding=\"async\" src=\"https:\/\/chart.googleapis.com\/chart?chs=100x100&amp;cht=qr&amp;chl=BEGIN:VCARD%0AVERSION:3.0%0ATITLE:%0AN:Telat%20Yan\u0131k%0ATEL;type=WORK:%2B904422316095%0AEMAIL:tyanik@atauni.edu.tr%0AEND:VCARD\"\n                                         class=\"img-fluid qr\">\n                                <\/div>-->\n                            <\/div>\n                        <\/div>\n                    <\/div>\n                <\/div>\n            <\/div>\n\n\n                    <div class=\"accordion\" id=\"personel-kart\">\n            <div class=\"card p-liste\">\n                <div class=\"card-header \" id=\"p-1\">\n                    <h2 class=\"mb-0\">\n                        <button class=\"btn btn-link collapsed\" type=\"button\" data-toggle=\"collapse\"\n                                data-target=\"#k-1\"\n                                aria-expanded=\"false\" aria-controls=\"collapseOne\">\n                            <span class=\"unvan\">Dekan Yard\u0131mc\u0131s\u0131<\/span>\n                            Do\u00e7. Dr. G\u00f6khan Arslan                        <\/button>\n                    <\/h2>\n                <\/div>\n\n                <div id=\"k-1\" class=\"collapse\" aria-labelledby=\"p-1\"\n                     data-parent=\"#personel-kart\" style=\"\">\n                    <div class=\"card-body\">\n                        <div class=\"row\">\n                            <div class=\"col-3 kart-resim\">\n                                <img decoding=\"async\" src=\"\/\/eski.atauni.edu.tr\/resizer.php?w=189&amp;h=228&amp;zc=1&amp;src=\/uploads\/profilResimleriSha1\/892719a89ddecf1f49500a495bf69b95.png\"\n                                     class=\"img-fluid\">\n                            <\/div>\n                            <div class=\"col-7\">\n                                <h3 class=\"kart-baslik kart-baslik-yonetim\">Dekan Yard\u0131mc\u0131s\u0131<\/h3>\n                                <div class=\"row\">\n                                    <div class=\"ad-soyad\">Do\u00e7. Dr. G\u00f6khan Arslan<\/div>\n                                    <div class=\"birim\">\u0130\u015fleme Teknolojisi Anabilim Dal\u0131<\/div>\n                                    <div class=\"bilgiler\"><strong>E-Posta<\/strong>gokhan.arslan@atauni.edu.tr                                    <\/div>\n                                                                        <div class=\"bilgiler\"><strong>Profil<\/strong> <a target=\"_blank\"\n                                     href=\"http:\/\/avesis.atauni.edu.tr\/gokhan.arslan\">https:\/\/avesis.atauni.edu.tr\/gokhan.arslan<\/a>\n                                    <\/div>\n                                    <div class=\"bilgiler\">\n                                        <strong>Telefon<\/strong>\n                                        +90 442 231                                        (8752)&nbsp;\n                                    <\/div>\n                                    <div class=\"bilgiler\"><strong>Posta Adresi<\/strong> \n                                   <span class=\"posta\">\n                                 \n                                                                                           Atat\u00fcrk \u00dcniversitesi Su \u00dcr\u00fcnleri Fak\u00fcltesi 25240 ERZURUM                                                                                                                                                                                                                                                                                                                                                                                                                                                                                                                                               \n                                           \n                                        <\/span>\n                                    <\/div>\n                                <\/div>\n                            <\/div>\n                            <div class=\"col-10 kart-egitim\">\n\n                            \n                                <h3>E\u011fitim<\/h3>\n                                <ul>\n\n                                                                                <li>Doktora, Atat\u00fcrk \u00dcniversitesi, , 2017 <\/li>\n\n\n                                                                                        <li>Y\u00fcksek Lisans, Atat\u00fcrk \u00dcniversitesi, , 2009 <\/li>\n\n\n                                                                                        <li>Lisans, Atat\u00fcrk \u00dcniversitesi, , 2003 <\/li>\n\n\n                                            \n                                <\/ul>\n\n                               \n\n                            <\/div>\n                             <!--<div class=\"col-2 qr\">\n                                <img decoding=\"async\" src=\"https:\/\/chart.googleapis.com\/chart?chs=100x100&amp;cht=qr&amp;chl=BEGIN:VCARD%0AVERSION:3.0%0ATITLE:%0AN:G\u00f6khan%20Arslan%0ATEL;type=WORK:%2B904422318752%0AEMAIL:gokhan.arslan@atauni.edu.tr%0AEND:VCARD\"\n                                     class=\"img-fluid qr\">\n                            <\/div>-->\n                        <\/div>\n                    <\/div>\n                <\/div>\n            <\/div>\n        <\/div>\n\n\n                <div class=\"accordion\" id=\"personel-kart\">\n            <div class=\"card p-liste\">\n                <div class=\"card-header \" id=\"p-2\">\n                    <h2 class=\"mb-0\">\n                        <button class=\"btn btn-link collapsed\" type=\"button\" data-toggle=\"collapse\"\n                                data-target=\"#k-2\"\n                                aria-expanded=\"false\" aria-controls=\"collapseOne\">\n                            <span class=\"unvan\">Dekan Yard\u0131mc\u0131s\u0131<\/span>\n                            Dr. \u00d6\u011fr. \u00dcyesi Esat Mahmut Kocaman                        <\/button>\n                    <\/h2>\n                <\/div>\n\n                <div id=\"k-2\" class=\"collapse\" aria-labelledby=\"p-2\"\n                     data-parent=\"#personel-kart\" style=\"\">\n                    <div class=\"card-body\">\n                        <div class=\"row\">\n                            <div class=\"col-3 kart-resim\">\n                                <img decoding=\"async\" src=\"\/\/eski.atauni.edu.tr\/resizer.php?w=189&amp;h=228&amp;zc=1&amp;src=\/uploads\/profilResimleriSha1\/82e56c75ea91a2b68546f80d2808584b.png\"\n                                     class=\"img-fluid\">\n                            <\/div>\n                            <div class=\"col-7\">\n                                <h3 class=\"kart-baslik kart-baslik-yonetim\">Dekan Yard\u0131mc\u0131s\u0131<\/h3>\n                                <div class=\"row\">\n                                    <div class=\"ad-soyad\">Dr. \u00d6\u011fr. \u00dcyesi Esat Mahmut Kocaman<\/div>\n                                    <div class=\"birim\">Yeti\u015ftiricilik Anabilim Dal\u0131<\/div>\n                                    <div class=\"bilgiler\"><strong>E-Posta<\/strong>ekocaman@atauni.edu.tr                                    <\/div>\n                                                                        <div class=\"bilgiler\"><strong>Profil<\/strong> <a target=\"_blank\"\n                                     href=\"http:\/\/avesis.atauni.edu.tr\/ekocaman\">https:\/\/avesis.atauni.edu.tr\/ekocaman<\/a>\n                                    <\/div>\n                                    <div class=\"bilgiler\">\n                                        <strong>Telefon<\/strong>\n                                        +90 442 231                                        (8753)&nbsp;\n                                    <\/div>\n                                    <div class=\"bilgiler\"><strong>Posta Adresi<\/strong> \n                                   <span class=\"posta\">\n                                 \n                                                                                           Atat\u00fcrk \u00dcniversitesi Su \u00dcr\u00fcnleri Fak\u00fcltesi 25240 ERZURUM                                                                                                                                                                                                                                                                                                                                                                                                                                                                                                                                               \n                                           \n                                        <\/span>\n                                    <\/div>\n                                <\/div>\n                            <\/div>\n                            <div class=\"col-10 kart-egitim\">\n\n                            \n                                <h3>E\u011fitim<\/h3>\n                                <ul>\n\n                                                                                <li>Doktora, Atat\u00fcrk \u00dcniversitesi, Zootekni B\u00f6l\u00fcm\u00fc, 1994 <\/li>\n\n\n                                                                                        <li>Y\u00fcksek Lisans, Atat\u00fcrk \u00dcniversitesi, Zootekni B\u00f6l\u00fcm\u00fc, 1992 <\/li>\n\n\n                                                                                        <li>Lisans, Atat\u00fcrk \u00dcniversitesi, , 1990 <\/li>\n\n\n                                            \n                                <\/ul>\n\n                               \n\n                            <\/div>\n                             <!--<div class=\"col-2 qr\">\n                                <img decoding=\"async\" src=\"https:\/\/chart.googleapis.com\/chart?chs=100x100&amp;cht=qr&amp;chl=BEGIN:VCARD%0AVERSION:3.0%0ATITLE:%0AN:Esat Mahmut%20Kocaman%0ATEL;type=WORK:%2B904422318753%0AEMAIL:ekocaman@atauni.edu.tr%0AEND:VCARD\"\n                                     class=\"img-fluid qr\">\n                            <\/div>-->\n                        <\/div>\n                    <\/div>\n                <\/div>\n            <\/div>\n        <\/div>\n\n\n                <div class=\"accordion\" id=\"personel-kart\">\n            <div class=\"card p-liste\">\n                <div class=\"card-header \" id=\"p-3\">\n                    <h2 class=\"mb-0\">\n                        <button class=\"btn btn-link collapsed\" type=\"button\" data-toggle=\"collapse\"\n                                data-target=\"#k-3\"\n                                aria-expanded=\"false\" aria-controls=\"collapseOne\">\n                            <span class=\"unvan\">Fak\u00fclte Sekreteri<\/span>\n                            Fak. Sek. \u015eahin G\u00f6k\u00e7eno\u011flu                        <\/button>\n                    <\/h2>\n                <\/div>\n\n                <div id=\"k-3\" class=\"collapse\" aria-labelledby=\"p-3\"\n                     data-parent=\"#personel-kart\" style=\"\">\n                    <div class=\"card-body\">\n                        <div class=\"row\">\n                            <div class=\"col-3 kart-resim\">\n                                <img decoding=\"async\" src=\"\/\/eski.atauni.edu.tr\/resizer.php?w=189&amp;h=228&amp;zc=1&amp;src=\/uploads\/profilResimleriSha1\/7ee3135dc5c499e00d41cb94790f1916.png\"\n                                     class=\"img-fluid\">\n                            <\/div>\n                            <div class=\"col-7\">\n                                <h3 class=\"kart-baslik kart-baslik-yonetim\">Fak\u00fclte Sekreteri<\/h3>\n                                <div class=\"row\">\n                                    <div class=\"ad-soyad\">Fak. Sek. \u015eahin G\u00f6k\u00e7eno\u011flu<\/div>\n                                    <div class=\"birim\">Su \u00dcr\u00fcnleri Fak\u00fcltesi<\/div>\n                                    <div class=\"bilgiler\"><strong>E-Posta<\/strong>sgokcenoglu@atauni.edu.tr                                    <\/div>\n                                                                        <div class=\"bilgiler\"><strong>Profil<\/strong> <a target=\"_blank\"\n                                     href=\"http:\/\/avesis.atauni.edu.tr\/sgokcenoglu\">https:\/\/avesis.atauni.edu.tr\/sgokcenoglu<\/a>\n                                    <\/div>\n                                    <div class=\"bilgiler\">\n                                        <strong>Telefon<\/strong>\n                                        +90 442 231                                        (0442231 8750)&nbsp;\n                                    <\/div>\n                                    <div class=\"bilgiler\"><strong>Posta Adresi<\/strong> <span\n                                                class=\"posta\">\n                                                                                                        Atat\u00fcrk \u00dcniversitesi Su \u00dcr\u00fcnleri Fak\u00fcltesi 25240 ERZURUM                                                                                                                                                                                                                                                                                                                                                                                                                                                                                                                                                <\/span>\n                                    <\/div>\n                                <\/div>\n                            <\/div>\n                            <div class=\"col-10 kart-egitim\">\n                                <h3>E\u011fitim<\/h3>\n                                <ul>\n\n                                    \n                                <\/ul>\n                            <\/div>\n                             <!--<div class=\"col-2 qr\">\n                                <img decoding=\"async\" src=\"https:\/\/chart.googleapis.com\/chart?chs=100x100&amp;cht=qr&amp;chl=BEGIN:VCARD%0AVERSION:3.0%0ATITLE:%0AN:\u015eahin%20G\u00f6k\u00e7eno\u011flu%0ATEL;type=WORK:%2B904422310442231 8750%0AEMAIL:sgokcenoglu@atauni.edu.tr%0AEND:VCARD\"\n                                     class=\"img-fluid qr\">\n                            <\/div>-->\n                        <\/div>\n                    <\/div>\n                <\/div>\n            <\/div>\n        <\/div>\n\n\n        \t\t<div class=\"elementor-shortcode\"><\/div>\n\t\t\t\t\t\t<\/div>\n\t\t\t\t<\/div>\n\t\t\t\t\t<\/div>\n\t\t<\/div>\n\t\t\t\t\t<\/div>\n\t\t<\/section>\n\t\t\t\t<\/div>\n\t\t","protected":false},"excerpt":{"rendered":"<p>Y\u00f6netim<\/p>\n","protected":false},"author":1,"featured_media":0,"parent":0,"menu_order":0,"comment_status":"closed","ping_status":"closed","template":"","meta":{"footnotes":""},"class_list":["post-5572","page","type-page","status-publish","hentry"],"_links":{"self":[{"href":"https:\/\/atauni.edu.tr\/su-urunleri-fakultesi\/wp-json\/wp\/v2\/pages\/5572","targetHints":{"allow":["GET"]}}],"collection":[{"href":"https:\/\/atauni.edu.tr\/su-urunleri-fakultesi\/wp-json\/wp\/v2\/pages"}],"about":[{"href":"https:\/\/atauni.edu.tr\/su-urunleri-fakultesi\/wp-json\/wp\/v2\/types\/page"}],"author":[{"embeddable":true,"href":"https:\/\/atauni.edu.tr\/su-urunleri-fakultesi\/wp-json\/wp\/v2\/users\/1"}],"replies":[{"embeddable":true,"href":"https:\/\/atauni.edu.tr\/su-urunleri-fakultesi\/wp-json\/wp\/v2\/comments?post=5572"}],"version-history":[{"count":147,"href":"https:\/\/atauni.edu.tr\/su-urunleri-fakultesi\/wp-json\/wp\/v2\/pages\/5572\/revisions"}],"predecessor-version":[{"id":11004,"href":"https:\/\/atauni.edu.tr\/su-urunleri-fakultesi\/wp-json\/wp\/v2\/pages\/5572\/revisions\/11004"}],"wp:attachment":[{"href":"https:\/\/atauni.edu.tr\/su-urunleri-fakultesi\/wp-json\/wp\/v2\/media?parent=5572"}],"curies":[{"name":"wp","href":"https:\/\/api.w.org\/{rel}","templated":true}]}}