{"id":5691,"date":"2021-07-13T10:56:29","date_gmt":"2021-07-13T07:56:29","guid":{"rendered":"https:\/\/portaltest.atauni.edu.tr\/muhendislik-fakultesi\/?page_id=5691"},"modified":"2025-08-13T22:13:10","modified_gmt":"2025-08-13T19:13:10","slug":"yonetim-kurulu","status":"publish","type":"page","link":"https:\/\/atauni.edu.tr\/su-urunleri-fakultesi\/yonetim-kurulu\/","title":{"rendered":"Y\u00f6netim Kurulu"},"content":{"rendered":"\t\t<div data-elementor-type=\"wp-page\" data-elementor-id=\"5691\" class=\"elementor elementor-5691\" data-elementor-post-type=\"page\">\n\t\t\t\t\t\t<section class=\"elementor-section elementor-top-section elementor-element elementor-element-46c2cb5d elementor-section-content-space-between elementor-section-boxed elementor-section-height-default elementor-section-height-default\" data-id=\"46c2cb5d\" data-element_type=\"section\">\n\t\t\t\t\t\t<div class=\"elementor-container elementor-column-gap-no\">\n\t\t\t\t\t<div class=\"elementor-column elementor-col-100 elementor-top-column elementor-element elementor-element-299813e7\" data-id=\"299813e7\" data-element_type=\"column\">\n\t\t\t<div class=\"elementor-widget-wrap elementor-element-populated\">\n\t\t\t\t\t\t<div class=\"elementor-element elementor-element-ea449ef elementor-widget elementor-widget-heading\" data-id=\"ea449ef\" data-element_type=\"widget\" data-widget_type=\"heading.default\">\n\t\t\t\t<div class=\"elementor-widget-container\">\n\t\t\t\t\t<h2 class=\"elementor-heading-title elementor-size-medium\"><br><br>Fak\u00fclte Y\u00f6netim Kurulu<br><\/h2>\t\t\t\t<\/div>\n\t\t\t\t<\/div>\n\t\t\t\t<div class=\"elementor-element elementor-element-272e379 elementor-widget elementor-widget-heading\" data-id=\"272e379\" data-element_type=\"widget\" data-widget_type=\"heading.default\">\n\t\t\t\t<div class=\"elementor-widget-container\">\n\t\t\t\t\t<h1 class=\"elementor-heading-title elementor-size-small\">Prof. Dr. Telat YANIK<\/h1>\t\t\t\t<\/div>\n\t\t\t\t<\/div>\n\t\t\t\t<div class=\"elementor-element elementor-element-9e6d7b2 elementor-widget elementor-widget-heading\" data-id=\"9e6d7b2\" data-element_type=\"widget\" data-widget_type=\"heading.default\">\n\t\t\t\t<div class=\"elementor-widget-container\">\n\t\t\t\t\t<h1 class=\"elementor-heading-title elementor-size-small\">Prof. Dr. Muhammed ATAMANALP<\/h1>\t\t\t\t<\/div>\n\t\t\t\t<\/div>\n\t\t\t\t<div class=\"elementor-element elementor-element-42721c5 elementor-widget elementor-widget-heading\" data-id=\"42721c5\" data-element_type=\"widget\" data-widget_type=\"heading.default\">\n\t\t\t\t<div class=\"elementor-widget-container\">\n\t\t\t\t\t<h1 class=\"elementor-heading-title elementor-size-small\">Prof. Dr. Murat ARSLAN<\/h1>\t\t\t\t<\/div>\n\t\t\t\t<\/div>\n\t\t\t\t<div class=\"elementor-element elementor-element-b7b1a6c elementor-widget elementor-widget-heading\" data-id=\"b7b1a6c\" data-element_type=\"widget\" data-widget_type=\"heading.default\">\n\t\t\t\t<div class=\"elementor-widget-container\">\n\t\t\t\t\t<h1 class=\"elementor-heading-title elementor-size-small\">Prof. Dr. Gonca ALAK<\/h1>\t\t\t\t<\/div>\n\t\t\t\t<\/div>\n\t\t\t\t<div class=\"elementor-element elementor-element-96670ed elementor-widget elementor-widget-heading\" data-id=\"96670ed\" data-element_type=\"widget\" data-widget_type=\"heading.default\">\n\t\t\t\t<div class=\"elementor-widget-container\">\n\t\t\t\t\t<h1 class=\"elementor-heading-title elementor-size-small\">Prof. Dr. Arzu U\u00c7AR<\/h1>\t\t\t\t<\/div>\n\t\t\t\t<\/div>\n\t\t\t\t<div class=\"elementor-element elementor-element-608646b elementor-widget elementor-widget-heading\" data-id=\"608646b\" data-element_type=\"widget\" data-widget_type=\"heading.default\">\n\t\t\t\t<div class=\"elementor-widget-container\">\n\t\t\t\t\t<h1 class=\"elementor-heading-title elementor-size-small\">Do\u00e7. Dr. G\u00f6khan ARSLAN<\/h1>\t\t\t\t<\/div>\n\t\t\t\t<\/div>\n\t\t\t\t<div class=\"elementor-element elementor-element-e54146f elementor-widget elementor-widget-heading\" data-id=\"e54146f\" data-element_type=\"widget\" data-widget_type=\"heading.default\">\n\t\t\t\t<div class=\"elementor-widget-container\">\n\t\t\t\t\t<h1 class=\"elementor-heading-title elementor-size-small\">Dr. \u00d6\u011fr. \u00dcyesi Esat Mahmut KOCAMAN<br><br><br><br><br><br><br><\/h1>\t\t\t\t<\/div>\n\t\t\t\t<\/div>\n\t\t\t\t\t<\/div>\n\t\t<\/div>\n\t\t\t\t\t<\/div>\n\t\t<\/section>\n\t\t\t\t<\/div>\n\t\t","protected":false},"excerpt":{"rendered":"<p>Fak\u00fclte Y\u00f6netim Kurulu Prof. Dr. Telat YANIK Prof. Dr. Muhammed ATAMANALP Prof. Dr. Murat ARSLAN Prof. Dr. Gonca ALAK Prof. Dr. Arzu U\u00c7AR Do\u00e7. Dr. G\u00f6khan ARSLAN Dr. \u00d6\u011fr. \u00dcyesi Esat Mahmut KOCAMAN<\/p>\n","protected":false},"author":1,"featured_media":0,"parent":0,"menu_order":0,"comment_status":"closed","ping_status":"closed","template":"elementor_header_footer","meta":{"footnotes":""},"class_list":["post-5691","page","type-page","status-publish","hentry"],"_links":{"self":[{"href":"https:\/\/atauni.edu.tr\/su-urunleri-fakultesi\/wp-json\/wp\/v2\/pages\/5691","targetHints":{"allow":["GET"]}}],"collection":[{"href":"https:\/\/atauni.edu.tr\/su-urunleri-fakultesi\/wp-json\/wp\/v2\/pages"}],"about":[{"href":"https:\/\/atauni.edu.tr\/su-urunleri-fakultesi\/wp-json\/wp\/v2\/types\/page"}],"author":[{"embeddable":true,"href":"https:\/\/atauni.edu.tr\/su-urunleri-fakultesi\/wp-json\/wp\/v2\/users\/1"}],"replies":[{"embeddable":true,"href":"https:\/\/atauni.edu.tr\/su-urunleri-fakultesi\/wp-json\/wp\/v2\/comments?post=5691"}],"version-history":[{"count":74,"href":"https:\/\/atauni.edu.tr\/su-urunleri-fakultesi\/wp-json\/wp\/v2\/pages\/5691\/revisions"}],"predecessor-version":[{"id":11792,"href":"https:\/\/atauni.edu.tr\/su-urunleri-fakultesi\/wp-json\/wp\/v2\/pages\/5691\/revisions\/11792"}],"wp:attachment":[{"href":"https:\/\/atauni.edu.tr\/su-urunleri-fakultesi\/wp-json\/wp\/v2\/media?parent=5691"}],"curies":[{"name":"wp","href":"https:\/\/api.w.org\/{rel}","templated":true}]}}