{"id":5717,"date":"2021-07-13T11:26:14","date_gmt":"2021-07-13T08:26:14","guid":{"rendered":"https:\/\/portaltest.atauni.edu.tr\/muhendislik-fakultesi\/?page_id=5717"},"modified":"2025-10-14T15:49:10","modified_gmt":"2025-10-14T12:49:10","slug":"komisyonlar","status":"publish","type":"page","link":"https:\/\/atauni.edu.tr\/su-urunleri-fakultesi\/komisyonlar\/","title":{"rendered":"Komisyonlar"},"content":{"rendered":"<p>Su \u00dcr\u00fcnleri Fak\u00fcltesi Organizasyon \u015eemas\u0131<\/p>\n<p><img fetchpriority=\"high\" decoding=\"async\" src=\"http:\/\/birimler.atauni.edu.tr\/su-urunleri-fakultesi\/wp-content\/uploads\/sites\/72\/2020\/07\/organizasyon-semasi.jpeg\" alt=\"\" width=\"1039\" height=\"737\" \/><\/p>\n<h2>KOM\u0130SYONLAR<\/h2>\n<p><strong><u>FAK\u00dcLTE KOM\u0130SYONLARI<\/u><\/strong><\/p>\n<p><strong>Dekanl\u0131\u011f\u0131 temsilen Dekan Yard\u0131mc\u0131lar\u0131 bulunmu\u015f olduklar\u0131 komisyonlarda komisyon ba\u015fkanl\u0131\u011f\u0131n\u0131 y\u00fcr\u00fcteceklerdir.<\/strong><\/p>\n<p><strong>\u00a0<\/strong><strong><u>KR\u0130TER KOM\u0130SYONU<\/u><\/strong><\/p>\n<p>Prof. Dr. Saltuk Bu\u011frahan CEYHUN<\/p>\n<p>Prof. Dr. Gonca ALAK<\/p>\n<p>Prof. Dr. Arzu U\u00c7AR<\/p>\n<p>Do\u00e7. Dr. G\u00f6khan ARSLAN<strong>(Ba\u015fkan)<\/strong><\/p>\n<p><strong><u>PROJE \u00a0KOM\u0130SYONU<\/u><\/strong><\/p>\n<p>Do\u00e7. Dr. \u00d6zden FAKIO\u011eLU<\/p>\n<p>Prof. Dr. Harun ARSLAN<\/p>\n<p>Prof. Dr. Nejdet G\u00dcLTEPE<\/p>\n<p>Dr. \u00d6\u011fr. \u00dcyesi\u00a0Esat Mahmut KOCAMAN<strong>(Ba\u015fkan)<\/strong><\/p>\n<p><strong><u>SATIN ALMA \u00a0KOM\u0130SYONU<\/u><\/strong><\/p>\n<p>Do\u00e7. Dr.\u00a0G\u00f6khan ARSLAN<strong>(Ba\u015fkan)<\/strong><\/p>\n<p>Dr. \u00d6\u011fr. \u00dcyesi Fatih KORKMAZ(\u00dcye)<\/p>\n<p>\u015eef Esra DEM\u0130R(\u00dcye)<\/p>\n<p><strong><u>MUAYENE KABUL KOM\u0130SYONU<\/u><\/strong><\/p>\n<p>Dr. \u00d6\u011fr. Esat Mahmut KOCAMAN(Ba\u015fkan)<\/p>\n<p>Dr. \u00d6\u011fr. \u00dcyesi Fatih KORKMAZ(\u00dcye)<\/p>\n<p><strong><u>E\u011e\u0130T\u0130M-\u00d6\u011eRET\u0130M KOM\u0130SYONU<\/u><\/strong><\/p>\n<p>Prof. Dr. Gonca ALAK<\/p>\n<p>Prof. Dr. Abdulkadir BAYIR<\/p>\n<p>Prof. Dr. Arzu U\u00c7AR<\/p>\n<p>Prof. Dr. Harun ARSLAN<\/p>\n<p>Do\u00e7. Dr.\u00a0Veysel PARLAK<\/p>\n<p>Do\u00e7. Dr. \u00dcyesi G\u00f6khan ARSLAN<strong>(Ba\u015fkan)<\/strong><\/p>\n<p><strong><u>STAJ KOM\u0130SYONU<\/u><\/strong><\/p>\n<p>Prof. Dr. Arzu U\u00c7AR<\/p>\n<p>Do\u00e7. Dr.\u00a0Veysel PARLAK<\/p>\n<p>Dr. \u00d6\u011fr. \u00dcyesi\u00a0E. Mahmut KOCAMAN<strong>(Ba\u015fkan)<\/strong><\/p>\n<p><strong><u>AKADEM\u0130K TE\u015eV\u0130K \u00d6N \u0130NCELEME KOM\u0130SYONU<\/u><\/strong><\/p>\n<p>Prof. Dr. Saltuk Bu\u011frahan CEYHUN<\/p>\n<p>Prof. Dr. Gonca ALAK<\/p>\n<p>Do\u00e7. Dr.\u00a0\u00d6zden FAKIO\u011eLU<\/p>\n<p>Dr. \u00d6\u011fr. \u00dcyesi\u00a0Esat Mahmut KOCAMAN<strong>(Ba\u015fkan)<\/strong><\/p>\n<p><strong><u>BM S\u00dcRD\u00dcR\u00dcLEB\u0130L\u0130R KALKINMA \u00a0HEDEFLER\u0130 FAK\u00dcLTE KOM\u0130SYONU<\/u><\/strong><\/p>\n<p>Prof. Dr. Abdulkadir BAYIR<\/p>\n<p>Prof. Dr. Harun ARSLAN<\/p>\n<p>Dr. \u00d6\u011fr. \u00dcyesi\u00a0Esat Mahmut KOCAMAN<strong>(Ba\u015fkan)<\/strong><\/p>\n<p><strong><u>FAK\u00dcLTE KAL\u0130TE KOM\u0130SYONU<\/u><\/strong><\/p>\n<p>Prof. Dr. Muhammed ATAMANALP<\/p>\n<p>Prof. Dr. Gonca ALAK<\/p>\n<p>Do\u00e7. Dr. Veysel PARLAK<\/p>\n<p>Do\u00e7. Dr. G\u00f6khan ARSLAN <strong>(Ba\u015fkan)<\/strong><\/p>\n<p><strong><u>TOPLUMSAL KATKI KOM\u0130SYONU<\/u><\/strong><\/p>\n<p>Prof. Dr. Abdulkadir BAYIR<\/p>\n<p>Do\u00e7. Dr. Serdar BEKTA\u015e<\/p>\n<p>Do\u00e7. Dr. Veysel PARLAK<\/p>\n<p>Do\u00e7. Dr. G\u00f6khan ARSLAN <strong>(Ba\u015fkan)<\/strong><\/p>\n<p><strong><u>FAK\u00dcLTE DERG\u0130S\u0130 KOM\u0130SYONU<\/u><\/strong><\/p>\n<p>Prof. Dr. Abdulkadir BAYIR<\/p>\n<p>Do\u00e7. Dr. G\u00f6khan ARSLAN <strong>(Ba\u015fkan)<\/strong><\/p>\n<p><strong><u>FAK\u00dcLTE TANITIM KOM\u0130SYONU<\/u><\/strong><\/p>\n<p>Prof. Dr. Gonca ALAK<\/p>\n<p>Prof. Dr. Ahmet TOPAL<\/p>\n<p>Do\u00e7. Dr. G\u00f6khan ARSLAN <strong>(Ba\u015fkan)<\/strong><\/p>\n<p><strong><u>HALKLA \u0130L\u0130\u015eK\u0130LER KOM\u0130SYONU<\/u><\/strong><\/p>\n<p>Prof. Dr. Arzu U\u00c7AR<\/p>\n<p>Prof. Dr. Ahmet TOPAL<\/p>\n<p>Do\u00e7. Dr. G\u00f6khan ARSLAN <strong>(Ba\u015fkan)<\/strong><\/p>\n<p><strong><u>FAAL\u0130YET VE ETK\u0130NL\u0130KLER KOM\u0130SYONU<\/u><\/strong><\/p>\n<p>Prof. Dr. Muhammed ATAMANALP<\/p>\n<p>Prof. Dr. Abdulkadir BAYIR<\/p>\n<p>Prof. Dr. Ahmet TOPAL<\/p>\n<p>Do\u00e7. Dr. \u00d6zden FAKIO\u011eLU<\/p>\n<p>Prof. Dr. Harun ARSLAN<\/p>\n<p>Do\u00e7. Dr. Veysel PARLAK<\/p>\n<p>Prof. Dr. Nejdet G\u00dcLTEPE<\/p>\n<p>Do\u00e7. Dr. G\u00f6khan ARSLAN<strong>(Ba\u015fkan)<\/strong><\/p>\n<p>Do\u00e7. Dr. P\u0131nar O\u011fuzhan YILDIZ<\/p>\n<p><strong><u>\u00d6\u011eRENC\u0130 ETK\u0130NL\u0130KLER\u0130 VE SPORT\u0130F FAAL\u0130YETLER KOM\u0130SYONU<\/u><\/strong><\/p>\n<p>Prof. Dr. Gonca ALAK<\/p>\n<p>Do\u00e7. Dr. Veysel PARLAK<\/p>\n<p>Do\u00e7. Dr. Serdar BEKTA\u015e<\/p>\n<p>Do\u00e7. Dr. G\u00f6khan ARSLAN<strong>(Ba\u015fkan)<\/strong><\/p>\n<p>Do\u00e7. Dr. P\u0131nar O\u011fuzhan YILDIZ<\/p>\n<p><strong><u>STRATEJ\u0130K PLANLAMA KOM\u0130SYONU<\/u><\/strong><\/p>\n<p>Prof. Dr. Murat ARSLAN<\/p>\n<p>Do\u00e7. Dr. Serdar BEKTA\u015e<\/p>\n<p>Prof. Dr. Nejdet G\u00dcLTEPE<\/p>\n<p>Prof. Dr. Harun ARSLAN<\/p>\n<p>Dr. \u00d6\u011fr. \u00dcyesi\u00a0Esat Mahmut KOCAMAN<strong>(Ba\u015fkan)<\/strong><\/p>\n<p><strong><u>DI\u015e \u0130L\u0130\u015eK\u0130LER (ERASMUS, FARAB\u0130, MEVLANA)KOM\u0130SYONU<\/u><\/strong><\/p>\n<p>Prof. Dr. Muhammed ATAMANALP<\/p>\n<p>Prof. Dr. Murat ARSLAN<\/p>\n<p>Dr. \u00d6\u011fr. \u00dcyesi\u00a0Esat Mahmut KOCAMAN<strong>(Ba\u015fkan)<\/strong><\/p>\n<p><strong><u>YATAY VE D\u0130KEY GE\u00c7\u0130\u015e KOM\u0130SYONU<\/u><\/strong><\/p>\n<p>Do\u00e7. Dr. Veysel PARLAK<\/p>\n<p>Prof. Dr. Arzu U\u00c7AR<\/p>\n<p>Do\u00e7. Dr.\u00a0 P\u0131nar O\u011eUZHAN YILDIZ<\/p>\n<p>Dr. \u00d6\u011fr. \u00dcyesi\u00a0Esat Mahmut KOCAMAN<strong>(Ba\u015fkan)<\/strong><\/p>\n<p><strong><u>KRED\u0130 ve AKTS (ECTS) DENKL\u0130K\u00a0 KOM\u0130SYONU<\/u><\/strong><\/p>\n<p>Prof. Dr. Murat ARSLAN<\/p>\n<p>Prof. Dr. Gonca ALAK<\/p>\n<p>Do\u00e7. Dr. \u00d6zden FAKIO\u011eLU<\/p>\n<p>Dr. \u00d6\u011fr. \u00dcyesi\u00a0Esat Mahmut KOCAMAN<strong>(Ba\u015fkan)<\/strong><\/p>\n<p><strong><u>AKRED\u0130TASYON (Z\u0130DEK) KOM\u0130SYONU<\/u><\/strong><\/p>\n<p>Prof. Dr. Muhammed ATAMANALP<\/p>\n<p>Prof. Dr. Murat ARSLAN<\/p>\n<p>Prof. Dr. Arzu U\u00c7AR<\/p>\n<p>Prof. Dr. Ahmet TOPAL<\/p>\n<p>Do\u00e7. Dr. Serdar BEKTA\u015e<\/p>\n<p>Do\u00e7. Dr. Veysel PARLAK<\/p>\n<p>Dr. \u00d6\u011fr. \u00dcyesi Fatih KORKMAZ<\/p>\n<p>Dr. \u00d6\u011fr. \u00dcyesi\u00a0Esat Mahmut KOCAMAN<strong>(Ba\u015fkan)<\/strong><\/p>\n<p><strong><u>DI\u015e PAYDA\u015eLAR KOM\u0130SYONU<\/u><\/strong><\/p>\n<p>Prof. Dr. Abdulkadir BAYIR<\/p>\n<p>Do\u00e7. Dr. Veysel PARLAK<\/p>\n<p>Prof. Dr. Harun ARSLAN<\/p>\n<p>Do\u00e7. Dr. G\u00f6khan ARSLAN<strong>(Ba\u015fkan)<\/strong><\/p>\n<p>Do\u00e7. Dr. P\u0131nar O\u011fuzhan YILDIZ<\/p>\n<p><strong>\u0130\u015eYER\u0130NDE MESLEK\u0130 E\u011e\u0130T\u0130M KOM\u0130SYONU<\/strong><\/p>\n<p>Dr. \u00d6\u011fr. \u00dcyesi Esat Mahmut KOCAMAN <strong>(Ba\u015fkan)<\/strong><\/p>\n<p>Prof. Dr. Arzu U\u00c7AR<\/p>\n<p>Do\u00e7. Dr. Veysel PARLAK<\/p>\n<p>Dr. \u00d6\u011fr. \u00dcyesi Fatih KORKMAZ<\/p>\n<p><strong>\u0130\u015eYER\u0130NDE MESLEK\u0130 E\u011e\u0130T\u0130M DENET\u00c7\u0130 KOM\u0130SYONU<\/strong><\/p>\n<p>Dr. \u00d6\u011fr. \u00dcyesi Esat Mahmut KOCAMAN <strong>(Ba\u015fkan)<\/strong><\/p>\n<p>Prof. Dr. Arzu U\u00c7AR<\/p>\n<p>Do\u00e7. Dr. Veysel PARLAK<\/p>\n<p>Dr. \u00d6\u011fr. \u00dcyesi Fatih KORKMAZ<\/p>\n<p><strong><u>KAR\u0130YER PLANLAMA ve MEZUN TAK\u0130P <\/u><u>KOM\u0130SYONU<\/u><\/strong><\/p>\n<p>Prof. Dr. Arzu U\u00c7AR <strong>(Ba\u015fkan)<\/strong><\/p>\n<p>Do\u00e7. Dr. G\u00f6khan ARSLAN<\/p>\n<p>Dr. \u00d6\u011fr. \u00dcyesi Fatih KORKMAZ<\/p>\n<p><strong><u>B\u00d6L\u00dcMLER BAZINDA KOM\u0130SYONLAR:<\/u><\/strong><\/p>\n<p><strong><u>Akademik Te\u015fvik De\u011ferlendirme Komisyonlar\u0131<\/u><\/strong><\/p>\n<p><strong>B\u00f6l\u00fcm\u00fc\u00a0<\/strong><\/p>\n<p>Su \u00dcr\u00fcnleri Yeti\u015ftiricili\u011fi B\u00f6l\u00fcm\u00fc<\/p>\n<p>Prof. Dr. Murat ARSLAN(Ba\u015fkan)<\/p>\n<p>Prof. Dr. Muhammed ATAMANALP(\u00dcye)<\/p>\n<p>Prof. Dr. Arzu U\u00c7AR(\u00dcye)<\/p>\n<p>Su \u00dcr\u00fcnleri Temel Bilimler B\u00f6l\u00fcm\u00fc<\/p>\n<p>Prof. Dr. Ahmet TOPAL(Ba\u015fkan)<\/p>\n<p>Prof. Dr. Harun ARSLAN(\u00dcye)<\/p>\n<p>Do\u00e7. Dr. Veysel PARLAK(\u00dcye)<\/p>\n<p>Su \u00dcr\u00fcnleri Avlama ve \u0130\u015fleme Teknolojisi B\u00f6l\u00fcm\u00fc<\/p>\n<p>Prof. Dr. Gonca ALAK(Ba\u015fkan)<\/p>\n<p>Do\u00e7. Dr. G\u00f6khan ARSLAN(\u00dcye)<\/p>\n<p>Do\u00e7. Dr. P\u0131nar O\u011eUZHAN YILDIZ<\/p>\n<p><strong>B<u>\u00f6l\u00fcm Faaliyet Koordinat\u00f6rleri<\/u><\/strong><\/p>\n<p><strong>B\u00f6l\u00fcm\u00fc<\/strong><\/p>\n<p><strong>Su \u00dcr\u00fcnleri Yeti\u015ftiricili\u011fi B\u00f6l\u00fcm\u00fc<\/strong><\/p>\n<p><strong>Prof. Dr. Abdulkadir BAYIR(Koordinat\u00f6r)<\/strong><\/p>\n<p><strong>Su \u00dcr\u00fcnleri Temel Bilimleri B\u00f6l\u00fcm\u00fc<\/strong><\/p>\n<p><strong>Prof. Dr. Ahmet TOPAL(Koordinat\u00f6r)<\/strong><\/p>\n<p><strong>Su \u00dcr\u00fcnleri Avlama ve \u0130\u015fleme Teknolojisi B\u00f6l\u00fcm\u00fc<\/strong><\/p>\n<p><strong>Do\u00e7. Dr. P\u0131nar O\u011eUZHAN YILDIZ(Koordinat\u00f6r)<\/strong><\/p>\n<p><strong>B<u>\u00f6l\u00fcm E\u011fitim Koordinat\u00f6rleri<\/u><\/strong><\/p>\n<p><strong>\u00a0B\u00f6l\u00fcm\u00fc<\/strong><\/p>\n<p><strong>Su \u00dcr\u00fcnleri Yeti\u015ftiricili\u011fi B\u00f6l\u00fcm\u00fc<\/strong><\/p>\n<p><strong>Prof. Dr. Arzu U\u00c7AR(Koordinat\u00f6r)<\/strong><\/p>\n<p><strong>Su \u00dcr\u00fcnleri Temel Bilimleri B\u00f6l\u00fcm\u00fc<\/strong><\/p>\n<p>Do\u00e7. Dr. Veysel PARLAK(Koordinat\u00f6r)<\/p>\n<p>Su \u00dcr\u00fcnleri Avlama ve \u0130\u015fleme Teknolojisi B\u00f6l\u00fcm\u00fc<\/p>\n<p>Do\u00e7. Dr. G\u00f6khan ARSLAN<\/p>\n<p><strong><u>B\u00d6L\u00dcMLER BAZINDA KOM\u0130SYONLAR:<\/u><\/strong><\/p>\n<p><strong><u>Akademik Te\u015fvik De\u011ferlendirme Komisyonlar\u0131<\/u><\/strong><\/p>\n<p><strong>B\u00f6l\u00fcm\u00fc\u00a0<\/strong><\/p>\n<p>Su \u00dcr\u00fcnleri Yeti\u015ftiricili\u011fi B\u00f6l\u00fcm\u00fc<\/p>\n<p>Prof. Dr. Murat ARSLAN(Ba\u015fkan)<\/p>\n<p>Prof. Dr. Muhammed ATAMANALP(\u00dcye)<\/p>\n<p>Prof. Dr. Arzu U\u00c7AR(\u00dcye)<\/p>\n<p>Su \u00dcr\u00fcnleri Temel Bilimler B\u00f6l\u00fcm\u00fc<\/p>\n<p>Prof. Dr. Ahmet TOPAL(Ba\u015fkan)<\/p>\n<p>Prof. Dr. Harun ARSLAN(\u00dcye)<\/p>\n<p>Do\u00e7. Dr. Veysel PARLAK(\u00dcye)<\/p>\n<p>Su \u00dcr\u00fcnleri Avlama ve \u0130\u015fleme Teknolojisi B\u00f6l\u00fcm\u00fc<\/p>\n<p>Prof. Dr. Gonca ALAK(Ba\u015fkan)<\/p>\n<p>Do\u00e7. Dr. G\u00f6khan ARSLAN(\u00dcye)<\/p>\n<p>Do\u00e7. Dr. P\u0131nar O\u011eUZHAN YILDIZ<\/p>\n<p><strong>B<u>\u00f6l\u00fcm Faaliyet Koordinat\u00f6rleri<\/u><\/strong><\/p>\n<p><strong>B\u00f6l\u00fcm\u00fc<\/strong><\/p>\n<p><strong>Su \u00dcr\u00fcnleri Yeti\u015ftiricili\u011fi B\u00f6l\u00fcm\u00fc<\/strong><\/p>\n<p><strong>Prof. Dr. Abdulkadir BAYIR(Koordinat\u00f6r)<\/strong><\/p>\n<p><strong>Su \u00dcr\u00fcnleri Temel Bilimleri B\u00f6l\u00fcm\u00fc<\/strong><\/p>\n<p><strong>Prof. Dr. Ahmet TOPAL(Koordinat\u00f6r)<\/strong><\/p>\n<p><strong>Su \u00dcr\u00fcnleri Avlama ve \u0130\u015fleme Teknolojisi B\u00f6l\u00fcm\u00fc<\/strong><\/p>\n<p><strong>Do\u00e7. Dr. P\u0131nar O\u011eUZHAN YILDIZ(Koordinat\u00f6r)<\/strong><\/p>\n<p><strong>B<u>\u00f6l\u00fcm E\u011fitim Koordinat\u00f6rleri<\/u><\/strong><\/p>\n<p><strong>\u00a0B\u00f6l\u00fcm\u00fc<\/strong><\/p>\n<p><strong>Su \u00dcr\u00fcnleri Yeti\u015ftiricili\u011fi B\u00f6l\u00fcm\u00fc<\/strong><\/p>\n<p><strong>Prof. Dr. Arzu U\u00c7AR(Koordinat\u00f6r)<\/strong><\/p>\n<p><strong>Su \u00dcr\u00fcnleri Temel Bilimleri B\u00f6l\u00fcm\u00fc<\/strong><\/p>\n<p>Do\u00e7. Dr. Veysel PARLAK(Koordinat\u00f6r)<\/p>\n<p>Su \u00dcr\u00fcnleri Avlama ve \u0130\u015fleme Teknolojisi B\u00f6l\u00fcm\u00fc<\/p>\n<p>Do\u00e7. Dr. G\u00f6khan ARSLAN<\/p>\n","protected":false},"excerpt":{"rendered":"<p>Su \u00dcr\u00fcnleri Fak\u00fcltesi Organizasyon \u015eemas\u0131 KOM\u0130SYONLAR FAK\u00dcLTE KOM\u0130SYONLARI Dekanl\u0131\u011f\u0131 temsilen Dekan Yard\u0131mc\u0131lar\u0131 bulunmu\u015f olduklar\u0131 komisyonlarda komisyon ba\u015fkanl\u0131\u011f\u0131n\u0131 y\u00fcr\u00fcteceklerdir. \u00a0KR\u0130TER KOM\u0130SYONU Prof. Dr. Saltuk Bu\u011frahan CEYHUN Prof. Dr. Gonca ALAK Prof. Dr. Arzu U\u00c7AR Do\u00e7. Dr. G\u00f6khan ARSLAN(Ba\u015fkan) PROJE \u00a0KOM\u0130SYONU Do\u00e7. Dr. \u00d6zden FAKIO\u011eLU Prof. Dr. Harun ARSLAN Prof. Dr. Nejdet G\u00dcLTEPE Dr. \u00d6\u011fr. \u00dcyesi\u00a0Esat Mahmut [&hellip;]<\/p>\n","protected":false},"author":1,"featured_media":0,"parent":0,"menu_order":0,"comment_status":"closed","ping_status":"closed","template":"elementor_header_footer","meta":{"footnotes":""},"class_list":["post-5717","page","type-page","status-publish","hentry"],"_links":{"self":[{"href":"https:\/\/atauni.edu.tr\/su-urunleri-fakultesi\/wp-json\/wp\/v2\/pages\/5717","targetHints":{"allow":["GET"]}}],"collection":[{"href":"https:\/\/atauni.edu.tr\/su-urunleri-fakultesi\/wp-json\/wp\/v2\/pages"}],"about":[{"href":"https:\/\/atauni.edu.tr\/su-urunleri-fakultesi\/wp-json\/wp\/v2\/types\/page"}],"author":[{"embeddable":true,"href":"https:\/\/atauni.edu.tr\/su-urunleri-fakultesi\/wp-json\/wp\/v2\/users\/1"}],"replies":[{"embeddable":true,"href":"https:\/\/atauni.edu.tr\/su-urunleri-fakultesi\/wp-json\/wp\/v2\/comments?post=5717"}],"version-history":[{"count":107,"href":"https:\/\/atauni.edu.tr\/su-urunleri-fakultesi\/wp-json\/wp\/v2\/pages\/5717\/revisions"}],"predecessor-version":[{"id":11840,"href":"https:\/\/atauni.edu.tr\/su-urunleri-fakultesi\/wp-json\/wp\/v2\/pages\/5717\/revisions\/11840"}],"wp:attachment":[{"href":"https:\/\/atauni.edu.tr\/su-urunleri-fakultesi\/wp-json\/wp\/v2\/media?parent=5717"}],"curies":[{"name":"wp","href":"https:\/\/api.w.org\/{rel}","templated":true}]}}