{"id":5774,"date":"2021-07-13T13:54:52","date_gmt":"2021-07-13T10:54:52","guid":{"rendered":"https:\/\/portaltest.atauni.edu.tr\/muhendislik-fakultesi\/?page_id=5774"},"modified":"2025-10-14T15:36:13","modified_gmt":"2025-10-14T12:36:13","slug":"tarihce","status":"publish","type":"page","link":"https:\/\/atauni.edu.tr\/su-urunleri-fakultesi\/tarihce\/","title":{"rendered":"Tarih\u00e7e"},"content":{"rendered":"\t\t<div data-elementor-type=\"wp-page\" data-elementor-id=\"5774\" class=\"elementor elementor-5774\" data-elementor-post-type=\"page\">\n\t\t\t\t\t\t<section class=\"elementor-section elementor-top-section elementor-element elementor-element-46c2cb5d elementor-section-boxed elementor-section-height-default elementor-section-height-default\" data-id=\"46c2cb5d\" data-element_type=\"section\">\n\t\t\t\t\t\t<div class=\"elementor-container elementor-column-gap-default\">\n\t\t\t\t\t<div class=\"elementor-column elementor-col-100 elementor-top-column elementor-element elementor-element-299813e7\" data-id=\"299813e7\" data-element_type=\"column\">\n\t\t\t<div class=\"elementor-widget-wrap elementor-element-populated\">\n\t\t\t\t\t\t<div class=\"elementor-element elementor-element-3ec495a9 elementor-widget elementor-widget-heading\" data-id=\"3ec495a9\" data-element_type=\"widget\" data-widget_type=\"heading.default\">\n\t\t\t\t<div class=\"elementor-widget-container\">\n\t\t\t\t\t<h2 class=\"elementor-heading-title elementor-size-default\"><b><u>TAR\u0130H\u00c7E<\/u><\/b><br><br>Atat\u00fcrk \u00dcniversitesi Ziraat Fak\u00fcltesinde Su \u00dcr\u00fcnleri B\u00f6l\u00fcm\u00fc olarak 21 y\u0131l (1989-2010) hizmet verdikten sonra, Milli E\u011fitim Bakanl\u0131\u011f\u0131'n\u0131n 05\/10\/2010 tarih ve 18022 say\u0131l\u0131 yaz\u0131lar\u0131 \u00fczerine, 28\/03\/1093 tarih ve 2809 Say\u0131l\u0131 Kanunun ek 30. maddesine g\u00f6re Bakanlar Kurulunun 25\/10\/2010 tarihli karar\u0131 ile Su \u00dcr\u00fcnleri Fak\u00fcltesi olarak kurulmu\u015f olup, karar 15 Kas\u0131m 2010 tarih ve 27760&nbsp; &nbsp; say\u0131l\u0131 Resmi Gazetede yay\u0131mlanarak y\u00fcr\u00fcrl\u00fc\u011fe girmi\u015ftir.<br><br><b><u>M\u0130SYONUMUZ<\/u><\/b><br><br>Fak\u00fcltemiz; Atat\u00fcrk ilke ve ink\u0131laplar\u0131na, milli ve etik de\u011ferlere ba\u011fl\u0131, bilimsel ve teknolojik geli\u015fmeleri takip eden, yenilik\u00e7i ve \u00e7a\u011fda\u015f e\u011fitim y\u00f6ntemlerini (yapay zek\u00e2 destekli \u00f6\u011fretim, uzaktan e\u011fitim, sim\u00fclasyon tabanl\u0131 uygulamalar vb.) etkin bi\u00e7imde kullanabilen, \u00e7evreye duyarl\u0131 ve s\u00fcrd\u00fcr\u00fclebilir \u00fcretim anlay\u0131\u015f\u0131na sahip su \u00fcr\u00fcnleri m\u00fchendisleri yeti\u015ftirmeyi ama\u00e7lamaktad\u0131r. Su kaynaklar\u0131n\u0131n izlenmesi, restorasyonu ve k\u00fclt\u00fcr bal\u0131k\u00e7\u0131l\u0131\u011f\u0131 a\u00e7\u0131s\u0131ndan de\u011ferlendirilmesi; bal\u0131k \u00fcretimi ve t\u00fcketiminin art\u0131r\u0131lmas\u0131; \u00fcreticilere y\u00f6nelik e\u011fitim, dan\u0131\u015fmanl\u0131k ve proje geli\u015ftirme faaliyetlerinin y\u00fcr\u00fct\u00fclmesi; yerel, ulusal ve uluslararas\u0131 d\u00fczeyde bilimsel bilgi \u00fcreterek topluma ve sekt\u00f6re katk\u0131 sa\u011flamak fak\u00fcltemizin temel misyonudur.<br><br><b><u>V\u0130ZYONUMUZ<\/u><\/b><br><br>\u00dcniversitemizin \u201cK\u00f6kl\u00fc \u00dcniversite, G\u00fc\u00e7l\u00fc Bilim ve Parlak Gelecek\u201d vizyonu do\u011frultusunda Fak\u00fcltemiz; bilimsel, teknolojik ve fiziksel altyap\u0131s\u0131n\u0131 g\u00fc\u00e7lendirerek, Avc\u0131l\u0131k ve \u0130\u015fleme, Temel Bilimler ve Su \u00dcr\u00fcnleri Yeti\u015ftiricili\u011fi b\u00f6l\u00fcmlerinden olu\u015fan Su \u00dcr\u00fcnleri M\u00fchendisli\u011fi program\u0131nda yapay zek\u00e2, uzaktan e\u011fitim, sim\u00fclasyon gibi \u00e7a\u011fda\u015f e\u011fitim ara\u00e7lar\u0131 kullanarak uygulamal\u0131, yenilik\u00e7i ve etkin bir \u00f6\u011frenim s\u00fcreci y\u00fcr\u00fctmeyi hedeflemektedir. \nFak\u00fcltemiz; su kaynaklar\u0131n\u0131n korunmas\u0131, restorasyonu ve s\u00fcrd\u00fcr\u00fclebilir kullan\u0131m\u0131 konusunda yerel, ulusal ve uluslararas\u0131 d\u00fczeyde kurum ve kurulu\u015flarla i\u015f birli\u011fi yaparak, bilimsel bilgi \u00fcretimiyle b\u00f6lgesel ve ulusal kalk\u0131nmaya katk\u0131 sa\u011flamay\u0131 ama\u00e7lamaktad\u0131r. Ayr\u0131ca, bal\u0131k \u00fcretiminin ve t\u00fcketiminin art\u0131r\u0131lmas\u0131, yeni istihdam alanlar\u0131n\u0131n olu\u015fturulmas\u0131, k\u0131rsal g\u00f6\u00e7\u00fcn azalt\u0131lmas\u0131 ve \u00e7evresel s\u00fcrd\u00fcr\u00fclebilirli\u011fin desteklenmesi y\u00f6n\u00fcnde yenilik\u00e7i ve topluma fayda sa\u011flayan \u00e7al\u0131\u015fmalar y\u00fcr\u00fctmek fak\u00fcltemizin temel vizyonudur.<br><br><b><u>TEMEL DE\u011eERLER <\/u><\/b><br><br>De\u011ferlerimiz, Atat\u00fcrk ilke ve ink\u0131laplar\u0131na ba\u011fl\u0131l\u0131k, akademik \u00f6zg\u00fcrl\u00fck ve m\u00fckemmellik, ak\u0131lc\u0131l\u0131k, bilimsellik ve evrensellik, etik de\u011ferlere ba\u011fl\u0131l\u0131k, d\u00fcr\u00fcstl\u00fck ve g\u00fcvenilirlik, i\u015f birli\u011fine a\u00e7\u0131k olmak ve kat\u0131l\u0131mc\u0131l\u0131k, \u00e7a\u011fda\u015fl\u0131k ve yenilik\u00e7ilik, \u00e7evre bilinci ve sayg\u0131, kurum aidiyeti ve tak\u0131m bilinci, liyakat, sorumluluk, toplumsal yararl\u0131l\u0131k, adalet ve azimliliktir.<span style=\"font-size: 13px;font-family: Ubuntu;text-align: justify;letter-spacing: 0px\">&nbsp;<\/span><u style=\"font-weight: bold\"><br><\/u><\/h2>\t\t\t\t<\/div>\n\t\t\t\t<\/div>\n\t\t\t\t\t<\/div>\n\t\t<\/div>\n\t\t\t\t\t<\/div>\n\t\t<\/section>\n\t\t\t\t<\/div>\n\t\t","protected":false},"excerpt":{"rendered":"<p>TAR\u0130H\u00c7E Atat\u00fcrk \u00dcniversitesi Ziraat Fak\u00fcltesinde Su \u00dcr\u00fcnleri B\u00f6l\u00fcm\u00fc olarak 21 y\u0131l (1989-2010) hizmet verdikten sonra, Milli E\u011fitim Bakanl\u0131\u011f\u0131&#8217;n\u0131n 05\/10\/2010 tarih ve 18022 say\u0131l\u0131 yaz\u0131lar\u0131 \u00fczerine, 28\/03\/1093 tarih ve 2809 Say\u0131l\u0131 Kanunun ek 30. maddesine g\u00f6re Bakanlar Kurulunun 25\/10\/2010 tarihli karar\u0131 ile Su \u00dcr\u00fcnleri Fak\u00fcltesi olarak kurulmu\u015f olup, karar 15 Kas\u0131m 2010 tarih ve 27760&nbsp; &nbsp; [&hellip;]<\/p>\n","protected":false},"author":1,"featured_media":0,"parent":0,"menu_order":0,"comment_status":"closed","ping_status":"closed","template":"elementor_header_footer","meta":{"footnotes":""},"class_list":["post-5774","page","type-page","status-publish","hentry"],"_links":{"self":[{"href":"https:\/\/atauni.edu.tr\/su-urunleri-fakultesi\/wp-json\/wp\/v2\/pages\/5774","targetHints":{"allow":["GET"]}}],"collection":[{"href":"https:\/\/atauni.edu.tr\/su-urunleri-fakultesi\/wp-json\/wp\/v2\/pages"}],"about":[{"href":"https:\/\/atauni.edu.tr\/su-urunleri-fakultesi\/wp-json\/wp\/v2\/types\/page"}],"author":[{"embeddable":true,"href":"https:\/\/atauni.edu.tr\/su-urunleri-fakultesi\/wp-json\/wp\/v2\/users\/1"}],"replies":[{"embeddable":true,"href":"https:\/\/atauni.edu.tr\/su-urunleri-fakultesi\/wp-json\/wp\/v2\/comments?post=5774"}],"version-history":[{"count":122,"href":"https:\/\/atauni.edu.tr\/su-urunleri-fakultesi\/wp-json\/wp\/v2\/pages\/5774\/revisions"}],"predecessor-version":[{"id":11838,"href":"https:\/\/atauni.edu.tr\/su-urunleri-fakultesi\/wp-json\/wp\/v2\/pages\/5774\/revisions\/11838"}],"wp:attachment":[{"href":"https:\/\/atauni.edu.tr\/su-urunleri-fakultesi\/wp-json\/wp\/v2\/media?parent=5774"}],"curies":[{"name":"wp","href":"https:\/\/api.w.org\/{rel}","templated":true}]}}