{"id":6768,"date":"2021-12-01T10:56:58","date_gmt":"2021-12-01T07:56:58","guid":{"rendered":"https:\/\/birimler.atauni.edu.tr\/su-urunleri-fakultesi\/?page_id=6768"},"modified":"2023-09-25T16:06:11","modified_gmt":"2023-09-25T13:06:11","slug":"su-urunleri-avlama-ve-isleme-teknolojisi-bolumu","status":"publish","type":"page","link":"https:\/\/atauni.edu.tr\/su-urunleri-fakultesi\/su-urunleri-avlama-ve-isleme-teknolojisi-bolumu\/","title":{"rendered":"Su \u00dcr\u00fcnleri Avlama ve \u0130\u015fleme Teknolojisi B\u00f6l\u00fcm\u00fc"},"content":{"rendered":"\t\t<div data-elementor-type=\"wp-page\" data-elementor-id=\"6768\" class=\"elementor elementor-6768\" data-elementor-post-type=\"page\">\n\t\t\t\t\t\t<section class=\"elementor-section elementor-top-section elementor-element elementor-element-f253c5a elementor-section-boxed elementor-section-height-default elementor-section-height-default\" data-id=\"f253c5a\" data-element_type=\"section\">\n\t\t\t\t\t\t<div class=\"elementor-container elementor-column-gap-default\">\n\t\t\t\t\t<div class=\"elementor-column elementor-col-100 elementor-top-column elementor-element elementor-element-58c9a46\" data-id=\"58c9a46\" data-element_type=\"column\">\n\t\t\t<div class=\"elementor-widget-wrap elementor-element-populated\">\n\t\t\t\t\t\t<div class=\"elementor-element elementor-element-9f3ad30 elementor-widget__width-initial elementor-widget elementor-widget-heading\" data-id=\"9f3ad30\" data-element_type=\"widget\" data-widget_type=\"heading.default\">\n\t\t\t\t<div class=\"elementor-widget-container\">\n\t\t\t\t\t<h2 class=\"elementor-heading-title elementor-size-medium\"><a href=\"https:\/\/avesis.atauni.edu.tr\/gokhan.arslan\" target=\"_blank\"><b>D<u>o\u00e7. Dr. G\u00f6khan ARSLAN (B\u00f6l\u00fcm Ba\u015fkan\u0131)<\/u><\/b><\/a><\/h2>\t\t\t\t<\/div>\n\t\t\t\t<\/div>\n\t\t\t\t\t<\/div>\n\t\t<\/div>\n\t\t\t\t\t<\/div>\n\t\t<\/section>\n\t\t\t\t<section class=\"elementor-section elementor-top-section elementor-element elementor-element-5e3f498 elementor-section-boxed elementor-section-height-default elementor-section-height-default\" data-id=\"5e3f498\" data-element_type=\"section\">\n\t\t\t\t\t\t<div class=\"elementor-container elementor-column-gap-default\">\n\t\t\t\t\t<div class=\"elementor-column elementor-col-100 elementor-top-column elementor-element elementor-element-22017e2\" data-id=\"22017e2\" data-element_type=\"column\">\n\t\t\t<div class=\"elementor-widget-wrap elementor-element-populated\">\n\t\t\t\t\t\t<div class=\"elementor-element elementor-element-0a942eb elementor-widget__width-initial elementor-widget elementor-widget-heading\" data-id=\"0a942eb\" data-element_type=\"widget\" data-widget_type=\"heading.default\">\n\t\t\t\t<div class=\"elementor-widget-container\">\n\t\t\t\t\t<h2 class=\"elementor-heading-title elementor-size-medium\">Avlama Teknolojisi Anabilim Dal\u0131<\/h2>\t\t\t\t<\/div>\n\t\t\t\t<\/div>\n\t\t\t\t<div class=\"elementor-element elementor-element-ebe6d0b elementor-widget__width-initial elementor-widget elementor-widget-heading\" data-id=\"ebe6d0b\" data-element_type=\"widget\" data-widget_type=\"heading.default\">\n\t\t\t\t<div class=\"elementor-widget-container\">\n\t\t\t\t\t<h2 class=\"elementor-heading-title elementor-size-medium\"><a href=\"https:\/\/avesis.atauni.edu.tr\/pinaroguzhan\"><br><u>Do\u00e7. Dr. P\u0131nar O\u011eUZHAN YILDIZ (A.B.D Ba\u015fkan\u0131)<\/u><\/a><\/h2>\t\t\t\t<\/div>\n\t\t\t\t<\/div>\n\t\t\t\t\t<\/div>\n\t\t<\/div>\n\t\t\t\t\t<\/div>\n\t\t<\/section>\n\t\t\t\t<section class=\"elementor-section elementor-top-section elementor-element elementor-element-b2af62d elementor-section-boxed elementor-section-height-default elementor-section-height-default\" data-id=\"b2af62d\" data-element_type=\"section\">\n\t\t\t\t\t\t<div class=\"elementor-container elementor-column-gap-default\">\n\t\t\t\t\t<div class=\"elementor-column elementor-col-100 elementor-top-column elementor-element elementor-element-374c972\" data-id=\"374c972\" data-element_type=\"column\">\n\t\t\t<div class=\"elementor-widget-wrap elementor-element-populated\">\n\t\t\t\t\t\t<div class=\"elementor-element elementor-element-f0b0f0b elementor-widget__width-initial elementor-widget elementor-widget-heading\" data-id=\"f0b0f0b\" data-element_type=\"widget\" data-widget_type=\"heading.default\">\n\t\t\t\t<div class=\"elementor-widget-container\">\n\t\t\t\t\t<h2 class=\"elementor-heading-title elementor-size-medium\"><a href=\"https:\/\/atauni.edu.tr\/gonca-alak\">Prof. Dr. Gonca ALAK <br><br><\/a><\/h2>\t\t\t\t<\/div>\n\t\t\t\t<\/div>\n\t\t\t\t<div class=\"elementor-element elementor-element-dd85c2b elementor-widget__width-initial elementor-widget elementor-widget-heading\" data-id=\"dd85c2b\" data-element_type=\"widget\" data-widget_type=\"heading.default\">\n\t\t\t\t<div class=\"elementor-widget-container\">\n\t\t\t\t\t<h2 class=\"elementor-heading-title elementor-size-medium\">\u0130\u015fleme Teknolojisi Anabilim Dal\u0131<br><br><\/h2>\t\t\t\t<\/div>\n\t\t\t\t<\/div>\n\t\t\t\t<div class=\"elementor-element elementor-element-293b212 elementor-widget__width-initial elementor-widget elementor-widget-heading\" data-id=\"293b212\" data-element_type=\"widget\" data-widget_type=\"heading.default\">\n\t\t\t\t<div class=\"elementor-widget-container\">\n\t\t\t\t\t<h2 class=\"elementor-heading-title elementor-size-medium\"><a href=\"https:\/\/avesis.atauni.edu.tr\/gokhan.arslan\"><u>Do\u00e7. Dr. G\u00f6khan ARSLAN (A.B.D Ba\u015fkan\u0131)<\/u><br><br><br><br><\/a><\/h2>\t\t\t\t<\/div>\n\t\t\t\t<\/div>\n\t\t\t\t\t<\/div>\n\t\t<\/div>\n\t\t\t\t\t<\/div>\n\t\t<\/section>\n\t\t\t\t<\/div>\n\t\t","protected":false},"excerpt":{"rendered":"<p>Do\u00e7. Dr. G\u00f6khan ARSLAN (B\u00f6l\u00fcm Ba\u015fkan\u0131) Avlama Teknolojisi Anabilim Dal\u0131 Do\u00e7. Dr. P\u0131nar O\u011eUZHAN YILDIZ (A.B.D Ba\u015fkan\u0131) Prof. Dr. Gonca ALAK \u0130\u015fleme Teknolojisi Anabilim Dal\u0131 Do\u00e7. Dr. G\u00f6khan ARSLAN (A.B.D Ba\u015fkan\u0131)<\/p>\n","protected":false},"author":61,"featured_media":0,"parent":0,"menu_order":0,"comment_status":"closed","ping_status":"closed","template":"","meta":{"footnotes":""},"class_list":["post-6768","page","type-page","status-publish","hentry"],"_links":{"self":[{"href":"https:\/\/atauni.edu.tr\/su-urunleri-fakultesi\/wp-json\/wp\/v2\/pages\/6768","targetHints":{"allow":["GET"]}}],"collection":[{"href":"https:\/\/atauni.edu.tr\/su-urunleri-fakultesi\/wp-json\/wp\/v2\/pages"}],"about":[{"href":"https:\/\/atauni.edu.tr\/su-urunleri-fakultesi\/wp-json\/wp\/v2\/types\/page"}],"author":[{"embeddable":true,"href":"https:\/\/atauni.edu.tr\/su-urunleri-fakultesi\/wp-json\/wp\/v2\/users\/61"}],"replies":[{"embeddable":true,"href":"https:\/\/atauni.edu.tr\/su-urunleri-fakultesi\/wp-json\/wp\/v2\/comments?post=6768"}],"version-history":[{"count":190,"href":"https:\/\/atauni.edu.tr\/su-urunleri-fakultesi\/wp-json\/wp\/v2\/pages\/6768\/revisions"}],"predecessor-version":[{"id":10752,"href":"https:\/\/atauni.edu.tr\/su-urunleri-fakultesi\/wp-json\/wp\/v2\/pages\/6768\/revisions\/10752"}],"wp:attachment":[{"href":"https:\/\/atauni.edu.tr\/su-urunleri-fakultesi\/wp-json\/wp\/v2\/media?parent=6768"}],"curies":[{"name":"wp","href":"https:\/\/api.w.org\/{rel}","templated":true}]}}