{"id":6771,"date":"2021-12-01T11:00:52","date_gmt":"2021-12-01T08:00:52","guid":{"rendered":"https:\/\/birimler.atauni.edu.tr\/su-urunleri-fakultesi\/?page_id=6771"},"modified":"2025-05-18T13:55:28","modified_gmt":"2025-05-18T10:55:28","slug":"su-urunleri-temel-birimler-bolumu","status":"publish","type":"page","link":"https:\/\/atauni.edu.tr\/su-urunleri-fakultesi\/su-urunleri-temel-birimler-bolumu\/","title":{"rendered":"Su \u00dcr\u00fcnleri Temel Birimler B\u00f6l\u00fcm\u00fc"},"content":{"rendered":"\t\t<div data-elementor-type=\"wp-page\" data-elementor-id=\"6771\" class=\"elementor elementor-6771\" data-elementor-post-type=\"page\">\n\t\t\t\t\t\t<section class=\"elementor-section elementor-top-section elementor-element elementor-element-c81dbc3 elementor-section-boxed elementor-section-height-default elementor-section-height-default\" data-id=\"c81dbc3\" data-element_type=\"section\">\n\t\t\t\t\t\t<div class=\"elementor-container elementor-column-gap-default\">\n\t\t\t\t\t<div class=\"elementor-column elementor-col-100 elementor-top-column elementor-element elementor-element-0f064b0\" data-id=\"0f064b0\" data-element_type=\"column\">\n\t\t\t<div class=\"elementor-widget-wrap elementor-element-populated\">\n\t\t\t\t\t\t<div class=\"elementor-element elementor-element-383ad7f elementor-widget elementor-widget-heading\" data-id=\"383ad7f\" data-element_type=\"widget\" data-widget_type=\"heading.default\">\n\t\t\t\t<div class=\"elementor-widget-container\">\n\t\t\t\t\t<h2 class=\"elementor-heading-title elementor-size-medium\"><a href=\"https:\/\/avesis.atauni.edu.tr\/veysel.parlak\" target=\"_blank\">D<u>o\u00e7. Dr. Veysel PARLAK (B\u00f6l\u00fcm Ba\u015fkan\u0131)<\/u><br><\/a><\/h2>\t\t\t\t<\/div>\n\t\t\t\t<\/div>\n\t\t\t\t<div class=\"elementor-element elementor-element-86d77ec elementor-widget elementor-widget-heading\" data-id=\"86d77ec\" data-element_type=\"widget\" data-widget_type=\"heading.default\">\n\t\t\t\t<div class=\"elementor-widget-container\">\n\t\t\t\t\t<h2 class=\"elementor-heading-title elementor-size-medium\">Bal\u0131k\u00e7\u0131l\u0131k Temel Bilimleri Anabilim Dal\u0131<\/h2>\t\t\t\t<\/div>\n\t\t\t\t<\/div>\n\t\t\t\t<div class=\"elementor-element elementor-element-6df05cb elementor-widget elementor-widget-heading\" data-id=\"6df05cb\" data-element_type=\"widget\" data-widget_type=\"heading.default\">\n\t\t\t\t<div class=\"elementor-widget-container\">\n\t\t\t\t\t<h2 class=\"elementor-heading-title elementor-size-medium\"><a href=\"https:\/\/avesis.atauni.edu.tr\/ahmet.topal\">Prof. Dr. Ahmet TOPAL<\/a><\/h2>\t\t\t\t<\/div>\n\t\t\t\t<\/div>\n\t\t\t\t<div class=\"elementor-element elementor-element-28cb144 elementor-widget elementor-widget-heading\" data-id=\"28cb144\" data-element_type=\"widget\" data-widget_type=\"heading.default\">\n\t\t\t\t<div class=\"elementor-widget-container\">\n\t\t\t\t\t<h2 class=\"elementor-heading-title elementor-size-medium\"><a href=\"https:\/\/avesis.atauni.edu.tr\/harunarslan\"><u>Prof. Dr. Harun ARSLAN (A.B.D Ba\u015fkan\u0131)<\/u><\/a><\/h2>\t\t\t\t<\/div>\n\t\t\t\t<\/div>\n\t\t\t\t<div class=\"elementor-element elementor-element-1038376 elementor-widget elementor-widget-heading\" data-id=\"1038376\" data-element_type=\"widget\" data-widget_type=\"heading.default\">\n\t\t\t\t<div class=\"elementor-widget-container\">\n\t\t\t\t\t<h2 class=\"elementor-heading-title elementor-size-medium\">Deniz Biyolojisi Anabilim Dal\u0131<\/h2>\t\t\t\t<\/div>\n\t\t\t\t<\/div>\n\t\t\t\t<div class=\"elementor-element elementor-element-7b72d18 elementor-widget elementor-widget-heading\" data-id=\"7b72d18\" data-element_type=\"widget\" data-widget_type=\"heading.default\">\n\t\t\t\t<div class=\"elementor-widget-container\">\n\t\t\t\t\t<h2 class=\"elementor-heading-title elementor-size-medium\"><a href=\"https:\/\/avesis.atauni.edu.tr\/ekrem.sulukan\" target=\"_blank\"><span style=\"letter-spacing: 0px\">Dr. \u00d6\u011fr. \u00dcyesi Ekrem SULUKAN<\/span><\/a><\/h2>\t\t\t\t<\/div>\n\t\t\t\t<\/div>\n\t\t\t\t<div class=\"elementor-element elementor-element-1ef713b elementor-widget elementor-widget-heading\" data-id=\"1ef713b\" data-element_type=\"widget\" data-widget_type=\"heading.default\">\n\t\t\t\t<div class=\"elementor-widget-container\">\n\t\t\t\t\t<h2 class=\"elementor-heading-title elementor-size-medium\"><a href=\"https:\/\/avesis.atauni.edu.tr\/korkmazf\" target=\"_blank\"><u>Dr. \u00d6\u011fr. \u00dcyesi Fatih KORKMAZ (A.B.D Ba\u015fkan\u0131)<\/u><br><\/a><\/h2>\t\t\t\t<\/div>\n\t\t\t\t<\/div>\n\t\t\t\t\t<\/div>\n\t\t<\/div>\n\t\t\t\t\t<\/div>\n\t\t<\/section>\n\t\t\t\t<section class=\"elementor-section elementor-top-section elementor-element elementor-element-6b10563 elementor-section-boxed elementor-section-height-default elementor-section-height-default\" data-id=\"6b10563\" data-element_type=\"section\">\n\t\t\t\t\t\t<div class=\"elementor-container elementor-column-gap-default\">\n\t\t\t\t\t<div class=\"elementor-column elementor-col-100 elementor-top-column elementor-element elementor-element-6a98759\" data-id=\"6a98759\" data-element_type=\"column\">\n\t\t\t<div class=\"elementor-widget-wrap elementor-element-populated\">\n\t\t\t\t\t\t<div class=\"elementor-element elementor-element-1d6a3a0 elementor-widget elementor-widget-heading\" data-id=\"1d6a3a0\" data-element_type=\"widget\" data-widget_type=\"heading.default\">\n\t\t\t\t<div class=\"elementor-widget-container\">\n\t\t\t\t\t<h2 class=\"elementor-heading-title elementor-size-medium\">\u0130\u00e7 Su Biyolojisi Anabilim Dal\u0131<\/h2>\t\t\t\t<\/div>\n\t\t\t\t<\/div>\n\t\t\t\t<div class=\"elementor-element elementor-element-90ce066 elementor-widget elementor-widget-heading\" data-id=\"90ce066\" data-element_type=\"widget\" data-widget_type=\"heading.default\">\n\t\t\t\t<div class=\"elementor-widget-container\">\n\t\t\t\t\t<h2 class=\"elementor-heading-title elementor-size-medium\"><a href=\"https:\/\/avesis.atauni.edu.tr\/veysel.parlak\" target=\"_blank\"><u>Do\u00e7. Dr. Veysel PARLAK (A.B.D Ba\u015fkan\u0131)<\/u><\/a><\/h2>\t\t\t\t<\/div>\n\t\t\t\t<\/div>\n\t\t\t\t<div class=\"elementor-element elementor-element-16dc2df elementor-widget__width-initial elementor-widget elementor-widget-heading\" data-id=\"16dc2df\" data-element_type=\"widget\" data-widget_type=\"heading.default\">\n\t\t\t\t<div class=\"elementor-widget-container\">\n\t\t\t\t\t<h2 class=\"elementor-heading-title elementor-size-medium\"><a href=\"https:\/\/avesis.atauni.edu.tr\/ozden.fakioglu\" target=\"_blank\">Do\u00e7. Dr. \u00d6zden FAKIO\u011eLU<br><br><br><br><\/a><\/h2>\t\t\t\t<\/div>\n\t\t\t\t<\/div>\n\t\t\t\t\t<\/div>\n\t\t<\/div>\n\t\t\t\t\t<\/div>\n\t\t<\/section>\n\t\t\t\t<\/div>\n\t\t","protected":false},"excerpt":{"rendered":"<p>Do\u00e7. Dr. Veysel PARLAK (B\u00f6l\u00fcm Ba\u015fkan\u0131) Bal\u0131k\u00e7\u0131l\u0131k Temel Bilimleri Anabilim Dal\u0131 Prof. Dr. Ahmet TOPAL Prof. Dr. Harun ARSLAN (A.B.D Ba\u015fkan\u0131) Deniz Biyolojisi Anabilim Dal\u0131 Dr. \u00d6\u011fr. \u00dcyesi Ekrem SULUKAN Dr. \u00d6\u011fr. \u00dcyesi Fatih KORKMAZ (A.B.D Ba\u015fkan\u0131) \u0130\u00e7 Su Biyolojisi Anabilim Dal\u0131 Do\u00e7. Dr. Veysel PARLAK (A.B.D Ba\u015fkan\u0131) Do\u00e7. Dr. \u00d6zden FAKIO\u011eLU<\/p>\n","protected":false},"author":61,"featured_media":0,"parent":0,"menu_order":0,"comment_status":"closed","ping_status":"closed","template":"","meta":{"footnotes":""},"class_list":["post-6771","page","type-page","status-publish","hentry"],"_links":{"self":[{"href":"https:\/\/atauni.edu.tr\/su-urunleri-fakultesi\/wp-json\/wp\/v2\/pages\/6771","targetHints":{"allow":["GET"]}}],"collection":[{"href":"https:\/\/atauni.edu.tr\/su-urunleri-fakultesi\/wp-json\/wp\/v2\/pages"}],"about":[{"href":"https:\/\/atauni.edu.tr\/su-urunleri-fakultesi\/wp-json\/wp\/v2\/types\/page"}],"author":[{"embeddable":true,"href":"https:\/\/atauni.edu.tr\/su-urunleri-fakultesi\/wp-json\/wp\/v2\/users\/61"}],"replies":[{"embeddable":true,"href":"https:\/\/atauni.edu.tr\/su-urunleri-fakultesi\/wp-json\/wp\/v2\/comments?post=6771"}],"version-history":[{"count":85,"href":"https:\/\/atauni.edu.tr\/su-urunleri-fakultesi\/wp-json\/wp\/v2\/pages\/6771\/revisions"}],"predecessor-version":[{"id":11730,"href":"https:\/\/atauni.edu.tr\/su-urunleri-fakultesi\/wp-json\/wp\/v2\/pages\/6771\/revisions\/11730"}],"wp:attachment":[{"href":"https:\/\/atauni.edu.tr\/su-urunleri-fakultesi\/wp-json\/wp\/v2\/media?parent=6771"}],"curies":[{"name":"wp","href":"https:\/\/api.w.org\/{rel}","templated":true}]}}