{"id":6941,"date":"2021-12-06T13:18:57","date_gmt":"2021-12-06T10:18:57","guid":{"rendered":"https:\/\/birimler.atauni.edu.tr\/su-urunleri-fakultesi\/?page_id=6941"},"modified":"2021-12-31T11:32:33","modified_gmt":"2021-12-31T08:32:33","slug":"is-akis-surecleri","status":"publish","type":"page","link":"https:\/\/atauni.edu.tr\/su-urunleri-fakultesi\/is-akis-surecleri\/","title":{"rendered":"\u0130\u015f Ak\u0131\u015f S\u00fcre\u00e7leri"},"content":{"rendered":"\t\t<div data-elementor-type=\"wp-page\" data-elementor-id=\"6941\" class=\"elementor elementor-6941\" data-elementor-post-type=\"page\">\n\t\t\t\t\t\t<section class=\"elementor-section elementor-top-section elementor-element elementor-element-fbe9b9b elementor-section-boxed elementor-section-height-default elementor-section-height-default\" data-id=\"fbe9b9b\" data-element_type=\"section\">\n\t\t\t\t\t\t<div class=\"elementor-container elementor-column-gap-default\">\n\t\t\t\t\t<div class=\"elementor-column elementor-col-100 elementor-top-column elementor-element elementor-element-4299686\" data-id=\"4299686\" data-element_type=\"column\">\n\t\t\t<div class=\"elementor-widget-wrap elementor-element-populated\">\n\t\t\t\t\t\t<div class=\"elementor-element elementor-element-79da258 elementor-widget elementor-widget-text-editor\" data-id=\"79da258\" data-element_type=\"widget\" data-widget_type=\"text-editor.default\">\n\t\t\t\t<div class=\"elementor-widget-container\">\n\t\t\t\t\t\t\t\t\t<p><a href=\"http:\/\/birimler.atauni.edu.tr\/su-urunleri-fakultesi\/wp-content\/uploads\/sites\/72\/2020\/07\/TASINIR-KAYIT-KONTROL-YETKILISI-IS-AKIS-SURECI.pdf\">TA\u015eINIR KAYIT KONTROL YETK\u0130L\u0130S\u0130 \u0130\u015e AKI\u015e S\u00dcREC\u0130<\/a><\/p>\t\t\t\t\t\t\t\t<\/div>\n\t\t\t\t<\/div>\n\t\t\t\t\t<\/div>\n\t\t<\/div>\n\t\t\t\t\t<\/div>\n\t\t<\/section>\n\t\t\t\t<\/div>\n\t\t","protected":false},"excerpt":{"rendered":"<p>TA\u015eINIR KAYIT KONTROL YETK\u0130L\u0130S\u0130 \u0130\u015e AKI\u015e S\u00dcREC\u0130<\/p>\n","protected":false},"author":61,"featured_media":0,"parent":0,"menu_order":0,"comment_status":"closed","ping_status":"closed","template":"","meta":{"footnotes":""},"class_list":["post-6941","page","type-page","status-publish","hentry"],"_links":{"self":[{"href":"https:\/\/atauni.edu.tr\/su-urunleri-fakultesi\/wp-json\/wp\/v2\/pages\/6941","targetHints":{"allow":["GET"]}}],"collection":[{"href":"https:\/\/atauni.edu.tr\/su-urunleri-fakultesi\/wp-json\/wp\/v2\/pages"}],"about":[{"href":"https:\/\/atauni.edu.tr\/su-urunleri-fakultesi\/wp-json\/wp\/v2\/types\/page"}],"author":[{"embeddable":true,"href":"https:\/\/atauni.edu.tr\/su-urunleri-fakultesi\/wp-json\/wp\/v2\/users\/61"}],"replies":[{"embeddable":true,"href":"https:\/\/atauni.edu.tr\/su-urunleri-fakultesi\/wp-json\/wp\/v2\/comments?post=6941"}],"version-history":[{"count":10,"href":"https:\/\/atauni.edu.tr\/su-urunleri-fakultesi\/wp-json\/wp\/v2\/pages\/6941\/revisions"}],"predecessor-version":[{"id":7583,"href":"https:\/\/atauni.edu.tr\/su-urunleri-fakultesi\/wp-json\/wp\/v2\/pages\/6941\/revisions\/7583"}],"wp:attachment":[{"href":"https:\/\/atauni.edu.tr\/su-urunleri-fakultesi\/wp-json\/wp\/v2\/media?parent=6941"}],"curies":[{"name":"wp","href":"https:\/\/api.w.org\/{rel}","templated":true}]}}