{"id":9077,"date":"2023-03-15T14:17:45","date_gmt":"2023-03-15T11:17:45","guid":{"rendered":"https:\/\/birimler.atauni.edu.tr\/su-urunleri-fakultesi\/?page_id=9077"},"modified":"2026-05-11T16:17:17","modified_gmt":"2026-05-11T13:17:17","slug":"program-egitim-amaclari-2","status":"publish","type":"page","link":"https:\/\/atauni.edu.tr\/su-urunleri-fakultesi\/program-egitim-amaclari-2\/","title":{"rendered":"Program E\u011fitim Ama\u00e7lar\u0131"},"content":{"rendered":"\t\t<div data-elementor-type=\"wp-page\" data-elementor-id=\"9077\" class=\"elementor elementor-9077\" data-elementor-post-type=\"page\">\n\t\t\t\t\t\t<section class=\"elementor-section elementor-top-section elementor-element elementor-element-5432aa7 elementor-section-boxed elementor-section-height-default elementor-section-height-default\" data-id=\"5432aa7\" data-element_type=\"section\">\n\t\t\t\t\t\t<div class=\"elementor-container elementor-column-gap-default\">\n\t\t\t\t\t<div class=\"elementor-column elementor-col-100 elementor-top-column elementor-element elementor-element-7d27a0d\" data-id=\"7d27a0d\" data-element_type=\"column\">\n\t\t\t<div class=\"elementor-widget-wrap elementor-element-populated\">\n\t\t\t\t\t\t<div class=\"elementor-element elementor-element-8ca7f52 elementor-widget elementor-widget-text-editor\" data-id=\"8ca7f52\" data-element_type=\"widget\" data-widget_type=\"text-editor.default\">\n\t\t\t\t<div class=\"elementor-widget-container\">\n\t\t\t\t\t\t\t\t\t<p style=\"margin: 0px 0px 1rem;line-height: 1.5em\">Program E\u011fitim Ama\u00e7lar\u0131<\/p><p style=\"margin: 0px 0px 1rem;line-height: 1.5em\">Su \u00dcr\u00fcnleri Fak\u00fcltesi Su \u00dcr\u00fcnleri M\u00fchendisli Program\u0131 i\u00e7in PEA\u2019lar a\u015fa\u011f\u0131daki \u015fekilde g\u00fcncellenmi\u015ftir:<\/p><ol class=\"wp-block-list\"><li>Ulusal ve uluslararas\u0131 kurum ve kurulu\u015flarda Ar-Ge, tasar\u0131m, \u00fcretim, bak\u0131m ve test gibi birimlerde g\u00f6rev alabilmek ve liderlik yapabilmek.<\/li><li>Ara\u015ft\u0131rma kurumlar\u0131 ve \u00fcniversitelerde \u00e7al\u0131\u015fma ve ara\u015ft\u0131rma yapabilme yeterlili\u011fine sahip olmak.<\/li><li>Bireysel veya ortakl\u0131klar i\u00e7inde ticari giri\u015fimlerde bulunabilmek.<\/li><li>Modern su \u00fcr\u00fcnleri \u00fcretim, i\u015fleme ve kalite kontrol teknolojilerini uygulayabilmek ve s\u00fcrd\u00fcr\u00fclebilir y\u00f6ntemleri benimseyebilmek.<\/li><li>Bilimsel ara\u015ft\u0131rma yapabilmek, veri analizi ve istatistik y\u00f6ntemlerini kullanarak \u00e7\u00f6z\u00fcm \u00fcretebilmek, yeni \u00fcr\u00fcn geli\u015ftirme ve inovasyon s\u00fcre\u00e7lerine katk\u0131 sa\u011flayabilmek.<\/li><li>Mesleki etik kurallar\u0131na uygun davranabilmek, tak\u0131m \u00e7al\u0131\u015fmas\u0131 ve liderlik becerilerine sahip olmak, s\u00fcrekli \u00f6\u011frenme ve kendini geli\u015ftirme yetene\u011fine sahip olmak.<\/li><li>Akademik ve sekt\u00f6rel payda\u015flarla etkili ileti\u015fim kurabilmek, proje y\u00f6netimi ve ortak \u00e7al\u0131\u015fmalarda sorumluluk alabilmek, uluslararas\u0131 projelerde veya yabanc\u0131 dil ortamlar\u0131nda \u00e7al\u0131\u015fabilmek.<\/li><li>\u00c7evresel s\u00fcrd\u00fcr\u00fclebilirlik ve do\u011fal kaynak y\u00f6netimi konular\u0131nda bilin\u00e7li olmak, kamu sa\u011fl\u0131\u011f\u0131 ve i\u015f g\u00fcvenli\u011fi \u00f6nlemlerini uygulayabilmek, yerel ve k\u00fcresel su \u00fcr\u00fcnleri sorunlar\u0131na \u00e7\u00f6z\u00fcm \u00f6nerileri geli\u015ftirebilmek.<\/li><\/ol>\t\t\t\t\t\t\t\t<\/div>\n\t\t\t\t<\/div>\n\t\t\t\t\t<\/div>\n\t\t<\/div>\n\t\t\t\t\t<\/div>\n\t\t<\/section>\n\t\t\t\t<\/div>\n\t\t","protected":false},"excerpt":{"rendered":"<p>Program E\u011fitim Ama\u00e7lar\u0131 Su \u00dcr\u00fcnleri Fak\u00fcltesi Su \u00dcr\u00fcnleri M\u00fchendisli Program\u0131 i\u00e7in PEA\u2019lar a\u015fa\u011f\u0131daki \u015fekilde g\u00fcncellenmi\u015ftir: Ulusal ve uluslararas\u0131 kurum ve kurulu\u015flarda Ar-Ge, tasar\u0131m, \u00fcretim, bak\u0131m ve test gibi birimlerde g\u00f6rev alabilmek ve liderlik yapabilmek. Ara\u015ft\u0131rma kurumlar\u0131 ve \u00fcniversitelerde \u00e7al\u0131\u015fma ve ara\u015ft\u0131rma yapabilme yeterlili\u011fine sahip olmak. Bireysel veya ortakl\u0131klar i\u00e7inde ticari giri\u015fimlerde bulunabilmek. Modern su \u00fcr\u00fcnleri [&hellip;]<\/p>\n","protected":false},"author":61,"featured_media":0,"parent":0,"menu_order":0,"comment_status":"closed","ping_status":"closed","template":"","meta":{"footnotes":""},"class_list":["post-9077","page","type-page","status-publish","hentry"],"_links":{"self":[{"href":"https:\/\/atauni.edu.tr\/su-urunleri-fakultesi\/wp-json\/wp\/v2\/pages\/9077","targetHints":{"allow":["GET"]}}],"collection":[{"href":"https:\/\/atauni.edu.tr\/su-urunleri-fakultesi\/wp-json\/wp\/v2\/pages"}],"about":[{"href":"https:\/\/atauni.edu.tr\/su-urunleri-fakultesi\/wp-json\/wp\/v2\/types\/page"}],"author":[{"embeddable":true,"href":"https:\/\/atauni.edu.tr\/su-urunleri-fakultesi\/wp-json\/wp\/v2\/users\/61"}],"replies":[{"embeddable":true,"href":"https:\/\/atauni.edu.tr\/su-urunleri-fakultesi\/wp-json\/wp\/v2\/comments?post=9077"}],"version-history":[{"count":6,"href":"https:\/\/atauni.edu.tr\/su-urunleri-fakultesi\/wp-json\/wp\/v2\/pages\/9077\/revisions"}],"predecessor-version":[{"id":11960,"href":"https:\/\/atauni.edu.tr\/su-urunleri-fakultesi\/wp-json\/wp\/v2\/pages\/9077\/revisions\/11960"}],"wp:attachment":[{"href":"https:\/\/atauni.edu.tr\/su-urunleri-fakultesi\/wp-json\/wp\/v2\/media?parent=9077"}],"curies":[{"name":"wp","href":"https:\/\/api.w.org\/{rel}","templated":true}]}}