{"id":9093,"date":"2023-03-15T16:38:04","date_gmt":"2023-03-15T13:38:04","guid":{"rendered":"https:\/\/birimler.atauni.edu.tr\/su-urunleri-fakultesi\/?page_id=9093"},"modified":"2025-11-18T13:46:04","modified_gmt":"2025-11-18T10:46:04","slug":"program-egitim-amaclari-3","status":"publish","type":"page","link":"https:\/\/atauni.edu.tr\/su-urunleri-fakultesi\/program-egitim-amaclari-3\/","title":{"rendered":"Program E\u011fitim Ama\u00e7lar\u0131, D\u0131\u015f Payda\u015flar ve \u0130\u00e7 Payda\u015flar"},"content":{"rendered":"\n<p>Program E\u011fitim Ama\u00e7lar\u0131<\/p>\n\n\n\n<p>Su \u00dcr\u00fcnleri Fak\u00fcltesi Su \u00dcr\u00fcnleri M\u00fchendisli Program\u0131 i\u00e7in PEA\u2019lar a\u015fa\u011f\u0131daki \u015fekilde g\u00fcncellenmi\u015ftir:<\/p>\n\n\n\n<ol class=\"wp-block-list\">\n<li>Ulusal ve uluslararas\u0131 kurum ve kurulu\u015flarda Ar-Ge, tasar\u0131m, \u00fcretim, bak\u0131m ve test gibi birimlerde g\u00f6rev alabilmek ve liderlik yapabilmek.<\/li>\n\n\n\n<li>Ara\u015ft\u0131rma kurumlar\u0131 ve \u00fcniversitelerde \u00e7al\u0131\u015fma ve ara\u015ft\u0131rma yapabilme yeterlili\u011fine sahip olmak.<\/li>\n\n\n\n<li>Bireysel veya ortakl\u0131klar i\u00e7inde ticari giri\u015fimlerde bulunabilmek.<\/li>\n\n\n\n<li>Modern su \u00fcr\u00fcnleri \u00fcretim, i\u015fleme ve kalite kontrol teknolojilerini uygulayabilmek ve s\u00fcrd\u00fcr\u00fclebilir y\u00f6ntemleri benimseyebilmek.<\/li>\n\n\n\n<li>Bilimsel ara\u015ft\u0131rma yapabilmek, veri analizi ve istatistik y\u00f6ntemlerini kullanarak \u00e7\u00f6z\u00fcm \u00fcretebilmek, yeni \u00fcr\u00fcn geli\u015ftirme ve inovasyon s\u00fcre\u00e7lerine katk\u0131 sa\u011flayabilmek.<\/li>\n\n\n\n<li>Mesleki etik kurallar\u0131na uygun davranabilmek, tak\u0131m \u00e7al\u0131\u015fmas\u0131 ve liderlik becerilerine sahip olmak, s\u00fcrekli \u00f6\u011frenme ve kendini geli\u015ftirme yetene\u011fine sahip olmak.<\/li>\n\n\n\n<li>Akademik ve sekt\u00f6rel payda\u015flarla etkili ileti\u015fim kurabilmek, proje y\u00f6netimi ve ortak \u00e7al\u0131\u015fmalarda sorumluluk alabilmek, uluslararas\u0131 projelerde veya yabanc\u0131 dil ortamlar\u0131nda \u00e7al\u0131\u015fabilmek.<\/li>\n\n\n\n<li>\u00c7evresel s\u00fcrd\u00fcr\u00fclebilirlik ve do\u011fal kaynak y\u00f6netimi konular\u0131nda bilin\u00e7li olmak, kamu sa\u011fl\u0131\u011f\u0131 ve i\u015f g\u00fcvenli\u011fi \u00f6nlemlerini uygulayabilmek, yerel ve k\u00fcresel su \u00fcr\u00fcnleri sorunlar\u0131na \u00e7\u00f6z\u00fcm \u00f6nerileri geli\u015ftirebilmek.<\/li>\n<\/ol>\n\n\n\n<p>D\u0131\u015f Payda\u015flar<\/p>\n\n\n\n<p>D\u0131\u015f Payda\u015flar, Erzurum \u0130li ba\u015fta olmak \u00fczere \u00f6zellikle Su \u00dcr\u00fcnleri Alan\u0131 ve Sekt\u00f6r\u00fcyle ilgili Kamu Kurum ve Kurulu\u015flar\u0131yla \u00d6zel Sekt\u00f6rden \u015fah\u0131s ve firmalardan olu\u015fmaktad\u0131r. D\u0131\u015f payda\u015flar belirlenirken fak\u00fclteyle ortak fikir, i\u015f veya proje vb. durumlarda payda\u015f olacak, gerek duyulan zamanlarda kar\u015f\u0131l\u0131kl\u0131 fikir al\u0131\u015fveri\u015finde bulunabilecek payda\u015flar se\u00e7ilmektedir.<\/p>\n\n\n\n<p>Erzurum B\u00fcy\u00fck\u015fehir Belediyesi<\/p>\n\n\n\n<p>Erzurum Tar\u0131m \u0130l M\u00fcd\u00fcrl\u00fc\u011f\u00fc<\/p>\n\n\n\n<p>Do\u011fu Anadolu B\u00f6lgesi B\u00f6lge Kalk\u0131nma \u0130daresi (DAP)<\/p>\n\n\n\n<p>Su \u00dcr\u00fcnleri M\u00fchendisleri Derne\u011fi<\/p>\n\n\n\n<p>\u00c7akmak\u00e7\u0131lar Alabal\u0131k<\/p>\n\n\n\n<p>Engin Alabal\u0131k<\/p>\n\n\n\n<p>\u0130nci Alabal\u0131k Tesisi<\/p>\n\n\n\n<p>Forel Su \u00dcr\u00fcnleri<\/p>\n\n\n\n<p>Aqua Life of T\u00dcRK\u0130YE<\/p>\n\n\n\n<p>\u0130\u00e7 Payda\u015flar<\/p>\n\n\n\n<p>\u0130\u00e7 Payda\u015flar, Fak\u00fclte Dekan\u0131, Dekan Yard\u0131mc\u0131lar\u0131, E\u011fitim-\u00d6\u011fretim Komisyonu, Zidek Akreditasyon Komisyonu Fak\u00fclte \u00d6\u011fretim \u00dcyeleri ve Elemanlar\u0131, Lisans ve Lisans\u00fcst\u00fc \u00d6\u011frencilerden olu\u015fmaktad\u0131r. <\/p>\n","protected":false},"excerpt":{"rendered":"<p>Program E\u011fitim Ama\u00e7lar\u0131 Su \u00dcr\u00fcnleri Fak\u00fcltesi Su \u00dcr\u00fcnleri M\u00fchendisli Program\u0131 i\u00e7in PEA\u2019lar a\u015fa\u011f\u0131daki \u015fekilde g\u00fcncellenmi\u015ftir: D\u0131\u015f Payda\u015flar D\u0131\u015f Payda\u015flar, Erzurum \u0130li ba\u015fta olmak \u00fczere \u00f6zellikle Su \u00dcr\u00fcnleri Alan\u0131 ve Sekt\u00f6r\u00fcyle ilgili Kamu Kurum ve Kurulu\u015flar\u0131yla \u00d6zel Sekt\u00f6rden \u015fah\u0131s ve firmalardan olu\u015fmaktad\u0131r. D\u0131\u015f payda\u015flar belirlenirken fak\u00fclteyle ortak fikir, i\u015f veya proje vb. durumlarda payda\u015f olacak, gerek [&hellip;]<\/p>\n","protected":false},"author":61,"featured_media":0,"parent":0,"menu_order":0,"comment_status":"closed","ping_status":"closed","template":"","meta":{"footnotes":""},"class_list":["post-9093","page","type-page","status-publish","hentry"],"_links":{"self":[{"href":"https:\/\/atauni.edu.tr\/su-urunleri-fakultesi\/wp-json\/wp\/v2\/pages\/9093","targetHints":{"allow":["GET"]}}],"collection":[{"href":"https:\/\/atauni.edu.tr\/su-urunleri-fakultesi\/wp-json\/wp\/v2\/pages"}],"about":[{"href":"https:\/\/atauni.edu.tr\/su-urunleri-fakultesi\/wp-json\/wp\/v2\/types\/page"}],"author":[{"embeddable":true,"href":"https:\/\/atauni.edu.tr\/su-urunleri-fakultesi\/wp-json\/wp\/v2\/users\/61"}],"replies":[{"embeddable":true,"href":"https:\/\/atauni.edu.tr\/su-urunleri-fakultesi\/wp-json\/wp\/v2\/comments?post=9093"}],"version-history":[{"count":4,"href":"https:\/\/atauni.edu.tr\/su-urunleri-fakultesi\/wp-json\/wp\/v2\/pages\/9093\/revisions"}],"predecessor-version":[{"id":11877,"href":"https:\/\/atauni.edu.tr\/su-urunleri-fakultesi\/wp-json\/wp\/v2\/pages\/9093\/revisions\/11877"}],"wp:attachment":[{"href":"https:\/\/atauni.edu.tr\/su-urunleri-fakultesi\/wp-json\/wp\/v2\/media?parent=9093"}],"curies":[{"name":"wp","href":"https:\/\/api.w.org\/{rel}","templated":true}]}}