{"id":9435,"date":"2023-05-29T16:35:23","date_gmt":"2023-05-29T13:35:23","guid":{"rendered":"https:\/\/birimler.atauni.edu.tr\/su-urunleri-fakultesi\/?page_id=9435"},"modified":"2023-05-29T16:44:26","modified_gmt":"2023-05-29T13:44:26","slug":"akademik-danismanlik","status":"publish","type":"page","link":"https:\/\/atauni.edu.tr\/su-urunleri-fakultesi\/akademik-danismanlik\/","title":{"rendered":"Akademik Dan\u0131\u015fmanl\u0131k"},"content":{"rendered":"\n<p><strong>\u00d6\u011frencilerimiz Akademik Dan\u0131\u015fmanlar\u0131 ile a\u015fa\u011f\u0131da belirtilen g\u00fcn ve saatlerde g\u00f6r\u00fc\u015febilirler.<\/strong><\/p>\n\n\n\n<p><strong>Do\u00e7. Dr. Veysel PARLAK<\/strong><\/p>\n\n\n\n<p><strong>G\u00f6r\u00fc\u015fme Saatleri: Cuma g\u00fcn\u00fc 10:00-12:00 aras\u0131<\/strong><\/p>\n\n\n\n<p>            <strong>\u00d6\u011frenci No \u00a0\u00a0 Ad Soyad\u00a0\u00a0\u00a0\u00a0\u00a0\u00a0 <\/strong><strong>Program\u0131\u00a0\u00a0\u00a0\u00a0\u00a0\u00a0\u00a0\u00a0\u00a0\u00a0\u00a0\u00a0\u00a0\u00a0\u00a0\u00a0\u00a0\u00a0\u00a0\u00a0\u00a0\u00a0\u00a0\u00a0\u00a0\u00a0\u00a0\u00a0\u00a0\u00a0\u00a0\u00a0\u00a0\u00a0\u00a0\u00a0\u00a0\u00a0\u00a0\u00a0\u00a0\u00a0Ula\u015f\u0131ld\u0131m\u0131<\/strong><\/p>\n\n\n\n<p>            222501005\u00a0\u00a0\u00a0\u00a0\u00a0 N* K*\u00a0\u00a0\u00a0\u00a0\u00a0\u00a0\u00a0\u00a0\u00a0\u00a0\u00a0\u00a0 Su \u00dcr\u00fcnleri M\u00fchendisli\u011fi Program\u0131\u00a0 Evet\u00a0\u00a0\u00a0 &#8212;<\/p>\n\n\n\n<p>            212501008\u00a0\u00a0\u00a0\u00a0\u00a0 N* A*\u00a0\u00a0\u00a0\u00a0\u00a0\u00a0\u00a0\u00a0\u00a0\u00a0\u00a0\u00a0 Su \u00dcr\u00fcnleri M\u00fchendisli\u011fi Program\u0131\u00a0 Evet\u00a0\u00a0\u00a0 &#8212;\u00a0\u00a0\u00a0\u00a0\u00a0\u00a0\u00a0<\/p>\n\n\n\n<p>&nbsp;&nbsp;&nbsp;&nbsp;&nbsp;&nbsp;&nbsp;&nbsp;&nbsp;&nbsp;&nbsp; 212501016&nbsp;&nbsp;&nbsp;&nbsp;&nbsp; N*B*&nbsp;&nbsp;&nbsp;&nbsp;&nbsp;&nbsp;&nbsp;&nbsp;&nbsp;&nbsp;&nbsp;&nbsp;&nbsp; Su \u00dcr\u00fcnleri M\u00fchendisli\u011fi Program\u0131&nbsp; Evet&nbsp;&nbsp;&nbsp; &#8212;&nbsp;&nbsp;&nbsp;&nbsp;&nbsp;&nbsp;&nbsp;<\/p>\n\n\n\n<p>&nbsp;&nbsp;&nbsp;&nbsp;&nbsp;&nbsp;&nbsp;&nbsp;&nbsp;&nbsp;&nbsp; 222501081&nbsp;&nbsp;&nbsp;&nbsp;&nbsp; K* Y*&nbsp;&nbsp;&nbsp;&nbsp;&nbsp;&nbsp;&nbsp;&nbsp;&nbsp;&nbsp;&nbsp;&nbsp; Su \u00dcr\u00fcnleri M\u00fchendisli\u011fi Program\u0131&nbsp; Evet&nbsp;&nbsp;&nbsp; &#8212;&nbsp;&nbsp;&nbsp;&nbsp;&nbsp;&nbsp;&nbsp;<\/p>\n\n\n\n<p>&nbsp;&nbsp;&nbsp;&nbsp;&nbsp;&nbsp;&nbsp;&nbsp;&nbsp;&nbsp;&nbsp; 222501049&nbsp;&nbsp;&nbsp;&nbsp;&nbsp; K* K*&nbsp;&nbsp;&nbsp;&nbsp;&nbsp;&nbsp;&nbsp;&nbsp;&nbsp;&nbsp;&nbsp;&nbsp; Su \u00dcr\u00fcnleri M\u00fchendisli\u011fi Program\u0131&nbsp; Evet&nbsp;&nbsp;&nbsp; &#8212;&nbsp;&nbsp;&nbsp;&nbsp;&nbsp;&nbsp;&nbsp;<\/p>\n\n\n\n<p>&nbsp;&nbsp;&nbsp;&nbsp;&nbsp;&nbsp;&nbsp;&nbsp;&nbsp;&nbsp;&nbsp; 222501030&nbsp;&nbsp;&nbsp;&nbsp;&nbsp; A* A* &nbsp;&nbsp;&nbsp;&nbsp;&nbsp;&nbsp;&nbsp;&nbsp;&nbsp;&nbsp;&nbsp; Su \u00dcr\u00fcnleri M\u00fchendisli\u011fi Program\u0131&nbsp; Evet&nbsp;&nbsp;&nbsp; &#8212;<\/p>\n\n\n\n<p>&nbsp;&nbsp;&nbsp;&nbsp;&nbsp;&nbsp;&nbsp;&nbsp;&nbsp;&nbsp;&nbsp; 222501041&nbsp;&nbsp;&nbsp;&nbsp;&nbsp; A* Y*&nbsp;&nbsp;&nbsp;&nbsp;&nbsp;&nbsp;&nbsp;&nbsp;&nbsp;&nbsp;&nbsp;&nbsp; Su \u00dcr\u00fcnleri M\u00fchendisli\u011fi Program\u0131&nbsp; Evet&nbsp;&nbsp;&nbsp; &#8212;&nbsp;&nbsp;&nbsp;&nbsp;&nbsp;&nbsp;&nbsp;<\/p>\n\n\n\n<p>&nbsp;&nbsp;&nbsp;&nbsp;&nbsp;&nbsp;&nbsp;&nbsp;&nbsp;&nbsp;&nbsp; 222501010&nbsp;&nbsp;&nbsp;&nbsp;&nbsp; B* A*&nbsp;&nbsp;&nbsp;&nbsp;&nbsp;&nbsp;&nbsp;&nbsp;&nbsp;&nbsp;&nbsp;&nbsp; Su \u00dcr\u00fcnleri M\u00fchendisli\u011fi Program\u0131&nbsp; Hay\u0131r&nbsp;&nbsp; &#8212;&nbsp;&nbsp;&nbsp;&nbsp;&nbsp;&nbsp;&nbsp;<\/p>\n\n\n\n<p>&nbsp;&nbsp;&nbsp;&nbsp;&nbsp;&nbsp;&nbsp;&nbsp;&nbsp;&nbsp;&nbsp; 222501004&nbsp;&nbsp;&nbsp;&nbsp;&nbsp; E* A*&nbsp;&nbsp;&nbsp;&nbsp;&nbsp;&nbsp;&nbsp;&nbsp;&nbsp;&nbsp;&nbsp;&nbsp; Su \u00dcr\u00fcnleri M\u00fchendisli\u011fi Program\u0131&nbsp; Evet&nbsp;&nbsp;&nbsp; &#8212;&nbsp;&nbsp;&nbsp;&nbsp;&nbsp;&nbsp;&nbsp;<\/p>\n\n\n\n<p>&nbsp;&nbsp;&nbsp;&nbsp;&nbsp;&nbsp;&nbsp;&nbsp;&nbsp;&nbsp;&nbsp; 222501003&nbsp;&nbsp;&nbsp;&nbsp;&nbsp; E* R* T*&nbsp;&nbsp;&nbsp;&nbsp;&nbsp;&nbsp;&nbsp; Su \u00dcr\u00fcnleri M\u00fchendisli\u011fi Program\u0131&nbsp; Evet&nbsp;&nbsp;&nbsp; &#8212;<\/p>\n\n\n\n<p>&nbsp;&nbsp;&nbsp;&nbsp;&nbsp;&nbsp;&nbsp;&nbsp;&nbsp;&nbsp;&nbsp; 222501013&nbsp;&nbsp;&nbsp;&nbsp;&nbsp; E* B* T*&nbsp;&nbsp;&nbsp;&nbsp;&nbsp;&nbsp;&nbsp; Su \u00dcr\u00fcnleri M\u00fchendisli\u011fi Program\u0131&nbsp; Evet&nbsp;&nbsp;&nbsp; &#8212;<\/p>\n\n\n\n<p>&nbsp;&nbsp;&nbsp;&nbsp;&nbsp;&nbsp;&nbsp;&nbsp;&nbsp;&nbsp;&nbsp; 222501008&nbsp;&nbsp;&nbsp;&nbsp;&nbsp; E* K*&nbsp;&nbsp;&nbsp;&nbsp;&nbsp;&nbsp;&nbsp;&nbsp;&nbsp;&nbsp;&nbsp;&nbsp; Su \u00dcr\u00fcnleri M\u00fchendisli\u011fi Program\u0131&nbsp; Evet&nbsp;&nbsp;&nbsp; &#8212;&nbsp;&nbsp;&nbsp;&nbsp;&nbsp;&nbsp;&nbsp;<\/p>\n\n\n\n<p>&nbsp;&nbsp;&nbsp;&nbsp;&nbsp;&nbsp;&nbsp;&nbsp;&nbsp;&nbsp;&nbsp; 222501029&nbsp;&nbsp;&nbsp;&nbsp;&nbsp; E* \u00d6*&nbsp;&nbsp;&nbsp;&nbsp;&nbsp;&nbsp;&nbsp;&nbsp;&nbsp;&nbsp;&nbsp;&nbsp; Su \u00dcr\u00fcnleri M\u00fchendisli\u011fi Program\u0131&nbsp; Evet&nbsp;&nbsp;&nbsp; &#8212;&nbsp;&nbsp;&nbsp;&nbsp;&nbsp;&nbsp;&nbsp;<\/p>\n\n\n\n<p>&nbsp;&nbsp;&nbsp;&nbsp;&nbsp;&nbsp;&nbsp;&nbsp;&nbsp;&nbsp;&nbsp; 222501031&nbsp;&nbsp;&nbsp;&nbsp;&nbsp; E*Y*&nbsp;&nbsp;&nbsp;&nbsp;&nbsp;&nbsp;&nbsp;&nbsp;&nbsp;&nbsp;&nbsp;&nbsp;&nbsp; Su \u00dcr\u00fcnleri M\u00fchendisli\u011fi Program\u0131&nbsp; Evet&nbsp;&nbsp;&nbsp; &#8212;&nbsp;&nbsp;&nbsp;&nbsp;&nbsp;&nbsp;&nbsp;<\/p>\n\n\n\n<p>\u00a0\u00a0\u00a0\u00a0\u00a0\u00a0\u00a0\u00a0\u00a0\u00a0\u00a0 222501007\u00a0\u00a0\u00a0\u00a0\u00a0 F* B*\u00a0\u00a0\u00a0\u00a0\u00a0\u00a0\u00a0\u00a0\u00a0\u00a0\u00a0\u00a0\u00a0Su \u00dcr\u00fcnleri M\u00fchendisli\u011fi Program\u0131\u00a0 Evet\u00a0\u00a0\u00a0 &#8212;\u00a0\u00a0\u00a0\u00a0\u00a0\u00a0\u00a0<\/p>\n\n\n\n<p>\u00a0\u00a0\u00a0\u00a0\u00a0\u00a0\u00a0\u00a0\u00a0\u00a0\u00a0 222501017\u00a0\u00a0\u00a0\u00a0\u00a0 G* G* \u00a0\u00a0\u00a0\u00a0\u00a0\u00a0\u00a0\u00a0\u00a0\u00a0\u00a0Su \u00dcr\u00fcnleri M\u00fchendisli\u011fi Program\u0131\u00a0 Evet\u00a0\u00a0\u00a0 &#8212;<\/p>\n\n\n\n<p>&nbsp;&nbsp;&nbsp;&nbsp;&nbsp;&nbsp;&nbsp;&nbsp;&nbsp;&nbsp;&nbsp; 222501039&nbsp;&nbsp;&nbsp;&nbsp;&nbsp; G* H*&nbsp;&nbsp;&nbsp;&nbsp;&nbsp;&nbsp;&nbsp;&nbsp;&nbsp;&nbsp;&nbsp;&nbsp; Su \u00dcr\u00fcnleri M\u00fchendisli\u011fi Program\u0131&nbsp; Evet&nbsp;&nbsp;&nbsp; &#8212;<\/p>\n\n\n\n<p>&nbsp;&nbsp;&nbsp;&nbsp;&nbsp;&nbsp;&nbsp;&nbsp;&nbsp;&nbsp;&nbsp; 222501037&nbsp;&nbsp;&nbsp;&nbsp;&nbsp; H* K*&nbsp;&nbsp;&nbsp;&nbsp;&nbsp;&nbsp;&nbsp;&nbsp;&nbsp;&nbsp;&nbsp;&nbsp; Su \u00dcr\u00fcnleri M\u00fchendisli\u011fi Program\u0131&nbsp; Evet&nbsp;&nbsp;&nbsp; &#8212;&nbsp;&nbsp;&nbsp;&nbsp;&nbsp;&nbsp;&nbsp;<\/p>\n\n\n\n<p>&nbsp;&nbsp;&nbsp;&nbsp;&nbsp;&nbsp;&nbsp;&nbsp;&nbsp;&nbsp;&nbsp; 222501011&nbsp;&nbsp;&nbsp;&nbsp;&nbsp; H* M*&nbsp;&nbsp;&nbsp;&nbsp;&nbsp;&nbsp;&nbsp;&nbsp;&nbsp;&nbsp;&nbsp; Su \u00dcr\u00fcnleri M\u00fchendisli\u011fi Program\u0131&nbsp; Evet&nbsp;&nbsp;&nbsp; &#8212;&nbsp;&nbsp;&nbsp;&nbsp;&nbsp;&nbsp;&nbsp;<\/p>\n\n\n\n<p>&nbsp;&nbsp;&nbsp;&nbsp;&nbsp;&nbsp;&nbsp;&nbsp;&nbsp;&nbsp;&nbsp; 222501022&nbsp;&nbsp;&nbsp;&nbsp;&nbsp; H* \u0130*\u0130&nbsp;&nbsp;&nbsp;&nbsp;&nbsp;&nbsp;&nbsp;&nbsp;&nbsp;&nbsp;&nbsp;&nbsp; Su \u00dcr\u00fcnleri M\u00fchendisli\u011fi Program\u0131&nbsp; Evet&nbsp;&nbsp;&nbsp; &#8212;&nbsp;&nbsp;&nbsp;&nbsp;&nbsp;&nbsp;&nbsp;<\/p>\n\n\n\n<p>&nbsp;&nbsp;&nbsp;&nbsp;&nbsp;&nbsp;&nbsp;&nbsp;&nbsp;&nbsp;&nbsp; 222501006&nbsp;&nbsp;&nbsp;&nbsp;&nbsp; K* A*&nbsp;&nbsp;&nbsp;&nbsp;&nbsp;&nbsp;&nbsp;&nbsp;&nbsp;&nbsp;&nbsp;&nbsp; Su \u00dcr\u00fcnleri M\u00fchendisli\u011fi Program\u0131&nbsp; Evet&nbsp;&nbsp;&nbsp; &#8212;&nbsp;&nbsp;&nbsp;&nbsp;&nbsp;&nbsp;&nbsp;<\/p>\n\n\n\n<p>&nbsp;&nbsp;&nbsp;&nbsp;&nbsp;&nbsp;&nbsp;&nbsp;&nbsp;&nbsp;&nbsp; 222501014&nbsp;&nbsp;&nbsp;&nbsp;&nbsp; K* K*&nbsp;&nbsp;&nbsp;&nbsp;&nbsp;&nbsp;&nbsp;&nbsp;&nbsp;&nbsp;&nbsp;&nbsp; Su \u00dcr\u00fcnleri M\u00fchendisli\u011fi Program\u0131&nbsp; Evet&nbsp;&nbsp;&nbsp; &#8212;<\/p>\n\n\n\n<p>&nbsp;&nbsp;&nbsp;&nbsp;&nbsp;&nbsp;&nbsp;&nbsp;&nbsp;&nbsp;&nbsp; 222501019&nbsp;&nbsp;&nbsp;&nbsp;&nbsp; M* P*&nbsp;&nbsp;&nbsp;&nbsp;&nbsp;&nbsp;&nbsp;&nbsp;&nbsp;&nbsp;&nbsp;&nbsp; Su \u00dcr\u00fcnleri M\u00fchendisli\u011fi Program\u0131&nbsp; Evet&nbsp;&nbsp;&nbsp; &#8212;&nbsp;&nbsp;&nbsp;&nbsp;&nbsp;&nbsp;&nbsp;<\/p>\n\n\n\n<p>&nbsp;&nbsp;&nbsp;&nbsp;&nbsp;&nbsp;&nbsp;&nbsp;&nbsp;&nbsp;&nbsp; 222501009&nbsp;&nbsp;&nbsp;&nbsp;&nbsp; M*Y*&nbsp;&nbsp;&nbsp;&nbsp;&nbsp;&nbsp;&nbsp;&nbsp;&nbsp;&nbsp;&nbsp;&nbsp; Su \u00dcr\u00fcnleri M\u00fchendisli\u011fi Program\u0131&nbsp; Evet&nbsp;&nbsp;&nbsp; &#8212;&nbsp;&nbsp;&nbsp;&nbsp;&nbsp;&nbsp;&nbsp;<\/p>\n\n\n\n<p>&nbsp;&nbsp;&nbsp;&nbsp;&nbsp;&nbsp;&nbsp;&nbsp;&nbsp;&nbsp;&nbsp; 222501036&nbsp;&nbsp;&nbsp;&nbsp;&nbsp; M* A* Y*&nbsp;&nbsp;&nbsp;&nbsp;&nbsp; Su \u00dcr\u00fcnleri M\u00fchendisli\u011fi Program\u0131&nbsp; Hay\u0131r<\/p>\n\n\n\n<p>&nbsp;&nbsp;&nbsp;&nbsp;&nbsp;&nbsp;&nbsp;&nbsp;&nbsp;&nbsp;&nbsp; 222501034&nbsp;&nbsp;&nbsp;&nbsp;&nbsp; M* A*&nbsp;&nbsp;&nbsp;&nbsp;&nbsp;&nbsp;&nbsp;&nbsp;&nbsp;&nbsp;&nbsp; Su \u00dcr\u00fcnleri M\u00fchendisli\u011fi Program\u0131&nbsp; Evet&nbsp;&nbsp;&nbsp; &#8212;&nbsp;&nbsp;&nbsp;&nbsp;&nbsp;&nbsp;&nbsp;<\/p>\n\n\n\n<p>&nbsp;&nbsp;&nbsp;&nbsp;&nbsp;&nbsp;&nbsp;&nbsp;&nbsp;&nbsp;&nbsp; 222501012&nbsp;&nbsp;&nbsp;&nbsp;&nbsp; M* E* V*&nbsp;&nbsp;&nbsp;&nbsp;&nbsp;&nbsp; Su \u00dcr\u00fcnleri M\u00fchendisli\u011fi Program\u0131&nbsp; Evet&nbsp;&nbsp;&nbsp; &#8212;<\/p>\n\n\n\n<p>&nbsp;&nbsp;&nbsp;&nbsp;&nbsp;&nbsp;&nbsp;&nbsp;&nbsp;&nbsp;&nbsp; 222501026&nbsp;&nbsp;&nbsp;&nbsp;&nbsp; O* G*&nbsp;&nbsp;&nbsp;&nbsp;&nbsp;&nbsp;&nbsp;&nbsp;&nbsp;&nbsp;&nbsp;&nbsp; Su \u00dcr\u00fcnleri M\u00fchendisli\u011fi Program\u0131&nbsp; Evet&nbsp;&nbsp;&nbsp; &#8212;<\/p>\n\n\n\n<p>&nbsp;&nbsp;&nbsp;&nbsp;&nbsp;&nbsp;&nbsp;&nbsp;&nbsp;&nbsp;&nbsp; 222501028&nbsp;&nbsp;&nbsp;&nbsp;&nbsp; \u00d6* L*Y*&nbsp;&nbsp;&nbsp;&nbsp;&nbsp;&nbsp;&nbsp; Su \u00dcr\u00fcnleri M\u00fchendisli\u011fi Program\u0131&nbsp; Evet&nbsp;&nbsp;&nbsp; &#8212;<\/p>\n\n\n\n<p>&nbsp;&nbsp;&nbsp;&nbsp;&nbsp;&nbsp;&nbsp;&nbsp;&nbsp;&nbsp;&nbsp; 222501043&nbsp;&nbsp;&nbsp;&nbsp;&nbsp; S* D*&nbsp;&nbsp;&nbsp;&nbsp;&nbsp;&nbsp;&nbsp;&nbsp;&nbsp;&nbsp;&nbsp;&nbsp; Su \u00dcr\u00fcnleri M\u00fchendisli\u011fi Program\u0131&nbsp; Evet&nbsp;&nbsp;&nbsp; &#8212;&nbsp;&nbsp;&nbsp;&nbsp;&nbsp;&nbsp;&nbsp;<\/p>\n\n\n\n<p>&nbsp;&nbsp;&nbsp;&nbsp;&nbsp;&nbsp;&nbsp;&nbsp;&nbsp;&nbsp;&nbsp; 222501018&nbsp;&nbsp;&nbsp;&nbsp;&nbsp; Z* A*&nbsp;&nbsp;&nbsp;&nbsp;&nbsp;&nbsp;&nbsp;&nbsp;&nbsp;&nbsp;&nbsp;&nbsp; Su \u00dcr\u00fcnleri M\u00fchendisli\u011fi Program\u0131&nbsp; Evet&nbsp;&nbsp;&nbsp; &#8212;&nbsp;&nbsp;&nbsp;&nbsp;&nbsp;&nbsp;&nbsp;<\/p>\n\n\n\n<p>&nbsp;&nbsp;&nbsp;&nbsp;&nbsp;&nbsp;&nbsp;&nbsp;&nbsp;&nbsp;&nbsp; 222501059&nbsp;&nbsp;&nbsp;&nbsp;&nbsp; J* O*&nbsp;&nbsp;&nbsp;&nbsp;&nbsp;&nbsp;&nbsp;&nbsp;&nbsp;&nbsp;&nbsp;&nbsp;&nbsp; Su \u00dcr\u00fcnleri M\u00fchendisli\u011fi Program\u0131&nbsp; Hay\u0131r<\/p>\n\n\n\n<p>&nbsp;&nbsp;&nbsp;&nbsp;&nbsp;&nbsp;&nbsp;&nbsp;&nbsp;&nbsp;&nbsp; 222501057&nbsp;&nbsp;&nbsp;&nbsp;&nbsp; A* E* H*&nbsp;&nbsp;&nbsp;&nbsp;&nbsp;&nbsp; Su \u00dcr\u00fcnleri M\u00fchendisli\u011fi Program\u0131&nbsp; Evet&nbsp;&nbsp;&nbsp; Afet&nbsp;&nbsp;&nbsp;&nbsp;&nbsp;<\/p>\n\n\n\n<p>&nbsp;&nbsp;&nbsp;&nbsp;&nbsp;&nbsp;&nbsp;&nbsp;&nbsp;&nbsp;&nbsp; 222501078&nbsp;&nbsp;&nbsp;&nbsp;&nbsp; R* K*&nbsp;&nbsp;&nbsp;&nbsp;&nbsp;&nbsp;&nbsp;&nbsp;&nbsp;&nbsp;&nbsp;&nbsp; Su \u00dcr\u00fcnleri M\u00fchendisli\u011fi Program\u0131&nbsp; Evet&nbsp;&nbsp;&nbsp; &#8212;<\/p>\n\n\n\n<p>&nbsp;&nbsp;&nbsp;&nbsp;&nbsp;&nbsp;&nbsp;&nbsp;&nbsp;&nbsp;&nbsp; 222501073&nbsp;&nbsp;&nbsp;&nbsp;&nbsp; A* D*&nbsp;&nbsp;&nbsp;&nbsp;&nbsp;&nbsp;&nbsp;&nbsp;&nbsp;&nbsp;&nbsp;&nbsp; Su \u00dcr\u00fcnleri M\u00fchendisli\u011fi Program\u0131&nbsp; Hay\u0131r&nbsp;&nbsp;&nbsp;&nbsp;&nbsp;&nbsp;&nbsp;&nbsp;&nbsp;&nbsp;&nbsp;&nbsp;&nbsp;&nbsp;<\/p>\n\n\n\n<p>&nbsp;&nbsp;&nbsp;&nbsp;&nbsp;&nbsp;&nbsp;&nbsp;&nbsp;&nbsp;&nbsp; 222501071&nbsp;&nbsp;&nbsp;&nbsp;&nbsp; E* K*&nbsp;&nbsp;&nbsp;&nbsp;&nbsp;&nbsp;&nbsp;&nbsp;&nbsp;&nbsp;&nbsp;&nbsp; Su \u00dcr\u00fcnleri M\u00fchendisli\u011fi Program\u0131&nbsp; Evet&nbsp;&nbsp;&nbsp; &#8212;<\/p>\n\n\n\n<p>\u00a0\u00a0\u00a0\u00a0\u00a0\u00a0\u00a0\u00a0\u00a0\u00a0\u00a0 222501075\u00a0\u00a0\u00a0\u00a0\u00a0 H* \u00c7*\u00a0\u00a0\u00a0\u00a0\u00a0\u00a0\u00a0\u00a0\u00a0\u00a0\u00a0\u00a0Su \u00dcr\u00fcnleri M\u00fchendisli\u011fi Program\u0131\u00a0 Evet\u00a0\u00a0\u00a0 &#8212;<\/p>\n\n\n\n<p>&nbsp;&nbsp;&nbsp;&nbsp;&nbsp;&nbsp;&nbsp;&nbsp;&nbsp;&nbsp;&nbsp; 222501074&nbsp;&nbsp;&nbsp;&nbsp;&nbsp; M* T* \u00c7*&nbsp;&nbsp;&nbsp;&nbsp;&nbsp;&nbsp; Su \u00dcr\u00fcnleri M\u00fchendisli\u011fi Program\u0131&nbsp; Evet<\/p>\n\n\n\n<p>&nbsp;&nbsp;&nbsp;&nbsp;&nbsp;&nbsp;&nbsp;&nbsp;&nbsp;&nbsp;&nbsp; 222501080&nbsp;&nbsp;&nbsp;&nbsp;&nbsp; N* G* Y*&nbsp;&nbsp;&nbsp;&nbsp;&nbsp;&nbsp; Su \u00dcr\u00fcnleri M\u00fchendisli\u011fi Program\u0131&nbsp; Evet&nbsp;&nbsp;&nbsp; &#8212;&nbsp;&nbsp;&nbsp;&nbsp;&nbsp;&nbsp;&nbsp;<\/p>\n\n\n\n<p>\u00a0\u00a0\u00a0\u00a0\u00a0\u00a0\u00a0\u00a0\u00a0\u00a0\u00a0 222501069\u00a0\u00a0\u00a0\u00a0\u00a0 O*C*\u00a0\u00a0\u00a0\u00a0\u00a0\u00a0\u00a0\u00a0\u00a0\u00a0\u00a0\u00a0\u00a0Su \u00dcr\u00fcnleri M\u00fchendisli\u011fi Program\u0131\u00a0 Evet\u00a0\u00a0\u00a0 &#8212;\u00a0\u00a0\u00a0\u00a0\u00a0\u00a0\u00a0<\/p>\n\n\n\n<p><strong>Do\u00e7. Dr. \u00d6zden FAKIO\u011eLU<\/strong><\/p>\n\n\n\n<p><strong>G\u00f6r\u00fc\u015fme Saatleri: Sal\u0131 g\u00fcn\u00fc 10:00-12:00 aras\u0131<\/strong><\/p>\n\n\n\n<p>             202501006\u00a0\u00a0\u00a0\u00a0\u00a0 B*A*L* Su \u00dcr\u00fcnleri M\u00fchendisli\u011fi Program\u0131\u00a0\u00a0\u00a0\u00a0\u00a0\u00a0\u00a0\u00a0\u00a0\u00a0 Hay\u0131r\u00a0\u00a0\u00a0\u00a0\u00a0\u00a0\u00a0\u00a0\u00a0\u00a0\u00a0\u00a0\u00a0\u00a0<\/p>\n\n\n\n<p>&nbsp;&nbsp;&nbsp;&nbsp;&nbsp;&nbsp;&nbsp;&nbsp;&nbsp;&nbsp;&nbsp; 202501003&nbsp;&nbsp;&nbsp;&nbsp;&nbsp; R*A*&nbsp; &nbsp;&nbsp; Su \u00dcr\u00fcnleri M\u00fchendisli\u011fi Program\u0131&nbsp;&nbsp;&nbsp;&nbsp;&nbsp;&nbsp;&nbsp;&nbsp;&nbsp;&nbsp; Evet&nbsp;&nbsp;&nbsp; &#8212;&nbsp;&nbsp;&nbsp;&nbsp;&nbsp;&nbsp;&nbsp;<\/p>\n\n\n\n<p>\u00a0\u00a0\u00a0\u00a0\u00a0\u00a0\u00a0\u00a0\u00a0\u00a0\u00a0 202501001\u00a0\u00a0\u00a0\u00a0\u00a0 S* K*\u00a0 \u00a0\u00a0 Su \u00dcr\u00fcnleri M\u00fchendisli\u011fi Program\u0131\u00a0\u00a0\u00a0\u00a0\u00a0\u00a0\u00a0\u00a0\u00a0\u00a0Evet\u00a0\u00a0\u00a0 &#8212;\u00a0\u00a0\u00a0\u00a0\u00a0\u00a0\u00a0<\/p>\n\n\n\n<p>\u00a0\u00a0\u00a0\u00a0\u00a0\u00a0\u00a0\u00a0\u00a0\u00a0\u00a0 202501008\u00a0\u00a0\u00a0\u00a0\u00a0 Z*G*\u00a0 \u00a0\u00a0 Su \u00dcr\u00fcnleri M\u00fchendisli\u011fi Program\u0131\u00a0\u00a0\u00a0\u00a0\u00a0\u00a0\u00a0\u00a0\u00a0\u00a0Hay\u0131r\u00a0\u00a0\u00a0\u00a0\u00a0\u00a0\u00a0\u00a0\u00a0\u00a0\u00a0\u00a0\u00a0\u00a0<\/p>\n","protected":false},"excerpt":{"rendered":"<p>\u00d6\u011frencilerimiz Akademik Dan\u0131\u015fmanlar\u0131 ile a\u015fa\u011f\u0131da belirtilen g\u00fcn ve saatlerde g\u00f6r\u00fc\u015febilirler. Do\u00e7. Dr. Veysel PARLAK G\u00f6r\u00fc\u015fme Saatleri: Cuma g\u00fcn\u00fc 10:00-12:00 aras\u0131 \u00d6\u011frenci No \u00a0\u00a0 Ad Soyad\u00a0\u00a0\u00a0\u00a0\u00a0\u00a0 Program\u0131\u00a0\u00a0\u00a0\u00a0\u00a0\u00a0\u00a0\u00a0\u00a0\u00a0\u00a0\u00a0\u00a0\u00a0\u00a0\u00a0\u00a0\u00a0\u00a0\u00a0\u00a0\u00a0\u00a0\u00a0\u00a0\u00a0\u00a0\u00a0\u00a0\u00a0\u00a0\u00a0\u00a0\u00a0\u00a0\u00a0\u00a0\u00a0\u00a0\u00a0\u00a0\u00a0Ula\u015f\u0131ld\u0131m\u0131 222501005\u00a0\u00a0\u00a0\u00a0\u00a0 N* K*\u00a0\u00a0\u00a0\u00a0\u00a0\u00a0\u00a0\u00a0\u00a0\u00a0\u00a0\u00a0 Su \u00dcr\u00fcnleri M\u00fchendisli\u011fi Program\u0131\u00a0 Evet\u00a0\u00a0\u00a0 &#8212; 212501008\u00a0\u00a0\u00a0\u00a0\u00a0 N* A*\u00a0\u00a0\u00a0\u00a0\u00a0\u00a0\u00a0\u00a0\u00a0\u00a0\u00a0\u00a0 Su \u00dcr\u00fcnleri M\u00fchendisli\u011fi Program\u0131\u00a0 Evet\u00a0\u00a0\u00a0 &#8212;\u00a0\u00a0\u00a0\u00a0\u00a0\u00a0\u00a0 &nbsp;&nbsp;&nbsp;&nbsp;&nbsp;&nbsp;&nbsp;&nbsp;&nbsp;&nbsp;&nbsp; 212501016&nbsp;&nbsp;&nbsp;&nbsp;&nbsp; N*B*&nbsp;&nbsp;&nbsp;&nbsp;&nbsp;&nbsp;&nbsp;&nbsp;&nbsp;&nbsp;&nbsp;&nbsp;&nbsp; Su \u00dcr\u00fcnleri M\u00fchendisli\u011fi Program\u0131&nbsp; Evet&nbsp;&nbsp;&nbsp; &#8212;&nbsp;&nbsp;&nbsp;&nbsp;&nbsp;&nbsp;&nbsp; &nbsp;&nbsp;&nbsp;&nbsp;&nbsp;&nbsp;&nbsp;&nbsp;&nbsp;&nbsp;&nbsp; 222501081&nbsp;&nbsp;&nbsp;&nbsp;&nbsp; [&hellip;]<\/p>\n","protected":false},"author":61,"featured_media":0,"parent":0,"menu_order":0,"comment_status":"closed","ping_status":"closed","template":"","meta":{"footnotes":""},"class_list":["post-9435","page","type-page","status-publish","hentry"],"_links":{"self":[{"href":"https:\/\/atauni.edu.tr\/su-urunleri-fakultesi\/wp-json\/wp\/v2\/pages\/9435","targetHints":{"allow":["GET"]}}],"collection":[{"href":"https:\/\/atauni.edu.tr\/su-urunleri-fakultesi\/wp-json\/wp\/v2\/pages"}],"about":[{"href":"https:\/\/atauni.edu.tr\/su-urunleri-fakultesi\/wp-json\/wp\/v2\/types\/page"}],"author":[{"embeddable":true,"href":"https:\/\/atauni.edu.tr\/su-urunleri-fakultesi\/wp-json\/wp\/v2\/users\/61"}],"replies":[{"embeddable":true,"href":"https:\/\/atauni.edu.tr\/su-urunleri-fakultesi\/wp-json\/wp\/v2\/comments?post=9435"}],"version-history":[{"count":2,"href":"https:\/\/atauni.edu.tr\/su-urunleri-fakultesi\/wp-json\/wp\/v2\/pages\/9435\/revisions"}],"predecessor-version":[{"id":9446,"href":"https:\/\/atauni.edu.tr\/su-urunleri-fakultesi\/wp-json\/wp\/v2\/pages\/9435\/revisions\/9446"}],"wp:attachment":[{"href":"https:\/\/atauni.edu.tr\/su-urunleri-fakultesi\/wp-json\/wp\/v2\/media?parent=9435"}],"curies":[{"name":"wp","href":"https:\/\/api.w.org\/{rel}","templated":true}]}}