{"id":5638,"date":"2021-07-13T09:49:25","date_gmt":"2021-07-13T06:49:25","guid":{"rendered":"https:\/\/portaltest.atauni.edu.tr\/bilgisayar-muhendisligi\/?page_id=5638"},"modified":"2022-05-12T16:49:43","modified_gmt":"2022-05-12T13:49:43","slug":"tarihce","status":"publish","type":"page","link":"https:\/\/atauni.edu.tr\/tarih-egitimi-abd\/tarihce\/","title":{"rendered":"Tarih\u00e7e"},"content":{"rendered":"\t\t<div data-elementor-type=\"wp-page\" data-elementor-id=\"5638\" class=\"elementor elementor-5638\" data-elementor-post-type=\"page\">\n\t\t\t\t\t\t<section class=\"elementor-section elementor-top-section elementor-element elementor-element-730d320 elementor-section-boxed elementor-section-height-default elementor-section-height-default\" data-id=\"730d320\" data-element_type=\"section\">\n\t\t\t\t\t\t<div class=\"elementor-container elementor-column-gap-default\">\n\t\t\t\t\t<div class=\"elementor-column elementor-col-100 elementor-top-column elementor-element elementor-element-753d0860\" data-id=\"753d0860\" data-element_type=\"column\">\n\t\t\t<div class=\"elementor-widget-wrap\">\n\t\t\t\t\t\t\t<\/div>\n\t\t<\/div>\n\t\t\t\t\t<\/div>\n\t\t<\/section>\n\t\t\t\t<section class=\"elementor-section elementor-top-section elementor-element elementor-element-9be811a elementor-section-boxed elementor-section-height-default elementor-section-height-default\" data-id=\"9be811a\" data-element_type=\"section\">\n\t\t\t\t\t\t<div class=\"elementor-container elementor-column-gap-default\">\n\t\t\t\t\t<div class=\"elementor-column elementor-col-100 elementor-top-column elementor-element elementor-element-1ed847b7\" data-id=\"1ed847b7\" data-element_type=\"column\">\n\t\t\t<div class=\"elementor-widget-wrap elementor-element-populated\">\n\t\t\t\t\t\t<div class=\"elementor-element elementor-element-4ce0d07f elementor-widget elementor-widget-heading\" data-id=\"4ce0d07f\" data-element_type=\"widget\" data-widget_type=\"heading.default\">\n\t\t\t\t<div class=\"elementor-widget-container\">\n\t\t\t\t\t<h2 class=\"elementor-heading-title elementor-size-default\">Tarih\u00e7e<\/h2>\t\t\t\t<\/div>\n\t\t\t\t<\/div>\n\t\t\t\t<div class=\"elementor-element elementor-element-63260862 elementor-widget-divider--view-line elementor-widget elementor-widget-divider\" data-id=\"63260862\" data-element_type=\"widget\" data-widget_type=\"divider.default\">\n\t\t\t\t<div class=\"elementor-widget-container\">\n\t\t\t\t\t\t\t<div class=\"elementor-divider\">\n\t\t\t<span class=\"elementor-divider-separator\">\n\t\t\t\t\t\t<\/span>\n\t\t<\/div>\n\t\t\t\t\t\t<\/div>\n\t\t\t\t<\/div>\n\t\t\t\t\t<\/div>\n\t\t<\/div>\n\t\t\t\t\t<\/div>\n\t\t<\/section>\n\t\t\t\t<section class=\"elementor-section elementor-top-section elementor-element elementor-element-681db8b elementor-section-boxed elementor-section-height-default elementor-section-height-default\" data-id=\"681db8b\" data-element_type=\"section\">\n\t\t\t\t\t\t<div class=\"elementor-container elementor-column-gap-default\">\n\t\t\t\t\t<div class=\"elementor-column elementor-col-100 elementor-top-column elementor-element elementor-element-ad4dac5\" data-id=\"ad4dac5\" data-element_type=\"column\">\n\t\t\t<div class=\"elementor-widget-wrap elementor-element-populated\">\n\t\t\t\t\t\t<div class=\"elementor-element elementor-element-2f96b3d elementor-widget elementor-widget-text-editor\" data-id=\"2f96b3d\" data-element_type=\"widget\" data-widget_type=\"text-editor.default\">\n\t\t\t\t<div class=\"elementor-widget-container\">\n\t\t\t\t\t\t\t\t\t<h2><span lang=\"DE\">Program\u0131n<span style=\"letter-spacing:-.6pt\"> <\/span>K\u0131sa<span style=\"letter-spacing:-.6pt\"> <\/span>Tarih\u00e7esi<span style=\"letter-spacing:-.6pt\"> <\/span>ve<span style=\"letter-spacing:-.6pt\"> <\/span>De\u011fi\u015fiklikler<\/span><\/h2><p class=\"MsoNormal\" style=\"margin-bottom: 6pt\"><span lang=\"DE\" style=\"font-size:12.0pt\">Kaz\u0131m Karabekir E\u011fitim Fak\u00fcltesi, Milli E\u011fitim\nBakanl\u0131\u011f\u0131na ba\u011fl\u0131 olarak 1961 y\u0131l\u0131nda Erzurum E\u011fitim Enstit\u00fcs\u00fc ad\u0131yla\nkurulmu\u015ftur. E\u011fitim Enstit\u00fcs\u00fc, Ali Ravi \u0130lkokulu binas\u0131nda e\u011fitim \u00f6\u011fretime\nba\u015flam\u0131\u015f ve 1963 y\u0131l\u0131nda bug\u00fcnk\u00fc Yoncal\u0131k yerle\u015fkesine ta\u015f\u0131nm\u0131\u015ft\u0131r. 1967-68\n\u00f6\u011fretim y\u0131l\u0131nda 2 y\u0131l olan \u00f6\u011frenim s\u00fcresi 3 y\u0131la \u00e7\u0131kar\u0131lm\u0131\u015ft\u0131r. Erzurum E\u011fitim\nEnstit\u00fcs\u00fc, 1973\u2019te Kaz\u0131m Karabekir E\u011fitim Enstit\u00fcs\u00fc ad\u0131n\u0131 alm\u0131\u015f ve 1979\u2019da 4\ny\u0131ll\u0131k Kaz\u0131m Karabekir Y\u00fcksek \u00d6\u011fretmen Okuluna d\u00f6n\u00fc\u015ft\u00fcr\u00fclm\u00fc\u015ft\u00fcr. 20 Temmuz 1982\ntarih ve 41 say\u0131l\u0131 kanun h\u00fckm\u00fcndeki kararnamenin y\u00fcr\u00fcrl\u00fc\u011fe girmesi ile de Temel\nBilimler ve Yabanc\u0131 Diller Y\u00fcksek Okulu ile birle\u015ftirilerek Atat\u00fcrk\n\u00dcniversitesi \u00e7at\u0131s\u0131 alt\u0131na al\u0131nan Kaz\u0131m Karabekir E\u011fitim Fak\u00fcltesi dekanl\u0131k\ng\u00f6revine ilk olarak Prof. Dr. Kaya Bilgegil getirilmi\u015ftir.<\/span><\/p><p class=\"MsoNormal\" style=\"margin-bottom: 6pt\"><span lang=\"DE\" style=\"font-size:12.0pt\">Kaz\u0131m Karabekir Y\u00fcksek \u00d6\u011fretmen Okulu b\u00fcnyesinde Sosyal\nBilgiler B\u00f6l\u00fcm\u00fc Tarih-Co\u011frafya \u00d6\u011fretmenli\u011fi ve Co\u011frafya-Tarih \u00d6\u011fretmenli\u011fi\nProgramlar\u0131 bulunup ayr\u0131 anabilim dallar\u0131 yap\u0131lanmas\u0131 g\u00f6r\u00fclmemi\u015ftir. 1982-1983\n\u00f6\u011fretim y\u0131l\u0131nda kurum fak\u00fclte haline getirilince Sosyal Bilgiler B\u00f6l\u00fcm\u00fc Tarih\n\u00d6\u011fretmenli\u011fi Anabilim Dal\u0131 ve Co\u011frafya \u00d6\u011fretmenli\u011fi Anabilim Dal\u0131 \u015feklinde\nyap\u0131lanmaya gidilmi\u015ftir. 1994 y\u0131l\u0131nda anabilim dallar\u0131 b\u00f6l\u00fcm haline\ngetirildi\u011finden Tarih \u00d6\u011fretmenli\u011fi Anabilim Dal\u0131, Tarih E\u011fitimi B\u00f6l\u00fcm\u00fc\nolmu\u015ftur. Tarih E\u011fitimi B\u00f6l\u00fcm\u00fc ba\u015fkanl\u0131k g\u00f6revi yap\u0131sal de\u011fi\u015fikli\u011fe kadar Muammer\nDemirel taraf\u0131ndan y\u00fcr\u00fct\u00fclm\u00fc\u015ft\u00fcr.&nbsp;&nbsp;&nbsp; <\/span><\/p><p class=\"MsoNormal\" style=\"margin-bottom: 6pt\"><span lang=\"DE\" style=\"font-size:12.0pt\">1996 y\u0131l\u0131nda Fak\u00fcltenin baz\u0131 b\u00f6l\u00fcmleri ile birlikte Tarih\nE\u011fitimi B\u00f6l\u00fcm\u00fc Atat\u00fcrk \u00dcniversitesi merkez yerle\u015fkesine ta\u015f\u0131nm\u0131\u015f, di\u011fer\nb\u00f6l\u00fcmleri de Yoncal\u0131k yerle\u015fkesinde e\u011fitim vermeye devam etmi\u015ftir.&nbsp; Y\u00fcksek\u00f6\u011fretim Y\u00fcr\u00fctme Kurulunun 04.11.1997\ntarih ve 97.39.2761 say\u0131 ile ald\u0131\u011f\u0131 karar gere\u011fince E\u011fitim Fak\u00fcltelerinde\nyeniden yap\u0131lanma s\u00fcrecine girilmi\u015ftir. Bu s\u00fcre\u00e7te Orta\u00f6\u011fretim Sosyal Alanlar\nE\u011fitimi B\u00f6l\u00fcm\u00fc kurulmu\u015f ve bu b\u00f6l\u00fcm\u00fcn anabilim dallar\u0131ndan biri de Tarih E\u011fitimi\nAnabilim Dal\u0131 olmu\u015ftur. Tarih E\u011fitimi Anabilim Dal\u0131nda 5 y\u0131ll\u0131k (3,5+1,5)\nLisansla Birle\u015ftirilmi\u015f Tezsiz Y\u00fcksek Lisans Program\u0131 1998-1999 \u00f6\u011fretim\ny\u0131l\u0131ndan itibaren \u00f6\u011frenci yeti\u015ftirmeye ba\u015flam\u0131\u015f ve bu program\u0131n ilk mezunlar\u0131\n2003 y\u0131l\u0131nda verilmi\u015ftir. 5 y\u0131ll\u0131k program\u0131n (2002-2003 ve 2007-2008 \u00f6\u011fretim\ny\u0131llar\u0131nda m\u00fcfredat de\u011fi\u015fikli\u011fine gidilmekle birlikte) 2012-2013 \u00f6\u011fretim\ny\u0131l\u0131nda en son \u00f6\u011frencileri al\u0131nm\u0131\u015ft\u0131r. 2013-2014 \u00f6\u011fretim y\u0131l\u0131nda ise programa\nkontenjan a\u00e7\u0131lmam\u0131\u015ft\u0131r. 2014-2015 \u00f6\u011fretim y\u0131l\u0131nda Sosyal Bilimler ve T\u00fcrk\u00e7e\nE\u011fitimi B\u00f6l\u00fcm\u00fc Tarih E\u011fitimi Anabilim Dal\u0131nda 4 y\u0131ll\u0131k Tarih \u00d6\u011fretmenli\u011fi\nProgram\u0131 ba\u015flat\u0131lm\u0131\u015ft\u0131r. Bu s\u00fcre\u00e7te Fen-Edebiyat Fak\u00fcltesi Tarih B\u00f6l\u00fcm\u00fc\n\u00f6\u011frencileri i\u00e7in (4+1,5) sistemiyle ba\u015flayan formasyon a\u011f\u0131rl\u0131kl\u0131 bir tamamlama\nprogram\u0131 ger\u00e7ekle\u015ftirilmi\u015ftir.<\/span><\/p><p class=\"MsoNormal\" style=\"margin-bottom: 6pt\"><span lang=\"DE\" style=\"font-size:12.0pt\">Keza s\u00fcre\u00e7te Sosyal Bilimler ve T\u00fcrk\u00e7e E\u011fitimi B\u00f6l\u00fcm\u00fcn\u00fcn\nismi T\u00fcrk\u00e7e ve Sosyal Bilimler E\u011fitimi B\u00f6l\u00fcm\u00fc olmu\u015ftur. \u00d6\u011fretmen Yeti\u015ftirme\nLisans Programlar\u0131 2018 y\u0131l\u0131nda Y\u00d6K Genel Kurul karar\u0131 ile yeniden\nd\u00fczenlenmi\u015ftir. Bu d\u00fczenleme gere\u011fi ilgili kurul taraf\u0131ndan haz\u0131rlanan yeni\nm\u00fcfredat program\u0131 2018-2019 \u00f6\u011fretim y\u0131l\u0131ndan itibaren Anabilim Dal\u0131m\u0131z\ntaraf\u0131ndan y\u00fcr\u00fct\u00fclmektedir. Yeni m\u00fcfredat program\u0131nda meslek bilgisi dersleri\n50 kredi\/88 AKTS, genel k\u00fclt\u00fcr dersleri 27 kredi\/42 AKTS, alan e\u011fitimi dersleri\n74 kredi\/110 AKTS olup toplamda 151 kredi\/240 AKTS de\u011ferine sahiptir.<\/span><\/p><p>\n\n\n\n\n\n\n\n\n\n<\/p><p class=\"MsoNormal\" style=\"margin-bottom: 6pt\"><span lang=\"DE\" style=\"font-size:12.0pt\">Kaz\u0131m Karabekir E\u011fitim Fak\u00fcltesi T\u00fcrk\u00e7e ve Sosyal\nBilimler E\u011fitimi B\u00f6l\u00fcm\u00fc Tarih E\u011fitimi Anabilim Dal\u0131nda 1 profes\u00f6r, 2 do\u00e7ent, 4\ndoktor \u00f6\u011fretim \u00fcyesi ve 1 ara\u015ft\u0131rma g\u00f6revlisi g\u00f6rev almaktad\u0131r.<\/span><\/p>\t\t\t\t\t\t\t\t<\/div>\n\t\t\t\t<\/div>\n\t\t\t\t\t<\/div>\n\t\t<\/div>\n\t\t\t\t\t<\/div>\n\t\t<\/section>\n\t\t\t\t<\/div>\n\t\t","protected":false},"excerpt":{"rendered":"<p>Tarih\u00e7e Program\u0131n K\u0131sa Tarih\u00e7esi ve De\u011fi\u015fiklikler Kaz\u0131m Karabekir E\u011fitim Fak\u00fcltesi, Milli E\u011fitim Bakanl\u0131\u011f\u0131na ba\u011fl\u0131 olarak 1961 y\u0131l\u0131nda Erzurum E\u011fitim Enstit\u00fcs\u00fc ad\u0131yla kurulmu\u015ftur. E\u011fitim Enstit\u00fcs\u00fc, Ali Ravi \u0130lkokulu binas\u0131nda e\u011fitim \u00f6\u011fretime ba\u015flam\u0131\u015f ve 1963 y\u0131l\u0131nda bug\u00fcnk\u00fc Yoncal\u0131k yerle\u015fkesine ta\u015f\u0131nm\u0131\u015ft\u0131r. 1967-68 \u00f6\u011fretim y\u0131l\u0131nda 2 y\u0131l olan \u00f6\u011frenim s\u00fcresi 3 y\u0131la \u00e7\u0131kar\u0131lm\u0131\u015ft\u0131r. Erzurum E\u011fitim Enstit\u00fcs\u00fc, 1973\u2019te Kaz\u0131m Karabekir [&hellip;]<\/p>\n","protected":false},"author":1,"featured_media":0,"parent":0,"menu_order":0,"comment_status":"closed","ping_status":"closed","template":"","meta":{"footnotes":""},"class_list":["post-5638","page","type-page","status-publish","hentry"],"_links":{"self":[{"href":"https:\/\/atauni.edu.tr\/tarih-egitimi-abd\/wp-json\/wp\/v2\/pages\/5638","targetHints":{"allow":["GET"]}}],"collection":[{"href":"https:\/\/atauni.edu.tr\/tarih-egitimi-abd\/wp-json\/wp\/v2\/pages"}],"about":[{"href":"https:\/\/atauni.edu.tr\/tarih-egitimi-abd\/wp-json\/wp\/v2\/types\/page"}],"author":[{"embeddable":true,"href":"https:\/\/atauni.edu.tr\/tarih-egitimi-abd\/wp-json\/wp\/v2\/users\/1"}],"replies":[{"embeddable":true,"href":"https:\/\/atauni.edu.tr\/tarih-egitimi-abd\/wp-json\/wp\/v2\/comments?post=5638"}],"version-history":[{"count":25,"href":"https:\/\/atauni.edu.tr\/tarih-egitimi-abd\/wp-json\/wp\/v2\/pages\/5638\/revisions"}],"predecessor-version":[{"id":6206,"href":"https:\/\/atauni.edu.tr\/tarih-egitimi-abd\/wp-json\/wp\/v2\/pages\/5638\/revisions\/6206"}],"wp:attachment":[{"href":"https:\/\/atauni.edu.tr\/tarih-egitimi-abd\/wp-json\/wp\/v2\/media?parent=5638"}],"curies":[{"name":"wp","href":"https:\/\/api.w.org\/{rel}","templated":true}]}}