{"id":5662,"date":"2021-07-13T10:01:45","date_gmt":"2021-07-13T07:01:45","guid":{"rendered":"https:\/\/portaltest.atauni.edu.tr\/bilgisayar-muhendisligi\/?page_id=5662"},"modified":"2022-05-12T16:55:57","modified_gmt":"2022-05-12T13:55:57","slug":"yonetim","status":"publish","type":"page","link":"https:\/\/atauni.edu.tr\/tarih-egitimi-abd\/yonetim\/","title":{"rendered":"Y\u00f6netim"},"content":{"rendered":"\t\t<div data-elementor-type=\"wp-page\" data-elementor-id=\"5662\" class=\"elementor elementor-5662\" data-elementor-post-type=\"page\">\n\t\t\t\t\t\t<section class=\"elementor-section elementor-top-section elementor-element elementor-element-22b96024 elementor-section-boxed elementor-section-height-default elementor-section-height-default\" data-id=\"22b96024\" data-element_type=\"section\">\n\t\t\t\t\t\t<div class=\"elementor-container elementor-column-gap-default\">\n\t\t\t\t\t<div class=\"elementor-column elementor-col-100 elementor-top-column elementor-element elementor-element-5a1f7769\" data-id=\"5a1f7769\" data-element_type=\"column\">\n\t\t\t<div class=\"elementor-widget-wrap elementor-element-populated\">\n\t\t\t\t\t\t<div class=\"elementor-element elementor-element-3b3e2d4a elementor-widget elementor-widget-heading\" data-id=\"3b3e2d4a\" data-element_type=\"widget\" data-widget_type=\"heading.default\">\n\t\t\t\t<div class=\"elementor-widget-container\">\n\t\t\t\t\t<h2 class=\"elementor-heading-title elementor-size-default\">Y\u00f6netim<\/h2>\t\t\t\t<\/div>\n\t\t\t\t<\/div>\n\t\t\t\t<div class=\"elementor-element elementor-element-35223868 elementor-widget-divider--view-line elementor-widget elementor-widget-divider\" data-id=\"35223868\" data-element_type=\"widget\" data-widget_type=\"divider.default\">\n\t\t\t\t<div class=\"elementor-widget-container\">\n\t\t\t\t\t\t\t<div class=\"elementor-divider\">\n\t\t\t<span class=\"elementor-divider-separator\">\n\t\t\t\t\t\t<\/span>\n\t\t<\/div>\n\t\t\t\t\t\t<\/div>\n\t\t\t\t<\/div>\n\t\t\t\t\t<\/div>\n\t\t<\/div>\n\t\t\t\t\t<\/div>\n\t\t<\/section>\n\t\t\t\t<section class=\"elementor-section elementor-top-section elementor-element elementor-element-fd99295 elementor-section-boxed elementor-section-height-default elementor-section-height-default\" data-id=\"fd99295\" data-element_type=\"section\">\n\t\t\t\t\t\t<div class=\"elementor-container elementor-column-gap-default\">\n\t\t\t\t\t<div class=\"elementor-column elementor-col-100 elementor-top-column elementor-element elementor-element-3da5c24\" data-id=\"3da5c24\" data-element_type=\"column\">\n\t\t\t<div class=\"elementor-widget-wrap elementor-element-populated\">\n\t\t\t\t\t\t<div class=\"elementor-element elementor-element-4c952f1 elementor-widget elementor-widget-shortcode\" data-id=\"4c952f1\" data-element_type=\"widget\" data-widget_type=\"shortcode.default\">\n\t\t\t\t<div class=\"elementor-widget-container\">\n\t\t\t\t\t\t\t<div class=\"elementor-shortcode\"><\/div>\n\t\t\t\t\t\t<\/div>\n\t\t\t\t<\/div>\n\t\t\t\t\t<\/div>\n\t\t<\/div>\n\t\t\t\t\t<\/div>\n\t\t<\/section>\n\t\t\t\t<section class=\"elementor-section elementor-top-section elementor-element elementor-element-0267cfd elementor-section-boxed elementor-section-height-default elementor-section-height-default\" data-id=\"0267cfd\" data-element_type=\"section\">\n\t\t\t\t\t\t<div class=\"elementor-container elementor-column-gap-default\">\n\t\t\t\t\t<div class=\"elementor-column elementor-col-100 elementor-top-column elementor-element elementor-element-3d91193\" data-id=\"3d91193\" data-element_type=\"column\">\n\t\t\t<div class=\"elementor-widget-wrap elementor-element-populated\">\n\t\t\t\t\t\t<div class=\"elementor-element elementor-element-8d49381 elementor-widget elementor-widget-text-editor\" data-id=\"8d49381\" data-element_type=\"widget\" data-widget_type=\"text-editor.default\">\n\t\t\t\t<div class=\"elementor-widget-container\">\n\t\t\t\t\t\t\t\t\t<h3>&nbsp;<\/h3>\n<p>Kamu Mali Y\u00f6netimi ve Kontrol Kanunu\u2019nun 9. Maddesi gere\u011fince kamu idareleri stratejik plan haz\u0131rlamaktad\u0131r. \u00dcniversitemizin bu do\u011frultuda ilk stratejik plan\u0131 2009-2013 d\u00f6nemini kapsayacak \u015fekilde haz\u0131rlanm\u0131\u015ft\u0131r. \u0130kinci stratejik plan ise 2014-2018 y\u0131llar\u0131 aras\u0131nda uygulanm\u0131\u015ft\u0131r. 2019-2023 d\u00f6nemini kapsayacak \u00fc\u00e7\u00fcnc\u00fc stratejik plan haz\u0131rl\u0131k s\u00fcrecinde \u00fcniversitemizde ger\u00e7ekle\u015ftirilecek faaliyetlerin t\u00fcm idari ve akademik personel ile sivil toplum kurulu\u015flar\u0131n\u0131n katk\u0131lar\u0131 ile haz\u0131rlanmas\u0131na azami derecede \u00f6nem verilmi\u015ftir.<\/p>\n<p>Atat\u00fcrk \u00dcniversitesi stratejik plan \u00e7al\u0131\u015fmalar\u0131, Rekt\u00f6r taraf\u0131ndan yay\u0131mlanan 24.05.2017 tarihli ve 1 numaral\u0131 Stratejik Plan \u0130\u00e7 Genelgesiyle ba\u015flat\u0131lm\u0131\u015f olup; bu genelgeyle \u00fcniversitemiz stratejik plan\u0131n\u0131n haz\u0131rlanmas\u0131na temel olu\u015fturmak \u00fczere her birimin, kendi birim stratejik planlar\u0131n\u0131 haz\u0131rlamak \u00fczere birimlerinde \u00e7al\u0131\u015fma gruplar\u0131 olu\u015fturulmas\u0131 istenmi\u015ftir.&nbsp; Ayr\u0131ca \u00e7al\u0131\u015fmalar\u0131 \u00fcst d\u00fczeyde y\u00f6nlendirmek \u00fczere bir Strateji Geli\u015ftirme Kurulu olu\u015fturulmu\u015f ve t\u00fcm \u00e7al\u0131\u015fmalar Strateji Geli\u015ftirme Daire Ba\u015fkanl\u0131\u011f\u0131 koordinasyonunda y\u00fcr\u00fct\u00fclmektedir.<\/p>\n<p>Bu kapsamda; 11.09.2017 tarihli ve 2 numaral\u0131 Stratejik Plan \u0130\u00e7 Genelgesiyle, Stratejik Planlama Ekibi taraf\u0131ndan haz\u0131rlanan \u201cAtat\u00fcrk \u00dcniversitesi 2019-2023 Stratejik Plan\u0131 Haz\u0131rl\u0131k Program\u0131\u201d n\u0131n Strateji Geli\u015ftirme Kurulu taraf\u0131ndan 14.08.2017 tarihinde g\u00f6r\u00fc\u015f\u00fcl\u00fcp son hali verilerek uygulamaya konuldu\u011fu bildirilmi\u015ftir. \u00dcniversitemiz 2019-2023 Stratejik Plan\u0131 haz\u0131rl\u0131k \u00e7al\u0131\u015fmalar\u0131 kapsam\u0131nda; Stratejik Planlama Ekibinin 25 Eyl\u00fcl 2017 tarihli toplant\u0131s\u0131nda al\u0131nan kararlar neticesinde i\u015fb\u00f6l\u00fcm\u00fc \u00e7izelgesi olu\u015fturulmu\u015f ve alt \u00e7al\u0131\u015fma gruplar\u0131 belirlenmi\u015ftir. An\u0131lan \u00e7al\u0131\u015fma gruplar\u0131 ile y\u00fcr\u00fct\u00fclen \u00e7al\u0131\u015fmalar sonucunda belirlenen nihai hedefler Strateji Geli\u015ftirme Kurulu\u2019nda karara ba\u011flanarak Rekt\u00f6r onay\u0131na sunulmu\u015f, s\u00fcrecin t\u00fcm a\u015famalar\u0131nda stratejik plan \u00e7al\u0131\u015fmalar\u0131 Strateji Geli\u015ftirme Daire Ba\u015fkanl\u0131\u011f\u0131\u2019nca koordine edilmi\u015f ve stratejik planlama ekibi desteklenmi\u015ftir (Bkz; https:\/\/www.atauni.edu.tr\/uploads\/2019-2023-StratejikPlan.pdf)<\/p>\n<p>Her birimin kendi stratejik plan\u0131n haz\u0131rlama anlay\u0131\u015f\u0131ndan hareketle ve daha nitelikli bir toplumun olu\u015fmas\u0131na katk\u0131 sa\u011flamak amac\u0131yla 2017-2022 y\u0131llar\u0131 aras\u0131nda uygulanmak \u00fczere yol haritas\u0131 niteli\u011finde Kaz\u0131m Karabekir E\u011fitim Fak\u00fcltesi Stratejik Plan\u0131 haz\u0131rlanm\u0131\u015ft\u0131r (Bkz; https:\/\/atauni.edu.tr\/yuklemeler\/268808b54c064548a79bff8b87dbf324.pdf). Ayr\u0131ca Atat\u00fcrk \u00dcniversitesi 2019-2023 D\u00f6nemi Stratejik Plan 2019 Y\u0131l\u0131 \u0130zleme Raporu ve 2020 Y\u0131l\u0131 \u0130zleme Raporlar\u0131 d\u00fczenlenmi\u015ftir (Bkz; <a href=\"https:\/\/atauni.edu.tr\/tr\/strateji-planlama-birimi\">https:\/\/atauni.edu.tr\/tr\/strateji-planlama-birimi<\/a>).<\/p>\n<p><\/p>\n<p>Fak\u00fcltemizde a\u015fa\u011f\u0131da g\u00f6sterilen komisyonlar ile yine a\u015fa\u011f\u0131da a\u00e7\u0131klanan y\u00f6netim kurulu, fak\u00fclte kurulu ve di\u011fer birimler bulunmaktad\u0131r:<\/p>\n<p>\u0130\u015f Sa\u011fl\u0131\u011f\u0131 ve G\u00fcvenli\u011fi Komisyonu<\/p>\n<p>Fak\u00fclte Kriter Komisyonu<\/p>\n<p>Sat\u0131n Alma ve Muayene Kabul Komisyonu<\/p>\n<p>Yatay Ge\u00e7i\u015f Komisyonu (Bkz; https:\/\/atauni.edu.tr\/kurul-ve-komisyonlar)<\/p>\n<p>Muafiyet ve \u0130ntibak Komisyonu<\/p>\n<p>Kalite Komisyonu<\/p>\n<p>Alt Kalite Komisyonu<\/p>\n<p>Dijital \u0130novasyon Komisyonu<\/p>\n<p>Akademik Performans D\u00fczenleme ve Denetleme ve \u0130tiraz Komisyonu<\/p>\n<p>Kaz\u0131m Karabekir E\u011fitim Fak\u00fcltesinde fak\u00fclte kurulu ve y\u00f6netim kurulu toplant\u0131lar\u0131n\u0131 d\u00fczenli olarak ger\u00e7ekle\u015ftirmekte, \u00fcye ve birimlerin fak\u00fclte karar alma s\u00fcrecinde yer almalar\u0131 i\u00e7in kat\u0131l\u0131mlar\u0131 te\u015fvik edilmektedir. Fak\u00fclte genelinde:<\/p>\n<p><em>Fak\u00fclte Kurulu<\/em>; dekan\u0131n ba\u015fkanl\u0131\u011f\u0131nda b\u00f6l\u00fcm ba\u015fkanlar\u0131 ile \u00fc\u00e7 y\u0131l i\u00e7in fak\u00fcltedeki profes\u00f6rlerin kendi aralar\u0131ndan se\u00e7ecekleri \u00fc\u00e7, do\u00e7entlerin kendi aralar\u0131ndan se\u00e7ecekleri iki, doktor \u00f6\u011fretim \u00fcyelerinin kendi aralar\u0131ndan se\u00e7ecekleri bir \u00f6\u011fretim \u00fcyesinden olu\u015fmaktad\u0131r. Fak\u00fclte kurulumuz e\u011fitim-\u00f6\u011fretim, bilimsel ara\u015ft\u0131rma ve yay\u0131n faaliyetlerini ve bu faaliyetlerle ilgili esaslar\u0131, plan, program ve e\u011fitim-\u00f6\u011fretim takvimini kararla\u015ft\u0131rmakta, kanun ve y\u00f6netmeliklerle verilen di\u011fer g\u00f6revleri yerine getirmektedir. Keza fak\u00fclte kurulumuz, e\u011fitim \u00f6\u011fretim i\u015flerinin sa\u011fl\u0131kl\u0131 bir \u015fekilde y\u00fcr\u00fct\u00fclebilmesi i\u00e7in her ay en az bir defa olmak \u00fczere toplanmaktad\u0131r.<\/p>\n<p><em>Fak\u00fclte Y\u00f6netim Kurulu<\/em>; dekan\u0131n ba\u015fkanl\u0131\u011f\u0131nda fak\u00fclte kurulunun \u00fc\u00e7 y\u0131l i\u00e7in se\u00e7ece\u011fi \u00fc\u00e7 profes\u00f6r, iki do\u00e7ent ve bir doktor \u00f6\u011fretim \u00fcyesinden meydana gelmektedir. Fak\u00fcltede gerekli bilgilendirmelerin yap\u0131lmas\u0131, i\u015fleyi\u015fin sa\u011fl\u0131kl\u0131 \u015fekilde y\u00fcr\u00fct\u00fclmesi, ger\u00e7ekle\u015fmesi gereken eylemlerin hayata ge\u00e7irilebilmesi i\u00e7in fak\u00fclte kurulu aktif olarak faaliyet g\u00f6stermektedir. Y\u00f6netim Kurulumuz g\u00fcndem maddelerini g\u00f6r\u00fc\u015fmek \u00fczere her hafta Per\u015fembe g\u00fcnleri \u00f6nceden belirlenmi\u015f bir saatte (\u00e7o\u011funlukla 14:00) toplant\u0131 yapmaktad\u0131r. Bu kurulun toplant\u0131lar\u0131n\u0131 d\u00fczenli bir \u015fekilde ger\u00e7ekle\u015ftirebilmesi i\u00e7in kurul \u00fcyesi akademisyenlerin ders programlar\u0131 toplant\u0131 saatine denk gelmeyecek \u015fekilde planlanmaktad\u0131r.<\/p>\n<p><em>B\u00f6l\u00fcm Kurulu;<\/em> b\u00f6l\u00fcm ba\u015fkan\u0131n\u0131n ba\u015fkanl\u0131\u011f\u0131nda b\u00f6l\u00fcm ba\u015fkan yard\u0131mc\u0131lar\u0131 ile anabilim dal\u0131 ba\u015fkanlar\u0131ndan olu\u015fmaktad\u0131r. B\u00f6l\u00fcm kurulu, b\u00f6l\u00fcm ile anabilim dallar\u0131n\u0131n e\u011fitim-\u00f6\u011fretim uygulama ve ara\u015ft\u0131rma faaliyetlerinin programlar\u0131 i\u00e7in gerekli planlar\u0131n ve i\u015fbirli\u011fi esaslar\u0131n\u0131n haz\u0131rlanmas\u0131 hususunda g\u00f6r\u00fc\u015f bildirmektedir. T\u00fcrk\u00e7e ve Sosyal Bilimler E\u011fitimi B\u00f6l\u00fcm\u00fc Co\u011frafya E\u011fitimi, Felsefe Grubu E\u011fitimi, Tarih E\u011fitimi, Sosyal Bilgiler E\u011fitimi, T\u00fcrk\u00e7e E\u011fitimi ile T\u00fcrk Dili ve Edebiyat\u0131 Anabilim Dallar\u0131ndan olu\u015fmaktad\u0131r. T\u00fcrk\u00e7e ve Sosyal Bilimler E\u011fitimi B\u00f6l\u00fcm\u00fc Ba\u015fkanl\u0131\u011f\u0131 Prof. Dr. Halil Koca taraf\u0131ndan y\u00fcr\u00fct\u00fclmektedir.<\/p>\n<p><em>Anabilim Dal\u0131 Kurulu;<\/em> anabilim dal\u0131nda bulunan b\u00fct\u00fcn \u00f6\u011fretim \u00fcyelerinden ve \u00f6\u011fretim g\u00f6revlilerinden meydana gelmektedir. Anabilim dal\u0131 kurulu, ilgili anabilim dal\u0131 programlar\u0131n\u0131n planlanmas\u0131 ve uygulanmas\u0131nda anabilim dal\u0131 ba\u015fkan\u0131na g\u00f6r\u00fc\u015f bildirmektedir (Bkz. https:\/\/www.mevzuat.gov.tr\/mevzuat?MevzuatNo=10127&amp;MevzuatTur=7&amp;MevzuatTertip=5). Tarih E\u011fitimi Anabilim Dal\u0131n\u0131n Ba\u015fkanl\u0131\u011f\u0131 Dr. \u00d6\u011fr. \u00dcyesi Yavuz \u00d6zdemir taraf\u0131ndan y\u00fcr\u00fct\u00fclmektedir.<\/p>\n<p><em>Akademik Genel Kurul;<\/em> fak\u00fcltemizde fiilen e\u011fitim-\u00f6\u011fretimle g\u00f6revlendirilmi\u015f bulunan \u00f6\u011fretim \u00fcyeleri ve okutmanlardan olu\u015fur. Kurulun ba\u015fkan\u0131, fak\u00fclte dekan\u0131d\u0131r.<\/p>\n<p><em>Akademik B\u00f6l\u00fcm Kurulu;<\/em> b\u00f6l\u00fcmde fiilen e\u011fitim-\u00f6\u011fretim g\u00f6revi yapmakta olan \u00f6\u011fretim \u00fcyeleri, \u00f6\u011fretim g\u00f6revlileri ve okutmanlardan meydana gelmektedir. Kurulun ba\u015fkanl\u0131\u011f\u0131 b\u00f6l\u00fcm ba\u015fkan\u0131 taraf\u0131ndan y\u00fcr\u00fct\u00fclmektedir. (Bkz. https:\/\/www.mevzuat.gov.tr\/mevzuat?MevzuatNo=10175&amp; MevzuatTur=7&amp;MevzuatTertip=59.<\/p>\n<p><em>Akademik Te\u015fvik Ba\u015fvuru ve \u0130nceleme Komisyonu<\/em>; B\u00f6l\u00fcm ba\u015fkan\u0131 ve b\u00f6l\u00fcme ba\u011fl\u0131 her anabilim dal\u0131n\u0131n belirledi\u011fi birer temsilciden olu\u015fmaktad\u0131r.<\/p>\n<p><em>Anabilim Dal\u0131 \u00d6\u011frenci Temsilcisi;<\/em> \u00d6\u011frencilerin haklar\u0131n\u0131 g\u00f6zetmek, e\u011fitim, sa\u011fl\u0131k, spor ve k\u00fclt\u00fcrel ihtiya\u00e7lar\u0131n\u0131 ortaya koymak, y\u00f6netim organlar\u0131 ile \u00f6\u011frenciler aras\u0131nda etkili bir ileti\u015fim kurmak, \u00f6\u011frencilerin beklenti ve isteklerini y\u00f6netim organlar\u0131na iletmek ve \u00f6\u011frencilerin e\u011fitim-\u00f6\u011fretim konusundaki kararlara kat\u0131l\u0131m\u0131n\u0131 sa\u011flanmas\u0131 amac\u0131yla anabilim dal\u0131 \u00f6\u011frenci temsilcileri se\u00e7ilmektedir. Anabilim dal\u0131 \u00f6\u011frenci temsilcisi, anabilim dal\u0131 \u00f6\u011frencilerince, \u00f6\u011frenci konseyinde kendilerini temsil etmek \u00fczere kendi aralar\u0131ndan, se\u00e7ime kat\u0131lanlar\u0131n \u00e7o\u011funlu\u011fuyla bir defaya mahsus olmak \u00fczere iki y\u0131l i\u00e7in se\u00e7ilmektedir.<\/p>\n<p><em>Fak\u00fclte \u00d6\u011frenci Temsilcisi;<\/em> Anabilim dal\u0131 \u00f6\u011frenci temsilcilerince, \u00f6\u011frenci konseyinde kendilerini temsil etmek \u00fczere kendi aralar\u0131ndan, se\u00e7ime kat\u0131lanlar\u0131n \u00e7o\u011funlu\u011fuyla iki y\u0131l i\u00e7in se\u00e7ilmektedir (Bkz. https:\/\/www.resmigazete.gov.tr\/eskiler\/2020\/06\/20200613-5.htm) .<\/p>\n<p>Fak\u00fcltemizde ayr\u0131ca Fak\u00fclte Uygulama Okullar\u0131 \u0130\u015fbirli\u011fi Koordinat\u00f6rl\u00fc\u011f\u00fc, Mevlana Koordinat\u00f6rl\u00fc\u011f\u00fc, Orhun Koordinat\u00f6rl\u00fc\u011f\u00fc, Farabi Koordinat\u00f6rl\u00fc\u011f\u00fc, Erasmus Koordinat\u00f6rl\u00fc\u011f\u00fc, Atat\u00fcrk \u0130lkeleri ve \u0130nk\u0131lap Tarihi Dersi Koordinat\u00f6rl\u00fc\u011f\u00fc, T\u00fcrk Dili Dersi Koordinat\u00f6rl\u00fc\u011f\u00fc, Yabanc\u0131 Dil Dersi Koordinat\u00f6rl\u00fc\u011f\u00fc mevcuttur.<\/p>\n<p>Ana Bilim Dal\u0131m\u0131zda da Erasmus Koordinat\u00f6rl\u00fc\u011f\u00fc, Mevlana Koordinat\u00f6rl\u00fc\u011f\u00fc, Orhun Koordinat\u00f6rl\u00fc\u011f\u00fc ve Farabi Koordinat\u00f6rl\u00fc\u011f\u00fc bulunmaktad\u0131r. B\u00fct\u00fcn bu birimlere i\u015flerlik kazand\u0131rmada \u00f6\u011fretim elemanlar\u0131m\u0131z\u0131n azami katk\u0131s\u0131 olmu\u015f ve ayn\u0131 zamanda bu birimlerle \u00f6\u011fretim elemanlar\u0131m\u0131z karar alma s\u00fcrecine kat\u0131l\u0131mlar\u0131 sa\u011flanm\u0131\u015ft\u0131r. Keza Anabilim Dal\u0131m\u0131z \u00f6\u011frencileri \u00e7e\u015fitli ileti\u015fim kanallar\u0131 arac\u0131l\u0131\u011f\u0131yla g\u00f6r\u00fc\u015flerini belirtmekte, g\u00f6r\u00fc\u015f ile d\u00fc\u015f\u00fcnceleri karar alma s\u00fcrecinde dikkate al\u0131nmaktad\u0131r.<\/p>\t\t\t\t\t\t\t\t<\/div>\n\t\t\t\t<\/div>\n\t\t\t\t\t<\/div>\n\t\t<\/div>\n\t\t\t\t\t<\/div>\n\t\t<\/section>\n\t\t\t\t<\/div>\n\t\t","protected":false},"excerpt":{"rendered":"<p>Y\u00f6netim &nbsp; Kamu Mali Y\u00f6netimi ve Kontrol Kanunu\u2019nun 9. Maddesi gere\u011fince kamu idareleri stratejik plan haz\u0131rlamaktad\u0131r. \u00dcniversitemizin bu do\u011frultuda ilk stratejik plan\u0131 2009-2013 d\u00f6nemini kapsayacak \u015fekilde haz\u0131rlanm\u0131\u015ft\u0131r. \u0130kinci stratejik plan ise 2014-2018 y\u0131llar\u0131 aras\u0131nda uygulanm\u0131\u015ft\u0131r. 2019-2023 d\u00f6nemini kapsayacak \u00fc\u00e7\u00fcnc\u00fc stratejik plan haz\u0131rl\u0131k s\u00fcrecinde \u00fcniversitemizde ger\u00e7ekle\u015ftirilecek faaliyetlerin t\u00fcm idari ve akademik personel ile sivil toplum kurulu\u015flar\u0131n\u0131n [&hellip;]<\/p>\n","protected":false},"author":1,"featured_media":0,"parent":0,"menu_order":0,"comment_status":"closed","ping_status":"closed","template":"elementor_header_footer","meta":{"footnotes":""},"class_list":["post-5662","page","type-page","status-publish","hentry"],"_links":{"self":[{"href":"https:\/\/atauni.edu.tr\/tarih-egitimi-abd\/wp-json\/wp\/v2\/pages\/5662","targetHints":{"allow":["GET"]}}],"collection":[{"href":"https:\/\/atauni.edu.tr\/tarih-egitimi-abd\/wp-json\/wp\/v2\/pages"}],"about":[{"href":"https:\/\/atauni.edu.tr\/tarih-egitimi-abd\/wp-json\/wp\/v2\/types\/page"}],"author":[{"embeddable":true,"href":"https:\/\/atauni.edu.tr\/tarih-egitimi-abd\/wp-json\/wp\/v2\/users\/1"}],"replies":[{"embeddable":true,"href":"https:\/\/atauni.edu.tr\/tarih-egitimi-abd\/wp-json\/wp\/v2\/comments?post=5662"}],"version-history":[{"count":26,"href":"https:\/\/atauni.edu.tr\/tarih-egitimi-abd\/wp-json\/wp\/v2\/pages\/5662\/revisions"}],"predecessor-version":[{"id":6210,"href":"https:\/\/atauni.edu.tr\/tarih-egitimi-abd\/wp-json\/wp\/v2\/pages\/5662\/revisions\/6210"}],"wp:attachment":[{"href":"https:\/\/atauni.edu.tr\/tarih-egitimi-abd\/wp-json\/wp\/v2\/media?parent=5662"}],"curies":[{"name":"wp","href":"https:\/\/api.w.org\/{rel}","templated":true}]}}