{"id":5682,"date":"2021-07-13T10:10:01","date_gmt":"2021-07-13T07:10:01","guid":{"rendered":"https:\/\/portaltest.atauni.edu.tr\/bilgisayar-muhendisligi\/?page_id=5682"},"modified":"2022-05-12T16:58:54","modified_gmt":"2022-05-12T13:58:54","slug":"misyon-vizyon-ve-temel-degerler","status":"publish","type":"page","link":"https:\/\/atauni.edu.tr\/tarih-egitimi-abd\/misyon-vizyon-ve-temel-degerler\/","title":{"rendered":"Misyon, Vizyon ve Temel De\u011ferler"},"content":{"rendered":"\t\t<div data-elementor-type=\"wp-page\" data-elementor-id=\"5682\" class=\"elementor elementor-5682\" data-elementor-post-type=\"page\">\n\t\t\t\t\t\t<section class=\"elementor-section elementor-top-section elementor-element elementor-element-730d320 elementor-section-boxed elementor-section-height-default elementor-section-height-default\" data-id=\"730d320\" data-element_type=\"section\">\n\t\t\t\t\t\t<div class=\"elementor-container elementor-column-gap-default\">\n\t\t\t\t\t<div class=\"elementor-column elementor-col-100 elementor-top-column elementor-element elementor-element-753d0860\" data-id=\"753d0860\" data-element_type=\"column\">\n\t\t\t<div class=\"elementor-widget-wrap\">\n\t\t\t\t\t\t\t<\/div>\n\t\t<\/div>\n\t\t\t\t\t<\/div>\n\t\t<\/section>\n\t\t\t\t<section class=\"elementor-section elementor-top-section elementor-element elementor-element-9be811a elementor-section-boxed elementor-section-height-default elementor-section-height-default\" data-id=\"9be811a\" data-element_type=\"section\">\n\t\t\t\t\t\t<div class=\"elementor-container elementor-column-gap-default\">\n\t\t\t\t\t<div class=\"elementor-column elementor-col-100 elementor-top-column elementor-element elementor-element-1ed847b7\" data-id=\"1ed847b7\" data-element_type=\"column\">\n\t\t\t<div class=\"elementor-widget-wrap elementor-element-populated\">\n\t\t\t\t\t\t<div class=\"elementor-element elementor-element-4ce0d07f elementor-widget elementor-widget-heading\" data-id=\"4ce0d07f\" data-element_type=\"widget\" data-widget_type=\"heading.default\">\n\t\t\t\t<div class=\"elementor-widget-container\">\n\t\t\t\t\t<h2 class=\"elementor-heading-title elementor-size-default\">Misyon, Vizyon ve Temel De\u011ferler<\/h2>\t\t\t\t<\/div>\n\t\t\t\t<\/div>\n\t\t\t\t<div class=\"elementor-element elementor-element-63260862 elementor-widget-divider--view-line elementor-widget elementor-widget-divider\" data-id=\"63260862\" data-element_type=\"widget\" data-widget_type=\"divider.default\">\n\t\t\t\t<div class=\"elementor-widget-container\">\n\t\t\t\t\t\t\t<div class=\"elementor-divider\">\n\t\t\t<span class=\"elementor-divider-separator\">\n\t\t\t\t\t\t<\/span>\n\t\t<\/div>\n\t\t\t\t\t\t<\/div>\n\t\t\t\t<\/div>\n\t\t\t\t\t<\/div>\n\t\t<\/div>\n\t\t\t\t\t<\/div>\n\t\t<\/section>\n\t\t\t\t<section class=\"elementor-section elementor-top-section elementor-element elementor-element-681db8b elementor-section-boxed elementor-section-height-default elementor-section-height-default\" data-id=\"681db8b\" data-element_type=\"section\">\n\t\t\t\t\t\t<div class=\"elementor-container elementor-column-gap-default\">\n\t\t\t\t\t<div class=\"elementor-column elementor-col-100 elementor-top-column elementor-element elementor-element-ad4dac5\" data-id=\"ad4dac5\" data-element_type=\"column\">\n\t\t\t<div class=\"elementor-widget-wrap elementor-element-populated\">\n\t\t\t\t\t\t<div class=\"elementor-element elementor-element-2f96b3d elementor-widget elementor-widget-text-editor\" data-id=\"2f96b3d\" data-element_type=\"widget\" data-widget_type=\"text-editor.default\">\n\t\t\t\t<div class=\"elementor-widget-container\">\n\t\t\t\t\t\t\t\t\t<p>Atat\u00fcrk \u00dcniversitesi misyon ve vizyonunu yans\u0131tan bir slogan (Hayat\u0131n Hizmetinde, hep ileriye&#8230;) belirlemi\u015ftir. \u201cHayat\u0131n Hizmetinde\u201d misyon alan\u0131n\u0131, \u201cHep \u0130leriye\u201d ise<\/p><p>vizyon alan\u0131n\u0131 ifade etmektedir. Hayat\u0131n hizmetinde olmas\u0131 \u00dcniversitenin logosundaki hayat a\u011fac\u0131yla, hep ileri konseptiyse yine logodaki \u00e7ift ba\u015fl\u0131 kartal\u0131n bak\u0131\u015flar\u0131yla<\/p><p>ba\u011fda\u015ft\u0131r\u0131lm\u0131\u015ft\u0131r. Yeni nesil \u00fcniversite olma yolunda e\u011fitim, ara\u015ft\u0131rma ve topluma katk\u0131 misyonlar\u0131n\u0131 b\u00fct\u00fcnsel olarak ele alan \u00fcniversitemiz, vizyon ve misyonunu da<\/p><p>bu entegrasyon a\u00e7\u0131s\u0131ndan anlamland\u0131rmaktad\u0131r. Bu ba\u011flamda \u00dcniversitemizin misyonu \u201cHayat\u0131n Hizmetinde\u201d olacak \u015fekilde \u201cB\u00f6lgeye ve \u00fclkeye katk\u0131 sa\u011flamak;<\/p><p>y\u00fcksek teknolojiye dayal\u0131 tasar\u0131m ve inovasyon faaliyetleri ger\u00e7ekle\u015ftirmek; \u00f6rg\u00fcn ve uzaktan e\u011fitim yoluyla nitelikli bireyler yeti\u015ftirmek, bilime ve sanata evrensel<\/p><p>d\u00fczeyde de\u011fer katmakt\u0131r.\u201d<\/p><p>\u00dcniversitemizin \u201cHep \u0130leriye\u201d slogan\u0131 \u00e7er\u00e7evesinde vizyonu \u201cKendisini s\u00fcrekli geli\u015ftirdi\u011fi gibi b\u00f6lgesindeki d\u00f6n\u00fc\u015f\u00fcmlerde de \u2018ad\u0131 gibi \u00f6nc\u00fc\u2019 ve yeni nesil bir d\u00fcnya<\/p><p>\u00fcniversitesi olmakt\u0131r\u201d. Enstit\u00fcm\u00fcz de \u00dcniversitemizin \u201cHep ileriye\u201d ilkesi gere\u011fince sa\u011fl\u0131k bilimleri alan\u0131nda yenilik\u00e7i ve \u00f6nc\u00fc e\u011fitim politikalar\u0131 ile<\/p><p>ulusal\/uluslararas\u0131 sayg\u0131nl\u0131\u011fa sahip, t\u00fcm d\u00fcnya \u00f6\u011frencileri taraf\u0131ndan tercih edilen, ad\u0131 gibi \u00f6nc\u00fc bir e\u011fitim kurumu olmak vizyonu ile \u00e7al\u0131\u015fmaktad\u0131r.<\/p><p>(https:\/\/atauni.edu.tr\/ata-misyon-vizyon\/kurumsal)&nbsp;<\/p><p>Kaz\u0131m Karabekir E\u011fitim Fak\u00fcltesi, Atat\u00fcrk \u00dcniversitesi\u2019nin temel de\u011ferleri do\u011frultusunda \u00e7a\u011fda\u015fl\u0131k, bilimsellik, evrensellik, etik de\u011ferlere ba\u011fl\u0131l\u0131k, e\u011fitim, ara\u015ft\u0131rma<\/p><p>ve ifade \u00f6zg\u00fcrl\u00fc\u011f\u00fc, \u00e7evreye duyarl\u0131 yakla\u015f\u0131m, kalite, kat\u0131l\u0131mc\u0131l\u0131k ve nesenellik de\u011ferlerini benimsemi\u015ftir. Kaz\u0131m Karabekir E\u011fitim Fak\u00fcltesi\u2019nin Atat\u00fcrk<\/p><p>\u00dcniversitesi\u2019nin temel de\u011ferleri ve vizyonu ile beraber edinmi\u015f oldu\u011fu misyon ve vard\u0131r. (https:\/\/birimler.atauni.edu.tr\/kazim-karabekir-egitim-fakultesi\/stratejikplan\/)<\/p><p>Tarih E\u011fitimi Ana Bilim Dal\u0131 da e\u011fitim-\u00f6\u011fretim hizmetlerini, ara\u015ft\u0131rma ve topluma katk\u0131 faaliyetlerini Atat\u00fcrk \u00dcniversitesi ve Kaz\u0131m Karabekir E\u011fitim Fak\u00fcltesi<\/p><p>misyonu, vizyonu, de\u011ferleri ve hedefleri do\u011frultusunda y\u00fcr\u00fctmektedir.<\/p><p>Tarih E\u011fitimi Ana Bilim Dal\u0131 kalite y\u00f6netimi faaliyetlerini Atat\u00fcrk \u00dcniversitesi Kalite<\/p><p>Koordinat\u00f6rl\u00fc\u011f\u00fc vizyon, misyon ve temel de\u011ferleri do\u011frultusunda y\u00fcr\u00fctmektedir.<\/p>\t\t\t\t\t\t\t\t<\/div>\n\t\t\t\t<\/div>\n\t\t\t\t\t<\/div>\n\t\t<\/div>\n\t\t\t\t\t<\/div>\n\t\t<\/section>\n\t\t\t\t<\/div>\n\t\t","protected":false},"excerpt":{"rendered":"<p>Misyon, Vizyon ve Temel De\u011ferler Atat\u00fcrk \u00dcniversitesi misyon ve vizyonunu yans\u0131tan bir slogan (Hayat\u0131n Hizmetinde, hep ileriye&#8230;) belirlemi\u015ftir. \u201cHayat\u0131n Hizmetinde\u201d misyon alan\u0131n\u0131, \u201cHep \u0130leriye\u201d ise vizyon alan\u0131n\u0131 ifade etmektedir. Hayat\u0131n hizmetinde olmas\u0131 \u00dcniversitenin logosundaki hayat a\u011fac\u0131yla, hep ileri konseptiyse yine logodaki \u00e7ift ba\u015fl\u0131 kartal\u0131n bak\u0131\u015flar\u0131yla ba\u011fda\u015ft\u0131r\u0131lm\u0131\u015ft\u0131r. Yeni nesil \u00fcniversite olma yolunda e\u011fitim, ara\u015ft\u0131rma ve topluma [&hellip;]<\/p>\n","protected":false},"author":1,"featured_media":0,"parent":0,"menu_order":0,"comment_status":"closed","ping_status":"closed","template":"elementor_header_footer","meta":{"footnotes":""},"class_list":["post-5682","page","type-page","status-publish","hentry"],"_links":{"self":[{"href":"https:\/\/atauni.edu.tr\/tarih-egitimi-abd\/wp-json\/wp\/v2\/pages\/5682","targetHints":{"allow":["GET"]}}],"collection":[{"href":"https:\/\/atauni.edu.tr\/tarih-egitimi-abd\/wp-json\/wp\/v2\/pages"}],"about":[{"href":"https:\/\/atauni.edu.tr\/tarih-egitimi-abd\/wp-json\/wp\/v2\/types\/page"}],"author":[{"embeddable":true,"href":"https:\/\/atauni.edu.tr\/tarih-egitimi-abd\/wp-json\/wp\/v2\/users\/1"}],"replies":[{"embeddable":true,"href":"https:\/\/atauni.edu.tr\/tarih-egitimi-abd\/wp-json\/wp\/v2\/comments?post=5682"}],"version-history":[{"count":11,"href":"https:\/\/atauni.edu.tr\/tarih-egitimi-abd\/wp-json\/wp\/v2\/pages\/5682\/revisions"}],"predecessor-version":[{"id":6213,"href":"https:\/\/atauni.edu.tr\/tarih-egitimi-abd\/wp-json\/wp\/v2\/pages\/5682\/revisions\/6213"}],"wp:attachment":[{"href":"https:\/\/atauni.edu.tr\/tarih-egitimi-abd\/wp-json\/wp\/v2\/media?parent=5682"}],"curies":[{"name":"wp","href":"https:\/\/api.w.org\/{rel}","templated":true}]}}