{"id":68,"date":"2020-07-10T03:09:24","date_gmt":"2020-07-10T00:09:24","guid":{"rendered":"http:\/\/demo.ovathemes.com\/egovt\/?page_id=68"},"modified":"2022-10-11T16:46:06","modified_gmt":"2022-10-11T13:46:06","slug":"anasayfa","status":"publish","type":"page","link":"https:\/\/atauni.edu.tr\/tarih-egitimi-abd\/","title":{"rendered":"Anasayfa"},"content":{"rendered":"\t\t<div data-elementor-type=\"wp-page\" data-elementor-id=\"68\" class=\"elementor elementor-68\" data-elementor-post-type=\"page\">\n\t\t\t\t\t\t<section class=\"elementor-section elementor-top-section elementor-element elementor-element-1bf1309 elementor-section-boxed elementor-section-height-default elementor-section-height-default\" data-id=\"1bf1309\" data-element_type=\"section\">\n\t\t\t\t\t\t<div class=\"elementor-container elementor-column-gap-default\">\n\t\t\t\t\t<div class=\"elementor-column elementor-col-100 elementor-top-column elementor-element elementor-element-585f403\" data-id=\"585f403\" data-element_type=\"column\">\n\t\t\t<div class=\"elementor-widget-wrap\">\n\t\t\t\t\t\t\t<\/div>\n\t\t<\/div>\n\t\t\t\t\t<\/div>\n\t\t<\/section>\n\t\t\t\t<section class=\"elementor-section elementor-top-section elementor-element elementor-element-8302c0a elementor-section-boxed elementor-section-height-default elementor-section-height-default\" data-id=\"8302c0a\" data-element_type=\"section\" data-settings=\"{&quot;background_background&quot;:&quot;slideshow&quot;,&quot;background_slideshow_gallery&quot;:[],&quot;background_slideshow_loop&quot;:&quot;yes&quot;,&quot;background_slideshow_slide_duration&quot;:5000,&quot;background_slideshow_slide_transition&quot;:&quot;fade&quot;,&quot;background_slideshow_transition_duration&quot;:500}\">\n\t\t\t\t\t\t<div class=\"elementor-container elementor-column-gap-default\">\n\t\t\t\t\t<div class=\"elementor-column elementor-col-100 elementor-top-column elementor-element elementor-element-4459a6e\" data-id=\"4459a6e\" data-element_type=\"column\" data-settings=\"{&quot;background_background&quot;:&quot;slideshow&quot;,&quot;background_slideshow_gallery&quot;:[],&quot;background_slideshow_loop&quot;:&quot;yes&quot;,&quot;background_slideshow_slide_duration&quot;:5000,&quot;background_slideshow_slide_transition&quot;:&quot;fade&quot;,&quot;background_slideshow_transition_duration&quot;:500}\">\n\t\t\t<div class=\"elementor-widget-wrap elementor-element-populated\">\n\t\t\t\t\t\t<div class=\"elementor-element elementor-element-4749395 elementor-widget elementor-widget-image\" data-id=\"4749395\" data-element_type=\"widget\" data-settings=\"{&quot;motion_fx_motion_fx_scrolling&quot;:&quot;yes&quot;,&quot;motion_fx_devices&quot;:[&quot;desktop&quot;,&quot;tablet&quot;,&quot;mobile&quot;]}\" data-widget_type=\"image.default\">\n\t\t\t\t<div class=\"elementor-widget-container\">\n\t\t\t\t\t\t\t\t\t\t\t\t<figure class=\"wp-caption\">\n\t\t\t\t\t\t\t\t\t\t<img fetchpriority=\"high\" decoding=\"async\" width=\"768\" height=\"1024\" src=\"https:\/\/atauni.edu.tr\/tarih-egitimi-abd\/wp-content\/uploads\/sites\/373\/2022\/10\/WhatsApp-Image-2022-10-04-at-10.34.51-1-1.jpeg\" class=\"attachment-large size-large wp-image-6314\" alt=\"\" srcset=\"https:\/\/atauni.edu.tr\/tarih-egitimi-abd\/wp-content\/uploads\/sites\/373\/2022\/10\/WhatsApp-Image-2022-10-04-at-10.34.51-1-1.jpeg 768w, https:\/\/atauni.edu.tr\/tarih-egitimi-abd\/wp-content\/uploads\/sites\/373\/2022\/10\/WhatsApp-Image-2022-10-04-at-10.34.51-1-1-225x300.jpeg 225w, https:\/\/atauni.edu.tr\/tarih-egitimi-abd\/wp-content\/uploads\/sites\/373\/2022\/10\/WhatsApp-Image-2022-10-04-at-10.34.51-1-1-450x600.jpeg 450w, https:\/\/atauni.edu.tr\/tarih-egitimi-abd\/wp-content\/uploads\/sites\/373\/2022\/10\/WhatsApp-Image-2022-10-04-at-10.34.51-1-1-420x560.jpeg 420w\" sizes=\"(max-width: 768px) 100vw, 768px\" \/>\t\t\t\t\t\t\t\t\t\t\t<figcaption class=\"widget-image-caption wp-caption-text\"><\/figcaption>\n\t\t\t\t\t\t\t\t\t\t<\/figure>\n\t\t\t\t\t\t\t\t\t<\/div>\n\t\t\t\t<\/div>\n\t\t\t\t\t<\/div>\n\t\t<\/div>\n\t\t\t\t\t<\/div>\n\t\t<\/section>\n\t\t\t\t<section class=\"elementor-section elementor-top-section elementor-element elementor-element-d4b8208 elementor-section-boxed elementor-section-height-default elementor-section-height-default\" data-id=\"d4b8208\" data-element_type=\"section\">\n\t\t\t\t\t\t<div class=\"elementor-container elementor-column-gap-default\">\n\t\t\t\t\t<div class=\"elementor-column elementor-col-100 elementor-top-column elementor-element elementor-element-1efd8a8\" data-id=\"1efd8a8\" data-element_type=\"column\">\n\t\t\t<div class=\"elementor-widget-wrap elementor-element-populated\">\n\t\t\t\t\t\t<div class=\"elementor-element elementor-element-17cfbdb elementor-widget elementor-widget-heading\" data-id=\"17cfbdb\" data-element_type=\"widget\" data-widget_type=\"heading.default\">\n\t\t\t\t<div class=\"elementor-widget-container\">\n\t\t\t\t\t<h2 class=\"elementor-heading-title elementor-size-default\">Tarih E\u011fitimi Anabilim Dal\u0131<\/h2>\t\t\t\t<\/div>\n\t\t\t\t<\/div>\n\t\t\t\t\t<\/div>\n\t\t<\/div>\n\t\t\t\t\t<\/div>\n\t\t<\/section>\n\t\t\t\t<section class=\"elementor-section elementor-top-section elementor-element elementor-element-f2337a6 elementor-section-boxed elementor-section-height-default elementor-section-height-default\" data-id=\"f2337a6\" data-element_type=\"section\">\n\t\t\t\t\t\t<div class=\"elementor-container elementor-column-gap-default\">\n\t\t\t\t\t<div class=\"elementor-column elementor-col-100 elementor-top-column elementor-element elementor-element-4522656\" data-id=\"4522656\" data-element_type=\"column\">\n\t\t\t<div class=\"elementor-widget-wrap\">\n\t\t\t\t\t\t\t<\/div>\n\t\t<\/div>\n\t\t\t\t\t<\/div>\n\t\t<\/section>\n\t\t\t\t<section class=\"elementor-section elementor-top-section elementor-element elementor-element-a3ed9d1 elementor-section-boxed elementor-section-height-default elementor-section-height-default\" data-id=\"a3ed9d1\" data-element_type=\"section\">\n\t\t\t\t\t\t<div class=\"elementor-container elementor-column-gap-default\">\n\t\t\t\t\t<div class=\"elementor-column elementor-col-100 elementor-top-column elementor-element elementor-element-d8e7ff7\" data-id=\"d8e7ff7\" data-element_type=\"column\">\n\t\t\t<div class=\"elementor-widget-wrap elementor-element-populated\">\n\t\t\t\t\t\t<div class=\"elementor-element elementor-element-a3b799b elementor-widget elementor-widget-video\" data-id=\"a3b799b\" data-element_type=\"widget\" data-settings=\"{&quot;youtube_url&quot;:&quot;https:\\\/\\\/www.youtube.com\\\/watch?v=qGtUAWzDL44&quot;,&quot;video_type&quot;:&quot;youtube&quot;,&quot;controls&quot;:&quot;yes&quot;}\" data-widget_type=\"video.default\">\n\t\t\t\t<div class=\"elementor-widget-container\">\n\t\t\t\t\t\t\t<div class=\"elementor-wrapper elementor-open-inline\">\n\t\t\t<div class=\"elementor-video\"><\/div>\t\t<\/div>\n\t\t\t\t\t\t<\/div>\n\t\t\t\t<\/div>\n\t\t\t\t<div class=\"elementor-element elementor-element-53f291f elementor-widget elementor-widget-image\" data-id=\"53f291f\" data-element_type=\"widget\" data-settings=\"{&quot;motion_fx_motion_fx_scrolling&quot;:&quot;yes&quot;,&quot;motion_fx_devices&quot;:[&quot;desktop&quot;,&quot;tablet&quot;,&quot;mobile&quot;]}\" data-widget_type=\"image.default\">\n\t\t\t\t<div class=\"elementor-widget-container\">\n\t\t\t\t\t\t\t\t\t\t\t\t<figure class=\"wp-caption\">\n\t\t\t\t\t\t\t\t\t\t<img decoding=\"async\" width=\"768\" height=\"1024\" src=\"https:\/\/atauni.edu.tr\/tarih-egitimi-abd\/wp-content\/uploads\/sites\/373\/2022\/10\/WhatsApp-Image-2022-10-04-at-10.34.51-1.jpeg\" class=\"attachment-large size-large wp-image-6310\" alt=\"\" srcset=\"https:\/\/atauni.edu.tr\/tarih-egitimi-abd\/wp-content\/uploads\/sites\/373\/2022\/10\/WhatsApp-Image-2022-10-04-at-10.34.51-1.jpeg 768w, https:\/\/atauni.edu.tr\/tarih-egitimi-abd\/wp-content\/uploads\/sites\/373\/2022\/10\/WhatsApp-Image-2022-10-04-at-10.34.51-1-225x300.jpeg 225w, https:\/\/atauni.edu.tr\/tarih-egitimi-abd\/wp-content\/uploads\/sites\/373\/2022\/10\/WhatsApp-Image-2022-10-04-at-10.34.51-1-450x600.jpeg 450w, https:\/\/atauni.edu.tr\/tarih-egitimi-abd\/wp-content\/uploads\/sites\/373\/2022\/10\/WhatsApp-Image-2022-10-04-at-10.34.51-1-420x560.jpeg 420w\" sizes=\"(max-width: 768px) 100vw, 768px\" \/>\t\t\t\t\t\t\t\t\t\t\t<figcaption class=\"widget-image-caption wp-caption-text\">Kaz\u0131m Karabekir E\u011fitim Fak\u00fcltesi Dekan\u0131 Prof. Dr. Ufuk \u015eim\u015fel ile Akademik Y\u0131l A\u00e7\u0131l\u0131\u015f T\u00f6reni<\/figcaption>\n\t\t\t\t\t\t\t\t\t\t<\/figure>\n\t\t\t\t\t\t\t\t\t<\/div>\n\t\t\t\t<\/div>\n\t\t\t\t\t<\/div>\n\t\t<\/div>\n\t\t\t\t\t<\/div>\n\t\t<\/section>\n\t\t\t\t<\/div>\n\t\t","protected":false},"excerpt":{"rendered":"<p>Tarih E\u011fitimi Anabilim Dal\u0131 Kaz\u0131m Karabekir E\u011fitim Fak\u00fcltesi Dekan\u0131 Prof. Dr. Ufuk \u015eim\u015fel ile Akademik Y\u0131l A\u00e7\u0131l\u0131\u015f T\u00f6reni<\/p>\n","protected":false},"author":1,"featured_media":6307,"parent":0,"menu_order":0,"comment_status":"closed","ping_status":"closed","template":"elementor_header_footer","meta":{"footnotes":""},"class_list":["post-68","page","type-page","status-publish","has-post-thumbnail","hentry"],"_links":{"self":[{"href":"https:\/\/atauni.edu.tr\/tarih-egitimi-abd\/wp-json\/wp\/v2\/pages\/68","targetHints":{"allow":["GET"]}}],"collection":[{"href":"https:\/\/atauni.edu.tr\/tarih-egitimi-abd\/wp-json\/wp\/v2\/pages"}],"about":[{"href":"https:\/\/atauni.edu.tr\/tarih-egitimi-abd\/wp-json\/wp\/v2\/types\/page"}],"author":[{"embeddable":true,"href":"https:\/\/atauni.edu.tr\/tarih-egitimi-abd\/wp-json\/wp\/v2\/users\/1"}],"replies":[{"embeddable":true,"href":"https:\/\/atauni.edu.tr\/tarih-egitimi-abd\/wp-json\/wp\/v2\/comments?post=68"}],"version-history":[{"count":136,"href":"https:\/\/atauni.edu.tr\/tarih-egitimi-abd\/wp-json\/wp\/v2\/pages\/68\/revisions"}],"predecessor-version":[{"id":6360,"href":"https:\/\/atauni.edu.tr\/tarih-egitimi-abd\/wp-json\/wp\/v2\/pages\/68\/revisions\/6360"}],"wp:featuredmedia":[{"embeddable":true,"href":"https:\/\/atauni.edu.tr\/tarih-egitimi-abd\/wp-json\/wp\/v2\/media\/6307"}],"wp:attachment":[{"href":"https:\/\/atauni.edu.tr\/tarih-egitimi-abd\/wp-json\/wp\/v2\/media?parent=68"}],"curies":[{"name":"wp","href":"https:\/\/api.w.org\/{rel}","templated":true}]}}