{"id":5682,"date":"2021-07-13T10:10:01","date_gmt":"2021-07-13T07:10:01","guid":{"rendered":"https:\/\/portaltest.atauni.edu.tr\/bilgisayar-muhendisligi\/?page_id=5682"},"modified":"2022-02-09T16:30:21","modified_gmt":"2022-02-09T13:30:21","slug":"misyon-vizyon-ve-temel-degerler","status":"publish","type":"page","link":"https:\/\/atauni.edu.tr\/tarih\/misyon-vizyon-ve-temel-degerler\/","title":{"rendered":"Misyon, Vizyon ve Temel De\u011ferler"},"content":{"rendered":"\t\t<div data-elementor-type=\"wp-page\" data-elementor-id=\"5682\" class=\"elementor elementor-5682\" data-elementor-post-type=\"page\">\n\t\t\t\t\t\t<section class=\"elementor-section elementor-top-section elementor-element elementor-element-730d320 elementor-section-boxed elementor-section-height-default elementor-section-height-default\" data-id=\"730d320\" data-element_type=\"section\">\n\t\t\t\t\t\t<div class=\"elementor-container elementor-column-gap-default\">\n\t\t\t\t\t<div class=\"elementor-column elementor-col-100 elementor-top-column elementor-element elementor-element-753d0860\" data-id=\"753d0860\" data-element_type=\"column\">\n\t\t\t<div class=\"elementor-widget-wrap\">\n\t\t\t\t\t\t\t<\/div>\n\t\t<\/div>\n\t\t\t\t\t<\/div>\n\t\t<\/section>\n\t\t\t\t<section class=\"elementor-section elementor-top-section elementor-element elementor-element-9be811a elementor-section-boxed elementor-section-height-default elementor-section-height-default\" data-id=\"9be811a\" data-element_type=\"section\">\n\t\t\t\t\t\t<div class=\"elementor-container elementor-column-gap-default\">\n\t\t\t\t\t<div class=\"elementor-column elementor-col-100 elementor-top-column elementor-element elementor-element-1ed847b7\" data-id=\"1ed847b7\" data-element_type=\"column\">\n\t\t\t<div class=\"elementor-widget-wrap elementor-element-populated\">\n\t\t\t\t\t\t<div class=\"elementor-element elementor-element-4ce0d07f elementor-widget elementor-widget-heading\" data-id=\"4ce0d07f\" data-element_type=\"widget\" data-widget_type=\"heading.default\">\n\t\t\t\t<div class=\"elementor-widget-container\">\n\t\t\t\t\t<h2 class=\"elementor-heading-title elementor-size-default\">Misyon, Vizyon ve Temel De\u011ferler<\/h2>\t\t\t\t<\/div>\n\t\t\t\t<\/div>\n\t\t\t\t<div class=\"elementor-element elementor-element-63260862 elementor-widget-divider--view-line elementor-widget elementor-widget-divider\" data-id=\"63260862\" data-element_type=\"widget\" data-widget_type=\"divider.default\">\n\t\t\t\t<div class=\"elementor-widget-container\">\n\t\t\t\t\t\t\t<div class=\"elementor-divider\">\n\t\t\t<span class=\"elementor-divider-separator\">\n\t\t\t\t\t\t<\/span>\n\t\t<\/div>\n\t\t\t\t\t\t<\/div>\n\t\t\t\t<\/div>\n\t\t\t\t\t<\/div>\n\t\t<\/div>\n\t\t\t\t\t<\/div>\n\t\t<\/section>\n\t\t\t\t<section class=\"elementor-section elementor-top-section elementor-element elementor-element-681db8b elementor-section-boxed elementor-section-height-default elementor-section-height-default\" data-id=\"681db8b\" data-element_type=\"section\">\n\t\t\t\t\t\t<div class=\"elementor-container elementor-column-gap-default\">\n\t\t\t\t\t<div class=\"elementor-column elementor-col-100 elementor-top-column elementor-element elementor-element-ad4dac5\" data-id=\"ad4dac5\" data-element_type=\"column\">\n\t\t\t<div class=\"elementor-widget-wrap elementor-element-populated\">\n\t\t\t\t\t\t<div class=\"elementor-element elementor-element-2f96b3d elementor-widget elementor-widget-text-editor\" data-id=\"2f96b3d\" data-element_type=\"widget\" data-widget_type=\"text-editor.default\">\n\t\t\t\t<div class=\"elementor-widget-container\">\n\t\t\t\t\t\t\t\t\t<p>Misyonu Bug\u00fcn\u00fcn \u015fekillenmesinde birinci derecede rol\u00fc bulunan ge\u00e7mi\u015fin, \u00f6zellikle yak\u0131n ge\u00e7mi\u015fin, bilimsel y\u00f6ntem ve disiplinler aras\u0131 bak\u0131\u015f a\u00e7\u0131s\u0131yla incelenerek anla\u015f\u0131labilece\u011fi tespitinden yola \u00e7\u0131karak, tarih perspektifi kazanm\u0131\u015f, olaylara ve sorunlara ele\u015ftirel ve olabildi\u011fince nesnel bakabilen bireyler yeti\u015ftirmek; Ayn\u0131 y\u00f6ntem ve bak\u0131\u015f a\u00e7\u0131s\u0131 ile b\u00fct\u00fcnc\u00fc bir yakla\u015f\u0131m \u00e7er\u00e7evesinde d\u00fcnya tarihi ve bu \u00e7er\u00e7evede T\u00fcrk tarihinin de\u011fi\u015fik safhalar\u0131n\u0131 ve T\u00fcrklerin ya\u015fad\u0131klar\u0131 de\u011fi\u015fik co\u011frafyalarda temas kurduklar\u0131 toplumlarla etkile\u015fim s\u00fcre\u00e7lerini inceleyerek, insanl\u0131k ve \u00fclke yarar\u0131na olmak \u00fczere, toplum haf\u0131zas\u0131n\u0131n sa\u011fl\u0131kl\u0131 bir bi\u00e7imde olu\u015fmas\u0131na katk\u0131da bulunmak; Bug\u00fcn\u00fcn anla\u015f\u0131lmas\u0131 ve gelece\u011fe d\u00f6n\u00fck politikalar olu\u015fturulup kararlar al\u0131nmas\u0131nda, tarih\u00ee tecr\u00fcbenin bilincine var\u0131lmas\u0131n\u0131n sa\u011flayaca\u011f\u0131 etki ve katk\u0131 ile tarih alan\u0131ndaki bilgi birikiminin \u00f6nemini kavratmak; S\u00f6z konusu \u00a0bulgu ve bilgileri toplumun hizmetine sunmak ve bu ama\u00e7la ara\u015ft\u0131rma ve e\u011fitim faaliyetleri ger\u00e7ekle\u015ftirmek. \u00a0 \u00a0 Vizyonu Ge\u00e7mi\u015fin incelenmesi \u00f6nemli \u00f6l\u00e7\u00fcde g\u00fcn\u00fcn ko\u015fullar\u0131 ve y\u00f6ntemleri ile \u015fekillendi\u011finden, yap\u0131lmakta olan bilimsel bilgi \u00fcretimini ve verilen e\u011fitimi, \u00e7a\u011fda\u015f y\u00f6ntem ve teknikler ile g\u00fcncelle\u015ftirmek; Bu \u00e7er\u00e7evede, \u00a0sorgulay\u0131c\u0131 ve yenile\u015fmeci bir anlay\u0131\u015fla, \u00fclke insan\u0131n\u0131n bilgi birikimi ve k\u00fclt\u00fcrel donan\u0131m\u0131n\u0131n y\u00fckselmesi ve T\u00fcrkiye\u2019nin bilim ve medeniyete ciddi katk\u0131lar sunan bir \u00fclke konumuna gelmesi amac\u0131yla \u00e7al\u0131\u015fan bir b\u00f6l\u00fcm olmak.<\/p>\t\t\t\t\t\t\t\t<\/div>\n\t\t\t\t<\/div>\n\t\t\t\t\t<\/div>\n\t\t<\/div>\n\t\t\t\t\t<\/div>\n\t\t<\/section>\n\t\t\t\t<\/div>\n\t\t","protected":false},"excerpt":{"rendered":"<p>Misyon, Vizyon ve Temel De\u011ferler Misyonu Bug\u00fcn\u00fcn \u015fekillenmesinde birinci derecede rol\u00fc bulunan ge\u00e7mi\u015fin, \u00f6zellikle yak\u0131n ge\u00e7mi\u015fin, bilimsel y\u00f6ntem ve disiplinler aras\u0131 bak\u0131\u015f a\u00e7\u0131s\u0131yla incelenerek anla\u015f\u0131labilece\u011fi tespitinden yola \u00e7\u0131karak, tarih perspektifi kazanm\u0131\u015f, olaylara ve sorunlara ele\u015ftirel ve olabildi\u011fince nesnel bakabilen bireyler yeti\u015ftirmek; Ayn\u0131 y\u00f6ntem ve bak\u0131\u015f a\u00e7\u0131s\u0131 ile b\u00fct\u00fcnc\u00fc bir yakla\u015f\u0131m \u00e7er\u00e7evesinde d\u00fcnya tarihi ve bu [&hellip;]<\/p>\n","protected":false},"author":1,"featured_media":0,"parent":0,"menu_order":0,"comment_status":"closed","ping_status":"closed","template":"elementor_header_footer","meta":{"footnotes":""},"class_list":["post-5682","page","type-page","status-publish","hentry"],"_links":{"self":[{"href":"https:\/\/atauni.edu.tr\/tarih\/wp-json\/wp\/v2\/pages\/5682","targetHints":{"allow":["GET"]}}],"collection":[{"href":"https:\/\/atauni.edu.tr\/tarih\/wp-json\/wp\/v2\/pages"}],"about":[{"href":"https:\/\/atauni.edu.tr\/tarih\/wp-json\/wp\/v2\/types\/page"}],"author":[{"embeddable":true,"href":"https:\/\/atauni.edu.tr\/tarih\/wp-json\/wp\/v2\/users\/1"}],"replies":[{"embeddable":true,"href":"https:\/\/atauni.edu.tr\/tarih\/wp-json\/wp\/v2\/comments?post=5682"}],"version-history":[{"count":11,"href":"https:\/\/atauni.edu.tr\/tarih\/wp-json\/wp\/v2\/pages\/5682\/revisions"}],"predecessor-version":[{"id":6200,"href":"https:\/\/atauni.edu.tr\/tarih\/wp-json\/wp\/v2\/pages\/5682\/revisions\/6200"}],"wp:attachment":[{"href":"https:\/\/atauni.edu.tr\/tarih\/wp-json\/wp\/v2\/media?parent=5682"}],"curies":[{"name":"wp","href":"https:\/\/api.w.org\/{rel}","templated":true}]}}