{"id":5765,"date":"2021-07-13T12:56:51","date_gmt":"2021-07-13T09:56:51","guid":{"rendered":"https:\/\/portaltest.atauni.edu.tr\/bilgisayar-muhendisligi\/?page_id=5765"},"modified":"2025-11-04T18:01:08","modified_gmt":"2025-11-04T15:01:08","slug":"anabilim-dallari","status":"publish","type":"page","link":"https:\/\/atauni.edu.tr\/tarih\/anabilim-dallari\/","title":{"rendered":"Anabilim Dallar\u0131"},"content":{"rendered":"\t\t<div data-elementor-type=\"wp-page\" data-elementor-id=\"5765\" class=\"elementor elementor-5765\" data-elementor-post-type=\"page\">\n\t\t\t\t\t\t<section class=\"elementor-section elementor-top-section elementor-element elementor-element-730d320 elementor-section-boxed elementor-section-height-default elementor-section-height-default\" data-id=\"730d320\" data-element_type=\"section\">\n\t\t\t\t\t\t<div class=\"elementor-container elementor-column-gap-default\">\n\t\t\t\t\t<div class=\"elementor-column elementor-col-100 elementor-top-column elementor-element elementor-element-753d0860\" data-id=\"753d0860\" data-element_type=\"column\">\n\t\t\t<div class=\"elementor-widget-wrap\">\n\t\t\t\t\t\t\t<\/div>\n\t\t<\/div>\n\t\t\t\t\t<\/div>\n\t\t<\/section>\n\t\t\t\t<section class=\"elementor-section elementor-top-section elementor-element elementor-element-9be811a elementor-section-boxed elementor-section-height-default elementor-section-height-default\" data-id=\"9be811a\" data-element_type=\"section\">\n\t\t\t\t\t\t<div class=\"elementor-container elementor-column-gap-default\">\n\t\t\t\t\t<div class=\"elementor-column elementor-col-100 elementor-top-column elementor-element elementor-element-1ed847b7\" data-id=\"1ed847b7\" data-element_type=\"column\">\n\t\t\t<div class=\"elementor-widget-wrap elementor-element-populated\">\n\t\t\t\t\t\t<div class=\"elementor-element elementor-element-4ce0d07f elementor-widget elementor-widget-heading\" data-id=\"4ce0d07f\" data-element_type=\"widget\" data-widget_type=\"heading.default\">\n\t\t\t\t<div class=\"elementor-widget-container\">\n\t\t\t\t\t<h2 class=\"elementor-heading-title elementor-size-default\">Ana Bilim Dallar\u0131<\/h2>\t\t\t\t<\/div>\n\t\t\t\t<\/div>\n\t\t\t\t<div class=\"elementor-element elementor-element-63260862 elementor-widget-divider--view-line elementor-widget elementor-widget-divider\" data-id=\"63260862\" data-element_type=\"widget\" data-widget_type=\"divider.default\">\n\t\t\t\t<div class=\"elementor-widget-container\">\n\t\t\t\t\t\t\t<div class=\"elementor-divider\">\n\t\t\t<span class=\"elementor-divider-separator\">\n\t\t\t\t\t\t<\/span>\n\t\t<\/div>\n\t\t\t\t\t\t<\/div>\n\t\t\t\t<\/div>\n\t\t\t\t\t<\/div>\n\t\t<\/div>\n\t\t\t\t\t<\/div>\n\t\t<\/section>\n\t\t\t\t<section class=\"elementor-section elementor-top-section elementor-element elementor-element-681db8b elementor-section-boxed elementor-section-height-default elementor-section-height-default\" data-id=\"681db8b\" data-element_type=\"section\">\n\t\t\t\t\t\t<div class=\"elementor-container elementor-column-gap-default\">\n\t\t\t\t\t<div class=\"elementor-column elementor-col-100 elementor-top-column elementor-element elementor-element-ad4dac5\" data-id=\"ad4dac5\" data-element_type=\"column\">\n\t\t\t<div class=\"elementor-widget-wrap elementor-element-populated\">\n\t\t\t\t\t\t<div class=\"elementor-element elementor-element-2f96b3d elementor-widget elementor-widget-text-editor\" data-id=\"2f96b3d\" data-element_type=\"widget\" data-widget_type=\"text-editor.default\">\n\t\t\t\t<div class=\"elementor-widget-container\">\n\t\t\t\t\t\t\t\t\t<p><strong>Eski \u00c7a\u011f Tarihi<br \/><\/strong><a href=\"http:\/\/avesis.atauni.edu.tr\/acceylan\">Prof. Dr. Alpaslan Ceylan<\/a><br \/><a href=\"http:\/\/avesis.atauni.edu.tr\/scigdem\">Prof. Dr. S\u00fcleyman \u00c7i\u011fdem (Ana Bilim Dal\u0131 Ba\u015fkan\u0131)<\/a><br \/><a href=\"http:\/\/avesis.atauni.edu.tr\/gunasdi\">Prof. Dr. Yavuz G\u00fcna\u015fd\u0131<\/a><br \/><a href=\"http:\/\/avesis.atauni.edu.tr\/tyasin\">Prof. Dr. Yasin Topalo\u011flu<\/a><\/p><p><strong>Orta \u00c7a\u011f Tarihi<br \/><\/strong><a href=\"http:\/\/avesis.atauni.edu.tr\/omer.subasi\">Prof. Dr. \u00d6mer Suba\u015f\u0131 (Ana Bilim Dal\u0131 Ba\u015fkan\u0131)<\/a><br \/><a href=\"http:\/\/avesis.atauni.edu.tr\/cerdogan\">Do\u00e7. Dr. Co\u015fkun Erdo\u011fan<\/a><br \/><a href=\"https:\/\/avesis.atauni.edu.tr\/ensar.macit\">Do\u00e7. Dr. Ensar Macit<\/a><br \/><a href=\"http:\/\/avesis.atauni.edu.tr\/egilmez\">Do\u00e7. Dr. Sava\u015f E\u011filmez<\/a><br \/><a href=\"http:\/\/avesis.atauni.edu.tr\/ahmet.yildirim\">Dr. \u00d6\u011fr. \u00dcyesi Ahmet Safa Y\u0131ld\u0131r\u0131m<\/a><br \/><a href=\"http:\/\/avesis.atauni.edu.tr\/hasan.geyikoglu\">Dr. \u00d6\u011fr. \u00dcyesi Hasan Geyiko\u011flu<\/a><br \/><a href=\"http:\/\/avesis.atauni.edu.tr\/yunusemre.aydin\">Dr. \u00d6\u011fr. \u00dcyesi Yunus Emre Ayd\u0131n<\/a><br \/><a href=\"http:\/\/avesis.atauni.edu.tr\/ozden.erdogan\">Ar\u015f. G\u00f6r. Dr. \u00d6zden Erdo\u011fan<\/a><br \/><a href=\"http:\/\/avesis.atauni.edu.tr\/kerra.altug\">Ar\u015f. G\u00f6r. Dr. Kerra Altu\u011f Kaya<\/a><\/p><p><strong>Genel T\u00fcrk Tarihi<br \/><\/strong><a href=\"https:\/\/avesis.atauni.edu.tr\/drselami\">Prof. Dr. Selami K\u0131l\u0131\u00e7 (Ana Bilim Dal\u0131 Ba\u015fkan\u0131)<\/a><\/p><p><strong>Yeni \u00c7a\u011f Tarihi<br \/><\/strong><a href=\"http:\/\/avesis.atauni.edu.tr\/ietem.cakir\">Prof. Dr. \u0130brahim Etem \u00c7ak\u0131r<\/a><br \/><a href=\"http:\/\/avesis.atauni.edu.tr\/umit.kilic\">Prof. Dr. \u00dcmit K\u0131l\u0131\u00e7 (Ana Bilim Dal\u0131 Ba\u015fkan\u0131)<\/a><br \/><a href=\"http:\/\/avesis.atauni.edu.tr\/selcuk.demir\">Dr. \u00d6\u011fr. \u00dcyesi Sel\u00e7uk Demir<\/a><br \/><a href=\"http:\/\/avesis.atauni.edu.tr\/g.civelek\">Dr. \u00d6\u011fr. \u00dcyesi G\u00f6khan Civelek<\/a><br \/><a href=\"http:\/\/avesis.atauni.edu.tr\/yakup.sahiner\">Ar\u015f. G\u00f6r. Yakup \u015eahiner<\/a><\/p><p><strong>Osmanl\u0131 M\u00fcesseseleri Tarihi<\/strong><br \/><a href=\"http:\/\/avesis.atauni.edu.tr\/ietem.cakir\">Prof. Dr. \u0130brahim Etem \u00c7ak\u0131r (Ana Bilim Dal\u0131 Ba\u015fkan\u0131)<\/a><\/p><p><strong>Yak\u0131n \u00c7a\u011f Tarihi<\/strong><br \/><a href=\"http:\/\/avesis.atauni.edu.tr\/bozcan\">Prof. Dr. Besim \u00d6zcan (Ana Bilim Dal\u0131 Ba\u015fkan\u0131)<\/a><br \/><a href=\"http:\/\/avesis.atauni.edu.tr\/ytaskesen\">Do\u00e7. Dr. M. Yasin Ta\u015fkesenlio\u011flu<\/a><br \/><a href=\"http:\/\/avesis.atauni.edu.tr\/ilyas.ak\">Dr. \u00d6\u011fr. \u00dcyesi \u0130lyas Ak<\/a><br \/><a href=\"http:\/\/avesis.atauni.edu.tr\/umit.sahan\">Ar\u015f. G\u00f6r. \u00dcmit Kaan \u015eahan<\/a><\/p><p><strong>T\u00fcrkiye Cumhuriyeti Tarihi<\/strong><br \/><a href=\"https:\/\/avesis.atauni.edu.tr\/eyupoglu\">Prof. Dr. \u0130smail Ey\u00fcpo\u011flu<\/a><br \/><a href=\"http:\/\/avesis.atauni.edu.tr\/drselami\">Prof. Dr. Selami K\u0131l\u0131\u00e7<\/a><br \/><a href=\"http:\/\/avesis.atauni.edu.tr\/tbasak\">Prof. Dr. Tolga Ba\u015fak<\/a><br \/><a href=\"http:\/\/avesis.atauni.edu.tr\/yavuza\">Prof. Dr. Yavuz Aslan (Ana Bilim Dal\u0131 Ba\u015fkan\u0131)<\/a><br \/><a href=\"http:\/\/avesis.atauni.edu.tr\/firdes.temizguney\">Prof. Dr. Firdes Temizg\u00fcney<\/a><br \/><a href=\"http:\/\/avesis.atauni.edu.tr\/mevlutyuksel\">Do\u00e7. Dr. Mevl\u00fct Y\u00fcksel<\/a><br \/><a href=\"http:\/\/avesis.atauni.edu.tr\/recep.gecikli\">Prof. Dr. Recep Murat Ge\u00e7ikli<\/a><br \/><a href=\"http:\/\/avesis.atauni.edu.tr\/serkan.erdal\">Do\u00e7. Dr. Serkan Erdal<\/a><br \/><a href=\"http:\/\/avesis.atauni.edu.tr\/ulviufuk.tosun\">Do\u00e7. Dr. Ulvi Ufuk Tosun<\/a><\/p>\t\t\t\t\t\t\t\t<\/div>\n\t\t\t\t<\/div>\n\t\t\t\t\t<\/div>\n\t\t<\/div>\n\t\t\t\t\t<\/div>\n\t\t<\/section>\n\t\t\t\t<\/div>\n\t\t","protected":false},"excerpt":{"rendered":"<p>Ana Bilim Dallar\u0131 Eski \u00c7a\u011f TarihiProf. Dr. Alpaslan CeylanProf. Dr. S\u00fcleyman \u00c7i\u011fdem (Ana Bilim Dal\u0131 Ba\u015fkan\u0131)Prof. Dr. Yavuz G\u00fcna\u015fd\u0131Prof. Dr. Yasin Topalo\u011flu Orta \u00c7a\u011f TarihiProf. Dr. \u00d6mer Suba\u015f\u0131 (Ana Bilim Dal\u0131 Ba\u015fkan\u0131)Do\u00e7. Dr. Co\u015fkun Erdo\u011fanDo\u00e7. Dr. Ensar MacitDo\u00e7. Dr. Sava\u015f E\u011filmezDr. \u00d6\u011fr. \u00dcyesi Ahmet Safa Y\u0131ld\u0131r\u0131mDr. \u00d6\u011fr. \u00dcyesi Hasan Geyiko\u011fluDr. \u00d6\u011fr. \u00dcyesi Yunus Emre Ayd\u0131nAr\u015f. [&hellip;]<\/p>\n","protected":false},"author":1,"featured_media":0,"parent":0,"menu_order":0,"comment_status":"closed","ping_status":"closed","template":"elementor_header_footer","meta":{"footnotes":""},"class_list":["post-5765","page","type-page","status-publish","hentry"],"_links":{"self":[{"href":"https:\/\/atauni.edu.tr\/tarih\/wp-json\/wp\/v2\/pages\/5765","targetHints":{"allow":["GET"]}}],"collection":[{"href":"https:\/\/atauni.edu.tr\/tarih\/wp-json\/wp\/v2\/pages"}],"about":[{"href":"https:\/\/atauni.edu.tr\/tarih\/wp-json\/wp\/v2\/types\/page"}],"author":[{"embeddable":true,"href":"https:\/\/atauni.edu.tr\/tarih\/wp-json\/wp\/v2\/users\/1"}],"replies":[{"embeddable":true,"href":"https:\/\/atauni.edu.tr\/tarih\/wp-json\/wp\/v2\/comments?post=5765"}],"version-history":[{"count":106,"href":"https:\/\/atauni.edu.tr\/tarih\/wp-json\/wp\/v2\/pages\/5765\/revisions"}],"predecessor-version":[{"id":8079,"href":"https:\/\/atauni.edu.tr\/tarih\/wp-json\/wp\/v2\/pages\/5765\/revisions\/8079"}],"wp:attachment":[{"href":"https:\/\/atauni.edu.tr\/tarih\/wp-json\/wp\/v2\/media?parent=5765"}],"curies":[{"name":"wp","href":"https:\/\/api.w.org\/{rel}","templated":true}]}}