{"id":5800,"date":"2021-07-13T13:12:45","date_gmt":"2021-07-13T10:12:45","guid":{"rendered":"https:\/\/portaltest.atauni.edu.tr\/bilgisayar-muhendisligi\/?page_id=5800"},"modified":"2026-01-27T15:12:43","modified_gmt":"2026-01-27T12:12:43","slug":"bitirme-projeleri","status":"publish","type":"page","link":"https:\/\/atauni.edu.tr\/tarih\/bitirme-projeleri\/","title":{"rendered":"Lisans Tamamlama \u00c7al\u0131\u015fmas\u0131"},"content":{"rendered":"\t\t<div data-elementor-type=\"wp-page\" data-elementor-id=\"5800\" class=\"elementor elementor-5800\" data-elementor-post-type=\"page\">\n\t\t\t\t\t\t<section class=\"elementor-section elementor-top-section elementor-element elementor-element-a0ffed7 elementor-section-boxed elementor-section-height-default elementor-section-height-default\" data-id=\"a0ffed7\" data-element_type=\"section\">\n\t\t\t\t\t\t<div class=\"elementor-container elementor-column-gap-default\">\n\t\t\t\t\t<div class=\"elementor-column elementor-col-100 elementor-top-column elementor-element elementor-element-cbc72a3\" data-id=\"cbc72a3\" data-element_type=\"column\">\n\t\t\t<div class=\"elementor-widget-wrap elementor-element-populated\">\n\t\t\t\t\t\t<div class=\"elementor-element elementor-element-48e4931 elementor-widget elementor-widget-text-editor\" data-id=\"48e4931\" data-element_type=\"widget\" data-widget_type=\"text-editor.default\">\n\t\t\t\t<div class=\"elementor-widget-container\">\n\t\t\t\t\t\t\t\t\t<p><a href=\"http:\/\/birimler.atauni.edu.tr\/tarih\/wp-content\/uploads\/sites\/163\/2025\/06\/Lisans-Tamamlama-Tez-Yazim-Kilavuzu.pdf\">Lisans Tamamlama Tez Yaz\u0131m K\u0131lavuzu<\/a><\/p>\t\t\t\t\t\t\t\t<\/div>\n\t\t\t\t<\/div>\n\t\t\t\t\t<\/div>\n\t\t<\/div>\n\t\t\t\t\t<\/div>\n\t\t<\/section>\n\t\t\t\t<section class=\"elementor-section elementor-top-section elementor-element elementor-element-0a72d13 elementor-section-boxed elementor-section-height-default elementor-section-height-default\" data-id=\"0a72d13\" data-element_type=\"section\">\n\t\t\t\t\t\t<div class=\"elementor-container elementor-column-gap-default\">\n\t\t\t\t\t<div class=\"elementor-column elementor-col-100 elementor-top-column elementor-element elementor-element-477fb0f\" data-id=\"477fb0f\" data-element_type=\"column\">\n\t\t\t<div class=\"elementor-widget-wrap elementor-element-populated\">\n\t\t\t\t\t\t<div class=\"elementor-element elementor-element-67ff3a1 elementor-widget elementor-widget-text-editor\" data-id=\"67ff3a1\" data-element_type=\"widget\" data-widget_type=\"text-editor.default\">\n\t\t\t\t<div class=\"elementor-widget-container\">\n\t\t\t\t\t\t\t\t\t<p><a href=\"http:\/\/birimler.atauni.edu.tr\/tarih\/wp-content\/uploads\/sites\/163\/2026\/01\/Lisans-Tamamlama-Calismasi-Sablonu.PDF.pdf\">Lisans Tamamlama \u00c7al\u0131\u015fmas\u0131 \u015eablonu.PDF<\/a><\/p>\t\t\t\t\t\t\t\t<\/div>\n\t\t\t\t<\/div>\n\t\t\t\t<div class=\"elementor-element elementor-element-e9f8ee0 elementor-widget elementor-widget-text-editor\" data-id=\"e9f8ee0\" data-element_type=\"widget\" data-widget_type=\"text-editor.default\">\n\t\t\t\t<div class=\"elementor-widget-container\">\n\t\t\t\t\t\t\t\t\t<p><a href=\"http:\/\/birimler.atauni.edu.tr\/tarih\/wp-content\/uploads\/sites\/163\/2026\/01\/Lisans-Tamamlama-Calismasi-Sablonu-2.docx\" target=\"_blank\" rel=\"noopener\">Lisans Tamamlama \u00c7al\u0131\u015fmas\u0131 \u015eablonu<\/a><\/p><p>(Sa\u011fa t\u0131klayarak\u00a0 \u2018Ba\u011flant\u0131y\u0131 Farkl\u0131 Kaydet\u2019 se\u00e7ene\u011fiyle dosyay\u0131 indirebilirsiniz)<\/p>\t\t\t\t\t\t\t\t<\/div>\n\t\t\t\t<\/div>\n\t\t\t\t\t<\/div>\n\t\t<\/div>\n\t\t\t\t\t<\/div>\n\t\t<\/section>\n\t\t\t\t<\/div>\n\t\t","protected":false},"excerpt":{"rendered":"<p>Lisans Tamamlama Tez Yaz\u0131m K\u0131lavuzu Lisans Tamamlama \u00c7al\u0131\u015fmas\u0131 \u015eablonu.PDF Lisans Tamamlama \u00c7al\u0131\u015fmas\u0131 \u015eablonu (Sa\u011fa t\u0131klayarak\u00a0 \u2018Ba\u011flant\u0131y\u0131 Farkl\u0131 Kaydet\u2019 se\u00e7ene\u011fiyle dosyay\u0131 indirebilirsiniz)<\/p>\n","protected":false},"author":1,"featured_media":0,"parent":0,"menu_order":0,"comment_status":"closed","ping_status":"closed","template":"elementor_header_footer","meta":{"footnotes":""},"class_list":["post-5800","page","type-page","status-publish","hentry"],"_links":{"self":[{"href":"https:\/\/atauni.edu.tr\/tarih\/wp-json\/wp\/v2\/pages\/5800","targetHints":{"allow":["GET"]}}],"collection":[{"href":"https:\/\/atauni.edu.tr\/tarih\/wp-json\/wp\/v2\/pages"}],"about":[{"href":"https:\/\/atauni.edu.tr\/tarih\/wp-json\/wp\/v2\/types\/page"}],"author":[{"embeddable":true,"href":"https:\/\/atauni.edu.tr\/tarih\/wp-json\/wp\/v2\/users\/1"}],"replies":[{"embeddable":true,"href":"https:\/\/atauni.edu.tr\/tarih\/wp-json\/wp\/v2\/comments?post=5800"}],"version-history":[{"count":93,"href":"https:\/\/atauni.edu.tr\/tarih\/wp-json\/wp\/v2\/pages\/5800\/revisions"}],"predecessor-version":[{"id":8289,"href":"https:\/\/atauni.edu.tr\/tarih\/wp-json\/wp\/v2\/pages\/5800\/revisions\/8289"}],"wp:attachment":[{"href":"https:\/\/atauni.edu.tr\/tarih\/wp-json\/wp\/v2\/media?parent=5800"}],"curies":[{"name":"wp","href":"https:\/\/api.w.org\/{rel}","templated":true}]}}