{"id":6214,"date":"2022-02-09T16:44:09","date_gmt":"2022-02-09T13:44:09","guid":{"rendered":"https:\/\/birimler.atauni.edu.tr\/tarih\/?page_id=6214"},"modified":"2022-02-09T16:48:11","modified_gmt":"2022-02-09T13:48:11","slug":"tarih-kulubu","status":"publish","type":"page","link":"https:\/\/atauni.edu.tr\/tarih\/tarih-kulubu\/","title":{"rendered":"Tarih Kul\u00fcb\u00fc"},"content":{"rendered":"\t\t<div data-elementor-type=\"wp-page\" data-elementor-id=\"6214\" class=\"elementor elementor-6214\" data-elementor-post-type=\"page\">\n\t\t\t\t\t\t<section class=\"elementor-section elementor-top-section elementor-element elementor-element-1176f34 elementor-section-boxed elementor-section-height-default elementor-section-height-default\" data-id=\"1176f34\" data-element_type=\"section\">\n\t\t\t\t\t\t<div class=\"elementor-container elementor-column-gap-default\">\n\t\t\t\t\t<div class=\"elementor-column elementor-col-100 elementor-top-column elementor-element elementor-element-f21a8ee\" data-id=\"f21a8ee\" data-element_type=\"column\">\n\t\t\t<div class=\"elementor-widget-wrap elementor-element-populated\">\n\t\t\t\t\t\t<div class=\"elementor-element elementor-element-1f64a3f elementor-widget elementor-widget-text-editor\" data-id=\"1f64a3f\" data-element_type=\"widget\" data-widget_type=\"text-editor.default\">\n\t\t\t\t<div class=\"elementor-widget-container\">\n\t\t\t\t\t\t\t\t\t<p>Kul\u00fcb\u00fcn ad\u0131 \u201cTarih Toplulu\u011fu\u201d dur. \u00a0 Atat\u00fcrk \u00dcniversitesi`nde, \u00d6\u011frenci Kul\u00fcp dan\u0131\u015fmanlar\u0131 ve Okul Y\u00f6netimi denetimine tabi olarak, \u00fcniversite genelinde k\u00fclt\u00fcrel ve edebi her t\u00fcrl\u00fc etkinlik ve organizasyonlar\u0131 alt kol ve birimleri ile birlikte d\u00fczenlemek ve faaliyete ge\u00e7irmek \u00fczere kurulmu\u015ftur.<br \/><br \/><\/p><p align=\"center\"><strong>ATAT\u00dcRK \u00dcN\u0130VERS\u0130TES\u0130<br \/>\u00a0 TAR\u0130H KUL\u00dcB\u00dc T\u00dcZ\u00dc\u011e\u00dc<br \/><\/strong><strong>\u00a0 \u00a0<\/strong><\/p><ul><li><b>1. B\u00d6L\u00dcM<\/b><\/li><li><b>A\u00c7IKLAMALAR<br \/><br \/>\u00a0 <\/b><strong><b>\u00a0 \u00a0<\/b><\/strong><\/li><\/ul><p><b>MADDE 1: Toplulu\u011fun ad\u0131<\/b><\/p><p>Atat\u00fcrk \u00dcniversitesi Tarih Kul\u00fcb\u00fc<\/p><p><b>MADDE 2: Toplulu\u011fun amac\u0131<\/b><\/p><p><b>Tarih \u00a0Kul\u00fcb\u00fc\u2019n\u00fcn amac\u0131:<\/b>\u00a0Atat\u00fcrk \u00dcniversitesi`nde \u00f6\u011frenci kul\u00fcp dan\u0131\u015fmanlar\u0131 ve \u00fcniversite y\u00f6netimi denetimine tabi olarak, \u00fcniversite genelinde tarihi, k\u00fclt\u00fcrel ve edebi her t\u00fcrl\u00fc etkinlik ve organizasyonlar\u0131 alt kol ve birimleri ile birlikte d\u00fczenlemek ve faaliyete ge\u00e7irmek ve hi\u00e7bir siyasi \u00f6rg\u00fcte ba\u011fl\u0131 kalmadan tarih ile ilgili kurumsal yap\u0131 olu\u015fturmaktad\u0131r. Kul\u00fcb\u00fcn logosu a\u015fa\u011f\u0131daki gibidir.<\/p><p><b>MADDE 3: Kul\u00fcb\u00fcn faaliyetleri<\/b><\/p><ul><li>a) \u00dcniversite konusunda bilin\u00e7 ve ilgi uyand\u0131rmak i\u00e7in konferans, seminer, panel ve benzeri toplant\u0131lar, s\u00f6yle\u015filer ve geziler d\u00fczenlemek.<\/li><li>b) \u00d6\u011frenciler aras\u0131nda ileti\u015fim ve etkile\u015fimi sa\u011flamak amac\u0131yla web sitesi, posta \u00f6be\u011fi, b\u00fclten, sosyal a\u011f gibi etkile\u015fim ara\u00e7lar\u0131 olu\u015fturmak.<\/li><li>c) \u00dcniversite \u00f6\u011frencileri aras\u0131nda tan\u0131 ve tan\u0131tma davran\u0131\u015f\u0131 olu\u015fturmak, var olanlar\u0131 geli\u015ftirmek amac\u0131yla uygun tarih ve yerlerde bilgilendirme, \u00f6\u011fretme, tan\u0131tma, uygulama toplant\u0131lar\u0131 d\u00fczenlemek.<\/li><li>d) Kul\u00fcbe etkin \u00fcye kat\u0131l\u0131m\u0131n\u0131 sa\u011flayacak faaliyetler d\u00fczenlemek.<\/li><li>e) Ba\u015fka kul\u00fcplerle t\u00fcz\u00fc\u011f\u00fcn amac\u0131na uygun etkinlikler y\u00fcr\u00fctmek.<\/li><li>f) T\u00fcrk tarihinde d\u00f6n\u00fcm noktas\u0131 olmu\u015f \u00f6nemli g\u00fcnlerde etkinlik d\u00fczenlemek.<\/li><li>g) Tarihimizde is b\u0131rakm\u0131\u015f \u015fahsiyetlerin do\u011fum y\u0131l d\u00f6n\u00fcmlerinde kutlama, vefat y\u0131l d\u00f6n\u00fcmlerinde anma t\u00f6renleri d\u00fczenlemek.<\/li><\/ul><p><b>MADDE 4: \u00dcyelik<\/b><\/p><ul><li>1) Atat\u00fcrk \u00dcniversitesi b\u00fcnyesinde \u00f6\u011fretim g\u00f6ren \u00f6\u011frenciler ve \u00fcniversite \u00f6\u011fretim elemanlar\u0131 kul\u00fcp \u00fcyesi olabilir.<\/li><li>2) \u00dcyelik i\u00e7in, kul\u00fcp taraf\u0131ndan belirlenen formun doldurulmas\u0131 ve y\u00f6netim kuru taraf\u0131ndan onaylanmas\u0131 gerekmektedir.<\/li><\/ul><p><b>\u00dcyelik \u00a0\u015fartlar\u0131 a\u015fa\u011f\u0131da belirtilmi\u015ftir.<\/b><\/p><ul><li>a) Kul\u00fcp uygulama y\u00f6nergesini kabul etmek.<\/li><li>b) \u00dcyelik i\u00e7in gerekli formu doldurarak \u00f6\u011frenci kul\u00fcb\u00fc y\u00f6netim kuruluna ba\u015fvurmak.<\/li><li>c) Kul\u00fcp amac\u0131na uygun davranmak ve kul\u00fcp faaliyetlerine kat\u0131lmak.<\/li><\/ul><p><b>\u00dcyeli\u011fin \u00a0sona ermesi.<\/b><\/p><ul><li>a) Kendi iradesi ile kul\u00fcp \u00fcyeli\u011finden ayr\u0131lmak isteyen \u00fcye, \u00fcyelikten ayr\u0131labilir.<\/li><li>b) \u00dcyelik ko\u015fullar\u0131n\u0131 kaybedenler, kul\u00fcp amac\u0131na uymayanlar ve kul\u00fcp faaliyetlerine kat\u0131lmayanlar\u0131n \u00fcyeli\u011fine y\u00f6netim kurulu karar\u0131 ile son verilir.<\/li><li>c) Kul\u00fcp faaliyetleri s\u0131ras\u0131nda siyasi ama\u00e7l\u0131 faaliyette bulundu\u011fu tespit edilen \u00fcyeler \u00fcyelikten \u00e7\u0131kar\u0131l\u0131r.<\/li><li>d) Kul\u00fcp \u00fcyeli\u011fi \u00f6\u011frencili\u011fin son bulmas\u0131 ile kendili\u011finden sona erer.<\/li><li><b>2. B\u00d6L\u00dcM<\/b><\/li><li><b>KUL\u00dcP Y\u00d6NET\u0130M\u0130 ve \u0130\u015eLEY\u0130\u015e\u0130<\/b><\/li><\/ul><p><b>Kul\u00fcb\u00fcn Y\u00f6netim ve \u0130\u015fleyi\u015f \u00a0Organlar\u0131<\/b><\/p><ul><li>1) Kul\u00fcp faaliyetleri, kul\u00fcpten sorumlu bir akademik dan\u0131\u015fman\u0131n sorumlulu\u011funda y\u00fcr\u00fct\u00fcl\u00fcr.<\/li><li>2) Y\u00f6netim kurulu ve denetleme kurulu, kul\u00fcp genel \u00fcyeleri aras\u0131ndan se\u00e7ilir.<\/li><li>3) Kul\u00fcp \u00fcyeleri aras\u0131ndan 5 ( Be\u015f) asil ve 5 ( Be\u015f ) yedek olmak \u00fczere y\u00f6netim kurulu, 2 ( \u0130ki ) asil ve 2 (\u0130ki) yedek olmak \u00fczere denetleme kurulu se\u00e7ilir.<\/li><li>4) Her \u00f6\u011fretim d\u00f6nemi ba\u015f\u0131nda 1 ( Bir ) y\u0131l s\u00fcre ile yeni ba\u015fkan se\u00e7ilir.<\/li><li>5) Se\u00e7imler gizli oy ve a\u00e7\u0131k say\u0131m y\u00f6netimi ile yap\u0131l\u0131r.<\/li><li>6) Kul\u00fcp, her \u00f6\u011fretim d\u00f6neminde en az bir defa toplan\u0131r.<\/li><li>7) Ortak proje a\u015famalar\u0131n\u0131n belirlenmesinde toplan\u0131r.<\/li><li>8) Genel kurul toplant\u0131 tarihi ve g\u00fcndemi 15 ( On be\u015f ) g\u00fcn \u00f6nceden duyurulur.<\/li><li>9) Genel kurul, \u00fcye tam say\u0131s\u0131n\u0131n 2\\3\u2019\u00fc \u00e7o\u011funlu\u011fuyla toplan\u0131r.<\/li><\/ul><p><b>Genel kurulun g\u00f6revleri \u00a0a\u015fa\u011f\u0131da belirtilmi\u015ftir.<\/b><\/p><ul><li>1) Faaliyet d\u00f6neminin planlar\u0131n\u0131 yapmak ve \u00e7al\u0131\u015fma ilkelerini belirlemek.<\/li><li>2) \u00dcyelik kayd\u0131 yapmak ve \u00fcyeli\u011fi sona eren \u00f6\u011frencileri tespit etmek.<\/li><\/ul><p><b>MADDE 6: Ba\u015fkan ve Y\u00f6netim Kurulu<\/b><\/p><ul><li><b>a) Ba\u015fkan:<\/b>\u00a0Kul\u00fcb\u00fcn ilk ba\u015fkan\u0131 kurucu \u00fcyeler aras\u0131ndan Genel Kurul \u00fcyeleri taraf\u0131ndan se\u00e7ilir. Takip eden y\u0131llarda ba\u015fkan, genel kurul \u00fcyeleri aras\u0131ndan se\u00e7ilir. Ba\u015fkan, y\u00f6netim kuruluna ba\u015fkanl\u0131k eder.<\/li><li><b>b) Y\u00f6netim Kurulu:\u00a0<\/b>Genel Kurul \u00fcyeleri aras\u0131ndan se\u00e7ilir. Ayda bir kez toplan\u0131r. Y\u00f6netim kurulu toplant\u0131s\u0131nda en az 3 ( \u00dc\u00e7 ) \u00fcye olmas\u0131 zorunludur.<\/li><\/ul><p><b>Y\u00f6netim \u00a0kurulu \u00fcyeleri<\/b><\/p><ul><li>1) Ba\u015fkan.<\/li><li>2) Ba\u015fkan\u0131n kurulda haz\u0131r bulunmad\u0131\u011f\u0131 zamanlarda ba\u015fkana vek\u00e2let etmek \u00fczere bir ba\u015fkan yard\u0131mc\u0131s\u0131. (\u0130kinci ba\u015fkan)<\/li><li>3) E\u011fitim faaliyetlerini programlay\u0131p kat\u0131lacak \u00fcyeleri belirlemek ve bu konudaki \u00e7al\u0131\u015fmalar\u0131n\u0131 de\u011ferlendirip y\u00f6netim kuruluna rapor vermek \u00fczere bir e\u011fitim sorumlusu.<\/li><li>4) Kul\u00fcp faaliyetlerine kat\u0131lacak \u00fcyeleri belirlemek, faaliyet programlar\u0131 ayarlamak ve y\u00f6netim kuruluna rapor vermek \u00fczere bir faaliyet sorumlusu.<\/li><li>5) Kul\u00fcp yaz\u0131\u015fmalar\u0131n\u0131n yap\u0131lmas\u0131, toplant\u0131 tutanaklar\u0131n\u0131n ve \u00fcye kay\u0131tlar\u0131n\u0131n tutulmas\u0131 ile faaliyet raporlar\u0131n\u0131n dosyalanmas\u0131 gibi g\u00f6revler i\u00e7in bir sekreter.<\/li><li>6) Kul\u00fcb\u00fcn demirba\u015f ve di\u011fer malzemelerinin kay\u0131tlar\u0131n\u0131n tutulmas\u0131 ile \u00fcyelere verilip geri al\u0131nmas\u0131ndan sorumlu olmak \u00fczere bir malzeme sorumlusu.<\/li><\/ul><p>Y\u00f6netim kurulunda kararlar oy \u00e7oklu\u011fu ile al\u0131n\u0131r. Oy e\u015fitli\u011fi halinde karar, genel kurulda oylamaya sunulur. Mazereti olmaks\u0131z\u0131n en \u00e7ok 3 ( \u00dc\u00e7 ) defa y\u00f6netim kurulu toplant\u0131s\u0131na kat\u0131lmayan \u00fcyenin y\u00f6netim kurulu \u00fcyeli\u011fi kendili\u011finden sona erer. \u0130stifa ve kendili\u011finden sona erme sonucundan bo\u015falan a\u00e7\u0131k \u00fcyeli\u011fin yerine s\u0131radaki yedek \u00fcye ge\u00e7er.<\/p><p><b>MADDE \u00a07: Y\u00f6netim Kurulunun G\u00f6rev ve Faaliyetleri<\/b><\/p><ul><li>1) Kul\u00fcp \u00e7al\u0131\u015fmalar\u0131n\u0131n genel kurul karar\u0131 ile y\u00f6nerge h\u00fck\u00fcmleri do\u011frultusunda y\u00fcr\u00fct\u00fclmesini sa\u011flamak.<\/li><li>2) Y\u0131ll\u0131k faaliyet planlar\u0131 yapmak.<\/li><li>3) \u00dcyelerle ilgili kay\u0131tlar\u0131 tutmak ve faaliyetlerini izlemek.<\/li><li>4) Faaliyetler ve e\u011fitim programlar\u0131 ile ilgili kararlar almak ve uygulamaya koymak.<\/li><li>5) Di\u011fer \u00fcniversitelerin ayn\u0131 alanda faaliyet g\u00f6steren \u00f6\u011frenci kul\u00fcpleri ile yaz\u0131\u015fmalar yapmak, iyi ili\u015fkiler kurmak, e\u011fitim faaliyetleri i\u00e7in g\u00f6r\u00fc\u015f al\u0131\u015f veri\u015finde bulunmak.<\/li><li>6) Kul\u00fcp faaliyetlerine ili\u015fkin b\u00fclten veya dergi \u00e7\u0131karmak.<\/li><li>7) \u00c7\u0131kar\u0131lan b\u00fclten veya dergilerde kul\u00fcp faaliyetlerini tan\u0131tmak.<\/li><li>8) \u00dcniversite b\u00fcnyesinde faaliyet g\u00f6steren di\u011fer \u00f6\u011frenci kul\u00fcpleri ile i\u015fbirli\u011fi yapmak.<\/li><li>9) Kul\u00fcp \u00fcye kay\u0131t defteri, karar defteri, demirba\u015f defteri ve gerekli di\u011fer defterleri tutmak.<\/li><\/ul><p><b>MADDE 8: Denetleme \u00a0Kurulu<\/b><\/p><ul><li>1) Denetleme kurulu, genel kurulca se\u00e7ilen 3 ( \u00dc\u00e7 ) \u00fcyeden olu\u015fur. \u00dcyelerden en az birinin kul\u00fcp \u00fcyesi \u00fcniversite akademik personeli olmas\u0131 gerekir.<\/li><li>2) Denetleme esnas\u0131nda kul\u00fcb\u00fcn esaslar\u0131na ters d\u00fc\u015fen durumun belirlenmesi halinde genel kurulun 2\/3 imza \u00e7o\u011funlu\u011fu ile kul\u00fcb\u00fc ola\u011fan \u00fcst\u00fc genel kurula \u00e7a\u011f\u0131rabilir.<\/li><li>3) Y\u00f6netim kurulunun \u00fcyeleri, yap\u0131lan faaliyetler, kay\u0131tlar ve di\u011fer t\u00fcm bilgiler hakk\u0131nda denetim kuruluna bilgi vermek zorundad\u0131r.<\/li><\/ul><p><b>MADDE 9: Akademik \u00a0Dan\u0131\u015fmanl\u0131k<\/b><\/p><ul><li>1) Kul\u00fcp \u00e7al\u0131\u015fmalar\u0131na rehberlik yapmak \u00fczere kul\u00fcp \u00fcyesi olan bir \u00f6\u011fretim \u00fcyesi akademik dan\u0131\u015fman olur.<\/li><li>2) Akademik dan\u0131\u015fman, Tarih B\u00f6l\u00fcm\u00fc Ba\u015fkan\u0131 taraf\u0131ndan teklif edilen 3 ( \u00dc\u00e7 ) aday aras\u0131ndan genel kurul taraf\u0131ndan oy \u00e7oklu\u011fu ile se\u00e7ilir.<\/li><li>3) Akademik dan\u0131\u015fman, Denetleme Kurulu\u2019na ba\u015fkanl\u0131k eder.<\/li><\/ul><p><b>MADDE 10: Kul\u00fcp E\u011fitim \u00a0Standartlar\u0131<\/b><\/p><p><b>\u00a0 \u00a0 \u00a0 \u00a0 \u00a0\u00a0<\/b>Tarih Kul\u00fcb\u00fc, tarih alan\u0131nda her t\u00fcrl\u00fc yenili\u011fi, geli\u015fmeyi, bas\u0131n ve yay\u0131n organlar\u0131 ile bilimsel \u00e7al\u0131\u015fmalar\u0131 takip eder. Elde edilen veriler kul\u00fcp \u00fcyelerine ve di\u011fer \u00f6\u011frencilere en iyi \u015fekilde aktar\u0131l\u0131r.<\/p><ul><li><b>3. B\u00d6L\u00dcM<\/b><\/li><li><b>D\u0130\u011eER H\u00dcK\u00dcMLER<\/b><\/li><li><b>\u00a0<\/b><\/li><\/ul><p><b>MADDE 11: Fesih<\/b><\/p><ul><li>1) Genel kurulun \u00fcye tam say\u0131s\u0131n\u0131n 2\/3 oy \u00e7o\u011funlu\u011fu ile kul\u00fcp feshedilir.<\/li><li>2) Kul\u00fcp \u00fcye say\u0131s\u0131n\u0131n y\u00f6netim ve denetleme organlar\u0131n\u0131 olu\u015fturacak say\u0131n\u0131n alt\u0131na d\u00fc\u015fmesi ile kul\u00fcp feshedilir.<\/li><li><b>4. B\u00d6L\u00dcM<\/b><\/li><li><b>Y\u00dcR\u00dcRL\u00dcL\u00dcK<\/b><\/li><li><b>\u00a0<\/b><\/li><\/ul><p><b>MADDE 12: Kul\u00fcb\u00fcn Y\u00fcr\u00fcrl\u00fc\u011fe Girmesi<\/b><\/p><p><b>\u00a0 \u00a0 \u00a0 \u00a0 \u00a0 \u201c<\/b>Atat\u00fcrk \u00dcniversitesi Tarih Kul\u00fcb\u00fc\u201d t\u00fcz\u00fc\u011f\u00fc uygun bulundu\u011fu takdirde y\u00fcr\u00fcrl\u00fc\u011fe girer.<\/p><p><b>AKADEM\u0130K DANI\u015eMAN<\/b><\/p><p>Do\u00e7. Dr. \u0130brahim Etem \u00c7AKIR<\/p><p><b>Y\u00d6NET\u0130M KURULU \u00dcYELER\u0130 \u00a0 \u00a0 \u00a0 \u00a0 \u00a0 \u00a0 \u00a0 \u00a0 \u00a0 \u00a0 \u00a0 \u00a0 \u00a0 \u00a0 \u00a0 \u00a0 Y\u00d6NET\u0130M KURULU \u00a0YEDEK \u00dcYELER\u0130<\/b><\/p><table border=\"0\" width=\"746\" cellspacing=\"0\" cellpadding=\"0\"><tbody><tr><td width=\"368\"><p>\u00d6mer Faruk POLAT (Ba\u015fkan)<\/p><\/td><td width=\"47\">\u00a0<\/td><td width=\"331\"><p>Melek B\u00dcLB\u00dcL<\/p><\/td><\/tr><tr><td width=\"368\"><p>R\u00fcmeysa KAYA (Ba\u015fkan Yard\u0131mc\u0131s\u0131)<\/p><\/td><td width=\"47\">\u00a0<\/td><td width=\"331\"><p>Hasibe YER<\/p><\/td><\/tr><tr><td width=\"368\"><p>Yunus ZOR(Sekreter)<\/p><\/td><td width=\"47\">\u00a0<\/td><td width=\"331\"><p>Arzu KO\u00c7<\/p><\/td><\/tr><tr><td width=\"368\"><p>Dilara HAKSEVEN ( E\u011fitim Sorumlusu)<\/p><\/td><td width=\"47\">\u00a0<\/td><td width=\"331\"><p>Emre AKG\u00dcN<\/p><\/td><\/tr><tr><td width=\"368\"><p>\u015eeymanur AKG\u00dcL(Faaliyet Sorumlusu)<\/p><\/td><td width=\"47\">\u00a0<\/td><td width=\"331\"><p>Sedanur DURSUN<\/p><\/td><\/tr><tr><td width=\"368\"><p>R\u0131dvan K\u00d6K(Malzeme Sorumlusu)<\/p><\/td><td width=\"47\">\u00a0<\/td><td width=\"331\"><p>Natike Nur BULUT<\/p><\/td><\/tr><\/tbody><\/table><p><b>\u00a0<\/b><\/p><table border=\"0\" width=\"746\" cellspacing=\"0\" cellpadding=\"0\"><tbody><tr><td width=\"368\"><p><b>DENETLEME \u00a0 \u00a0KURULU \u00dcYELER\u0130 \u00a0\u00a0<\/b><\/p><\/td><td width=\"47\">\u00a0<\/td><td width=\"331\"><p><b>DENETLEME \u00a0 \u00a0KURULU YEDEK \u00dcYELER\u0130<\/b><\/p><\/td><\/tr><tr><td width=\"368\"><p>Yunus Emre C\u00d6MERT<\/p><\/td><td width=\"47\">\u00a0<\/td><td width=\"331\"><p>Merve KALMUK<\/p><\/td><\/tr><tr><td width=\"368\"><p>Zehra TORTUMLUO\u011eLU<\/p><p>\u00a0<\/p><p><a href=\"http:\/\/birimler.atauni.edu.tr\/tarih\/wp-content\/uploads\/sites\/163\/2020\/07\/Tarih-Kulubu-Formu.docx\">Tarih Kul\u00fcb\u00fc Formu<\/a><\/p><\/td><td width=\"47\">\u00a0<\/td><td width=\"331\"><p>Yolcan AYG\u00dcN<\/p><\/td><\/tr><\/tbody><\/table>\t\t\t\t\t\t\t\t<\/div>\n\t\t\t\t<\/div>\n\t\t\t\t\t<\/div>\n\t\t<\/div>\n\t\t\t\t\t<\/div>\n\t\t<\/section>\n\t\t\t\t<\/div>\n\t\t","protected":false},"excerpt":{"rendered":"<p>Kul\u00fcb\u00fcn ad\u0131 \u201cTarih Toplulu\u011fu\u201d dur. \u00a0 Atat\u00fcrk \u00dcniversitesi`nde, \u00d6\u011frenci Kul\u00fcp dan\u0131\u015fmanlar\u0131 ve Okul Y\u00f6netimi denetimine tabi olarak, \u00fcniversite genelinde k\u00fclt\u00fcrel ve edebi her t\u00fcrl\u00fc etkinlik ve organizasyonlar\u0131 alt kol ve birimleri ile birlikte d\u00fczenlemek ve faaliyete ge\u00e7irmek \u00fczere kurulmu\u015ftur. ATAT\u00dcRK \u00dcN\u0130VERS\u0130TES\u0130\u00a0 TAR\u0130H KUL\u00dcB\u00dc T\u00dcZ\u00dc\u011e\u00dc\u00a0 \u00a0 1. B\u00d6L\u00dcM A\u00c7IKLAMALAR \u00a0 \u00a0 \u00a0 MADDE 1: Toplulu\u011fun ad\u0131 [&hellip;]<\/p>\n","protected":false},"author":146,"featured_media":0,"parent":0,"menu_order":0,"comment_status":"closed","ping_status":"closed","template":"","meta":{"footnotes":""},"class_list":["post-6214","page","type-page","status-publish","hentry"],"_links":{"self":[{"href":"https:\/\/atauni.edu.tr\/tarih\/wp-json\/wp\/v2\/pages\/6214","targetHints":{"allow":["GET"]}}],"collection":[{"href":"https:\/\/atauni.edu.tr\/tarih\/wp-json\/wp\/v2\/pages"}],"about":[{"href":"https:\/\/atauni.edu.tr\/tarih\/wp-json\/wp\/v2\/types\/page"}],"author":[{"embeddable":true,"href":"https:\/\/atauni.edu.tr\/tarih\/wp-json\/wp\/v2\/users\/146"}],"replies":[{"embeddable":true,"href":"https:\/\/atauni.edu.tr\/tarih\/wp-json\/wp\/v2\/comments?post=6214"}],"version-history":[{"count":7,"href":"https:\/\/atauni.edu.tr\/tarih\/wp-json\/wp\/v2\/pages\/6214\/revisions"}],"predecessor-version":[{"id":6223,"href":"https:\/\/atauni.edu.tr\/tarih\/wp-json\/wp\/v2\/pages\/6214\/revisions\/6223"}],"wp:attachment":[{"href":"https:\/\/atauni.edu.tr\/tarih\/wp-json\/wp\/v2\/media?parent=6214"}],"curies":[{"name":"wp","href":"https:\/\/api.w.org\/{rel}","templated":true}]}}