{"id":6841,"date":"2024-04-24T12:57:51","date_gmt":"2024-04-24T09:57:51","guid":{"rendered":"https:\/\/birimler.atauni.edu.tr\/tarih\/?page_id=6841"},"modified":"2025-11-17T19:51:18","modified_gmt":"2025-11-17T16:51:18","slug":"fedek-2","status":"publish","type":"page","link":"https:\/\/atauni.edu.tr\/tarih\/fedek-2\/","title":{"rendered":"Akreditasyon"},"content":{"rendered":"\t\t<div data-elementor-type=\"wp-page\" data-elementor-id=\"6841\" class=\"elementor elementor-6841\" data-elementor-post-type=\"page\">\n\t\t\t\t\t\t<section class=\"elementor-section elementor-top-section elementor-element elementor-element-1d021af3 elementor-section-content-top elementor-section-boxed elementor-section-height-default elementor-section-height-default\" data-id=\"1d021af3\" data-element_type=\"section\">\n\t\t\t\t\t\t<div class=\"elementor-container elementor-column-gap-no\">\n\t\t\t\t\t<div class=\"elementor-column elementor-col-100 elementor-top-column elementor-element elementor-element-52550ea9\" data-id=\"52550ea9\" data-element_type=\"column\">\n\t\t\t<div class=\"elementor-widget-wrap elementor-element-populated\">\n\t\t\t\t\t\t<div class=\"elementor-element elementor-element-1f214c9 elementor-widget elementor-widget-heading\" data-id=\"1f214c9\" data-element_type=\"widget\" data-widget_type=\"heading.default\">\n\t\t\t\t<div class=\"elementor-widget-container\">\n\t\t\t\t\t<h2 class=\"elementor-heading-title elementor-size-default\">Ba\u015fl\u0131k Metninizi Buraya Ekleyin<\/h2>\t\t\t\t<\/div>\n\t\t\t\t<\/div>\n\t\t\t\t<div class=\"elementor-element elementor-element-2b0b8a57 elementor-widget elementor-widget-text-editor\" data-id=\"2b0b8a57\" data-element_type=\"widget\" data-widget_type=\"text-editor.default\">\n\t\t\t\t<div class=\"elementor-widget-container\">\n\t\t\t\t\t\t\t\t\t<p data-sider-select-id=\"c502e187-b184-4215-8a48-f19bf6c9812f\"><b>Tarih<span data-sider-select-id=\"3543f4c5-4146-44bc-9e7e-f028ac0fca4e\"> B\u00f6l\u00fcm\u00fc Akreditasyon Dok\u00fcmanlar\u0131<\/span><\/b><\/p>\n<p><!-- \/wp:file --><\/p>\n<p><!-- wp:file {\"id\":6947,\"href\":\"https:\/\/birimler.atauni.edu.tr\/tarih\/wp-content\/uploads\/sites\/163\/2024\/04\/Program-Ciktilari-2.pdf\",\"showDownloadButton\":false,\"displayPreview\":false,\"align\":\"center\"} --><\/p>\n<p><span style=\"text-decoration: underline\"><a href=\"http:\/\/birimler.atauni.edu.tr\/tarih\/wp-content\/uploads\/sites\/163\/2025\/11\/Program-Amaclari.pdf\"><span style=\"font-size: 13.6px;text-align: center;color: var( --e-global-color-text );font-family: var( --e-global-typography-text-font-family ), Sans-serif;font-weight: var( --e-global-typography-text-font-weight );letter-spacing: 0px;text-decoration: underline\">-Tarih B\u00f6l\u00fcm\u00fc<\/span><span style=\"font-size: 13.6px;text-align: center;color: var( --e-global-color-text );font-family: var( --e-global-typography-text-font-family ), Sans-serif;font-weight: var( --e-global-typography-text-font-weight );letter-spacing: 0px;text-decoration: underline\"> \u00d6\u011fretim Ama\u00e7lar\u0131<\/span><\/a><\/span><\/p>\n<p><span style=\"text-decoration: underline\"><a href=\"http:\/\/birimler.atauni.edu.tr\/tarih\/wp-content\/uploads\/sites\/163\/2025\/11\/Program-Ciktilari.pdf\"><span style=\"font-size: 13.6px;text-align: center;color: var( --e-global-color-text );font-family: var( --e-global-typography-text-font-family ), Sans-serif;font-weight: var( --e-global-typography-text-font-weight );letter-spacing: 0px;text-decoration: underline\">-Tarih B\u00f6l\u00fcm\u00fc<\/span><span style=\"font-size: 13.6px;text-align: center;color: var( --e-global-color-text );font-family: var( --e-global-typography-text-font-family ), Sans-serif;font-weight: var( --e-global-typography-text-font-weight );letter-spacing: 0px;text-decoration: underline\"> Program \u00c7\u0131kt\u0131lar\u0131<\/span><\/a><\/span><\/p>\n<p><span style=\"text-decoration: underline\"><!-- \/wp:file --><\/span><\/p>\n<p><span style=\"text-decoration: underline\"><!-- wp:file {\"id\":6949,\"href\":\"https:\/\/birimler.atauni.edu.tr\/tarih\/wp-content\/uploads\/sites\/163\/2024\/04\/Program-Ciktilari-FEDEK-Uyumu-2.pdf\",\"showDownloadButton\":false,\"displayPreview\":false,\"align\":\"center\"} --><\/span><\/p>\n<p><span style=\"text-decoration: underline\"><a href=\"https:\/\/birimler.atauni.edu.tr\/tarih\/wp-content\/uploads\/sites\/163\/2024\/04\/Program-Ciktilari-FEDEK-Uyumu-2.pdf\"><span style=\"font-size: 13.6px;text-align: center;color: var( --e-global-color-text );font-family: var( --e-global-typography-text-font-family ), Sans-serif;font-weight: var( --e-global-typography-text-font-weight );letter-spacing: 0px;text-decoration: underline\">-Tarih B\u00f6l\u00fcm\u00fc<\/span><span style=\"font-size: 13.6px;text-align: center;color: var( --e-global-color-text );font-family: var( --e-global-typography-text-font-family ), Sans-serif;font-weight: var( --e-global-typography-text-font-weight );letter-spacing: 0px;text-decoration: underline\"> Program \u00c7\u0131kt\u0131lar\u0131n\u0131n FEDEK \u00c7\u0131kt\u0131lar\u0131na Uyumu<\/span><\/a><\/span><\/p>\n<p><span style=\"text-decoration: underline\"><a href=\"https:\/\/birimler.atauni.edu.tr\/tarih\/wp-content\/uploads\/sites\/163\/2024\/04\/Program-Ciktilari-Ogretim-Amaclari-Iliskisi-2.pdf\"><span style=\"font-size: 13.6px;text-align: center;color: var( --e-global-color-text );font-family: var( --e-global-typography-text-font-family ), Sans-serif;font-weight: var( --e-global-typography-text-font-weight );letter-spacing: 0px;text-decoration: underline\">-Tarih B\u00f6l\u00fcm\u00fc<\/span><span style=\"font-size: 13.6px;text-align: center;color: var( --e-global-color-text );font-family: var( --e-global-typography-text-font-family ), Sans-serif;font-weight: var( --e-global-typography-text-font-weight );letter-spacing: 0px;text-decoration: underline\"> Program \u00c7\u0131kt\u0131lar\u0131n\u0131n \u00d6\u011fretim Ama\u00e7lar\u0131 \u0130le \u0130li\u015fkisi <\/span><\/a><\/span><\/p>\n<p><span style=\"text-decoration: underline\"><a href=\"http:\/\/birimler.atauni.edu.tr\/tarih\/wp-content\/uploads\/sites\/163\/2025\/11\/Tarih-Bolum-Yonetimi.pdf\"><span style=\"font-size: 13.6px;text-align: center;color: var( --e-global-color-text );font-family: var( --e-global-typography-text-font-family ), Sans-serif;font-weight: var( --e-global-typography-text-font-weight );letter-spacing: 0px;text-decoration: underline\">&#8211; Tarih B\u00f6l\u00fcm Y\u00f6netimi<\/span><\/a><\/span><\/p>\n<p><span style=\"text-decoration: underline\"><a href=\"https:\/\/obs.atauni.edu.tr\/moduller\/dbp\/eobs\/birimDetay\/1083\/Tarih%20Program%C4%B1%20(1083)?\"><span style=\"font-size: 13.6px;text-align: center;color: var( --e-global-color-text );font-family: var( --e-global-typography-text-font-family ), Sans-serif;font-weight: var( --e-global-typography-text-font-weight );letter-spacing: 0px;text-decoration: underline\">-Tarih <\/span><span style=\"font-size: 13.6px;text-align: center;color: var( --e-global-color-text );font-family: var( --e-global-typography-text-font-family ), Sans-serif;font-weight: var( --e-global-typography-text-font-weight );letter-spacing: 0px;text-decoration: underline\">Program\u0131 M\u00fcfredat\u0131 (G\u00fcncel 2021-)<\/span><\/a><\/span><\/p>\n<p><span style=\"text-decoration: underline\"><a href=\"https:\/\/birimler.atauni.edu.tr\/tarih\/wp-content\/uploads\/sites\/163\/2024\/04\/Mufredat-Secmeli-Dersler-2021-1-1.pdf\"><span style=\"font-size: 13.6px;text-align: center;color: var( --e-global-color-text );font-family: var( --e-global-typography-text-font-family ), Sans-serif;font-weight: var( --e-global-typography-text-font-weight );letter-spacing: 0px;text-decoration: underline\">-Tarih <\/span><span style=\"font-size: 13.6px;text-align: center;color: var( --e-global-color-text );font-family: var( --e-global-typography-text-font-family ), Sans-serif;font-weight: var( --e-global-typography-text-font-weight );letter-spacing: 0px;text-decoration: underline\">Program\u0131 M\u00fcfredat\u0131 (Se\u00e7meli Dersler- 2021-)<\/span><\/a><\/span><\/p>\n<p><span style=\"text-decoration: underline\"><!-- \/wp:file --><\/span><\/p>\n<p><span style=\"text-decoration: underline\"><!-- wp:file {\"id\":6950,\"href\":\"https:\/\/birimler.atauni.edu.tr\/tarih\/wp-content\/uploads\/sites\/163\/2024\/04\/Program-Ciktilari-Ogretim-Amaclari-Iliskisi-2.pdf\",\"showDownloadButton\":false,\"displayPreview\":false,\"align\":\"center\"} --><\/span><\/p>\n<p><span style=\"text-decoration: underline\"><!-- \/wp:file --><\/span><\/p>\n<p><span style=\"text-decoration: underline\"><!-- wp:file {\"id\":6951,\"href\":\"https:\/\/birimler.atauni.edu.tr\/tarih\/wp-content\/uploads\/sites\/163\/2024\/04\/Bolum-Yonetimi-1.pdf\",\"showDownloadButton\":false,\"displayPreview\":false,\"align\":\"center\"} --><\/span><\/p>\n<p><span style=\"text-decoration: underline\"><a href=\"https:\/\/birimler.atauni.edu.tr\/tarih\/wp-content\/uploads\/sites\/163\/2024\/04\/Stratejik-Planlama-ve-Akred.Kurulu-1.pdf\"><span style=\"font-size: 13.6px;text-align: center;color: var( --e-global-color-text );font-family: var( --e-global-typography-text-font-family ), Sans-serif;font-weight: var( --e-global-typography-text-font-weight );letter-spacing: 0px;text-decoration: underline\">-Tarih <\/span><span style=\"font-size: 13.6px;text-align: center;color: var( --e-global-color-text );font-family: var( --e-global-typography-text-font-family ), Sans-serif;font-weight: var( --e-global-typography-text-font-weight );letter-spacing: 0px;text-decoration: underline\">Program\u0131 Stratejik Planlama ve Akreditasyon Kurulu<\/span><\/a><\/span><\/p>\n<p><span style=\"text-decoration: underline\"><a href=\"http:\/\/birimler.atauni.edu.tr\/tarih\/wp-content\/uploads\/sites\/163\/2020\/07\/Danismanlik-Listesi-2023-2024-yeni.pdf\"><span style=\"font-size: 13.6px;text-align: center;color: var( --e-global-color-text );font-family: var( --e-global-typography-text-font-family ), Sans-serif;font-weight: var( --e-global-typography-text-font-weight );letter-spacing: 0px;text-decoration: underline\">-Tarih <\/span><span style=\"font-size: 13.6px;text-align: center;color: var( --e-global-color-text );font-family: var( --e-global-typography-text-font-family ), Sans-serif;font-weight: var( --e-global-typography-text-font-weight );letter-spacing: 0px;text-decoration: underline\">Program\u0131 Lisans Dan\u0131\u015fmanlar\u0131 (2023-2024)<\/span><\/a><\/span><\/p>\n<p><span style=\"text-decoration: underline\"><a href=\"http:\/\/birimler.atauni.edu.tr\/tarih\/wp-content\/uploads\/sites\/163\/2025\/11\/Danismanlik-Listesi-2025-2026.pdf\"><span style=\"font-size: 13.6px;text-align: center;color: var( --e-global-color-text );font-family: var( --e-global-typography-text-font-family ), Sans-serif;font-weight: var( --e-global-typography-text-font-weight );letter-spacing: 0px;text-decoration: underline\">&#8211;\u00a0 Tarih Program\u0131 Lisans Dan\u0131\u015fmanlar\u0131 (2025-2026)<\/span><\/a><\/span><\/p>\n<p><span style=\"text-decoration: underline\"><a href=\"https:\/\/birimler.atauni.edu.tr\/tarih\/wp-content\/uploads\/sites\/163\/2025\/06\/Bolum_Koordinatorlukler-ve-Komisyonlar-28-Mayis-2025.pdf\"><span style=\"font-size: 13.6px;text-align: center;color: var( --e-global-color-text );font-family: var( --e-global-typography-text-font-family ), Sans-serif;font-weight: var( --e-global-typography-text-font-weight );letter-spacing: 0px;text-decoration: underline\">-Tarih Program\u0131 Komisyon G\u00f6revleri <\/span><\/a><\/span><\/p>\n<p><span style=\"text-decoration: underline\"><!-- \/wp:file --><\/span><\/p>\n<p><span style=\"text-decoration: underline\"><!-- wp:file {\"id\":6954,\"href\":\"https:\/\/birimler.atauni.edu.tr\/tarih\/wp-content\/uploads\/sites\/163\/2024\/04\/Mufredat-2019-2020-1.pdf\",\"showDownloadButton\":false,\"displayPreview\":false,\"align\":\"center\"} --><\/span><\/p>\n<p><span style=\"text-decoration: underline\"><!-- \/wp:file --><\/span><\/p>\n<p><span style=\"text-decoration: underline\"><!-- wp:file {\"id\":6955,\"href\":\"https:\/\/birimler.atauni.edu.tr\/tarih\/wp-content\/uploads\/sites\/163\/2024\/04\/Stratejik-Planlama-ve-Akred.Kurulu-1.pdf\",\"showDownloadButton\":false,\"displayPreview\":false,\"align\":\"center\"} --><\/span><\/p>\n<p><span style=\"text-decoration: underline\"><!-- \/wp:file --><\/span><\/p>\n<p><span style=\"text-decoration: underline\"><!-- wp:file {\"id\":6958,\"href\":\"https:\/\/birimler.atauni.edu.tr\/tarih\/wp-content\/uploads\/sites\/163\/2024\/04\/Danismanlik-Listesi-2023-2024.pdf\",\"showDownloadButton\":false,\"displayPreview\":false,\"align\":\"center\"} --><\/span><\/p>\n<p><span style=\"text-decoration: underline\"><a href=\"https:\/\/birimler.atauni.edu.tr\/tarih\/wp-content\/uploads\/sites\/163\/2024\/04\/YOKAK-Ataturk-Uni-Ic-Degerlendirme-Raporu-2022.pdf\"><span style=\"font-size: 13.6px;text-align: center;color: var( --e-global-color-text );font-family: var( --e-global-typography-text-font-family ), Sans-serif;font-weight: var( --e-global-typography-text-font-weight );letter-spacing: 0px;text-decoration: underline\">-Y\u00d6KAK 2022 Atat\u00fcrk \u00dcniversitesi Kurum \u0130\u00e7 De\u011ferlendirme Raporu<\/span><\/a>\u00a0<\/span><\/p>\n<p><!-- \/wp:file --><\/p>\n<p><!-- wp:file {\"id\":6960,\"href\":\"https:\/\/birimler.atauni.edu.tr\/tarih\/wp-content\/uploads\/sites\/163\/2024\/04\/Komisyonlar.pdf\",\"showDownloadButton\":false,\"displayPreview\":false,\"align\":\"center\"} --><\/p>\n<p><!-- \/wp:file --><\/p>\n<p><!-- wp:file {\"id\":6961,\"href\":\"https:\/\/birimler.atauni.edu.tr\/tarih\/wp-content\/uploads\/sites\/163\/2024\/04\/YOKAK-Ataturk-Uni-Ic-Degerlendirme-Raporu-2022.pdf\",\"showDownloadButton\":false,\"displayPreview\":false,\"align\":\"center\"} --><\/p>\n<p><!-- \/wp:file --><\/p>\t\t\t\t\t\t\t\t<\/div>\n\t\t\t\t<\/div>\n\t\t\t\t\t<\/div>\n\t\t<\/div>\n\t\t\t\t\t<\/div>\n\t\t<\/section>\n\t\t\t\t<\/div>\n\t\t","protected":false},"excerpt":{"rendered":"<p>Ba\u015fl\u0131k Metninizi Buraya Ekleyin Tarih B\u00f6l\u00fcm\u00fc Akreditasyon Dok\u00fcmanlar\u0131 -Tarih B\u00f6l\u00fcm\u00fc \u00d6\u011fretim Ama\u00e7lar\u0131 -Tarih B\u00f6l\u00fcm\u00fc Program \u00c7\u0131kt\u0131lar\u0131 -Tarih B\u00f6l\u00fcm\u00fc Program \u00c7\u0131kt\u0131lar\u0131n\u0131n FEDEK \u00c7\u0131kt\u0131lar\u0131na Uyumu -Tarih B\u00f6l\u00fcm\u00fc Program \u00c7\u0131kt\u0131lar\u0131n\u0131n \u00d6\u011fretim Ama\u00e7lar\u0131 \u0130le \u0130li\u015fkisi &#8211; Tarih B\u00f6l\u00fcm Y\u00f6netimi -Tarih Program\u0131 M\u00fcfredat\u0131 (G\u00fcncel 2021-) -Tarih Program\u0131 M\u00fcfredat\u0131 (Se\u00e7meli Dersler- 2021-) -Tarih Program\u0131 Stratejik Planlama ve Akreditasyon Kurulu -Tarih Program\u0131 [&hellip;]<\/p>\n","protected":false},"author":146,"featured_media":0,"parent":0,"menu_order":0,"comment_status":"closed","ping_status":"closed","template":"elementor_header_footer","meta":{"footnotes":""},"class_list":["post-6841","page","type-page","status-publish","hentry"],"_links":{"self":[{"href":"https:\/\/atauni.edu.tr\/tarih\/wp-json\/wp\/v2\/pages\/6841","targetHints":{"allow":["GET"]}}],"collection":[{"href":"https:\/\/atauni.edu.tr\/tarih\/wp-json\/wp\/v2\/pages"}],"about":[{"href":"https:\/\/atauni.edu.tr\/tarih\/wp-json\/wp\/v2\/types\/page"}],"author":[{"embeddable":true,"href":"https:\/\/atauni.edu.tr\/tarih\/wp-json\/wp\/v2\/users\/146"}],"replies":[{"embeddable":true,"href":"https:\/\/atauni.edu.tr\/tarih\/wp-json\/wp\/v2\/comments?post=6841"}],"version-history":[{"count":91,"href":"https:\/\/atauni.edu.tr\/tarih\/wp-json\/wp\/v2\/pages\/6841\/revisions"}],"predecessor-version":[{"id":8136,"href":"https:\/\/atauni.edu.tr\/tarih\/wp-json\/wp\/v2\/pages\/6841\/revisions\/8136"}],"wp:attachment":[{"href":"https:\/\/atauni.edu.tr\/tarih\/wp-json\/wp\/v2\/media?parent=6841"}],"curies":[{"name":"wp","href":"https:\/\/api.w.org\/{rel}","templated":true}]}}