{"id":7848,"date":"2025-06-26T14:17:16","date_gmt":"2025-06-26T11:17:16","guid":{"rendered":"https:\/\/birimler.atauni.edu.tr\/tarih\/?page_id=7848"},"modified":"2025-08-03T14:30:41","modified_gmt":"2025-08-03T11:30:41","slug":"haberler","status":"publish","type":"page","link":"https:\/\/atauni.edu.tr\/tarih\/haberler\/","title":{"rendered":"Haberler"},"content":{"rendered":"<form method=\"get\" class=\"row g-3\" style=\"margin-bottom: 20px;\"><div class=\"col-md-3\"><input type=\"text\" name=\"haber_ara\" class=\"form-control\" placeholder=\"Haber ara...\" value=\"\"><\/div><div class=\"col-md-3\"><input type=\"date\" name=\"baslangic_tarihi\" class=\"form-control\" value=\"\"><\/div><div class=\"col-md-3\"><input type=\"date\" name=\"bitis_tarihi\" class=\"form-control\" value=\"\"><\/div><div class=\"col-md-3\"><button type=\"submit\" class=\"btn btn-secondary w-50\">Filtrele<\/button><\/div><\/form><ul class=\"kategori-yazilari-liste\"><li style=\"display: flex; margin-bottom: 10px; align-items: center;\"><div class=\"post-content\" style=\"flex-grow: 1;\"><span class=\"post-date habertarih\" style=\"display: block; font-weight: bold; margin-bottom: 5px;\">9 \u015eubat 2026<\/span><a class=\"haberbaslik\" href=\"https:\/\/atauni.edu.tr\/tarih\/2026\/02\/09\/2025-2026-egitim-ogretim-yili-bahar-yariyili-ders-programi\/\">2025-2026 E\u011fitim-\u00d6\u011fretim Y\u0131l\u0131\u00a0Bahar Yar\u0131y\u0131l\u0131 Ders Program\u0131<\/a><\/div><\/li><li style=\"display: flex; margin-bottom: 10px; align-items: center;\"><div class=\"post-content\" style=\"flex-grow: 1;\"><span class=\"post-date habertarih\" style=\"display: block; font-weight: bold; margin-bottom: 5px;\">27 Ocak 2026<\/span><a class=\"haberbaslik\" href=\"https:\/\/atauni.edu.tr\/tarih\/2026\/01\/27\/2025-2026-azami-sure-sonu-sinavlari-takvimi\/\">2025-2026 Azami S\u00fcre Sonu S\u0131navlar\u0131 Takvimi<\/a><\/div><\/li><li style=\"display: flex; margin-bottom: 10px; align-items: center;\"><div class=\"post-content\" style=\"flex-grow: 1;\"><span class=\"post-date habertarih\" style=\"display: block; font-weight: bold; margin-bottom: 5px;\">20 Ocak 2026<\/span><a class=\"haberbaslik\" href=\"https:\/\/atauni.edu.tr\/tarih\/2026\/01\/20\/2025-2026-guz-yariyili-butunleme-sonrasi-mezuniyet-tek-ders-sinavi\/\">2025-2026 G\u00fcz Yar\u0131y\u0131l\u0131 B\u00fct\u00fcnleme Sonras\u0131 Mezuniyet Tek Ders S\u0131nav\u0131<\/a><\/div><\/li><li style=\"display: flex; margin-bottom: 10px; align-items: center;\"><div class=\"post-content\" style=\"flex-grow: 1;\"><span class=\"post-date habertarih\" style=\"display: block; font-weight: bold; margin-bottom: 5px;\">20 Ocak 2026<\/span><a class=\"haberbaslik\" href=\"https:\/\/atauni.edu.tr\/tarih\/2026\/01\/20\/2025-2026-guz-yariyili-azami-sure-sonu-sinavlari\/\">2025-2026 G\u00fcz Yar\u0131y\u0131l\u0131 Azami S\u00fcre Sonu S\u0131navlar\u0131<\/a><\/div><\/li><li style=\"display: flex; margin-bottom: 10px; align-items: center;\"><div class=\"post-content\" style=\"flex-grow: 1;\"><span class=\"post-date habertarih\" style=\"display: block; font-weight: bold; margin-bottom: 5px;\">16 Ocak 2026<\/span><a class=\"haberbaslik\" href=\"https:\/\/atauni.edu.tr\/tarih\/2026\/01\/16\/butunlesik-yuksek-lisans-programi\/\">B\u00fct\u00fcnle\u015fik Y\u00fcksek Lisans Program\u0131<\/a><\/div><\/li><li style=\"display: flex; margin-bottom: 10px; align-items: center;\"><div class=\"post-content\" style=\"flex-grow: 1;\"><span class=\"post-date habertarih\" style=\"display: block; font-weight: bold; margin-bottom: 5px;\">19 Aral\u0131k 2025<\/span><a class=\"haberbaslik\" href=\"https:\/\/atauni.edu.tr\/tarih\/2025\/12\/19\/2025-2026-guz-donemi-butunleme-sinav-programi\/\">2025-2026 E\u011fitim-\u00d6\u011fretim Y\u0131l\u0131 G\u00fcz Yar\u0131y\u0131l\u0131 B\u00fct\u00fcnleme S\u0131nav Program\u0131<\/a><\/div><\/li><li style=\"display: flex; margin-bottom: 10px; align-items: center;\"><div class=\"post-content\" style=\"flex-grow: 1;\"><span class=\"post-date habertarih\" style=\"display: block; font-weight: bold; margin-bottom: 5px;\">19 Aral\u0131k 2025<\/span><a class=\"haberbaslik\" href=\"https:\/\/atauni.edu.tr\/tarih\/2025\/12\/19\/2025-2026-guz-donemi-final-sinav-programi\/\">2025-2026 E\u011fitim-\u00d6\u011fretim Y\u0131l\u0131 G\u00fcz Yar\u0131y\u0131l\u0131 Final S\u0131nav Program\u0131<\/a><\/div><\/li><li style=\"display: flex; margin-bottom: 10px; align-items: center;\"><div class=\"post-content\" style=\"flex-grow: 1;\"><span class=\"post-date habertarih\" style=\"display: block; font-weight: bold; margin-bottom: 5px;\">26 Kas\u0131m 2025<\/span><a class=\"haberbaslik\" href=\"https:\/\/atauni.edu.tr\/tarih\/2025\/11\/26\/zotero-ile-etkili-kaynak-yonetimi-lisans-duzeyinde-temel-egitim\/\">Zotero ile Etkili Kaynak Y\u00f6netimi: Lisans D\u00fczeyinde Temel E\u011fitim<\/a><\/div><\/li><li style=\"display: flex; margin-bottom: 10px; align-items: center;\"><div class=\"post-content\" style=\"flex-grow: 1;\"><span class=\"post-date habertarih\" style=\"display: block; font-weight: bold; margin-bottom: 5px;\">26 Kas\u0131m 2025<\/span><a class=\"haberbaslik\" href=\"https:\/\/atauni.edu.tr\/tarih\/2025\/11\/26\/bilimsel-arastirma-verimliligini-artiran-dijital-araclar-egitimi\/\">Bilimsel Ara\u015ft\u0131rma Verimlili\u011fini Art\u0131ran Dijital Ara\u00e7lar E\u011fitimi<\/a><\/div><\/li><li style=\"display: flex; margin-bottom: 10px; align-items: center;\"><div class=\"post-content\" style=\"flex-grow: 1;\"><span class=\"post-date habertarih\" style=\"display: block; font-weight: bold; margin-bottom: 5px;\">10 Kas\u0131m 2025<\/span><a class=\"haberbaslik\" href=\"https:\/\/atauni.edu.tr\/tarih\/2025\/11\/10\/2025-2026-guz-donemi-vize-sinav-programi\/\">2025-2026 G\u00fcz D\u00f6nemi Vize S\u0131nav Program\u0131<\/a><\/div><\/li><\/ul><nav class=\"pagination\" style=\"margin-top: 20px;\"><ul class='page-numbers'>\n\t<li><span aria-current=\"page\" class=\"page-numbers current\">1<\/span><\/li>\n\t<li><a class=\"page-numbers\" href=\"https:\/\/atauni.edu.tr\/tarih\/wp-json\/wp\/v2\/pages\/7848\/page\/2\/\">2<\/a><\/li>\n\t<li><a class=\"page-numbers\" href=\"https:\/\/atauni.edu.tr\/tarih\/wp-json\/wp\/v2\/pages\/7848\/page\/3\/\">3<\/a><\/li>\n\t<li><a class=\"next page-numbers\" href=\"https:\/\/atauni.edu.tr\/tarih\/wp-json\/wp\/v2\/pages\/7848\/page\/2\/\">Sonraki &raquo;<\/a><\/li>\n<\/ul>\n<\/nav>\n\n\n\n<p><\/p>\n","protected":false},"excerpt":{"rendered":"","protected":false},"author":8,"featured_media":0,"parent":0,"menu_order":0,"comment_status":"closed","ping_status":"closed","template":"","meta":{"footnotes":""},"class_list":["post-7848","page","type-page","status-publish","hentry"],"_links":{"self":[{"href":"https:\/\/atauni.edu.tr\/tarih\/wp-json\/wp\/v2\/pages\/7848","targetHints":{"allow":["GET"]}}],"collection":[{"href":"https:\/\/atauni.edu.tr\/tarih\/wp-json\/wp\/v2\/pages"}],"about":[{"href":"https:\/\/atauni.edu.tr\/tarih\/wp-json\/wp\/v2\/types\/page"}],"author":[{"embeddable":true,"href":"https:\/\/atauni.edu.tr\/tarih\/wp-json\/wp\/v2\/users\/8"}],"replies":[{"embeddable":true,"href":"https:\/\/atauni.edu.tr\/tarih\/wp-json\/wp\/v2\/comments?post=7848"}],"version-history":[{"count":2,"href":"https:\/\/atauni.edu.tr\/tarih\/wp-json\/wp\/v2\/pages\/7848\/revisions"}],"predecessor-version":[{"id":7886,"href":"https:\/\/atauni.edu.tr\/tarih\/wp-json\/wp\/v2\/pages\/7848\/revisions\/7886"}],"wp:attachment":[{"href":"https:\/\/atauni.edu.tr\/tarih\/wp-json\/wp\/v2\/media?parent=7848"}],"curies":[{"name":"wp","href":"https:\/\/api.w.org\/{rel}","templated":true}]}}