{"id":7850,"date":"2025-06-26T14:17:38","date_gmt":"2025-06-26T11:17:38","guid":{"rendered":"https:\/\/birimler.atauni.edu.tr\/tarih\/?page_id=7850"},"modified":"2025-08-03T14:30:30","modified_gmt":"2025-08-03T11:30:30","slug":"etkinlikler","status":"publish","type":"page","link":"https:\/\/atauni.edu.tr\/tarih\/etkinlikler\/","title":{"rendered":"Etkinlikler"},"content":{"rendered":"<form method=\"get\" class=\"row g-3\" style=\"margin-bottom: 20px;\"><div class=\"col-md-3\"><input type=\"text\" name=\"etkinlik_ara\" class=\"form-control\" placeholder=\"Etkinlik ara...\" value=\"\"><\/div><div class=\"col-md-3\"><input type=\"date\" name=\"baslangic_tarihi\" class=\"form-control\" value=\"\"><\/div><div class=\"col-md-3\"><input type=\"date\" name=\"bitis_tarihi\" class=\"form-control\" value=\"\"><\/div><div class=\"col-md-3\"><button type=\"submit\" class=\"btn btn-secondary w-50\">Filtrele<\/button><\/div><\/form><div class=\"etkinlikler-grid-container\" style=\"display: grid; grid-template-columns: repeat(3, 1fr); gap: 20px;\"><div class=\"etkinlik-grid-item\"><div class=\"etkinlik-datee\"><span class=\"day\">15<\/span><span class=\"month\">Aral\u0131k<\/span><span class=\"year\">2025<\/span><\/div><a href=\"https:\/\/atauni.edu.tr\/tarih\/2025\/12\/15\/taktik-ve-strateji-odakli-airsoft-etkinligi-2\/\" class=\"etkinlik-titlee\">Taktik ve Strateji Odakl\u0131 Airsoft 2 Etkinli\u011fi<\/a><\/div><div class=\"etkinlik-grid-item\"><div class=\"etkinlik-datee\"><span class=\"day\">26<\/span><span class=\"month\">Kas\u0131m<\/span><span class=\"year\">2025<\/span><\/div><a href=\"https:\/\/atauni.edu.tr\/tarih\/2025\/11\/26\/zotero-ile-etkili-kaynak-yonetimi-lisans-duzeyinde-temel-egitim\/\" class=\"etkinlik-titlee\">Zotero ile Etkili Kaynak Y\u00f6netimi: Lisans D\u00fczeyinde Temel E\u011fitim<\/a><\/div><div class=\"etkinlik-grid-item\"><div class=\"etkinlik-datee\"><span class=\"day\">26<\/span><span class=\"month\">Kas\u0131m<\/span><span class=\"year\">2025<\/span><\/div><a href=\"https:\/\/atauni.edu.tr\/tarih\/2025\/11\/26\/bilimsel-arastirma-verimliligini-artiran-dijital-araclar-egitimi\/\" class=\"etkinlik-titlee\">Bilimsel Ara\u015ft\u0131rma Verimlili\u011fini Art\u0131ran Dijital Ara\u00e7lar E\u011fitimi<\/a><\/div><div class=\"etkinlik-grid-item\"><div class=\"etkinlik-datee\"><span class=\"day\">15<\/span><span class=\"month\">Kas\u0131m<\/span><span class=\"year\">2025<\/span><\/div><a href=\"https:\/\/atauni.edu.tr\/tarih\/2025\/11\/15\/taktik-ve-strateji-odakli-airsoft-etkinligi\/\" class=\"etkinlik-titlee\">Taktik ve Strateji Odakl\u0131 Airsoft Etkinli\u011fi<\/a><\/div><div class=\"etkinlik-grid-item\"><div class=\"etkinlik-datee\"><span class=\"day\">15<\/span><span class=\"month\">Kas\u0131m<\/span><span class=\"year\">2025<\/span><\/div><a href=\"https:\/\/atauni.edu.tr\/tarih\/2025\/11\/15\/erzurumun-sairleri-ile-bulusma\/\" class=\"etkinlik-titlee\">Erzurum&#8217;un \u015eairleri ile Bulu\u015fma<\/a><\/div><div class=\"etkinlik-grid-item\"><div class=\"etkinlik-datee\"><span class=\"day\">03<\/span><span class=\"month\">Ekim<\/span><span class=\"year\">2025<\/span><\/div><a href=\"https:\/\/atauni.edu.tr\/tarih\/2025\/10\/03\/tarih-bolumu-oryantasyon-egitimi-gerceklestirildi\/\" class=\"etkinlik-titlee\">Tarih B\u00f6l\u00fcm\u00fc Oryantasyon E\u011fitimi Ger\u00e7ekle\u015ftirildi<\/a><\/div><div class=\"etkinlik-grid-item\"><div class=\"etkinlik-datee\"><span class=\"day\">16<\/span><span class=\"month\">Haziran<\/span><span class=\"year\">2025<\/span><\/div><a href=\"https:\/\/atauni.edu.tr\/tarih\/2025\/06\/16\/tarih-bolumunden-yeni-disiplinlerarasi-is-birligi-cift-anadal-ve-yandal-protokolu-imzalandi\/\" class=\"etkinlik-titlee\">Tarih B\u00f6l\u00fcm\u00fcnden Yeni Disiplinleraras\u0131 \u0130\u015f Birli\u011fi: \u00c7ift Anadal ve Yandal Protokol\u00fc \u0130mzaland\u0131<\/a><\/div><div class=\"etkinlik-grid-item\"><div class=\"etkinlik-thumbnail\"><img fetchpriority=\"high\" decoding=\"async\" width=\"214\" height=\"300\" src=\"https:\/\/atauni.edu.tr\/tarih\/wp-content\/uploads\/sites\/163\/2025\/06\/b0eed414-21d9-445d-a937-f41c0aaccb8e-1-214x300.jpeg\" class=\"img-fluid wp-post-image\" alt=\"\" srcset=\"https:\/\/atauni.edu.tr\/tarih\/wp-content\/uploads\/sites\/163\/2025\/06\/b0eed414-21d9-445d-a937-f41c0aaccb8e-1-214x300.jpeg 214w, https:\/\/atauni.edu.tr\/tarih\/wp-content\/uploads\/sites\/163\/2025\/06\/b0eed414-21d9-445d-a937-f41c0aaccb8e-1-731x1024.jpeg 731w, https:\/\/atauni.edu.tr\/tarih\/wp-content\/uploads\/sites\/163\/2025\/06\/b0eed414-21d9-445d-a937-f41c0aaccb8e-1-768x1076.jpeg 768w, https:\/\/atauni.edu.tr\/tarih\/wp-content\/uploads\/sites\/163\/2025\/06\/b0eed414-21d9-445d-a937-f41c0aaccb8e-1-1097x1536.jpeg 1097w, https:\/\/atauni.edu.tr\/tarih\/wp-content\/uploads\/sites\/163\/2025\/06\/b0eed414-21d9-445d-a937-f41c0aaccb8e-1-1462x2048.jpeg 1462w, https:\/\/atauni.edu.tr\/tarih\/wp-content\/uploads\/sites\/163\/2025\/06\/b0eed414-21d9-445d-a937-f41c0aaccb8e-1-428x600.jpeg 428w, https:\/\/atauni.edu.tr\/tarih\/wp-content\/uploads\/sites\/163\/2025\/06\/b0eed414-21d9-445d-a937-f41c0aaccb8e-1-400x560.jpeg 400w, https:\/\/atauni.edu.tr\/tarih\/wp-content\/uploads\/sites\/163\/2025\/06\/b0eed414-21d9-445d-a937-f41c0aaccb8e-1.jpeg 1828w\" sizes=\"(max-width: 214px) 100vw, 214px\" \/><\/div><div class=\"etkinlik-datee\"><span class=\"day\">12<\/span><span class=\"month\">Haziran<\/span><span class=\"year\">2025<\/span><\/div><a href=\"https:\/\/atauni.edu.tr\/tarih\/2025\/06\/12\/cift-anadal-yandal-protokol-imza-toreni\/\" class=\"etkinlik-titlee\">\u00c7ift Anadal\/Yandal Protokol \u0130mza T\u00f6reni<\/a><\/div><div class=\"etkinlik-grid-item\"><div class=\"etkinlik-thumbnail\"><img decoding=\"async\" width=\"300\" height=\"231\" src=\"https:\/\/atauni.edu.tr\/tarih\/wp-content\/uploads\/sites\/163\/2021\/07\/Duyuru-300x231.jpg\" class=\"img-fluid wp-post-image\" alt=\"\" srcset=\"https:\/\/atauni.edu.tr\/tarih\/wp-content\/uploads\/sites\/163\/2021\/07\/Duyuru-300x231.jpg 300w, https:\/\/atauni.edu.tr\/tarih\/wp-content\/uploads\/sites\/163\/2021\/07\/Duyuru-768x591.jpg 768w, https:\/\/atauni.edu.tr\/tarih\/wp-content\/uploads\/sites\/163\/2021\/07\/Duyuru-600x462.jpg 600w, https:\/\/atauni.edu.tr\/tarih\/wp-content\/uploads\/sites\/163\/2021\/07\/Duyuru-560x431.jpg 560w, https:\/\/atauni.edu.tr\/tarih\/wp-content\/uploads\/sites\/163\/2021\/07\/Duyuru.jpg 780w\" sizes=\"(max-width: 300px) 100vw, 300px\" \/><\/div><div class=\"etkinlik-datee\"><span class=\"day\">26<\/span><span class=\"month\">May\u0131s<\/span><span class=\"year\">2025<\/span><\/div><a href=\"https:\/\/atauni.edu.tr\/tarih\/2025\/05\/26\/2024-2025-egitim-ogretim-yili-bahar-yariyili-butunleme-sinav-takvimi\/\" class=\"etkinlik-titlee\">2024-2025 E\u011fitim-\u00d6\u011fretim Y\u0131l\u0131 Bahar Yar\u0131y\u0131l\u0131 B\u00fct\u00fcnleme S\u0131nav Takvimi<\/a><\/div><\/div><div class=\"pagination\" style=\"margin-top: 20px;\"><span aria-current=\"page\" class=\"page-numbers current\">1<\/span>\n<a class=\"page-numbers\" href=\"https:\/\/atauni.edu.tr\/tarih\/wp-json\/wp\/v2\/pages\/7850\/page\/2\/\">2<\/a>\n<a class=\"page-numbers\" href=\"https:\/\/atauni.edu.tr\/tarih\/wp-json\/wp\/v2\/pages\/7850\/page\/3\/\">3<\/a>\n<a class=\"next page-numbers\" href=\"https:\/\/atauni.edu.tr\/tarih\/wp-json\/wp\/v2\/pages\/7850\/page\/2\/\">Sonraki &raquo;<\/a><\/div>\n\n\n\n<p><\/p>\n","protected":false},"excerpt":{"rendered":"","protected":false},"author":8,"featured_media":0,"parent":0,"menu_order":0,"comment_status":"closed","ping_status":"closed","template":"","meta":{"footnotes":""},"class_list":["post-7850","page","type-page","status-publish","hentry"],"_links":{"self":[{"href":"https:\/\/atauni.edu.tr\/tarih\/wp-json\/wp\/v2\/pages\/7850","targetHints":{"allow":["GET"]}}],"collection":[{"href":"https:\/\/atauni.edu.tr\/tarih\/wp-json\/wp\/v2\/pages"}],"about":[{"href":"https:\/\/atauni.edu.tr\/tarih\/wp-json\/wp\/v2\/types\/page"}],"author":[{"embeddable":true,"href":"https:\/\/atauni.edu.tr\/tarih\/wp-json\/wp\/v2\/users\/8"}],"replies":[{"embeddable":true,"href":"https:\/\/atauni.edu.tr\/tarih\/wp-json\/wp\/v2\/comments?post=7850"}],"version-history":[{"count":2,"href":"https:\/\/atauni.edu.tr\/tarih\/wp-json\/wp\/v2\/pages\/7850\/revisions"}],"predecessor-version":[{"id":7885,"href":"https:\/\/atauni.edu.tr\/tarih\/wp-json\/wp\/v2\/pages\/7850\/revisions\/7885"}],"wp:attachment":[{"href":"https:\/\/atauni.edu.tr\/tarih\/wp-json\/wp\/v2\/media?parent=7850"}],"curies":[{"name":"wp","href":"https:\/\/api.w.org\/{rel}","templated":true}]}}