{"id":5682,"date":"2021-07-13T10:10:01","date_gmt":"2021-07-13T07:10:01","guid":{"rendered":"https:\/\/portaltest.atauni.edu.tr\/bilgisayar-muhendisligi\/?page_id=5682"},"modified":"2025-12-09T14:50:42","modified_gmt":"2025-12-09T11:50:42","slug":"misyon-vizyon-ve-temel-degerler","status":"publish","type":"page","link":"https:\/\/atauni.edu.tr\/tarim-ekonomisi-bolumu\/misyon-vizyon-ve-temel-degerler\/","title":{"rendered":"Misyon, Vizyon ve Temel De\u011ferler"},"content":{"rendered":"\t\t<div data-elementor-type=\"wp-page\" data-elementor-id=\"5682\" class=\"elementor elementor-5682\" data-elementor-post-type=\"page\">\n\t\t\t\t\t\t<section class=\"elementor-section elementor-top-section elementor-element elementor-element-730d320 elementor-section-boxed elementor-section-height-default elementor-section-height-default\" data-id=\"730d320\" data-element_type=\"section\">\n\t\t\t\t\t\t<div class=\"elementor-container elementor-column-gap-default\">\n\t\t\t\t\t<div class=\"elementor-column elementor-col-100 elementor-top-column elementor-element elementor-element-753d0860\" data-id=\"753d0860\" data-element_type=\"column\">\n\t\t\t<div class=\"elementor-widget-wrap\">\n\t\t\t\t\t\t\t<\/div>\n\t\t<\/div>\n\t\t\t\t\t<\/div>\n\t\t<\/section>\n\t\t\t\t<section class=\"elementor-section elementor-top-section elementor-element elementor-element-9be811a elementor-section-boxed elementor-section-height-default elementor-section-height-default\" data-id=\"9be811a\" data-element_type=\"section\">\n\t\t\t\t\t\t<div class=\"elementor-container elementor-column-gap-default\">\n\t\t\t\t\t<div class=\"elementor-column elementor-col-100 elementor-top-column elementor-element elementor-element-1ed847b7\" data-id=\"1ed847b7\" data-element_type=\"column\">\n\t\t\t<div class=\"elementor-widget-wrap elementor-element-populated\">\n\t\t\t\t\t\t<div class=\"elementor-element elementor-element-4ce0d07f elementor-widget elementor-widget-heading\" data-id=\"4ce0d07f\" data-element_type=\"widget\" data-widget_type=\"heading.default\">\n\t\t\t\t<div class=\"elementor-widget-container\">\n\t\t\t\t\t<h2 class=\"elementor-heading-title elementor-size-default\">Misyon, Vizyon ve Temel De\u011ferler<\/h2>\t\t\t\t<\/div>\n\t\t\t\t<\/div>\n\t\t\t\t<div class=\"elementor-element elementor-element-63260862 elementor-widget-divider--view-line elementor-widget elementor-widget-divider\" data-id=\"63260862\" data-element_type=\"widget\" data-widget_type=\"divider.default\">\n\t\t\t\t<div class=\"elementor-widget-container\">\n\t\t\t\t\t\t\t<div class=\"elementor-divider\">\n\t\t\t<span class=\"elementor-divider-separator\">\n\t\t\t\t\t\t<\/span>\n\t\t<\/div>\n\t\t\t\t\t\t<\/div>\n\t\t\t\t<\/div>\n\t\t\t\t\t<\/div>\n\t\t<\/div>\n\t\t\t\t\t<\/div>\n\t\t<\/section>\n\t\t\t\t<section class=\"elementor-section elementor-top-section elementor-element elementor-element-681db8b elementor-section-boxed elementor-section-height-default elementor-section-height-default\" data-id=\"681db8b\" data-element_type=\"section\">\n\t\t\t\t\t\t<div class=\"elementor-container elementor-column-gap-default\">\n\t\t\t\t\t<div class=\"elementor-column elementor-col-100 elementor-top-column elementor-element elementor-element-ad4dac5\" data-id=\"ad4dac5\" data-element_type=\"column\">\n\t\t\t<div class=\"elementor-widget-wrap elementor-element-populated\">\n\t\t\t\t\t\t<div class=\"elementor-element elementor-element-2f96b3d elementor-widget elementor-widget-text-editor\" data-id=\"2f96b3d\" data-element_type=\"widget\" data-widget_type=\"text-editor.default\">\n\t\t\t\t<div class=\"elementor-widget-container\">\n\t\t\t\t\t\t\t\t\t<p><strong>Misyonumuz<\/strong><\/p><p><strong><em>\u201cBilim ve veriye dayal\u0131 s\u00fcrd\u00fcr\u00fclebilir tar\u0131m ekonomisi \u00e7\u00f6z\u00fcmleri \u00fcretmek\u201d <\/em><\/strong><\/p><ul><li><strong><em>S\u00fcrd\u00fcr\u00fclebilir tar\u0131msal i\u015fletmeler:<\/em><\/strong> <em>Tar\u0131m i\u015fletmelerinin verimlili\u011fini art\u0131ran, kaynak y\u00f6netimi ve yat\u0131r\u0131m planlamas\u0131 ile maliyetleri optimize eden ve \u00e7evresel s\u00fcrd\u00fcr\u00fclebilirli\u011fi koruyan y\u00f6netim modelleri olu\u015fturmak,<\/em><\/li><\/ul><ul><li><strong><em>Do\u011fal kaynaklar\u0131n verimli ve etkin kullan\u0131m\u0131:<\/em><\/strong> <em>Toprak, su ve enerji y\u00f6netimi stratejileriyle, tar\u0131msal \u00fcretimde s\u00fcrd\u00fcr\u00fclebilirli\u011fi art\u0131rmak<\/em>,<\/li><\/ul><ul><li><strong><em>Kan\u0131ta dayal\u0131 ve pazar odakl\u0131 tar\u0131m politikalar\u0131:<\/em><\/strong> <em>Ekonomik analizler ve modelleme yakla\u015f\u0131mlar\u0131n\u0131 kullanarak,<\/em> <em>g\u0131da g\u00fcvenli\u011fi, rekabet\u00e7i pazarlama stratejileri<\/em> ve <em>k\u0131rsal kalk\u0131nmaya y\u00f6nelik etkili politika \u00f6nerileri geli\u015ftirmek<\/em>,<\/li><\/ul><ul><li><strong><em>Tar\u0131msal yay\u0131m ve bilgi payla\u015f\u0131m\u0131:<\/em><\/strong> <em>\u00c7ift\u00e7ilere, tar\u0131msal i\u015fletmelere ve kamu\/\u00f6zel sekt\u00f6re y\u00f6nelik finans, pazarlama ve s\u00fcrd\u00fcr\u00fclebilir \u00fcretim \u00e7\u00f6z\u00fcmlerini sahaya aktarmak<\/em>.<\/li><\/ul><ul><li><strong><em>Veri analiti\u011fi ve modelleme kullanarak karar destek mekanizmalar\u0131 olu\u015fturmak:<\/em><\/strong> <em>Tar\u0131msal i\u015fletmelerin ve politika yap\u0131c\u0131lar\u0131n, kan\u0131ta dayal\u0131 kararlar almas\u0131n\u0131 sa\u011flayacak ara\u00e7lar geli\u015ftirmek<\/em>.<\/li><\/ul><p><strong>Vizyonumuz<\/strong><\/p><p><strong><em>\u201cTar\u0131m\u0131n gelece\u011fini analitik ve yenilik\u00e7i yakla\u015f\u0131mlarla \u015fekillendiren \u00f6nc\u00fc merkez olmak\u201d<\/em><\/strong><\/p><p>Ekonomik ve \u00e7evresel s\u00fcrd\u00fcr\u00fclebilirlik ilkeleri do\u011frultusunda, <strong><em>bilimsel modelleme ve analizleri<\/em><\/strong> <strong><em>tar\u0131m sekt\u00f6r\u00fcne entegre eden<\/em><\/strong>, <strong><em>yenilik\u00e7i ve stratejik yakla\u015f\u0131mlar geli\u015ftiren<\/em><\/strong> \u00f6nc\u00fc bir akademik merkez olmakt\u0131r.<\/p><p><strong>Temel De\u011ferler<\/strong><\/p><p>Tar\u0131m Ekonomisi B\u00f6l\u00fcm\u00fc b\u00fct\u00fcn bilimsel faaliyetlerini a\u015fa\u011f\u0131daki temel ilkelere ba\u011fl\u0131 ve dayal\u0131 olarak y\u00fcr\u00fctmektedir.<\/p><ul><li><strong>Bilimsellik ve kan\u0131ta dayal\u0131 yakla\u015f\u0131m\u00a0\u00a0<\/strong><\/li><\/ul><p>Ara\u015ft\u0131rma, e\u011fitim ve uygulamalarda bilimsel y\u00f6ntem, veri analiti\u011fi ve objektif \u00f6l\u00e7\u00fctlere dayal\u0131 karar alma s\u00fcre\u00e7lerini esas almak.<\/p><ul><li><strong>S\u00fcrd\u00fcr\u00fclebilirlik odakl\u0131l\u0131k<\/strong><\/li><\/ul><p>Ekonomik, \u00e7evresel ve sosyal s\u00fcrd\u00fcr\u00fclebilirli\u011fi b\u00fct\u00fcnc\u00fcl bir yakla\u015f\u0131mla ele alarak gelece\u011fe duyarl\u0131 \u00e7\u00f6z\u00fcmler geli\u015ftirmek.<\/p><ul><li><strong>Yenilik\u00e7ilik ve analitik d\u00fc\u015f\u00fcnme <\/strong><\/li><\/ul><p>Tar\u0131msal ekonomik sorunlar\u0131n \u00e7\u00f6z\u00fcm\u00fcnde yenilik\u00e7i y\u00f6ntemleri, modelleme tekniklerini ve analitik yakla\u015f\u0131mlar\u0131 aktif bi\u00e7imde kullanmak.<\/p><ul><li><strong>Payda\u015f kat\u0131l\u0131m\u0131 ve i\u015f birli\u011fi<\/strong><\/li><\/ul><p>\u00c7ift\u00e7iler, kamu kurumlar\u0131, \u00f6zel sekt\u00f6r ve akademik payda\u015flarla b\u00fct\u00fcnle\u015fik \u00e7al\u0131\u015fma k\u00fclt\u00fcr\u00fcn\u00fc destekleyerek ortak ak\u0131l \u00fcretmek.<\/p><ul><li><strong>Toplumsal sorumluluk ve k\u0131rsal kalk\u0131nma<\/strong><\/li><\/ul><p>Tar\u0131msal \u00fcreticilerin ya\u015fam kalitesini art\u0131rmay\u0131, k\u0131rsal kalk\u0131nmay\u0131 desteklemeyi ve g\u0131da g\u00fcvenli\u011fine katk\u0131 sunmay\u0131 g\u00f6rev bilmek.<\/p><ul><li><strong>Etik ilkeler ve \u015feffafl\u0131k<\/strong><\/li><\/ul><p>Akademik d\u00fcr\u00fcstl\u00fck, tarafs\u0131zl\u0131k, hesap verebilirlik ve a\u00e7\u0131k ileti\u015fim ilkelerine ba\u011fl\u0131 kalmak.<\/p><ul><li><strong>\u00d6\u011frenci odakl\u0131l\u0131k ve ya\u015fam boyu \u00f6\u011frenme<\/strong><\/li><\/ul><p>\u00d6\u011frencilerin mesleki, analitik ve ele\u015ftirel d\u00fc\u015f\u00fcnme becerilerini geli\u015ftirmeye \u00f6ncelik vermek; s\u00fcrekli \u00f6\u011frenme k\u00fclt\u00fcr\u00fcn\u00fc te\u015fvik etmek.<\/p><ul><li><strong>Dijitalle\u015fme ve teknoloji kullan\u0131m\u0131<\/strong><\/li><\/ul><p>Tar\u0131msal veri i\u015fleme, uzaktan alg\u0131lama, modelleme ve karar destek sistemleri gibi dijital teknolojileri e\u011fitime ve ara\u015ft\u0131rmaya entegre etmek.<\/p><ul><li><strong>\u00c7evresel ve ekonomik dengeyi g\u00f6zetme<\/strong><\/li><\/ul><p>Tar\u0131m politikalar\u0131n\u0131n ve i\u015fletme kararlar\u0131n\u0131n \u00e7evresel etkilerini ve ekonomik sonu\u00e7lar\u0131n\u0131 birlikte de\u011ferlendirerek b\u00fct\u00fcnc\u00fcl analiz anlay\u0131\u015f\u0131n\u0131 korumak.<\/p><ul><li><strong>Yeniden \u00fcretilebilir bilgi ve a\u00e7\u0131k bilim<\/strong><\/li><\/ul><p>Bilimsel bilginin do\u011frulanabilir, payla\u015f\u0131labilir ve toplumsal faydaya d\u00f6n\u00fc\u015febilir olmas\u0131n\u0131 temel ilke edinme<\/p>\t\t\t\t\t\t\t\t<\/div>\n\t\t\t\t<\/div>\n\t\t\t\t\t<\/div>\n\t\t<\/div>\n\t\t\t\t\t<\/div>\n\t\t<\/section>\n\t\t\t\t<\/div>\n\t\t","protected":false},"excerpt":{"rendered":"<p>Misyon, Vizyon ve Temel De\u011ferler Misyonumuz \u201cBilim ve veriye dayal\u0131 s\u00fcrd\u00fcr\u00fclebilir tar\u0131m ekonomisi \u00e7\u00f6z\u00fcmleri \u00fcretmek\u201d S\u00fcrd\u00fcr\u00fclebilir tar\u0131msal i\u015fletmeler: Tar\u0131m i\u015fletmelerinin verimlili\u011fini art\u0131ran, kaynak y\u00f6netimi ve yat\u0131r\u0131m planlamas\u0131 ile maliyetleri optimize eden ve \u00e7evresel s\u00fcrd\u00fcr\u00fclebilirli\u011fi koruyan y\u00f6netim modelleri olu\u015fturmak, Do\u011fal kaynaklar\u0131n verimli ve etkin kullan\u0131m\u0131: Toprak, su ve enerji y\u00f6netimi stratejileriyle, tar\u0131msal \u00fcretimde s\u00fcrd\u00fcr\u00fclebilirli\u011fi art\u0131rmak, Kan\u0131ta [&hellip;]<\/p>\n","protected":false},"author":1,"featured_media":0,"parent":0,"menu_order":0,"comment_status":"closed","ping_status":"closed","template":"elementor_header_footer","meta":{"footnotes":""},"class_list":["post-5682","page","type-page","status-publish","hentry"],"_links":{"self":[{"href":"https:\/\/atauni.edu.tr\/tarim-ekonomisi-bolumu\/wp-json\/wp\/v2\/pages\/5682","targetHints":{"allow":["GET"]}}],"collection":[{"href":"https:\/\/atauni.edu.tr\/tarim-ekonomisi-bolumu\/wp-json\/wp\/v2\/pages"}],"about":[{"href":"https:\/\/atauni.edu.tr\/tarim-ekonomisi-bolumu\/wp-json\/wp\/v2\/types\/page"}],"author":[{"embeddable":true,"href":"https:\/\/atauni.edu.tr\/tarim-ekonomisi-bolumu\/wp-json\/wp\/v2\/users\/1"}],"replies":[{"embeddable":true,"href":"https:\/\/atauni.edu.tr\/tarim-ekonomisi-bolumu\/wp-json\/wp\/v2\/comments?post=5682"}],"version-history":[{"count":23,"href":"https:\/\/atauni.edu.tr\/tarim-ekonomisi-bolumu\/wp-json\/wp\/v2\/pages\/5682\/revisions"}],"predecessor-version":[{"id":6824,"href":"https:\/\/atauni.edu.tr\/tarim-ekonomisi-bolumu\/wp-json\/wp\/v2\/pages\/5682\/revisions\/6824"}],"wp:attachment":[{"href":"https:\/\/atauni.edu.tr\/tarim-ekonomisi-bolumu\/wp-json\/wp\/v2\/media?parent=5682"}],"curies":[{"name":"wp","href":"https:\/\/api.w.org\/{rel}","templated":true}]}}