{"id":5765,"date":"2021-07-13T12:56:51","date_gmt":"2021-07-13T09:56:51","guid":{"rendered":"https:\/\/portaltest.atauni.edu.tr\/bilgisayar-muhendisligi\/?page_id=5765"},"modified":"2025-11-20T15:37:58","modified_gmt":"2025-11-20T12:37:58","slug":"anabilim-dallari","status":"publish","type":"page","link":"https:\/\/atauni.edu.tr\/tarim-ekonomisi-bolumu\/anabilim-dallari\/","title":{"rendered":"Anabilim Dallar\u0131"},"content":{"rendered":"\t\t<div data-elementor-type=\"wp-page\" data-elementor-id=\"5765\" class=\"elementor elementor-5765\" data-elementor-post-type=\"page\">\n\t\t\t\t\t\t<section class=\"elementor-section elementor-top-section elementor-element elementor-element-730d320 elementor-section-boxed elementor-section-height-default elementor-section-height-default\" data-id=\"730d320\" data-element_type=\"section\">\n\t\t\t\t\t\t<div class=\"elementor-container elementor-column-gap-default\">\n\t\t\t\t\t<div class=\"elementor-column elementor-col-100 elementor-top-column elementor-element elementor-element-753d0860\" data-id=\"753d0860\" data-element_type=\"column\">\n\t\t\t<div class=\"elementor-widget-wrap\">\n\t\t\t\t\t\t\t<\/div>\n\t\t<\/div>\n\t\t\t\t\t<\/div>\n\t\t<\/section>\n\t\t\t\t<section class=\"elementor-section elementor-top-section elementor-element elementor-element-9be811a elementor-section-boxed elementor-section-height-default elementor-section-height-default\" data-id=\"9be811a\" data-element_type=\"section\">\n\t\t\t\t\t\t<div class=\"elementor-container elementor-column-gap-default\">\n\t\t\t\t\t<div class=\"elementor-column elementor-col-100 elementor-top-column elementor-element elementor-element-1ed847b7\" data-id=\"1ed847b7\" data-element_type=\"column\">\n\t\t\t<div class=\"elementor-widget-wrap elementor-element-populated\">\n\t\t\t\t\t\t<div class=\"elementor-element elementor-element-4ce0d07f elementor-widget elementor-widget-heading\" data-id=\"4ce0d07f\" data-element_type=\"widget\" data-widget_type=\"heading.default\">\n\t\t\t\t<div class=\"elementor-widget-container\">\n\t\t\t\t\t<h2 class=\"elementor-heading-title elementor-size-default\">Anabilim Dallar\u0131<\/h2>\t\t\t\t<\/div>\n\t\t\t\t<\/div>\n\t\t\t\t<div class=\"elementor-element elementor-element-63260862 elementor-widget-divider--view-line elementor-widget elementor-widget-divider\" data-id=\"63260862\" data-element_type=\"widget\" data-widget_type=\"divider.default\">\n\t\t\t\t<div class=\"elementor-widget-container\">\n\t\t\t\t\t\t\t<div class=\"elementor-divider\">\n\t\t\t<span class=\"elementor-divider-separator\">\n\t\t\t\t\t\t<\/span>\n\t\t<\/div>\n\t\t\t\t\t\t<\/div>\n\t\t\t\t<\/div>\n\t\t\t\t\t<\/div>\n\t\t<\/div>\n\t\t\t\t\t<\/div>\n\t\t<\/section>\n\t\t\t\t<section class=\"elementor-section elementor-top-section elementor-element elementor-element-681db8b elementor-section-boxed elementor-section-height-default elementor-section-height-default\" data-id=\"681db8b\" data-element_type=\"section\">\n\t\t\t\t\t\t<div class=\"elementor-container elementor-column-gap-default\">\n\t\t\t\t\t<div class=\"elementor-column elementor-col-100 elementor-top-column elementor-element elementor-element-ad4dac5\" data-id=\"ad4dac5\" data-element_type=\"column\">\n\t\t\t<div class=\"elementor-widget-wrap elementor-element-populated\">\n\t\t\t\t\t\t<div class=\"elementor-element elementor-element-752777b elementor-widget elementor-widget-heading\" data-id=\"752777b\" data-element_type=\"widget\" data-widget_type=\"heading.default\">\n\t\t\t\t<div class=\"elementor-widget-container\">\n\t\t\t\t\t<h2 class=\"elementor-heading-title elementor-size-small\">Tar\u0131m Ekonomisi Ana Bilim Dal\u0131<\/h2>\t\t\t\t<\/div>\n\t\t\t\t<\/div>\n\t\t\t\t<div class=\"elementor-element elementor-element-2f96b3d elementor-widget elementor-widget-text-editor\" data-id=\"2f96b3d\" data-element_type=\"widget\" data-widget_type=\"text-editor.default\">\n\t\t\t\t<div class=\"elementor-widget-container\">\n\t\t\t\t\t\t\t\t\t<ol><li><strong>Tar\u0131m \u0130\u015fletmecili\u011fi: <em>verimlilik, rekabet\u00e7ilik ve s\u00fcrd\u00fcr\u00fclebilir stratejik y\u00f6netim<\/em><\/strong><\/li><\/ol><p>Geleneksel tar\u0131m i\u015fletmecili\u011fi anlay\u0131\u015f\u0131n\u0131n \u00f6tesine ge\u00e7erek, <strong><em>iklim risklerine uyum sa\u011flayan, verimlilik ve k\u00e2rl\u0131l\u0131\u011f\u0131 art\u0131ran i\u015fletme stratejileri geli\u015ftiriyoru<\/em>z.<\/strong><\/p><ul><li><strong><em>\u00dcretim planlamas\u0131, maliyet y\u00f6netimi ve karl\u0131l\u0131k analizleri<\/em><\/strong><\/li><li><strong><em>Tar\u0131msal yat\u0131r\u0131m ve finansal fizibilite ara\u015ft\u0131rmalar\u0131<\/em><\/strong><\/li><li><strong><em>Kooperatifler ve tar\u0131msal \u00f6rg\u00fctlenme modelleri<\/em><\/strong><\/li><li><strong><em>\u00c7evresel etki de\u011ferlendirmeleri ve d\u00f6ng\u00fcsel ekonomi modelleri<\/em><\/strong><\/li><li><strong><em>Dijital tar\u0131m: b\u00fcy\u00fck veri ve yapay zeka destekli y\u00f6netim modelleri<\/em><\/strong><\/li><li><strong><em>G\u0131da g\u00fcvencesi ve pazar analizleri<\/em><\/strong><\/li><li><strong><em>\u0130klime uyumlu finansal ve tar\u0131msal risk y\u00f6netimi<\/em><\/strong><\/li><li><strong><em>Pazarlama stratejileri ve t\u00fcketici davran\u0131\u015flar\u0131<\/em><\/strong><\/li><\/ul><p><strong><em>Kullan\u0131lan Yakla\u015f\u0131mlar:<\/em><\/strong><em><br \/>Maliyet-fayda analizi, Verimlilik ve optimizasyon y\u00f6ntemleri, Karar destek sistemleri, Yat\u0131r\u0131m de\u011ferlendirme modelleri, Ekonometrik analizler, T\u00fcketici analizleri, Piyasa segmantasyonu<\/em><\/p><p><em>\u00a02. <\/em><strong>Tar\u0131m Politikas\u0131: <em>ekonomik analiz ve uygulama<\/em><\/strong><\/p><p>Tar\u0131m politikalar\u0131, ekonomik b\u00fcy\u00fcme, \u00e7evresel s\u00fcrd\u00fcr\u00fclebilirlik ve sosyal adalet a\u00e7\u0131s\u0131ndan kritik bir role sahiptir. B\u00f6l\u00fcm\u00fcm\u00fczde, <strong><em>iklim de\u011fi\u015fikli\u011fine dayal\u0131 ekonomik modellemelerle<\/em><\/strong> <strong><em>politika \u00f6nerileri geli\u015ftiriyoruz<\/em><\/strong>.<\/p><ul><li><strong><em>G\u0131da g\u00fcvenli\u011fi ve stratejik \u00fcretim politikalar\u0131<\/em><\/strong><\/li><li><strong><em>K\u0131rsal kalk\u0131nma modelleri ve sosyo-ekonomik etkiler<\/em><\/strong><\/li><li><strong><em>\u0130klim de\u011fi\u015fikli\u011fi ve tar\u0131msal destek programlar\u0131<\/em><\/strong><\/li><li><strong><em>Veri tabanl\u0131 politika karar destek sistemleri<\/em><\/strong><\/li><li><strong><em>K\u00fcresel tar\u0131m ticareti politikalar\u0131<\/em><\/strong><\/li><\/ul><p><strong><em>Kullan\u0131lan Yakla\u015f\u0131mlar:<\/em><\/strong><em><br \/>Politika analiz modelleri, Sim\u00fclasyon teknikleri, Refah analizleri, Veri madencili\u011fi<\/em><\/p><p><em>\u00a03. <\/em><strong>Tar\u0131msal Yay\u0131m: <em>bilgi ve teknoloji yay\u0131l\u0131m\u0131nda yeni yakla\u015f\u0131mlar<\/em><\/strong><\/p><p>Tar\u0131m sekt\u00f6r\u00fcn\u00fcn <strong><em>iklim de\u011fi\u015fikli\u011fine uyum sa\u011flamas\u0131<\/em><\/strong>, <strong><em>yenilik\u00e7i tar\u0131msal uygulamalar\u0131n yay\u0131lmas\u0131<\/em><\/strong> ile m\u00fcmk\u00fcnd\u00fcr. Bu kapsamda yay\u0131m \u00e7al\u0131\u015fmalar\u0131m\u0131z\u0131 geli\u015ftiriyoruz.<\/p><ul><li><strong><em>\u0130klim ak\u0131ll\u0131 tar\u0131m tekniklerinin yayg\u0131nla\u015ft\u0131r\u0131lmas\u0131<\/em><\/strong><\/li><li><strong><em>Dijital yay\u0131m ara\u00e7lar\u0131 (mobil uygulamalar, uzaktan e\u011fitim ve veri tabanl\u0131 \u00e7ift\u00e7i destek sistemleri)<\/em><\/strong><\/li><li><strong><em>\u0130\u015fbirlik\u00e7i yay\u0131m modelleri ve \u00e7ift\u00e7i-\u00fcniversite-sekt\u00f6r entegrasyonu<\/em><\/strong><\/li><li><strong><em>Kooperatifler ve k\u0131rsal kalk\u0131nma a\u011flar\u0131<\/em><\/strong><\/li><\/ul><p><strong><em>Kullan\u0131lan Yakla\u015f\u0131mlar:<\/em><\/strong><\/p><p><em>Sosyal ve davran\u0131\u015fsal analiz teknikleri, Etki de\u011ferlendirme tekni\u011fi, Veri madencili\u011fi<\/em><\/p>\t\t\t\t\t\t\t\t<\/div>\n\t\t\t\t<\/div>\n\t\t\t\t\t<\/div>\n\t\t<\/div>\n\t\t\t\t\t<\/div>\n\t\t<\/section>\n\t\t\t\t<section class=\"elementor-section elementor-top-section elementor-element elementor-element-5eeb470 elementor-section-boxed elementor-section-height-default elementor-section-height-default\" data-id=\"5eeb470\" data-element_type=\"section\">\n\t\t\t\t\t\t<div class=\"elementor-container elementor-column-gap-default\">\n\t\t\t\t\t<div class=\"elementor-column elementor-col-100 elementor-top-column elementor-element elementor-element-8657f61\" data-id=\"8657f61\" data-element_type=\"column\">\n\t\t\t<div class=\"elementor-widget-wrap elementor-element-populated\">\n\t\t\t\t\t\t\t<\/div>\n\t\t<\/div>\n\t\t\t\t\t<\/div>\n\t\t<\/section>\n\t\t\t\t<\/div>\n\t\t","protected":false},"excerpt":{"rendered":"<p>Anabilim Dallar\u0131 Tar\u0131m Ekonomisi Ana Bilim Dal\u0131 Tar\u0131m \u0130\u015fletmecili\u011fi: verimlilik, rekabet\u00e7ilik ve s\u00fcrd\u00fcr\u00fclebilir stratejik y\u00f6netim Geleneksel tar\u0131m i\u015fletmecili\u011fi anlay\u0131\u015f\u0131n\u0131n \u00f6tesine ge\u00e7erek, iklim risklerine uyum sa\u011flayan, verimlilik ve k\u00e2rl\u0131l\u0131\u011f\u0131 art\u0131ran i\u015fletme stratejileri geli\u015ftiriyoruz. \u00dcretim planlamas\u0131, maliyet y\u00f6netimi ve karl\u0131l\u0131k analizleri Tar\u0131msal yat\u0131r\u0131m ve finansal fizibilite ara\u015ft\u0131rmalar\u0131 Kooperatifler ve tar\u0131msal \u00f6rg\u00fctlenme modelleri \u00c7evresel etki de\u011ferlendirmeleri ve d\u00f6ng\u00fcsel [&hellip;]<\/p>\n","protected":false},"author":1,"featured_media":0,"parent":0,"menu_order":0,"comment_status":"closed","ping_status":"closed","template":"elementor_header_footer","meta":{"footnotes":""},"class_list":["post-5765","page","type-page","status-publish","hentry"],"_links":{"self":[{"href":"https:\/\/atauni.edu.tr\/tarim-ekonomisi-bolumu\/wp-json\/wp\/v2\/pages\/5765","targetHints":{"allow":["GET"]}}],"collection":[{"href":"https:\/\/atauni.edu.tr\/tarim-ekonomisi-bolumu\/wp-json\/wp\/v2\/pages"}],"about":[{"href":"https:\/\/atauni.edu.tr\/tarim-ekonomisi-bolumu\/wp-json\/wp\/v2\/types\/page"}],"author":[{"embeddable":true,"href":"https:\/\/atauni.edu.tr\/tarim-ekonomisi-bolumu\/wp-json\/wp\/v2\/users\/1"}],"replies":[{"embeddable":true,"href":"https:\/\/atauni.edu.tr\/tarim-ekonomisi-bolumu\/wp-json\/wp\/v2\/comments?post=5765"}],"version-history":[{"count":38,"href":"https:\/\/atauni.edu.tr\/tarim-ekonomisi-bolumu\/wp-json\/wp\/v2\/pages\/5765\/revisions"}],"predecessor-version":[{"id":6753,"href":"https:\/\/atauni.edu.tr\/tarim-ekonomisi-bolumu\/wp-json\/wp\/v2\/pages\/5765\/revisions\/6753"}],"wp:attachment":[{"href":"https:\/\/atauni.edu.tr\/tarim-ekonomisi-bolumu\/wp-json\/wp\/v2\/media?parent=5765"}],"curies":[{"name":"wp","href":"https:\/\/api.w.org\/{rel}","templated":true}]}}