{"id":6325,"date":"2024-01-23T15:57:57","date_gmt":"2024-01-23T12:57:57","guid":{"rendered":"https:\/\/birimler.atauni.edu.tr\/tarim-ekonomisi-bolumu\/?page_id=6325"},"modified":"2025-11-21T15:48:25","modified_gmt":"2025-11-21T12:48:25","slug":"is-olanaklari","status":"publish","type":"page","link":"https:\/\/atauni.edu.tr\/tarim-ekonomisi-bolumu\/is-olanaklari\/","title":{"rendered":"\u0130\u015f Olanaklar\u0131"},"content":{"rendered":"\t\t<div data-elementor-type=\"wp-page\" data-elementor-id=\"6325\" class=\"elementor elementor-6325\" data-elementor-post-type=\"page\">\n\t\t\t\t\t\t<section class=\"elementor-section elementor-top-section elementor-element elementor-element-0258e5e elementor-section-boxed elementor-section-height-default elementor-section-height-default\" data-id=\"0258e5e\" data-element_type=\"section\">\n\t\t\t\t\t\t<div class=\"elementor-container elementor-column-gap-default\">\n\t\t\t\t\t<div class=\"elementor-column elementor-col-100 elementor-top-column elementor-element elementor-element-5b207fb\" data-id=\"5b207fb\" data-element_type=\"column\">\n\t\t\t<div class=\"elementor-widget-wrap elementor-element-populated\">\n\t\t\t\t\t\t<div class=\"elementor-element elementor-element-79a54d7 elementor-widget elementor-widget-button\" data-id=\"79a54d7\" data-element_type=\"widget\" data-widget_type=\"button.default\">\n\t\t\t\t<div class=\"elementor-widget-container\">\n\t\t\t\t\t\t\t\t\t<div class=\"elementor-button-wrapper\">\n\t\t\t\t\t<a class=\"elementor-button elementor-button-link elementor-size-sm\" href=\"http:\/\/birimler.atauni.edu.tr\/tarim-ekonomisi-bolumu\/wp-content\/uploads\/sites\/159\/2025\/11\/TEB_is_olanaklari1-1.pdf\" target=\"_blank\">\n\t\t\t\t\t\t<span class=\"elementor-button-content-wrapper\">\n\t\t\t\t\t\t\t\t\t<span class=\"elementor-button-text\">Tar\u0131m Ekonomisi  B\u00f6l\u00fcm\u00fc \u0130\u015f Olanaklar\u0131<\/span>\n\t\t\t\t\t<\/span>\n\t\t\t\t\t<\/a>\n\t\t\t\t<\/div>\n\t\t\t\t\t\t\t\t<\/div>\n\t\t\t\t<\/div>\n\t\t\t\t\t<\/div>\n\t\t<\/div>\n\t\t\t\t\t<\/div>\n\t\t<\/section>\n\t\t\t\t<\/div>\n\t\t","protected":false},"excerpt":{"rendered":"<p>Tar\u0131m Ekonomisi B\u00f6l\u00fcm\u00fc \u0130\u015f Olanaklar\u0131<\/p>\n","protected":false},"author":142,"featured_media":0,"parent":0,"menu_order":0,"comment_status":"closed","ping_status":"closed","template":"","meta":{"footnotes":""},"class_list":["post-6325","page","type-page","status-publish","hentry"],"_links":{"self":[{"href":"https:\/\/atauni.edu.tr\/tarim-ekonomisi-bolumu\/wp-json\/wp\/v2\/pages\/6325","targetHints":{"allow":["GET"]}}],"collection":[{"href":"https:\/\/atauni.edu.tr\/tarim-ekonomisi-bolumu\/wp-json\/wp\/v2\/pages"}],"about":[{"href":"https:\/\/atauni.edu.tr\/tarim-ekonomisi-bolumu\/wp-json\/wp\/v2\/types\/page"}],"author":[{"embeddable":true,"href":"https:\/\/atauni.edu.tr\/tarim-ekonomisi-bolumu\/wp-json\/wp\/v2\/users\/142"}],"replies":[{"embeddable":true,"href":"https:\/\/atauni.edu.tr\/tarim-ekonomisi-bolumu\/wp-json\/wp\/v2\/comments?post=6325"}],"version-history":[{"count":23,"href":"https:\/\/atauni.edu.tr\/tarim-ekonomisi-bolumu\/wp-json\/wp\/v2\/pages\/6325\/revisions"}],"predecessor-version":[{"id":7119,"href":"https:\/\/atauni.edu.tr\/tarim-ekonomisi-bolumu\/wp-json\/wp\/v2\/pages\/6325\/revisions\/7119"}],"wp:attachment":[{"href":"https:\/\/atauni.edu.tr\/tarim-ekonomisi-bolumu\/wp-json\/wp\/v2\/media?parent=6325"}],"curies":[{"name":"wp","href":"https:\/\/api.w.org\/{rel}","templated":true}]}}