{"id":6832,"date":"2025-12-09T15:22:43","date_gmt":"2025-12-09T12:22:43","guid":{"rendered":"https:\/\/birimler.atauni.edu.tr\/tarim-ekonomisi-bolumu\/?page_id=6832"},"modified":"2026-01-14T16:50:25","modified_gmt":"2026-01-14T13:50:25","slug":"paydaslar-ve-toplanti-yonergesi","status":"publish","type":"page","link":"https:\/\/atauni.edu.tr\/tarim-ekonomisi-bolumu\/paydaslar-ve-toplanti-yonergesi\/","title":{"rendered":"Payda\u015flar ve Toplant\u0131 Y\u00f6nergesi"},"content":{"rendered":"\t\t<div data-elementor-type=\"wp-page\" data-elementor-id=\"6832\" class=\"elementor elementor-6832\" data-elementor-post-type=\"page\">\n\t\t\t\t\t\t<section class=\"elementor-section elementor-top-section elementor-element elementor-element-3207036 elementor-section-boxed elementor-section-height-default elementor-section-height-default\" data-id=\"3207036\" data-element_type=\"section\">\n\t\t\t\t\t\t<div class=\"elementor-container elementor-column-gap-custom\">\n\t\t\t\t\t<div class=\"elementor-column elementor-col-100 elementor-top-column elementor-element elementor-element-0a488d5\" data-id=\"0a488d5\" data-element_type=\"column\">\n\t\t\t<div class=\"elementor-widget-wrap elementor-element-populated\">\n\t\t\t\t\t\t<div class=\"elementor-element elementor-element-141bdd2 elementor-widget__width-initial elementor-widget elementor-widget-button\" data-id=\"141bdd2\" data-element_type=\"widget\" data-widget_type=\"button.default\">\n\t\t\t\t<div class=\"elementor-widget-container\">\n\t\t\t\t\t\t\t\t\t<div class=\"elementor-button-wrapper\">\n\t\t\t\t\t<a class=\"elementor-button elementor-button-link elementor-size-sm\" href=\"http:\/\/birimler.atauni.edu.tr\/tarim-ekonomisi-bolumu\/wp-content\/uploads\/sites\/159\/2025\/12\/Paydaslarimiz_web.pdf\">\n\t\t\t\t\t\t<span class=\"elementor-button-content-wrapper\">\n\t\t\t\t\t\t\t\t\t<span class=\"elementor-button-text\">Payda\u015flar\u0131m\u0131z<\/span>\n\t\t\t\t\t<\/span>\n\t\t\t\t\t<\/a>\n\t\t\t\t<\/div>\n\t\t\t\t\t\t\t\t<\/div>\n\t\t\t\t<\/div>\n\t\t\t\t<div class=\"elementor-element elementor-element-eac0d0d elementor-widget__width-initial elementor-widget elementor-widget-button\" data-id=\"eac0d0d\" data-element_type=\"widget\" data-widget_type=\"button.default\">\n\t\t\t\t<div class=\"elementor-widget-container\">\n\t\t\t\t\t\t\t\t\t<div class=\"elementor-button-wrapper\">\n\t\t\t\t\t<a class=\"elementor-button elementor-button-link elementor-size-sm\" href=\"http:\/\/birimler.atauni.edu.tr\/tarim-ekonomisi-bolumu\/wp-content\/uploads\/sites\/159\/2026\/01\/paydas_toplanti_tutanagi-2026.pdf\">\n\t\t\t\t\t\t<span class=\"elementor-button-content-wrapper\">\n\t\t\t\t\t\t\t\t\t<span class=\"elementor-button-text\">Payda\u015f Toplant\u0131 Tutana\u011f\u0131<\/span>\n\t\t\t\t\t<\/span>\n\t\t\t\t\t<\/a>\n\t\t\t\t<\/div>\n\t\t\t\t\t\t\t\t<\/div>\n\t\t\t\t<\/div>\n\t\t\t\t\t<\/div>\n\t\t<\/div>\n\t\t\t\t\t<\/div>\n\t\t<\/section>\n\t\t\t\t<section class=\"elementor-section elementor-top-section elementor-element elementor-element-a8978c4 elementor-section-boxed elementor-section-height-default elementor-section-height-default\" data-id=\"a8978c4\" data-element_type=\"section\">\n\t\t\t\t\t\t<div class=\"elementor-container elementor-column-gap-default\">\n\t\t\t\t\t<div class=\"elementor-column elementor-col-100 elementor-top-column elementor-element elementor-element-ce402b1\" data-id=\"ce402b1\" data-element_type=\"column\">\n\t\t\t<div class=\"elementor-widget-wrap elementor-element-populated\">\n\t\t\t\t\t\t<div class=\"elementor-element elementor-element-7dd5636 elementor-widget__width-initial elementor-widget elementor-widget-button\" data-id=\"7dd5636\" data-element_type=\"widget\" data-widget_type=\"button.default\">\n\t\t\t\t<div class=\"elementor-widget-container\">\n\t\t\t\t\t\t\t\t\t<div class=\"elementor-button-wrapper\">\n\t\t\t\t\t<a class=\"elementor-button elementor-button-link elementor-size-sm\" href=\"http:\/\/birimler.atauni.edu.tr\/tarim-ekonomisi-bolumu\/wp-content\/uploads\/sites\/159\/2025\/12\/Paydaslar_toplanti_yonergesi-web1.pdf\">\n\t\t\t\t\t\t<span class=\"elementor-button-content-wrapper\">\n\t\t\t\t\t\t\t\t\t<span class=\"elementor-button-text\">Toplant\u0131 Y\u00f6nergesi<\/span>\n\t\t\t\t\t<\/span>\n\t\t\t\t\t<\/a>\n\t\t\t\t<\/div>\n\t\t\t\t\t\t\t\t<\/div>\n\t\t\t\t<\/div>\n\t\t\t\t\t<\/div>\n\t\t<\/div>\n\t\t\t\t\t<\/div>\n\t\t<\/section>\n\t\t\t\t<\/div>\n\t\t","protected":false},"excerpt":{"rendered":"<p>Payda\u015flar\u0131m\u0131z Payda\u015f Toplant\u0131 Tutana\u011f\u0131 Toplant\u0131 Y\u00f6nergesi<\/p>\n","protected":false},"author":142,"featured_media":0,"parent":0,"menu_order":0,"comment_status":"closed","ping_status":"closed","template":"","meta":{"footnotes":""},"class_list":["post-6832","page","type-page","status-publish","hentry"],"_links":{"self":[{"href":"https:\/\/atauni.edu.tr\/tarim-ekonomisi-bolumu\/wp-json\/wp\/v2\/pages\/6832","targetHints":{"allow":["GET"]}}],"collection":[{"href":"https:\/\/atauni.edu.tr\/tarim-ekonomisi-bolumu\/wp-json\/wp\/v2\/pages"}],"about":[{"href":"https:\/\/atauni.edu.tr\/tarim-ekonomisi-bolumu\/wp-json\/wp\/v2\/types\/page"}],"author":[{"embeddable":true,"href":"https:\/\/atauni.edu.tr\/tarim-ekonomisi-bolumu\/wp-json\/wp\/v2\/users\/142"}],"replies":[{"embeddable":true,"href":"https:\/\/atauni.edu.tr\/tarim-ekonomisi-bolumu\/wp-json\/wp\/v2\/comments?post=6832"}],"version-history":[{"count":40,"href":"https:\/\/atauni.edu.tr\/tarim-ekonomisi-bolumu\/wp-json\/wp\/v2\/pages\/6832\/revisions"}],"predecessor-version":[{"id":7115,"href":"https:\/\/atauni.edu.tr\/tarim-ekonomisi-bolumu\/wp-json\/wp\/v2\/pages\/6832\/revisions\/7115"}],"wp:attachment":[{"href":"https:\/\/atauni.edu.tr\/tarim-ekonomisi-bolumu\/wp-json\/wp\/v2\/media?parent=6832"}],"curies":[{"name":"wp","href":"https:\/\/api.w.org\/{rel}","templated":true}]}}