{"id":6853,"date":"2025-12-09T15:55:53","date_gmt":"2025-12-09T12:55:53","guid":{"rendered":"https:\/\/birimler.atauni.edu.tr\/tarim-ekonomisi-bolumu\/?page_id=6853"},"modified":"2026-01-14T16:53:22","modified_gmt":"2026-01-14T13:53:22","slug":"anketler","status":"publish","type":"page","link":"https:\/\/atauni.edu.tr\/tarim-ekonomisi-bolumu\/anketler\/","title":{"rendered":"Anketler"},"content":{"rendered":"\t\t<div data-elementor-type=\"wp-page\" data-elementor-id=\"6853\" class=\"elementor elementor-6853\" data-elementor-post-type=\"page\">\n\t\t\t\t\t\t<section class=\"elementor-section elementor-top-section elementor-element elementor-element-8d973e2 elementor-section-boxed elementor-section-height-default elementor-section-height-default\" data-id=\"8d973e2\" data-element_type=\"section\">\n\t\t\t\t\t\t<div class=\"elementor-container elementor-column-gap-default\">\n\t\t\t\t\t<div class=\"elementor-column elementor-col-50 elementor-top-column elementor-element elementor-element-35af3cf\" data-id=\"35af3cf\" data-element_type=\"column\">\n\t\t\t<div class=\"elementor-widget-wrap elementor-element-populated\">\n\t\t\t\t\t\t<div class=\"elementor-element elementor-element-727a7e1 elementor-widget elementor-widget-button\" data-id=\"727a7e1\" data-element_type=\"widget\" data-widget_type=\"button.default\">\n\t\t\t\t<div class=\"elementor-widget-container\">\n\t\t\t\t\t\t\t\t\t<div class=\"elementor-button-wrapper\">\n\t\t\t\t\t<a class=\"elementor-button elementor-button-link elementor-size-sm\" href=\"http:\/\/birimler.atauni.edu.tr\/tarim-ekonomisi-bolumu\/wp-content\/uploads\/sites\/159\/2025\/12\/TEB_mezun_memnun_ank.pdf\">\n\t\t\t\t\t\t<span class=\"elementor-button-content-wrapper\">\n\t\t\t\t\t\t\t\t\t<span class=\"elementor-button-text\">Mezun Memnuniyet  Anketi<\/span>\n\t\t\t\t\t<\/span>\n\t\t\t\t\t<\/a>\n\t\t\t\t<\/div>\n\t\t\t\t\t\t\t\t<\/div>\n\t\t\t\t<\/div>\n\t\t\t\t<div class=\"elementor-element elementor-element-5fab0c1 elementor-widget elementor-widget-button\" data-id=\"5fab0c1\" data-element_type=\"widget\" data-widget_type=\"button.default\">\n\t\t\t\t<div class=\"elementor-widget-container\">\n\t\t\t\t\t\t\t\t\t<div class=\"elementor-button-wrapper\">\n\t\t\t\t\t<a class=\"elementor-button elementor-button-link elementor-size-sm\" href=\"http:\/\/birimler.atauni.edu.tr\/tarim-ekonomisi-bolumu\/wp-content\/uploads\/sites\/159\/2025\/12\/TEB_ogr.memun_ank.pdf\">\n\t\t\t\t\t\t<span class=\"elementor-button-content-wrapper\">\n\t\t\t\t\t\t\t\t\t<span class=\"elementor-button-text\">\u00d6\u011frenci Memnuniyet Anketi<\/span>\n\t\t\t\t\t<\/span>\n\t\t\t\t\t<\/a>\n\t\t\t\t<\/div>\n\t\t\t\t\t\t\t\t<\/div>\n\t\t\t\t<\/div>\n\t\t\t\t\t<\/div>\n\t\t<\/div>\n\t\t\t\t<div class=\"elementor-column elementor-col-50 elementor-top-column elementor-element elementor-element-9c13964\" data-id=\"9c13964\" data-element_type=\"column\">\n\t\t\t<div class=\"elementor-widget-wrap elementor-element-populated\">\n\t\t\t\t\t\t<div class=\"elementor-element elementor-element-3e1f441 elementor-widget elementor-widget-button\" data-id=\"3e1f441\" data-element_type=\"widget\" data-widget_type=\"button.default\">\n\t\t\t\t<div class=\"elementor-widget-container\">\n\t\t\t\t\t\t\t\t\t<div class=\"elementor-button-wrapper\">\n\t\t\t\t\t<a class=\"elementor-button elementor-button-link elementor-size-sm\" href=\"http:\/\/birimler.atauni.edu.tr\/tarim-ekonomisi-bolumu\/wp-content\/uploads\/sites\/159\/2025\/12\/mezun_memnuniyet_ank-rapor.pdf\">\n\t\t\t\t\t\t<span class=\"elementor-button-content-wrapper\">\n\t\t\t\t\t\t\t\t\t<span class=\"elementor-button-text\">Mezun Memnuniyet Anketi Raporu<\/span>\n\t\t\t\t\t<\/span>\n\t\t\t\t\t<\/a>\n\t\t\t\t<\/div>\n\t\t\t\t\t\t\t\t<\/div>\n\t\t\t\t<\/div>\n\t\t\t\t<div class=\"elementor-element elementor-element-25033de elementor-widget elementor-widget-button\" data-id=\"25033de\" data-element_type=\"widget\" data-widget_type=\"button.default\">\n\t\t\t\t<div class=\"elementor-widget-container\">\n\t\t\t\t\t\t\t\t\t<div class=\"elementor-button-wrapper\">\n\t\t\t\t\t<a class=\"elementor-button elementor-button-link elementor-size-sm\" href=\"http:\/\/birimler.atauni.edu.tr\/tarim-ekonomisi-bolumu\/wp-content\/uploads\/sites\/159\/2025\/12\/Ogrenci_memn_ank-rapor.pdf\">\n\t\t\t\t\t\t<span class=\"elementor-button-content-wrapper\">\n\t\t\t\t\t\t\t\t\t<span class=\"elementor-button-text\">\u00d6\u011frenci Memnuniyet Anketi Raporu<\/span>\n\t\t\t\t\t<\/span>\n\t\t\t\t\t<\/a>\n\t\t\t\t<\/div>\n\t\t\t\t\t\t\t\t<\/div>\n\t\t\t\t<\/div>\n\t\t\t\t\t<\/div>\n\t\t<\/div>\n\t\t\t\t\t<\/div>\n\t\t<\/section>\n\t\t\t\t<section class=\"elementor-section elementor-top-section elementor-element elementor-element-a929c73 elementor-section-boxed elementor-section-height-default elementor-section-height-default\" data-id=\"a929c73\" data-element_type=\"section\">\n\t\t\t\t\t\t<div class=\"elementor-container elementor-column-gap-default\">\n\t\t\t\t\t<div class=\"elementor-column elementor-col-50 elementor-top-column elementor-element elementor-element-f35f540\" data-id=\"f35f540\" data-element_type=\"column\">\n\t\t\t<div class=\"elementor-widget-wrap elementor-element-populated\">\n\t\t\t\t\t\t<div class=\"elementor-element elementor-element-c2b72f5 elementor-widget__width-initial elementor-widget elementor-widget-button\" data-id=\"c2b72f5\" data-element_type=\"widget\" data-widget_type=\"button.default\">\n\t\t\t\t<div class=\"elementor-widget-container\">\n\t\t\t\t\t\t\t\t\t<div class=\"elementor-button-wrapper\">\n\t\t\t\t\t<a class=\"elementor-button elementor-button-link elementor-size-sm\" href=\"http:\/\/birimler.atauni.edu.tr\/tarim-ekonomisi-bolumu\/wp-content\/uploads\/sites\/159\/2025\/12\/TEB_PC_memnun_ank.pdf\">\n\t\t\t\t\t\t<span class=\"elementor-button-content-wrapper\">\n\t\t\t\t\t\t\t\t\t<span class=\"elementor-button-text\">Program \u00c7\u0131kt\u0131lar\u0131 (P\u00c7) Memnuniyet Anketi<\/span>\n\t\t\t\t\t<\/span>\n\t\t\t\t\t<\/a>\n\t\t\t\t<\/div>\n\t\t\t\t\t\t\t\t<\/div>\n\t\t\t\t<\/div>\n\t\t\t\t\t<\/div>\n\t\t<\/div>\n\t\t\t\t<div class=\"elementor-column elementor-col-50 elementor-top-column elementor-element elementor-element-20db64c\" data-id=\"20db64c\" data-element_type=\"column\">\n\t\t\t<div class=\"elementor-widget-wrap elementor-element-populated\">\n\t\t\t\t\t\t<div class=\"elementor-element elementor-element-ad17423 elementor-widget__width-initial elementor-widget elementor-widget-button\" data-id=\"ad17423\" data-element_type=\"widget\" data-widget_type=\"button.default\">\n\t\t\t\t<div class=\"elementor-widget-container\">\n\t\t\t\t\t\t\t\t\t<div class=\"elementor-button-wrapper\">\n\t\t\t\t\t<a class=\"elementor-button elementor-button-link elementor-size-sm\" href=\"http:\/\/birimler.atauni.edu.tr\/tarim-ekonomisi-bolumu\/wp-content\/uploads\/sites\/159\/2025\/12\/PC_memn_ank-raporu.pdf\">\n\t\t\t\t\t\t<span class=\"elementor-button-content-wrapper\">\n\t\t\t\t\t\t\t\t\t<span class=\"elementor-button-text\">Program \u00c7\u0131kt\u0131lar\u0131 (P\u00c7) Memnuniyet Anketi Raporu<\/span>\n\t\t\t\t\t<\/span>\n\t\t\t\t\t<\/a>\n\t\t\t\t<\/div>\n\t\t\t\t\t\t\t\t<\/div>\n\t\t\t\t<\/div>\n\t\t\t\t\t<\/div>\n\t\t<\/div>\n\t\t\t\t\t<\/div>\n\t\t<\/section>\n\t\t\t\t<section class=\"elementor-section elementor-top-section elementor-element elementor-element-f6b0a1b elementor-section-boxed elementor-section-height-default elementor-section-height-default\" data-id=\"f6b0a1b\" data-element_type=\"section\">\n\t\t\t\t\t\t<div class=\"elementor-container elementor-column-gap-default\">\n\t\t\t\t\t<div class=\"elementor-column elementor-col-50 elementor-top-column elementor-element elementor-element-c8d11d7\" data-id=\"c8d11d7\" data-element_type=\"column\">\n\t\t\t<div class=\"elementor-widget-wrap elementor-element-populated\">\n\t\t\t\t\t\t<div class=\"elementor-element elementor-element-7b64e7a elementor-widget elementor-widget-button\" data-id=\"7b64e7a\" data-element_type=\"widget\" data-widget_type=\"button.default\">\n\t\t\t\t<div class=\"elementor-widget-container\">\n\t\t\t\t\t\t\t\t\t<div class=\"elementor-button-wrapper\">\n\t\t\t\t\t<a class=\"elementor-button elementor-button-link elementor-size-sm\" href=\"http:\/\/birimler.atauni.edu.tr\/tarim-ekonomisi-bolumu\/wp-content\/uploads\/sites\/159\/2025\/12\/TEB_danis_karier_memnu_ank.pdf\">\n\t\t\t\t\t\t<span class=\"elementor-button-content-wrapper\">\n\t\t\t\t\t\t\t\t\t<span class=\"elementor-button-text\">Dan\u0131\u015fmanl\u0131k ve Kariyer Planlamas\u0131 Memnuniyet Anketi<\/span>\n\t\t\t\t\t<\/span>\n\t\t\t\t\t<\/a>\n\t\t\t\t<\/div>\n\t\t\t\t\t\t\t\t<\/div>\n\t\t\t\t<\/div>\n\t\t\t\t<div class=\"elementor-element elementor-element-a7a7619 elementor-widget elementor-widget-button\" data-id=\"a7a7619\" data-element_type=\"widget\" data-widget_type=\"button.default\">\n\t\t\t\t<div class=\"elementor-widget-container\">\n\t\t\t\t\t\t\t\t\t<div class=\"elementor-button-wrapper\">\n\t\t\t\t\t<a class=\"elementor-button elementor-button-link elementor-size-sm\" href=\"http:\/\/birimler.atauni.edu.tr\/tarim-ekonomisi-bolumu\/wp-content\/uploads\/sites\/159\/2025\/12\/TEB_pydas_memnun_ank.pdf\">\n\t\t\t\t\t\t<span class=\"elementor-button-content-wrapper\">\n\t\t\t\t\t\t\t\t\t<span class=\"elementor-button-text\">D\u0131\u015f Payda\u015f Memnuniyet Anketi<\/span>\n\t\t\t\t\t<\/span>\n\t\t\t\t\t<\/a>\n\t\t\t\t<\/div>\n\t\t\t\t\t\t\t\t<\/div>\n\t\t\t\t<\/div>\n\t\t\t\t\t<\/div>\n\t\t<\/div>\n\t\t\t\t<div class=\"elementor-column elementor-col-50 elementor-top-column elementor-element elementor-element-6713010\" data-id=\"6713010\" data-element_type=\"column\">\n\t\t\t<div class=\"elementor-widget-wrap elementor-element-populated\">\n\t\t\t\t\t\t<div class=\"elementor-element elementor-element-c2a49c6 elementor-widget elementor-widget-button\" data-id=\"c2a49c6\" data-element_type=\"widget\" data-widget_type=\"button.default\">\n\t\t\t\t<div class=\"elementor-widget-container\">\n\t\t\t\t\t\t\t\t\t<div class=\"elementor-button-wrapper\">\n\t\t\t\t\t<a class=\"elementor-button elementor-button-link elementor-size-sm\" href=\"http:\/\/birimler.atauni.edu.tr\/tarim-ekonomisi-bolumu\/wp-content\/uploads\/sites\/159\/2025\/12\/danis_kariyer_ank-raporu.pdf\">\n\t\t\t\t\t\t<span class=\"elementor-button-content-wrapper\">\n\t\t\t\t\t\t\t\t\t<span class=\"elementor-button-text\">Dan\u0131\u015fmanl\u0131k ve Kariyer Planlamas\u0131 Memnuniyet Anketi Raporu<\/span>\n\t\t\t\t\t<\/span>\n\t\t\t\t\t<\/a>\n\t\t\t\t<\/div>\n\t\t\t\t\t\t\t\t<\/div>\n\t\t\t\t<\/div>\n\t\t\t\t<div class=\"elementor-element elementor-element-28654b1 elementor-widget elementor-widget-button\" data-id=\"28654b1\" data-element_type=\"widget\" data-widget_type=\"button.default\">\n\t\t\t\t<div class=\"elementor-widget-container\">\n\t\t\t\t\t\t\t\t\t<div class=\"elementor-button-wrapper\">\n\t\t\t\t\t<a class=\"elementor-button elementor-button-link elementor-size-sm\" href=\"http:\/\/birimler.atauni.edu.tr\/tarim-ekonomisi-bolumu\/wp-content\/uploads\/sites\/159\/2025\/12\/dis_paydas_ank-raporu.pdf\">\n\t\t\t\t\t\t<span class=\"elementor-button-content-wrapper\">\n\t\t\t\t\t\t\t\t\t<span class=\"elementor-button-text\">D\u0131\u015f Payda\u015f Memnuniyet Anketi Raporu<\/span>\n\t\t\t\t\t<\/span>\n\t\t\t\t\t<\/a>\n\t\t\t\t<\/div>\n\t\t\t\t\t\t\t\t<\/div>\n\t\t\t\t<\/div>\n\t\t\t\t\t<\/div>\n\t\t<\/div>\n\t\t\t\t\t<\/div>\n\t\t<\/section>\n\t\t\t\t<\/div>\n\t\t","protected":false},"excerpt":{"rendered":"<p>Mezun Memnuniyet Anketi \u00d6\u011frenci Memnuniyet Anketi Mezun Memnuniyet Anketi Raporu \u00d6\u011frenci Memnuniyet Anketi Raporu Program \u00c7\u0131kt\u0131lar\u0131 (P\u00c7) Memnuniyet Anketi Program \u00c7\u0131kt\u0131lar\u0131 (P\u00c7) Memnuniyet Anketi Raporu Dan\u0131\u015fmanl\u0131k ve Kariyer Planlamas\u0131 Memnuniyet Anketi D\u0131\u015f Payda\u015f Memnuniyet Anketi Dan\u0131\u015fmanl\u0131k ve Kariyer Planlamas\u0131 Memnuniyet Anketi Raporu D\u0131\u015f Payda\u015f Memnuniyet Anketi Raporu<\/p>\n","protected":false},"author":142,"featured_media":0,"parent":0,"menu_order":0,"comment_status":"closed","ping_status":"closed","template":"","meta":{"footnotes":""},"class_list":["post-6853","page","type-page","status-publish","hentry"],"_links":{"self":[{"href":"https:\/\/atauni.edu.tr\/tarim-ekonomisi-bolumu\/wp-json\/wp\/v2\/pages\/6853","targetHints":{"allow":["GET"]}}],"collection":[{"href":"https:\/\/atauni.edu.tr\/tarim-ekonomisi-bolumu\/wp-json\/wp\/v2\/pages"}],"about":[{"href":"https:\/\/atauni.edu.tr\/tarim-ekonomisi-bolumu\/wp-json\/wp\/v2\/types\/page"}],"author":[{"embeddable":true,"href":"https:\/\/atauni.edu.tr\/tarim-ekonomisi-bolumu\/wp-json\/wp\/v2\/users\/142"}],"replies":[{"embeddable":true,"href":"https:\/\/atauni.edu.tr\/tarim-ekonomisi-bolumu\/wp-json\/wp\/v2\/comments?post=6853"}],"version-history":[{"count":46,"href":"https:\/\/atauni.edu.tr\/tarim-ekonomisi-bolumu\/wp-json\/wp\/v2\/pages\/6853\/revisions"}],"predecessor-version":[{"id":7118,"href":"https:\/\/atauni.edu.tr\/tarim-ekonomisi-bolumu\/wp-json\/wp\/v2\/pages\/6853\/revisions\/7118"}],"wp:attachment":[{"href":"https:\/\/atauni.edu.tr\/tarim-ekonomisi-bolumu\/wp-json\/wp\/v2\/media?parent=6853"}],"curies":[{"name":"wp","href":"https:\/\/api.w.org\/{rel}","templated":true}]}}