{"id":6975,"date":"2025-12-12T10:31:54","date_gmt":"2025-12-12T07:31:54","guid":{"rendered":"https:\/\/birimler.atauni.edu.tr\/tarim-ekonomisi-bolumu\/?page_id=6975"},"modified":"2026-01-29T11:09:55","modified_gmt":"2026-01-29T08:09:55","slug":"staj-yonergesi","status":"publish","type":"page","link":"https:\/\/atauni.edu.tr\/tarim-ekonomisi-bolumu\/staj-yonergesi\/","title":{"rendered":"Staj Y\u00f6nergesi"},"content":{"rendered":"\t\t<div data-elementor-type=\"wp-page\" data-elementor-id=\"6975\" class=\"elementor elementor-6975\" data-elementor-post-type=\"page\">\n\t\t\t\t\t\t<section class=\"elementor-section elementor-top-section elementor-element elementor-element-1976682 elementor-section-boxed elementor-section-height-default elementor-section-height-default\" data-id=\"1976682\" data-element_type=\"section\">\n\t\t\t\t\t\t<div class=\"elementor-container elementor-column-gap-default\">\n\t\t\t\t\t<div class=\"elementor-column elementor-col-100 elementor-top-column elementor-element elementor-element-1564664\" data-id=\"1564664\" data-element_type=\"column\">\n\t\t\t<div class=\"elementor-widget-wrap elementor-element-populated\">\n\t\t\t\t\t\t<div class=\"elementor-element elementor-element-441d6a7 elementor-widget elementor-widget-button\" data-id=\"441d6a7\" data-element_type=\"widget\" data-widget_type=\"button.default\">\n\t\t\t\t<div class=\"elementor-widget-container\">\n\t\t\t\t\t\t\t\t\t<div class=\"elementor-button-wrapper\">\n\t\t\t\t\t<a class=\"elementor-button elementor-button-link elementor-size-sm\" href=\"https:\/\/atauni.edu.tr\/yuklemeler\/46d5e9254e15124c3742d974e2a686e3.pdf\">\n\t\t\t\t\t\t<span class=\"elementor-button-content-wrapper\">\n\t\t\t\t\t\t\t\t\t<span class=\"elementor-button-text\">Staj Y\u00f6nergesi \u0130\u00e7in T\u0131klay\u0131n\u0131z<\/span>\n\t\t\t\t\t<\/span>\n\t\t\t\t\t<\/a>\n\t\t\t\t<\/div>\n\t\t\t\t\t\t\t\t<\/div>\n\t\t\t\t<\/div>\n\t\t\t\t<div class=\"elementor-element elementor-element-605c095 elementor-widget elementor-widget-button\" data-id=\"605c095\" data-element_type=\"widget\" data-widget_type=\"button.default\">\n\t\t\t\t<div class=\"elementor-widget-container\">\n\t\t\t\t\t\t\t\t\t<div class=\"elementor-button-wrapper\">\n\t\t\t\t\t<a class=\"elementor-button elementor-button-link elementor-size-sm\" href=\"http:\/\/birimler.atauni.edu.tr\/tarim-ekonomisi-bolumu\/wp-content\/uploads\/sites\/159\/2026\/01\/WhatsApp-Gorsel-2025-12-12-saat-10.23.11_7142ef72.jpg\">\n\t\t\t\t\t\t<span class=\"elementor-button-content-wrapper\">\n\t\t\t\t\t\t\t\t\t<span class=\"elementor-button-text\">Staj Yol Haritas\u0131<\/span>\n\t\t\t\t\t<\/span>\n\t\t\t\t\t<\/a>\n\t\t\t\t<\/div>\n\t\t\t\t\t\t\t\t<\/div>\n\t\t\t\t<\/div>\n\t\t\t\t\t<\/div>\n\t\t<\/div>\n\t\t\t\t\t<\/div>\n\t\t<\/section>\n\t\t\t\t<\/div>\n\t\t","protected":false},"excerpt":{"rendered":"<p>Staj Y\u00f6nergesi \u0130\u00e7in T\u0131klay\u0131n\u0131z Staj Yol Haritas\u0131<\/p>\n","protected":false},"author":142,"featured_media":0,"parent":0,"menu_order":0,"comment_status":"closed","ping_status":"closed","template":"","meta":{"footnotes":""},"class_list":["post-6975","page","type-page","status-publish","hentry"],"_links":{"self":[{"href":"https:\/\/atauni.edu.tr\/tarim-ekonomisi-bolumu\/wp-json\/wp\/v2\/pages\/6975","targetHints":{"allow":["GET"]}}],"collection":[{"href":"https:\/\/atauni.edu.tr\/tarim-ekonomisi-bolumu\/wp-json\/wp\/v2\/pages"}],"about":[{"href":"https:\/\/atauni.edu.tr\/tarim-ekonomisi-bolumu\/wp-json\/wp\/v2\/types\/page"}],"author":[{"embeddable":true,"href":"https:\/\/atauni.edu.tr\/tarim-ekonomisi-bolumu\/wp-json\/wp\/v2\/users\/142"}],"replies":[{"embeddable":true,"href":"https:\/\/atauni.edu.tr\/tarim-ekonomisi-bolumu\/wp-json\/wp\/v2\/comments?post=6975"}],"version-history":[{"count":13,"href":"https:\/\/atauni.edu.tr\/tarim-ekonomisi-bolumu\/wp-json\/wp\/v2\/pages\/6975\/revisions"}],"predecessor-version":[{"id":7257,"href":"https:\/\/atauni.edu.tr\/tarim-ekonomisi-bolumu\/wp-json\/wp\/v2\/pages\/6975\/revisions\/7257"}],"wp:attachment":[{"href":"https:\/\/atauni.edu.tr\/tarim-ekonomisi-bolumu\/wp-json\/wp\/v2\/media?parent=6975"}],"curies":[{"name":"wp","href":"https:\/\/api.w.org\/{rel}","templated":true}]}}