{"id":5638,"date":"2021-07-13T09:49:25","date_gmt":"2021-07-13T06:49:25","guid":{"rendered":"https:\/\/portaltest.atauni.edu.tr\/bilgisayar-muhendisligi\/?page_id=5638"},"modified":"2023-06-14T09:56:37","modified_gmt":"2023-06-14T06:56:37","slug":"tarihce","status":"publish","type":"page","link":"https:\/\/atauni.edu.tr\/tarim-makinalari-muhendisligi\/tarihce\/","title":{"rendered":"Tarih\u00e7e"},"content":{"rendered":"\t\t<div data-elementor-type=\"wp-page\" data-elementor-id=\"5638\" class=\"elementor elementor-5638\" data-elementor-post-type=\"page\">\n\t\t\t\t\t\t<section class=\"elementor-section elementor-top-section elementor-element elementor-element-730d320 elementor-section-boxed elementor-section-height-default elementor-section-height-default\" data-id=\"730d320\" data-element_type=\"section\">\n\t\t\t\t\t\t<div class=\"elementor-container elementor-column-gap-default\">\n\t\t\t\t\t<div class=\"elementor-column elementor-col-100 elementor-top-column elementor-element elementor-element-753d0860\" data-id=\"753d0860\" data-element_type=\"column\">\n\t\t\t<div class=\"elementor-widget-wrap\">\n\t\t\t\t\t\t\t<\/div>\n\t\t<\/div>\n\t\t\t\t\t<\/div>\n\t\t<\/section>\n\t\t\t\t<section class=\"elementor-section elementor-top-section elementor-element elementor-element-9be811a elementor-section-boxed elementor-section-height-default elementor-section-height-default\" data-id=\"9be811a\" data-element_type=\"section\">\n\t\t\t\t\t\t<div class=\"elementor-container elementor-column-gap-default\">\n\t\t\t\t\t<div class=\"elementor-column elementor-col-100 elementor-top-column elementor-element elementor-element-1ed847b7\" data-id=\"1ed847b7\" data-element_type=\"column\">\n\t\t\t<div class=\"elementor-widget-wrap elementor-element-populated\">\n\t\t\t\t\t\t<div class=\"elementor-element elementor-element-4ce0d07f elementor-widget elementor-widget-heading\" data-id=\"4ce0d07f\" data-element_type=\"widget\" data-widget_type=\"heading.default\">\n\t\t\t\t<div class=\"elementor-widget-container\">\n\t\t\t\t\t<h2 class=\"elementor-heading-title elementor-size-default\">Tarih\u00e7e<\/h2>\t\t\t\t<\/div>\n\t\t\t\t<\/div>\n\t\t\t\t<div class=\"elementor-element elementor-element-63260862 elementor-widget-divider--view-line elementor-widget elementor-widget-divider\" data-id=\"63260862\" data-element_type=\"widget\" data-widget_type=\"divider.default\">\n\t\t\t\t<div class=\"elementor-widget-container\">\n\t\t\t\t\t\t\t<div class=\"elementor-divider\">\n\t\t\t<span class=\"elementor-divider-separator\">\n\t\t\t\t\t\t<\/span>\n\t\t<\/div>\n\t\t\t\t\t\t<\/div>\n\t\t\t\t<\/div>\n\t\t\t\t\t<\/div>\n\t\t<\/div>\n\t\t\t\t\t<\/div>\n\t\t<\/section>\n\t\t\t\t<section class=\"elementor-section elementor-top-section elementor-element elementor-element-681db8b elementor-section-boxed elementor-section-height-default elementor-section-height-default\" data-id=\"681db8b\" data-element_type=\"section\">\n\t\t\t\t\t\t<div class=\"elementor-container elementor-column-gap-default\">\n\t\t\t\t\t<div class=\"elementor-column elementor-col-100 elementor-top-column elementor-element elementor-element-ad4dac5\" data-id=\"ad4dac5\" data-element_type=\"column\">\n\t\t\t<div class=\"elementor-widget-wrap elementor-element-populated\">\n\t\t\t\t\t\t<div class=\"elementor-element elementor-element-2f96b3d elementor-widget elementor-widget-text-editor\" data-id=\"2f96b3d\" data-element_type=\"widget\" data-widget_type=\"text-editor.default\">\n\t\t\t\t<div class=\"elementor-widget-container\">\n\t\t\t\t\t\t\t\t\t<p style=\"text-indent: 35.4pt\">Ziraat Fak\u00fcltesi, 7 Haziran 1957 tarihinde resmi olarak kurulan Atat\u00fcrk \u00dcniversitesi b\u00fcnyesinde 17 Kas\u0131m 1958 de ilk kurulan iki fak\u00fclteden biri olarak \u00f6\u011fretim faaliyetlerine ba\u015flam\u0131\u015ft\u0131r. B\u00f6l\u00fcm te\u015fkilatlanmas\u0131n\u0131 tamamlarken fak\u00fclte b\u00fcnyesinde Ziraat M\u00fchendisli\u011fi K\u00fcrs\u00fcs\u00fc ad\u0131 alt\u0131nda \u00e7e\u015fitli b\u00f6l\u00fcmlere m\u00fchendislik dersleri verilmi\u015ftir. 17 Haziran 1965 tarihinde Fak\u00fclte Genel Kurulu karar\u0131 ile K\u00fclt\u00fcrteknik ve Ziraat Alet ve Makinalar\u0131 B\u00f6l\u00fcm\u00fc ad\u0131 ile bir b\u00f6l\u00fcm haline getirilmi\u015ftir. K\u00fclt\u00fcrteknik ve Ziraat Alet ve Makinalar\u0131 B\u00f6l\u00fcm\u00fcnde, Zirai \u0130n\u015faat, Sulama, Ziraat Makinalar\u0131, Zirai Enerji Kaynaklar\u0131 ve K\u00f6y Planlamas\u0131 gibi esas konular ve bunlar\u0131n detaylar\u0131nda muhtelif ara\u015ft\u0131rma projeleri haz\u0131rlanmakta ve ara\u015ft\u0131rmalar y\u00fcr\u00fct\u00fclm\u00fc\u015ft\u00fcr(Aks\u00f6z, 1970; Anonim, 1970; Ku\u015fhan, 1971).<\/p><p style=\"text-indent: 35.4pt\">1975-1976 \u00f6\u011fretim y\u0131l\u0131nda K\u00fclt\u00fcr Teknik ve Ziraat Alet ve Makinalar\u0131 B\u00f6l\u00fcm\u00fc \u00f6\u011frenci alarak lisans \u00f6\u011fretimine ba\u015flam\u0131\u015ft\u0131r. 1977 y\u0131l\u0131nda mevcut b\u00f6l\u00fcmden K\u00fclt\u00fcr Teknik B\u00f6l\u00fcm\u00fc ve Ziraat Alet ve Makinalar\u0131 B\u00f6l\u00fcm\u00fc olarak iki ayr\u0131 b\u00f6l\u00fcm olu\u015fmu\u015ftur. 1982 y\u0131l\u0131nda Ziraat Alet ve Makinalar\u0131 B\u00f6l\u00fcm\u00fc\u2019n\u00fcn ad\u0131 Tar\u0131msal Mekanizasyon B\u00f6l\u00fcm\u00fc olarak de\u011fi\u015ftirilmi\u015f ve 1983-1984 ders y\u0131l\u0131ndan itibaren ilk \u00f6\u011frenci al\u0131m\u0131yla birlikte e\u011fitim ve \u00f6\u011fretime ba\u015flam\u0131\u015ft\u0131r.<\/p><p style=\"text-indent: 35.4pt\">1991 y\u0131l\u0131nda ad\u0131 Tar\u0131m Makinalar\u0131 B\u00f6l\u00fcm\u00fc olarak de\u011fi\u015ftirilen b\u00f6l\u00fcm 2015 y\u0131l\u0131na kadar bu isimle e\u011fitim \u00f6\u011fretim faaliyetlerini s\u00fcrd\u00fcrm\u00fc\u015ft\u00fcr. 2015 y\u0131l\u0131nda \u00fclke genelinde ayn\u0131 isimle e\u011fitim veren b\u00f6l\u00fcmlerin ortak karar\u0131 ile Tar\u0131m Makinalar\u0131 ve Teknolojileri M\u00fchendisli\u011fi B\u00f6l\u00fcm\u00fc ismini alarak e\u011fitim \u00f6\u011fretim ve ara\u015ft\u0131rma faaliyetlerini s\u00fcrd\u00fcrmektedir. B\u00f6l\u00fcm\u00fczde 3 Profes\u00f6r, 1 Do\u00e7ent, 2 Ara\u015ft\u0131rma G\u00f6revlisi, bulunmakta, idari, teknik ve yard\u0131mc\u0131 personel olarak 3 ki\u015fi g\u00f6rev yapmaktad\u0131r.<\/p><p><span style=\"text-decoration: underline\">Kaynak;<\/span><\/p><p>-Aks\u00f6z, \u0130. (1970). Atat\u00fcrk \u00dcniversitesi Ziraat Fak\u00fcltesi&#8217;nin Kurulu\u015f Felsefesi ve On Y\u0131lda Kaydetti\u011fi Geli\u015fme. <em>Atat\u00fcrk \u00dcniversitesi Ziraat Fak\u00fcltesi Dergisi<\/em>, <em>1<\/em>(1).<\/p><p>-Anonim (1970). Atat\u00fcrk \u00dcniversitesi Ziraat Fak\u00fcltesi Elemanlar\u0131. <em>Atat\u00fcrk \u00dcniversitesi Ziraat Fak\u00fcltesi Dergisi<\/em>, <em>1<\/em>(1).<\/p><p>-Ku\u015fhan, B. (1971). Atat\u00fcrk \u00dcniversitesi, Ziraat Fak\u00fcltesi K\u00fclt\u00fcrteknik ve Ziraat Alet ve Makinalar\u0131 B\u00f6l\u00fcm\u00fc Kurulu\u015f ve Faaliyetleri. <em>Atat\u00fcrk \u00dcniversitesi Ziraat Fak\u00fcltesi Dergisi<\/em>, <em>2<\/em>(2).<\/p>\t\t\t\t\t\t\t\t<\/div>\n\t\t\t\t<\/div>\n\t\t\t\t\t<\/div>\n\t\t<\/div>\n\t\t\t\t\t<\/div>\n\t\t<\/section>\n\t\t\t\t<section class=\"elementor-section elementor-top-section elementor-element elementor-element-50bd23f elementor-section-boxed elementor-section-height-default elementor-section-height-default\" data-id=\"50bd23f\" data-element_type=\"section\">\n\t\t\t\t\t\t<div class=\"elementor-container elementor-column-gap-default\">\n\t\t\t\t\t<div class=\"elementor-column elementor-col-100 elementor-top-column elementor-element elementor-element-9fd7c04\" data-id=\"9fd7c04\" data-element_type=\"column\">\n\t\t\t<div class=\"elementor-widget-wrap elementor-element-populated\">\n\t\t\t\t\t\t<div class=\"elementor-element elementor-element-2a9c623 elementor-widget elementor-widget-spacer\" data-id=\"2a9c623\" data-element_type=\"widget\" data-widget_type=\"spacer.default\">\n\t\t\t\t<div class=\"elementor-widget-container\">\n\t\t\t\t\t\t\t<div class=\"elementor-spacer\">\n\t\t\t<div class=\"elementor-spacer-inner\"><\/div>\n\t\t<\/div>\n\t\t\t\t\t\t<\/div>\n\t\t\t\t<\/div>\n\t\t\t\t\t<\/div>\n\t\t<\/div>\n\t\t\t\t\t<\/div>\n\t\t<\/section>\n\t\t\t\t<section class=\"elementor-section elementor-top-section elementor-element elementor-element-40f713d elementor-section-boxed elementor-section-height-default elementor-section-height-default\" data-id=\"40f713d\" data-element_type=\"section\">\n\t\t\t\t\t\t<div class=\"elementor-container elementor-column-gap-default\">\n\t\t\t\t\t<div class=\"elementor-column elementor-col-100 elementor-top-column elementor-element elementor-element-1befca4\" data-id=\"1befca4\" data-element_type=\"column\">\n\t\t\t<div class=\"elementor-widget-wrap elementor-element-populated\">\n\t\t\t\t\t\t<div class=\"elementor-element elementor-element-cf94c57 elementor-widget elementor-widget-heading\" data-id=\"cf94c57\" data-element_type=\"widget\" data-widget_type=\"heading.default\">\n\t\t\t\t<div class=\"elementor-widget-container\">\n\t\t\t\t\t<h2 class=\"elementor-heading-title elementor-size-default\">B\u00f6l\u00fcm Ba\u015fkanlar\u0131m\u0131z<\/h2>\t\t\t\t<\/div>\n\t\t\t\t<\/div>\n\t\t\t\t<div class=\"elementor-element elementor-element-3390b3f elementor-widget-divider--view-line elementor-widget elementor-widget-divider\" data-id=\"3390b3f\" data-element_type=\"widget\" data-widget_type=\"divider.default\">\n\t\t\t\t<div class=\"elementor-widget-container\">\n\t\t\t\t\t\t\t<div class=\"elementor-divider\">\n\t\t\t<span class=\"elementor-divider-separator\">\n\t\t\t\t\t\t<\/span>\n\t\t<\/div>\n\t\t\t\t\t\t<\/div>\n\t\t\t\t<\/div>\n\t\t\t\t\t<\/div>\n\t\t<\/div>\n\t\t\t\t\t<\/div>\n\t\t<\/section>\n\t\t\t\t<section class=\"elementor-section elementor-top-section elementor-element elementor-element-e49319f elementor-section-full_width elementor-section-content-middle elementor-section-height-default elementor-section-height-default\" data-id=\"e49319f\" data-element_type=\"section\">\n\t\t\t\t\t\t<div class=\"elementor-container elementor-column-gap-default\">\n\t\t\t\t\t<div class=\"elementor-column elementor-col-100 elementor-top-column elementor-element elementor-element-e94cde4\" data-id=\"e94cde4\" data-element_type=\"column\">\n\t\t\t<div class=\"elementor-widget-wrap elementor-element-populated\">\n\t\t\t\t\t\t<div class=\"elementor-element elementor-element-5fef84a elementor-widget elementor-widget-image\" data-id=\"5fef84a\" data-element_type=\"widget\" data-widget_type=\"image.default\">\n\t\t\t\t<div class=\"elementor-widget-container\">\n\t\t\t\t\t\t\t\t\t\t\t\t\t\t\t<img fetchpriority=\"high\" decoding=\"async\" width=\"724\" height=\"1024\" src=\"https:\/\/atauni.edu.tr\/tarim-makinalari-muhendisligi\/wp-content\/uploads\/sites\/160\/2021\/12\/BB_Page_1-724x1024.jpeg\" class=\"attachment-large size-large wp-image-6723\" alt=\"\" srcset=\"https:\/\/atauni.edu.tr\/tarim-makinalari-muhendisligi\/wp-content\/uploads\/sites\/160\/2021\/12\/BB_Page_1-724x1024.jpeg 724w, https:\/\/atauni.edu.tr\/tarim-makinalari-muhendisligi\/wp-content\/uploads\/sites\/160\/2021\/12\/BB_Page_1-212x300.jpeg 212w, https:\/\/atauni.edu.tr\/tarim-makinalari-muhendisligi\/wp-content\/uploads\/sites\/160\/2021\/12\/BB_Page_1-768x1087.jpeg 768w, https:\/\/atauni.edu.tr\/tarim-makinalari-muhendisligi\/wp-content\/uploads\/sites\/160\/2021\/12\/BB_Page_1-424x600.jpeg 424w, https:\/\/atauni.edu.tr\/tarim-makinalari-muhendisligi\/wp-content\/uploads\/sites\/160\/2021\/12\/BB_Page_1-396x560.jpeg 396w, https:\/\/atauni.edu.tr\/tarim-makinalari-muhendisligi\/wp-content\/uploads\/sites\/160\/2021\/12\/BB_Page_1.jpeg 793w\" sizes=\"(max-width: 724px) 100vw, 724px\" \/>\t\t\t\t\t\t\t\t\t\t\t\t\t\t\t<\/div>\n\t\t\t\t<\/div>\n\t\t\t\t\t<\/div>\n\t\t<\/div>\n\t\t\t\t\t<\/div>\n\t\t<\/section>\n\t\t\t\t<\/div>\n\t\t","protected":false},"excerpt":{"rendered":"<p>Tarih\u00e7e Ziraat Fak\u00fcltesi, 7 Haziran 1957 tarihinde resmi olarak kurulan Atat\u00fcrk \u00dcniversitesi b\u00fcnyesinde 17 Kas\u0131m 1958 de ilk kurulan iki fak\u00fclteden biri olarak \u00f6\u011fretim faaliyetlerine ba\u015flam\u0131\u015ft\u0131r. B\u00f6l\u00fcm te\u015fkilatlanmas\u0131n\u0131 tamamlarken fak\u00fclte b\u00fcnyesinde Ziraat M\u00fchendisli\u011fi K\u00fcrs\u00fcs\u00fc ad\u0131 alt\u0131nda \u00e7e\u015fitli b\u00f6l\u00fcmlere m\u00fchendislik dersleri verilmi\u015ftir. 17 Haziran 1965 tarihinde Fak\u00fclte Genel Kurulu karar\u0131 ile K\u00fclt\u00fcrteknik ve Ziraat Alet ve [&hellip;]<\/p>\n","protected":false},"author":1,"featured_media":0,"parent":0,"menu_order":0,"comment_status":"closed","ping_status":"closed","template":"","meta":{"footnotes":""},"class_list":["post-5638","page","type-page","status-publish","hentry"],"_links":{"self":[{"href":"https:\/\/atauni.edu.tr\/tarim-makinalari-muhendisligi\/wp-json\/wp\/v2\/pages\/5638","targetHints":{"allow":["GET"]}}],"collection":[{"href":"https:\/\/atauni.edu.tr\/tarim-makinalari-muhendisligi\/wp-json\/wp\/v2\/pages"}],"about":[{"href":"https:\/\/atauni.edu.tr\/tarim-makinalari-muhendisligi\/wp-json\/wp\/v2\/types\/page"}],"author":[{"embeddable":true,"href":"https:\/\/atauni.edu.tr\/tarim-makinalari-muhendisligi\/wp-json\/wp\/v2\/users\/1"}],"replies":[{"embeddable":true,"href":"https:\/\/atauni.edu.tr\/tarim-makinalari-muhendisligi\/wp-json\/wp\/v2\/comments?post=5638"}],"version-history":[{"count":46,"href":"https:\/\/atauni.edu.tr\/tarim-makinalari-muhendisligi\/wp-json\/wp\/v2\/pages\/5638\/revisions"}],"predecessor-version":[{"id":7460,"href":"https:\/\/atauni.edu.tr\/tarim-makinalari-muhendisligi\/wp-json\/wp\/v2\/pages\/5638\/revisions\/7460"}],"wp:attachment":[{"href":"https:\/\/atauni.edu.tr\/tarim-makinalari-muhendisligi\/wp-json\/wp\/v2\/media?parent=5638"}],"curies":[{"name":"wp","href":"https:\/\/api.w.org\/{rel}","templated":true}]}}