{"id":5682,"date":"2021-07-13T10:10:01","date_gmt":"2021-07-13T07:10:01","guid":{"rendered":"https:\/\/portaltest.atauni.edu.tr\/bilgisayar-muhendisligi\/?page_id=5682"},"modified":"2021-12-20T10:56:57","modified_gmt":"2021-12-20T07:56:57","slug":"misyon-vizyon-ve-temel-degerler","status":"publish","type":"page","link":"https:\/\/atauni.edu.tr\/tarim-makinalari-muhendisligi\/misyon-vizyon-ve-temel-degerler\/","title":{"rendered":"Misyon, Vizyon ve Temel De\u011ferler"},"content":{"rendered":"\t\t<div data-elementor-type=\"wp-page\" data-elementor-id=\"5682\" class=\"elementor elementor-5682\" data-elementor-post-type=\"page\">\n\t\t\t\t\t\t<section class=\"elementor-section elementor-top-section elementor-element elementor-element-730d320 elementor-section-boxed elementor-section-height-default elementor-section-height-default\" data-id=\"730d320\" data-element_type=\"section\">\n\t\t\t\t\t\t<div class=\"elementor-container elementor-column-gap-default\">\n\t\t\t\t\t<div class=\"elementor-column elementor-col-100 elementor-top-column elementor-element elementor-element-753d0860\" data-id=\"753d0860\" data-element_type=\"column\">\n\t\t\t<div class=\"elementor-widget-wrap\">\n\t\t\t\t\t\t\t<\/div>\n\t\t<\/div>\n\t\t\t\t\t<\/div>\n\t\t<\/section>\n\t\t\t\t<section class=\"elementor-section elementor-top-section elementor-element elementor-element-9be811a elementor-section-boxed elementor-section-height-default elementor-section-height-default\" data-id=\"9be811a\" data-element_type=\"section\">\n\t\t\t\t\t\t<div class=\"elementor-container elementor-column-gap-default\">\n\t\t\t\t\t<div class=\"elementor-column elementor-col-100 elementor-top-column elementor-element elementor-element-1ed847b7\" data-id=\"1ed847b7\" data-element_type=\"column\">\n\t\t\t<div class=\"elementor-widget-wrap elementor-element-populated\">\n\t\t\t\t\t\t<div class=\"elementor-element elementor-element-4ce0d07f elementor-widget elementor-widget-heading\" data-id=\"4ce0d07f\" data-element_type=\"widget\" data-widget_type=\"heading.default\">\n\t\t\t\t<div class=\"elementor-widget-container\">\n\t\t\t\t\t<h2 class=\"elementor-heading-title elementor-size-default\">Misyon, Vizyon ve Temel De\u011ferler<\/h2>\t\t\t\t<\/div>\n\t\t\t\t<\/div>\n\t\t\t\t<div class=\"elementor-element elementor-element-63260862 elementor-widget-divider--view-line elementor-widget elementor-widget-divider\" data-id=\"63260862\" data-element_type=\"widget\" data-widget_type=\"divider.default\">\n\t\t\t\t<div class=\"elementor-widget-container\">\n\t\t\t\t\t\t\t<div class=\"elementor-divider\">\n\t\t\t<span class=\"elementor-divider-separator\">\n\t\t\t\t\t\t<\/span>\n\t\t<\/div>\n\t\t\t\t\t\t<\/div>\n\t\t\t\t<\/div>\n\t\t\t\t\t<\/div>\n\t\t<\/div>\n\t\t\t\t\t<\/div>\n\t\t<\/section>\n\t\t\t\t<section class=\"elementor-section elementor-top-section elementor-element elementor-element-cbeef2d elementor-section-boxed elementor-section-height-default elementor-section-height-default\" data-id=\"cbeef2d\" data-element_type=\"section\">\n\t\t\t\t\t\t<div class=\"elementor-container elementor-column-gap-default\">\n\t\t\t\t\t<div class=\"elementor-column elementor-col-100 elementor-top-column elementor-element elementor-element-a495b07\" data-id=\"a495b07\" data-element_type=\"column\">\n\t\t\t<div class=\"elementor-widget-wrap elementor-element-populated\">\n\t\t\t\t\t\t<div class=\"elementor-element elementor-element-77b27da elementor-widget elementor-widget-text-editor\" data-id=\"77b27da\" data-element_type=\"widget\" data-widget_type=\"text-editor.default\">\n\t\t\t\t<div class=\"elementor-widget-container\">\n\t\t\t\t\t\t\t\t\t<h3>B\u00f6l\u00fcm Misyonu\u00a0<\/h3>\t\t\t\t\t\t\t\t<\/div>\n\t\t\t\t<\/div>\n\t\t\t\t\t<\/div>\n\t\t<\/div>\n\t\t\t\t\t<\/div>\n\t\t<\/section>\n\t\t\t\t<section class=\"elementor-section elementor-top-section elementor-element elementor-element-681db8b elementor-section-boxed elementor-section-height-default elementor-section-height-default\" data-id=\"681db8b\" data-element_type=\"section\">\n\t\t\t\t\t\t<div class=\"elementor-container elementor-column-gap-default\">\n\t\t\t\t\t<div class=\"elementor-column elementor-col-100 elementor-top-column elementor-element elementor-element-ad4dac5\" data-id=\"ad4dac5\" data-element_type=\"column\">\n\t\t\t<div class=\"elementor-widget-wrap elementor-element-populated\">\n\t\t\t\t\t\t<div class=\"elementor-element elementor-element-2f96b3d elementor-widget elementor-widget-text-editor\" data-id=\"2f96b3d\" data-element_type=\"widget\" data-widget_type=\"text-editor.default\">\n\t\t\t\t<div class=\"elementor-widget-container\">\n\t\t\t\t\t\t\t\t\t<p>Tar\u0131m \u00a0Makinalar\u0131 konusunda var olan problemleri g\u00f6rebilen ve bunlara \u00e7a\u011fda\u015f \u00e7\u00f6z\u00fcmler getiren, gerekti\u011finde alm\u0131\u015f oldu\u011fu bilgilerini \u00e7\u00f6z\u00fcm aranan ba\u015fka alanlarda da kullanabilen, kendine g\u00fcveni tam, mesle\u011fini seven ve alan\u0131nda aranan \u00a0elemanlar yeti\u015ftirmek, tar\u0131ma ve tar\u0131m makinalar\u0131 sanayine ileri teknik ve \u00e7a\u011fda\u015f teknolojiler kazand\u0131ran konularda ara\u015ft\u0131rmalar yapmak ve kaliteli \u00a0hizmet \u00fcretmek, alan\u0131ndaki di\u011fer kurulu\u015flar i\u00e7erisinde ilk s\u0131ralarda yer alarak \u00f6nderlik g\u00f6revi \u00fcstlenmektir.<\/p>\t\t\t\t\t\t\t\t<\/div>\n\t\t\t\t<\/div>\n\t\t\t\t\t<\/div>\n\t\t<\/div>\n\t\t\t\t\t<\/div>\n\t\t<\/section>\n\t\t\t\t<section class=\"elementor-section elementor-top-section elementor-element elementor-element-a85e37b elementor-section-boxed elementor-section-height-default elementor-section-height-default\" data-id=\"a85e37b\" data-element_type=\"section\">\n\t\t\t\t\t\t<div class=\"elementor-container elementor-column-gap-default\">\n\t\t\t\t\t<div class=\"elementor-column elementor-col-100 elementor-top-column elementor-element elementor-element-d10a3c1\" data-id=\"d10a3c1\" data-element_type=\"column\">\n\t\t\t<div class=\"elementor-widget-wrap elementor-element-populated\">\n\t\t\t\t\t\t<div class=\"elementor-element elementor-element-c2eeb17 elementor-widget elementor-widget-text-editor\" data-id=\"c2eeb17\" data-element_type=\"widget\" data-widget_type=\"text-editor.default\">\n\t\t\t\t<div class=\"elementor-widget-container\">\n\t\t\t\t\t\t\t\t\t<h3>B\u00f6l\u00fcm Vizyonu<\/h3>\t\t\t\t\t\t\t\t<\/div>\n\t\t\t\t<\/div>\n\t\t\t\t\t<\/div>\n\t\t<\/div>\n\t\t\t\t\t<\/div>\n\t\t<\/section>\n\t\t\t\t<section class=\"elementor-section elementor-top-section elementor-element elementor-element-f929c6f elementor-section-boxed elementor-section-height-default elementor-section-height-default\" data-id=\"f929c6f\" data-element_type=\"section\">\n\t\t\t\t\t\t<div class=\"elementor-container elementor-column-gap-default\">\n\t\t\t\t\t<div class=\"elementor-column elementor-col-100 elementor-top-column elementor-element elementor-element-69cc7d0\" data-id=\"69cc7d0\" data-element_type=\"column\">\n\t\t\t<div class=\"elementor-widget-wrap elementor-element-populated\">\n\t\t\t\t\t\t<div class=\"elementor-element elementor-element-bc94f45 elementor-widget elementor-widget-text-editor\" data-id=\"bc94f45\" data-element_type=\"widget\" data-widget_type=\"text-editor.default\">\n\t\t\t\t<div class=\"elementor-widget-container\">\n\t\t\t\t\t\t\t\t\t<p>\u00c7a\u011fda\u015f e\u011fitim ve \u00f6\u011fretim tekniklerini kullanarak, ulusal ve uluslararas\u0131 d\u00fczeyde benzer e\u011fitim veren kurumlar aras\u0131nda \u00f6n s\u0131ralarda yer alan, \u00fclkemiz tar\u0131m\u0131n\u0131n mekanizasyonu ile ilgili konular\u0131na ve tar\u0131m makinalar\u0131 sanayine y\u00f6n veren ve bu alanda var olan problemlere \u00e7\u00f6z\u00fcmler getiren, bilgilerini d\u00fcnyan\u0131n her yerinde kullanabilen, yenilik\u00e7i, at\u0131l\u0131mc\u0131, ara\u015ft\u0131r\u0131c\u0131 ve \u00e7\u00f6z\u00fcmleyici elemanlar yeti\u015ftiren, yapm\u0131\u015f oldu\u011fu ara\u015ft\u0131rma ve hizmetlerle \u00fcreticilere ve sanayi kurulu\u015flar\u0131na yol g\u00f6steren bir b\u00f6l\u00fcm olmakt\u0131r.<\/p>\t\t\t\t\t\t\t\t<\/div>\n\t\t\t\t<\/div>\n\t\t\t\t\t<\/div>\n\t\t<\/div>\n\t\t\t\t\t<\/div>\n\t\t<\/section>\n\t\t\t\t<section class=\"elementor-section elementor-top-section elementor-element elementor-element-a8fb53a elementor-section-boxed elementor-section-height-default elementor-section-height-default\" data-id=\"a8fb53a\" data-element_type=\"section\">\n\t\t\t\t\t\t<div class=\"elementor-container elementor-column-gap-default\">\n\t\t\t\t\t<div class=\"elementor-column elementor-col-100 elementor-top-column elementor-element elementor-element-68a0ef0\" data-id=\"68a0ef0\" data-element_type=\"column\">\n\t\t\t<div class=\"elementor-widget-wrap elementor-element-populated\">\n\t\t\t\t\t\t<div class=\"elementor-element elementor-element-e695a04 elementor-widget elementor-widget-text-editor\" data-id=\"e695a04\" data-element_type=\"widget\" data-widget_type=\"text-editor.default\">\n\t\t\t\t<div class=\"elementor-widget-container\">\n\t\t\t\t\t\t\t\t\t<h3>Temel De\u011ferler<\/h3><ul><li><u><b>Ara\u015ft\u0131rma ve <\/b><\/u><u><b>Bilimsellik<\/b><\/u><b>:<\/b><\/li><\/ul><p><b>Ald\u0131\u011f\u0131 karar ve uygulamalarda bilimsel kriter ve do\u011frular\u0131 temel al\u0131r.<\/b><\/p><ul><li><u><b>Yenilik\u00e7ilik ve Giri\u015fimcilik<\/b><\/u><b>:<\/b><\/li><\/ul><p><b>Etkinli\u011fini art\u0131racak alanlarda yeni ve farkl\u0131 uygulamalar\u0131 hayata ge\u00e7irir.<\/b><\/p><ul><li><u><b>Kat\u0131l\u0131mc\u0131l\u0131k ve Payla\u015f\u0131mc\u0131l\u0131k<\/b><\/u><b>: <\/b><\/li><\/ul><p><b>Kararlar payda\u015flar\u0131n kat\u0131l\u0131m\u0131 ile al\u0131n\u0131r, bilgiler \u015feffaf \u015fekilde payla\u015f\u0131l\u0131r.<\/b><\/p><ul><li><u><b>\u00d6\u011frenme Odakl\u0131l\u0131k<\/b><\/u><b>:<\/b><\/li><\/ul><p><b>T\u00fcm bireylerin \u00f6\u011frenme deneyimlerini kolayla\u015ft\u0131r\u0131r ve geli\u015ftirir. <\/b><\/p><ul><li><u><b>Eme\u011fe sayg\u0131 g\u00f6sterme ve ba\u015far\u0131y\u0131 takdir etme<\/b><\/u><b>: <\/b><\/li><\/ul><p><b>G\u00f6sterilen \u00e7abalara sayg\u0131 g\u00f6sterilir ve ba\u015far\u0131lar m\u00fckafatland\u0131r\u0131l\u0131r. <\/b><\/p><ul><li><u><b>Ulusal ve evrensel de\u011ferlere ba\u011fl\u0131l\u0131k<\/b><\/u><b>: <\/b><\/li><\/ul><p><b>\u00dclkemizin de\u011ferlerine ba\u011fl\u0131l\u0131\u011f\u0131n yan\u0131nda evrensel de\u011ferlere de sahip \u00e7\u0131k\u0131l\u0131r.<\/b><\/p><ul><li><u><b>Toplumsal, k\u00fclt\u00fcrel, \u00e7evresel ve sanatsal duyarl\u0131l\u0131k<\/b><\/u><b>: <\/b><\/li><\/ul><p><b>Toplumsal alanlardaki sorun ve ihtiya\u00e7lara kar\u015f\u0131 duyarl\u0131 davran\u0131l\u0131r.<\/b><\/p>\t\t\t\t\t\t\t\t<\/div>\n\t\t\t\t<\/div>\n\t\t\t\t\t<\/div>\n\t\t<\/div>\n\t\t\t\t\t<\/div>\n\t\t<\/section>\n\t\t\t\t<section class=\"elementor-section elementor-top-section elementor-element elementor-element-537f98a elementor-section-boxed elementor-section-height-default elementor-section-height-default\" data-id=\"537f98a\" data-element_type=\"section\">\n\t\t\t\t\t\t<div class=\"elementor-container elementor-column-gap-default\">\n\t\t\t\t\t<div class=\"elementor-column elementor-col-100 elementor-top-column elementor-element elementor-element-201c2fb\" data-id=\"201c2fb\" data-element_type=\"column\">\n\t\t\t<div class=\"elementor-widget-wrap elementor-element-populated\">\n\t\t\t\t\t\t<div class=\"elementor-element elementor-element-dca3f35 elementor-widget elementor-widget-text-editor\" data-id=\"dca3f35\" data-element_type=\"widget\" data-widget_type=\"text-editor.default\">\n\t\t\t\t<div class=\"elementor-widget-container\">\n\t\t\t\t\t\t\t\t\t<p>Tar\u0131m Makinalar\u0131 ve Teknolojileri M\u00fchendisli\u011fi B\u00f6l\u00fcm\u00fc olarak ara\u015ft\u0131rma ve e\u011fitim\/\u00f6\u011fretim faaliyetlerimiz esnas\u0131nda s\u0131ralanan de\u011ferleri g\u00f6z \u00f6n\u00fcnde bulundurarak \u00e7al\u0131\u015fmalar\u0131m\u0131z\u0131 devam ettirmekteyiz.<\/p><ul><li>Ak\u0131lc\u0131l\u0131k<\/li><li>Liderlik<\/li><li>\u00c7e\u015fitlilik<\/li><li>Sayg\u0131nl\u0131k<\/li><li>Sorumluluk<\/li><li>Ekip \u00e7al\u0131\u015fmas\u0131<\/li><li>Ulusal de\u011ferlere ba\u011fl\u0131l\u0131k<\/li><li>Kar\u015f\u0131l\u0131kl\u0131 sayg\u0131 ve ho\u015fg\u00f6r\u00fc<\/li><li>\u00c7evreye kar\u015f\u0131 duyarl\u0131l\u0131k<\/li><li>Kat\u0131l\u0131mc\u0131l\u0131k ve payla\u015f\u0131mc\u0131l\u0131k<\/li><li>D\u00fcr\u00fcstl\u00fck ve \u015feffafl\u0131k<\/li><li>E\u015fitlik ve adalet<\/li><\/ul>\t\t\t\t\t\t\t\t<\/div>\n\t\t\t\t<\/div>\n\t\t\t\t\t<\/div>\n\t\t<\/div>\n\t\t\t\t\t<\/div>\n\t\t<\/section>\n\t\t\t\t<\/div>\n\t\t","protected":false},"excerpt":{"rendered":"<p>Misyon, Vizyon ve Temel De\u011ferler B\u00f6l\u00fcm Misyonu\u00a0 Tar\u0131m \u00a0Makinalar\u0131 konusunda var olan problemleri g\u00f6rebilen ve bunlara \u00e7a\u011fda\u015f \u00e7\u00f6z\u00fcmler getiren, gerekti\u011finde alm\u0131\u015f oldu\u011fu bilgilerini \u00e7\u00f6z\u00fcm aranan ba\u015fka alanlarda da kullanabilen, kendine g\u00fcveni tam, mesle\u011fini seven ve alan\u0131nda aranan \u00a0elemanlar yeti\u015ftirmek, tar\u0131ma ve tar\u0131m makinalar\u0131 sanayine ileri teknik ve \u00e7a\u011fda\u015f teknolojiler kazand\u0131ran konularda ara\u015ft\u0131rmalar yapmak ve kaliteli [&hellip;]<\/p>\n","protected":false},"author":1,"featured_media":0,"parent":0,"menu_order":0,"comment_status":"closed","ping_status":"closed","template":"elementor_header_footer","meta":{"footnotes":""},"class_list":["post-5682","page","type-page","status-publish","hentry"],"_links":{"self":[{"href":"https:\/\/atauni.edu.tr\/tarim-makinalari-muhendisligi\/wp-json\/wp\/v2\/pages\/5682","targetHints":{"allow":["GET"]}}],"collection":[{"href":"https:\/\/atauni.edu.tr\/tarim-makinalari-muhendisligi\/wp-json\/wp\/v2\/pages"}],"about":[{"href":"https:\/\/atauni.edu.tr\/tarim-makinalari-muhendisligi\/wp-json\/wp\/v2\/types\/page"}],"author":[{"embeddable":true,"href":"https:\/\/atauni.edu.tr\/tarim-makinalari-muhendisligi\/wp-json\/wp\/v2\/users\/1"}],"replies":[{"embeddable":true,"href":"https:\/\/atauni.edu.tr\/tarim-makinalari-muhendisligi\/wp-json\/wp\/v2\/comments?post=5682"}],"version-history":[{"count":14,"href":"https:\/\/atauni.edu.tr\/tarim-makinalari-muhendisligi\/wp-json\/wp\/v2\/pages\/5682\/revisions"}],"predecessor-version":[{"id":6938,"href":"https:\/\/atauni.edu.tr\/tarim-makinalari-muhendisligi\/wp-json\/wp\/v2\/pages\/5682\/revisions\/6938"}],"wp:attachment":[{"href":"https:\/\/atauni.edu.tr\/tarim-makinalari-muhendisligi\/wp-json\/wp\/v2\/media?parent=5682"}],"curies":[{"name":"wp","href":"https:\/\/api.w.org\/{rel}","templated":true}]}}